{"id":667,"date":"2023-02-06T09:51:24","date_gmt":"2023-02-06T12:51:24","guid":{"rendered":"https:\/\/wp.ufpel.edu.br\/territorios\/?page_id=667"},"modified":"2025-06-23T08:48:42","modified_gmt":"2025-06-23T11:48:42","slug":"material-do-evento-setorial-zona-fragata","status":"publish","type":"page","link":"https:\/\/wp.ufpel.edu.br\/territorios\/material-do-evento-setorial-zona-fragata\/","title":{"rendered":"MATERIAL DO EVENTO SETORIAL ZONA FRAGATA"},"content":{"rendered":"<p><a href=\"https:\/\/wp.ufpel.edu.br\/territorios\/files\/2023\/02\/1-apresenta-TERRITORIOS-EVENTO-SETORIAL.pdf\" target=\"_blank\" rel=\"noopener\">Apresenta\u00e7\u00e3o inicial Territ\u00f3rios<\/a><\/p>\n<p><a href=\"https:\/\/www.google.com\/maps\/d\/viewer?mid=1KiL2Gb5nqfDa7yadBCKSy-qMqKUMGhI&amp;ll=-31.75838705162374%2C-52.36089941155608&amp;z=16\" target=\"_blank\" rel=\"noopener\">Fotos da Caminhada de reconhecimento<\/a><\/p>\n<p><a href=\"https:\/\/wp.ufpel.edu.br\/territorios\/files\/2023\/02\/nuvens-zona-fragata-1_compressed.pdf\" target=\"_blank\" rel=\"noopener\">Nuvens de palavras<\/a><\/p>\n<p>&nbsp;<\/p>\n","protected":false},"excerpt":{"rendered":"<p>Apresenta\u00e7\u00e3o inicial Territ\u00f3rios Fotos da Caminhada de reconhecimento Nuvens de palavras &nbsp;<\/p>\n","protected":false},"author":773,"featured_media":0,"parent":0,"menu_order":0,"comment_status":"closed","ping_status":"closed","template":"","meta":{"footnotes":""},"class_list":["post-667","page","type-page","status-publish","hentry"],"_links":{"self":[{"href":"https:\/\/wp.ufpel.edu.br\/territorios\/wp-json\/wp\/v2\/pages\/667","targetHints":{"allow":["GET"]}}],"collection":[{"href":"https:\/\/wp.ufpel.edu.br\/territorios\/wp-json\/wp\/v2\/pages"}],"about":[{"href":"https:\/\/wp.ufpel.edu.br\/territorios\/wp-json\/wp\/v2\/types\/page"}],"author":[{"embeddable":true,"href":"https:\/\/wp.ufpel.edu.br\/territorios\/wp-json\/wp\/v2\/users\/773"}],"replies":[{"embeddable":true,"href":"https:\/\/wp.ufpel.edu.br\/territorios\/wp-json\/wp\/v2\/comments?post=667"}],"version-history":[{"count":7,"href":"https:\/\/wp.ufpel.edu.br\/territorios\/wp-json\/wp\/v2\/pages\/667\/revisions"}],"predecessor-version":[{"id":1110,"href":"https:\/\/wp.ufpel.edu.br\/territorios\/wp-json\/wp\/v2\/pages\/667\/revisions\/1110"}],"wp:attachment":[{"href":"https:\/\/wp.ufpel.edu.br\/territorios\/wp-json\/wp\/v2\/media?parent=667"}],"curies":[{"name":"wp","href":"https:\/\/api.w.org\/{rel}","templated":true}]}}