{"id":54,"date":"2022-07-29T12:27:15","date_gmt":"2022-07-29T15:27:15","guid":{"rendered":"https:\/\/wp.ufpel.edu.br\/territorios\/?page_id=54"},"modified":"2024-12-06T11:46:11","modified_gmt":"2024-12-06T14:46:11","slug":"equipe","status":"publish","type":"page","link":"https:\/\/wp.ufpel.edu.br\/territorios\/equipe\/","title":{"rendered":"| Equipe |"},"content":{"rendered":"<h3><b>Equipe T\u00e9cnica (em ordem alfab\u00e9tica):<\/b><\/h3>\n<p>C\u00edntia Vieira Essinger<\/p>\n<p>Daniela Vieira Goularte<\/p>\n<p>Elias Dummer<\/p>\n<p>Elisabeth da Rosa Conill<\/p>\n<p>Gabriela Fantinel Ferreira Proto<\/p>\n<p>Greice Hartwig Schwanke Peil<\/p>\n<p>Raphaella Lobo Barbosa de Jezus<\/p>\n<p>Tatiane Lotufo Leite<\/p>\n<p>Veronica Leite Christino<\/p>\n<p>Bolsista: Marcela Milgarejo Souza<\/p>\n","protected":false},"excerpt":{"rendered":"<p>Equipe T\u00e9cnica (em ordem alfab\u00e9tica): C\u00edntia Vieira Essinger Daniela Vieira Goularte Elias Dummer Elisabeth da Rosa Conill Gabriela Fantinel Ferreira Proto Greice Hartwig Schwanke Peil Raphaella Lobo Barbosa de Jezus Tatiane Lotufo Leite Veronica Leite Christino Bolsista: Marcela Milgarejo Souza<\/p>\n","protected":false},"author":773,"featured_media":0,"parent":0,"menu_order":0,"comment_status":"closed","ping_status":"closed","template":"","meta":{"footnotes":""},"class_list":["post-54","page","type-page","status-publish","hentry"],"_links":{"self":[{"href":"https:\/\/wp.ufpel.edu.br\/territorios\/wp-json\/wp\/v2\/pages\/54","targetHints":{"allow":["GET"]}}],"collection":[{"href":"https:\/\/wp.ufpel.edu.br\/territorios\/wp-json\/wp\/v2\/pages"}],"about":[{"href":"https:\/\/wp.ufpel.edu.br\/territorios\/wp-json\/wp\/v2\/types\/page"}],"author":[{"embeddable":true,"href":"https:\/\/wp.ufpel.edu.br\/territorios\/wp-json\/wp\/v2\/users\/773"}],"replies":[{"embeddable":true,"href":"https:\/\/wp.ufpel.edu.br\/territorios\/wp-json\/wp\/v2\/comments?post=54"}],"version-history":[{"count":5,"href":"https:\/\/wp.ufpel.edu.br\/territorios\/wp-json\/wp\/v2\/pages\/54\/revisions"}],"predecessor-version":[{"id":1058,"href":"https:\/\/wp.ufpel.edu.br\/territorios\/wp-json\/wp\/v2\/pages\/54\/revisions\/1058"}],"wp:attachment":[{"href":"https:\/\/wp.ufpel.edu.br\/territorios\/wp-json\/wp\/v2\/media?parent=54"}],"curies":[{"name":"wp","href":"https:\/\/api.w.org\/{rel}","templated":true}]}}