{"id":49,"date":"2022-07-29T11:15:55","date_gmt":"2022-07-29T14:15:55","guid":{"rendered":"https:\/\/wp.ufpel.edu.br\/territorios\/?page_id=49"},"modified":"2022-10-05T17:34:17","modified_gmt":"2022-10-05T20:34:17","slug":"sobre","status":"publish","type":"page","link":"https:\/\/wp.ufpel.edu.br\/territorios\/sobre\/","title":{"rendered":"| Sobre |"},"content":{"rendered":"<p><img class=\"size-medium wp-image-163 aligncenter\" src=\"https:\/\/wp.ufpel.edu.br\/territorios\/files\/2022\/08\/TERRITORIOS-LOGO-NEGATIVO2-400x143.png\" alt=\"\" width=\"400\" height=\"143\" \/><\/p>\n<p><b>O QUE \u00c9 O TERRIT\u00d3RIOS?<\/b><\/p>\n<p style=\"text-align: justify;\">\u00c9 um Processo de Planejamento, desenvolvido pela Coordena\u00e7\u00e3o de Desenvolvimento do Plano Diretor &#8211; CDPD da Pr\u00f3-reitoria de Planejamento e Desenvolvimento &#8211; PROPLAN, que tem por objetivo construir de forma participativa e integrada o Plano Diretor e a Pol\u00edtica Ambiental da UFPel. A constru\u00e7\u00e3o participativa busca compreender como a comunidade da UFPel se relaciona com os espa\u00e7os da universidade no presente, e o que deseja para o seu futuro, nos aspectos de crescimento f\u00edsico e preserva\u00e7\u00e3o ambiental. A constru\u00e7\u00e3o integrada busca produzir esses dois documentos institucionais atrav\u00e9s do mesmo processo de consulta \u00e0 comunidade, considerando a estreita rela\u00e7\u00e3o entre os espa\u00e7os, constru\u00eddo e natural, que constituem o ambiente universit\u00e1rio em que vivemos.<\/p>\n<p style=\"text-align: justify;\">Com isso, o Processo de Planejamento Integrado Territ\u00f3rios passa a ser, al\u00e9m de um instrumento de gest\u00e3o, uma ferramenta comunit\u00e1ria de pertencimento, envolvimento e planejamento do futuro, feito para e pela comunidade universit\u00e1ria.<\/p>\n<p>&nbsp;<\/p>\n<p><b>METODOLOGIA<\/b><\/p>\n<p>A metodologia foi criada pela CDPD em conjunto com a CDIP (Coordena\u00e7\u00e3o de Desenvolvimento Institucional Participativo) tamb\u00e9m da PROPLAN<\/p>\n<p>A Proposta de Metodologia para Elabora\u00e7\u00e3o Integrada do Plano Diretor e da Pol\u00edtica Ambiental da UFPel foi aprovada pelo Conselho de Planejamento em maio de 2022 e pelo Conselho Universit\u00e1rio &#8211; CONSUN, em julho de 2022, conforme apresentado na Minuta Processo Planejamento Integrado Territ\u00f3rios, Processo SEI n\u00ba <a href=\"https:\/\/sei.ufpel.edu.br\/sei\/controlador.php?acao=procedimento_trabalhar&amp;acao_origem=procedimento_controlar&amp;acao_retorno=procedimento_controlar&amp;id_procedimento=1925089&amp;infra_sistema=100000100&amp;infra_unidade_atual=110000608&amp;infra_hash=aa2a04c3aaa08fcd3ab7120e9c3af83cce2ab3c4995a827456bc459423ae68f9\" target=\"_blank\" rel=\"noopener\">23110.017471\/2022-29<\/a>.<\/p>\n<p><img class=\"alignnone wp-image-168\" src=\"https:\/\/wp.ufpel.edu.br\/territorios\/files\/2022\/08\/TERRITORIOS-SINTESE-400x300.png\" alt=\"\" width=\"575\" height=\"431\" srcset=\"https:\/\/wp.ufpel.edu.br\/territorios\/files\/2022\/08\/TERRITORIOS-SINTESE-400x300.png 400w, https:\/\/wp.ufpel.edu.br\/territorios\/files\/2022\/08\/TERRITORIOS-SINTESE-768x576.png 768w, https:\/\/wp.ufpel.edu.br\/territorios\/files\/2022\/08\/TERRITORIOS-SINTESE.png 1024w\" sizes=\"(max-width: 575px) 100vw, 575px\" \/><\/p>\n<p style=\"text-align: justify;\">A metodologia prev\u00ea quatro diferentes formas de participa\u00e7\u00e3o da comunidade:<\/p>\n<p>1 <a href=\"https:\/\/wp.ufpel.edu.br\/territorios\/comissoes-setoriais-de-apoio\/\"><strong>Comiss\u00f5es Setoriais de Apoio<\/strong><\/a><\/p>\n<p>2 <a href=\"https:\/\/wp.ufpel.edu.br\/territorios\/eventos-setoriais\/\"><strong>Eventos Setoriais<\/strong><\/a><\/p>\n<p>3 <a href=\"https:\/\/wp.ufpel.edu.br\/territorios\/consulta-publica\/\"><strong>Consulta P\u00fablica<\/strong><\/a><\/p>\n<p>4 <a href=\"https:\/\/wp.ufpel.edu.br\/territorios\/grupos-de-trabalho-coplan\/\"><strong>Grupos de Trabalho COPLAN<\/strong><\/a><\/p>\n<p>&nbsp;<\/p>\n<p><b>ZONAS DE PLANEJAMENTO<\/b><\/p>\n<p style=\"text-align: justify;\">Considerando a estrutura f\u00edsica da Institui\u00e7\u00e3o com a descentraliza\u00e7\u00e3o dos seus campi e com vistas a contemplar o debate sobre o <b>Processo de Planejamento Integrado Territ\u00f3rios <\/b>de modo direto com a comunidade, a execu\u00e7\u00e3o desta metodologia est\u00e1 organizada de acordo com um zoneamento j\u00e1 praticado pela PROPLAN.<\/p>\n<p style=\"text-align: justify;\">Este zoneamento reflete a disposi\u00e7\u00e3o dos espa\u00e7os da universidade nos seus dois campi: o Campus Cap\u00e3o do Le\u00e3o e o Campus Pelotas com as zonas Porto, Anglo, Centro, Norte e Fragata, totalizando seis zonas de planejamento.<\/p>\n<p style=\"text-align: justify;\">Todas estas zonas participar\u00e3o dos eventos setoriais espec\u00edficos e contar\u00e3o com uma comiss\u00e3o setorial de apoio pr\u00f3pria que auxiliar\u00e1 a CDPD neste processo.<\/p>\n<p style=\"text-align: justify;\">As zonas foram constitu\u00eddas agrupando os pr\u00e9dios da UFPel por regi\u00f5es geogr\u00e1ficas. Sendo assim, as unidades acad\u00eamicas e administrativas est\u00e3o organizadas dentro das zonas de planejamento<i> <\/i>e os eventos setoriais ser\u00e3o organizados a partir deste zoneamento.<\/p>\n<p><img class=\"aligncenter wp-image-317 size-large\" src=\"https:\/\/wp.ufpel.edu.br\/territorios\/files\/2022\/09\/zonas-de-planejamento-1024x724.png\" alt=\"\" width=\"1024\" height=\"724\" srcset=\"https:\/\/wp.ufpel.edu.br\/territorios\/files\/2022\/09\/zonas-de-planejamento-1024x724.png 1024w, https:\/\/wp.ufpel.edu.br\/territorios\/files\/2022\/09\/zonas-de-planejamento-400x283.png 400w, https:\/\/wp.ufpel.edu.br\/territorios\/files\/2022\/09\/zonas-de-planejamento-768x543.png 768w, https:\/\/wp.ufpel.edu.br\/territorios\/files\/2022\/09\/zonas-de-planejamento-1536x1086.png 1536w, https:\/\/wp.ufpel.edu.br\/territorios\/files\/2022\/09\/zonas-de-planejamento-2048x1448.png 2048w\" sizes=\"(max-width: 1024px) 100vw, 1024px\" \/><b><\/b><\/p>\n<p><b>CRONOGRAMA <\/b><b>GERAL DE TRABALHO<\/b><\/p>\n<p style=\"text-align: justify;\">O desenvolvimento do Planejamento Integrado se dar\u00e1 no per\u00edodo de maio de 2022 a dezembro de 2023, com o cronograma de trabalho dividido em quatro ciclos:<\/p>\n<p>1 CICLO DE ORGANIZA\u00c7\u00c3O: <b>de junho a julho de 2022<\/b><\/p>\n<p>2 CICLO DE PARTICIPA\u00c7\u00c3O: <b>julho de 2022 a junho de 2023<\/b><\/p>\n<ul>\n<li>Eventos Setoriais: de setembro a dezembro de 2022<\/li>\n<li>Diretrizes: de mar\u00e7o a junho de 2023<\/li>\n<\/ul>\n<p>3 CICLO DE REDA\u00c7\u00c3O: <b>julho a dezembro de 2023<\/b><\/p>\n<p>4 CICLO DE MONITORAMENTO E AVALIA\u00c7\u00c3O: <b>per\u00edodo de vig\u00eancia dos documentos<\/b><\/p>\n<p>&nbsp;<\/p>\n","protected":false},"excerpt":{"rendered":"<p>O QUE \u00c9 O TERRIT\u00d3RIOS? \u00c9 um Processo de Planejamento, desenvolvido pela Coordena\u00e7\u00e3o de Desenvolvimento do Plano Diretor &#8211; CDPD da Pr\u00f3-reitoria de Planejamento e Desenvolvimento &#8211; PROPLAN, que tem por objetivo construir de forma participativa e integrada o Plano Diretor e a Pol\u00edtica Ambiental da UFPel. A constru\u00e7\u00e3o participativa busca compreender como a comunidade [&hellip;]<\/p>\n","protected":false},"author":773,"featured_media":0,"parent":0,"menu_order":0,"comment_status":"closed","ping_status":"closed","template":"","meta":{"footnotes":""},"class_list":["post-49","page","type-page","status-publish","hentry"],"_links":{"self":[{"href":"https:\/\/wp.ufpel.edu.br\/territorios\/wp-json\/wp\/v2\/pages\/49","targetHints":{"allow":["GET"]}}],"collection":[{"href":"https:\/\/wp.ufpel.edu.br\/territorios\/wp-json\/wp\/v2\/pages"}],"about":[{"href":"https:\/\/wp.ufpel.edu.br\/territorios\/wp-json\/wp\/v2\/types\/page"}],"author":[{"embeddable":true,"href":"https:\/\/wp.ufpel.edu.br\/territorios\/wp-json\/wp\/v2\/users\/773"}],"replies":[{"embeddable":true,"href":"https:\/\/wp.ufpel.edu.br\/territorios\/wp-json\/wp\/v2\/comments?post=49"}],"version-history":[{"count":37,"href":"https:\/\/wp.ufpel.edu.br\/territorios\/wp-json\/wp\/v2\/pages\/49\/revisions"}],"predecessor-version":[{"id":455,"href":"https:\/\/wp.ufpel.edu.br\/territorios\/wp-json\/wp\/v2\/pages\/49\/revisions\/455"}],"wp:attachment":[{"href":"https:\/\/wp.ufpel.edu.br\/territorios\/wp-json\/wp\/v2\/media?parent=49"}],"curies":[{"name":"wp","href":"https:\/\/api.w.org\/{rel}","templated":true}]}}