{"id":468,"date":"2022-10-21T14:27:50","date_gmt":"2022-10-21T17:27:50","guid":{"rendered":"https:\/\/wp.ufpel.edu.br\/territorios\/?page_id=468"},"modified":"2022-10-21T14:39:17","modified_gmt":"2022-10-21T17:39:17","slug":"zona-capao-do-leao","status":"publish","type":"page","link":"https:\/\/wp.ufpel.edu.br\/territorios\/zona-capao-do-leao\/","title":{"rendered":"ZONA CAP\u00c3O DO LE\u00c3O"},"content":{"rendered":"<p>Acesse o formul\u00e1rio clicando na imagem abaixo.<\/p>\n<p><a href=\"https:\/\/forms.gle\/E7TAuUv1MaJ8jY4L6\" target=\"_blank\" rel=\"noopener\"><img class=\"alignleft size-medium wp-image-450\" src=\"https:\/\/wp.ufpel.edu.br\/territorios\/files\/2022\/10\/POST-EVENTO-SETORIAL-ZONA-CAPAO-DO-LEAO-01-400x400.png\" alt=\"\" width=\"400\" height=\"400\" srcset=\"https:\/\/wp.ufpel.edu.br\/territorios\/files\/2022\/10\/POST-EVENTO-SETORIAL-ZONA-CAPAO-DO-LEAO-01-400x400.png 400w, https:\/\/wp.ufpel.edu.br\/territorios\/files\/2022\/10\/POST-EVENTO-SETORIAL-ZONA-CAPAO-DO-LEAO-01-1024x1024.png 1024w, https:\/\/wp.ufpel.edu.br\/territorios\/files\/2022\/10\/POST-EVENTO-SETORIAL-ZONA-CAPAO-DO-LEAO-01-200x200.png 200w, https:\/\/wp.ufpel.edu.br\/territorios\/files\/2022\/10\/POST-EVENTO-SETORIAL-ZONA-CAPAO-DO-LEAO-01-768x768.png 768w, https:\/\/wp.ufpel.edu.br\/territorios\/files\/2022\/10\/POST-EVENTO-SETORIAL-ZONA-CAPAO-DO-LEAO-01.png 1098w\" sizes=\"(max-width: 400px) 100vw, 400px\" \/><\/a><\/p>\n","protected":false},"excerpt":{"rendered":"<p>Acesse o formul\u00e1rio clicando na imagem abaixo.<\/p>\n","protected":false},"author":773,"featured_media":0,"parent":0,"menu_order":0,"comment_status":"closed","ping_status":"closed","template":"","meta":{"footnotes":""},"class_list":["post-468","page","type-page","status-publish","hentry"],"_links":{"self":[{"href":"https:\/\/wp.ufpel.edu.br\/territorios\/wp-json\/wp\/v2\/pages\/468","targetHints":{"allow":["GET"]}}],"collection":[{"href":"https:\/\/wp.ufpel.edu.br\/territorios\/wp-json\/wp\/v2\/pages"}],"about":[{"href":"https:\/\/wp.ufpel.edu.br\/territorios\/wp-json\/wp\/v2\/types\/page"}],"author":[{"embeddable":true,"href":"https:\/\/wp.ufpel.edu.br\/territorios\/wp-json\/wp\/v2\/users\/773"}],"replies":[{"embeddable":true,"href":"https:\/\/wp.ufpel.edu.br\/territorios\/wp-json\/wp\/v2\/comments?post=468"}],"version-history":[{"count":3,"href":"https:\/\/wp.ufpel.edu.br\/territorios\/wp-json\/wp\/v2\/pages\/468\/revisions"}],"predecessor-version":[{"id":489,"href":"https:\/\/wp.ufpel.edu.br\/territorios\/wp-json\/wp\/v2\/pages\/468\/revisions\/489"}],"wp:attachment":[{"href":"https:\/\/wp.ufpel.edu.br\/territorios\/wp-json\/wp\/v2\/media?parent=468"}],"curies":[{"name":"wp","href":"https:\/\/api.w.org\/{rel}","templated":true}]}}