{"id":464,"date":"2022-10-21T14:20:56","date_gmt":"2022-10-21T17:20:56","guid":{"rendered":"https:\/\/wp.ufpel.edu.br\/territorios\/?page_id=464"},"modified":"2022-10-21T14:41:04","modified_gmt":"2022-10-21T17:41:04","slug":"zona-fragata-2","status":"publish","type":"page","link":"https:\/\/wp.ufpel.edu.br\/territorios\/zona-fragata-2\/","title":{"rendered":"ZONA FRAGATA"},"content":{"rendered":"<p>Acesse o formul\u00e1rio clicando na imagem abaixo.<\/p>\n<p>* o evento acontecer\u00e1 nos dias 1 e 3 de novembro. as inscri\u00e7\u00f5es ocorrem at\u00e9 o dia 27\/10.<\/p>\n<p><a href=\"https:\/\/forms.gle\/EthojrMAH9WuwGd6A\" target=\"_blank\" rel=\"noopener\"><img class=\"size-medium wp-image-397 alignnone\" src=\"https:\/\/wp.ufpel.edu.br\/territorios\/files\/2022\/09\/POST-EVENTO-SETORIAL-ZONA-FRAGATA-011-400x400.png\" alt=\"\" width=\"400\" height=\"400\" srcset=\"https:\/\/wp.ufpel.edu.br\/territorios\/files\/2022\/09\/POST-EVENTO-SETORIAL-ZONA-FRAGATA-011-400x400.png 400w, https:\/\/wp.ufpel.edu.br\/territorios\/files\/2022\/09\/POST-EVENTO-SETORIAL-ZONA-FRAGATA-011-1024x1024.png 1024w, https:\/\/wp.ufpel.edu.br\/territorios\/files\/2022\/09\/POST-EVENTO-SETORIAL-ZONA-FRAGATA-011-200x200.png 200w, https:\/\/wp.ufpel.edu.br\/territorios\/files\/2022\/09\/POST-EVENTO-SETORIAL-ZONA-FRAGATA-011-768x768.png 768w, https:\/\/wp.ufpel.edu.br\/territorios\/files\/2022\/09\/POST-EVENTO-SETORIAL-ZONA-FRAGATA-011.png 1098w\" sizes=\"(max-width: 400px) 100vw, 400px\" \/><\/a><\/p>\n<p>&nbsp;<\/p>\n","protected":false},"excerpt":{"rendered":"<p>Acesse o formul\u00e1rio clicando na imagem abaixo. * o evento acontecer\u00e1 nos dias 1 e 3 de novembro. as inscri\u00e7\u00f5es ocorrem at\u00e9 o dia 27\/10. &nbsp;<\/p>\n","protected":false},"author":773,"featured_media":0,"parent":0,"menu_order":0,"comment_status":"closed","ping_status":"closed","template":"","meta":{"footnotes":""},"class_list":["post-464","page","type-page","status-publish","hentry"],"_links":{"self":[{"href":"https:\/\/wp.ufpel.edu.br\/territorios\/wp-json\/wp\/v2\/pages\/464","targetHints":{"allow":["GET"]}}],"collection":[{"href":"https:\/\/wp.ufpel.edu.br\/territorios\/wp-json\/wp\/v2\/pages"}],"about":[{"href":"https:\/\/wp.ufpel.edu.br\/territorios\/wp-json\/wp\/v2\/types\/page"}],"author":[{"embeddable":true,"href":"https:\/\/wp.ufpel.edu.br\/territorios\/wp-json\/wp\/v2\/users\/773"}],"replies":[{"embeddable":true,"href":"https:\/\/wp.ufpel.edu.br\/territorios\/wp-json\/wp\/v2\/comments?post=464"}],"version-history":[{"count":6,"href":"https:\/\/wp.ufpel.edu.br\/territorios\/wp-json\/wp\/v2\/pages\/464\/revisions"}],"predecessor-version":[{"id":491,"href":"https:\/\/wp.ufpel.edu.br\/territorios\/wp-json\/wp\/v2\/pages\/464\/revisions\/491"}],"wp:attachment":[{"href":"https:\/\/wp.ufpel.edu.br\/territorios\/wp-json\/wp\/v2\/media?parent=464"}],"curies":[{"name":"wp","href":"https:\/\/api.w.org\/{rel}","templated":true}]}}