{"id":301,"date":"2022-09-05T10:09:22","date_gmt":"2022-09-05T13:09:22","guid":{"rendered":"https:\/\/wp.ufpel.edu.br\/territorios\/?page_id=301"},"modified":"2022-09-08T13:44:52","modified_gmt":"2022-09-08T16:44:52","slug":"zona-centro","status":"publish","type":"page","link":"https:\/\/wp.ufpel.edu.br\/territorios\/zona-centro\/","title":{"rendered":"ZONA CENTRO"},"content":{"rendered":"<p><a href=\"https:\/\/wp.ufpel.edu.br\/territorios\/files\/2022\/09\/campus-pelotas-zona-centro-1.png\" target=\"_blank\" rel=\"noopener\"><img class=\"alignnone wp-image-339 size-full\" src=\"https:\/\/wp.ufpel.edu.br\/territorios\/files\/2022\/09\/campus-pelotas-zona-centro-1.png\" alt=\"\" width=\"3507\" height=\"2480\" srcset=\"https:\/\/wp.ufpel.edu.br\/territorios\/files\/2022\/09\/campus-pelotas-zona-centro-1.png 3507w, https:\/\/wp.ufpel.edu.br\/territorios\/files\/2022\/09\/campus-pelotas-zona-centro-1-400x283.png 400w, https:\/\/wp.ufpel.edu.br\/territorios\/files\/2022\/09\/campus-pelotas-zona-centro-1-1024x724.png 1024w, https:\/\/wp.ufpel.edu.br\/territorios\/files\/2022\/09\/campus-pelotas-zona-centro-1-768x543.png 768w, https:\/\/wp.ufpel.edu.br\/territorios\/files\/2022\/09\/campus-pelotas-zona-centro-1-1536x1086.png 1536w, https:\/\/wp.ufpel.edu.br\/territorios\/files\/2022\/09\/campus-pelotas-zona-centro-1-2048x1448.png 2048w\" sizes=\"(max-width: 3507px) 100vw, 3507px\" \/><\/a><\/p>\n<p class=\"Texto_Justificado_Recuo_Primeira_Linha\" dir=\"ltr\"><strong>Comiss\u00e3o Setorial de Apoio &#8211; Zona Centro<\/strong>\u00a0<span style=\"font-size: 10pt;\">(CIM, Conservat\u00f3rio de M\u00fasica, FD, FO, Museus, Cine UFPel, LAMINA, LINSE, R\u00e1dio Federal FM, INOVA, Terceirizados)<\/span><\/p>\n<p class=\"Texto_Justificado_Recuo_Primeira_Linha\" dir=\"ltr\">Annelise da Costa Montone (Docente \u2013 Museus)<\/p>\n<p class=\"Texto_Justificado_Recuo_Primeira_Linha\" dir=\"ltr\">Candido Felipe Mendonca Fernandes (Discente \u2013 FO)<\/p>\n<p class=\"Texto_Justificado_Recuo_Primeira_Linha\" dir=\"ltr\">Daniel Melo Barreto (Discente \u2013 CIM)<\/p>\n<p class=\"Texto_Justificado_Recuo_Primeira_Linha\" dir=\"ltr\">Felipe Marques Couto (TAE \u2013 R\u00e1dio Federal FM)<\/p>\n<p class=\"Texto_Justificado_Recuo_Primeira_Linha\" dir=\"ltr\">Iris Elena Barcellos Garcia (Discente \u2013 CIM)<\/p>\n<p class=\"Texto_Justificado_Recuo_Primeira_Linha\" dir=\"ltr\">Jaqueline da Silva Scheneider (Discente \u2013 CIM)<\/p>\n<p class=\"Texto_Justificado_Recuo_Primeira_Linha\" dir=\"ltr\">Javier Eduardo Silveira Luzardo (Docente \u2013 CIM)<\/p>\n<p class=\"Texto_Justificado_Recuo_Primeira_Linha\" dir=\"ltr\">Liara da Rosa Garcia (Terceirizado)<\/p>\n<p class=\"Texto_Justificado_Recuo_Primeira_Linha\" dir=\"ltr\">Marcia Morales Klee (TAE \u2013 INOVA)<\/p>\n<p class=\"Texto_Justificado_Recuo_Primeira_Linha\" dir=\"ltr\">Pablo Abelaira de Souza (Discente \u2013 CIM)<\/p>\n<p class=\"Texto_Justificado_Recuo_Primeira_Linha\" dir=\"ltr\">Paulo Roberto Silva Siqueira (Discente \u2013 FD)<\/p>\n<p class=\"Texto_Justificado_Recuo_Primeira_Linha\" dir=\"ltr\">Pedro Luis Machado Sanches (Docente \u2013 LAMINA)<\/p>\n<p class=\"Texto_Justificado_Recuo_Primeira_Linha\" dir=\"ltr\">Ronald Oliveira Souza (Discente \u2013 FD)<\/p>\n<p class=\"Texto_Justificado_Recuo_Primeira_Linha\" dir=\"ltr\">Thiago Heinemann Rodeghiero\u00a0(TAE \u2013 Cine UFPel)<\/p>\n","protected":false},"excerpt":{"rendered":"<p>Comiss\u00e3o Setorial de Apoio &#8211; Zona Centro\u00a0(CIM, Conservat\u00f3rio de M\u00fasica, FD, FO, Museus, Cine UFPel, LAMINA, LINSE, R\u00e1dio Federal FM, INOVA, Terceirizados) Annelise da Costa Montone (Docente \u2013 Museus) Candido Felipe Mendonca Fernandes (Discente \u2013 FO) Daniel Melo Barreto (Discente \u2013 CIM) Felipe Marques Couto (TAE \u2013 R\u00e1dio Federal FM) Iris Elena Barcellos Garcia (Discente [&hellip;]<\/p>\n","protected":false},"author":773,"featured_media":0,"parent":0,"menu_order":0,"comment_status":"closed","ping_status":"closed","template":"","meta":{"footnotes":""},"class_list":["post-301","page","type-page","status-publish","hentry"],"_links":{"self":[{"href":"https:\/\/wp.ufpel.edu.br\/territorios\/wp-json\/wp\/v2\/pages\/301","targetHints":{"allow":["GET"]}}],"collection":[{"href":"https:\/\/wp.ufpel.edu.br\/territorios\/wp-json\/wp\/v2\/pages"}],"about":[{"href":"https:\/\/wp.ufpel.edu.br\/territorios\/wp-json\/wp\/v2\/types\/page"}],"author":[{"embeddable":true,"href":"https:\/\/wp.ufpel.edu.br\/territorios\/wp-json\/wp\/v2\/users\/773"}],"replies":[{"embeddable":true,"href":"https:\/\/wp.ufpel.edu.br\/territorios\/wp-json\/wp\/v2\/comments?post=301"}],"version-history":[{"count":5,"href":"https:\/\/wp.ufpel.edu.br\/territorios\/wp-json\/wp\/v2\/pages\/301\/revisions"}],"predecessor-version":[{"id":364,"href":"https:\/\/wp.ufpel.edu.br\/territorios\/wp-json\/wp\/v2\/pages\/301\/revisions\/364"}],"wp:attachment":[{"href":"https:\/\/wp.ufpel.edu.br\/territorios\/wp-json\/wp\/v2\/media?parent=301"}],"curies":[{"name":"wp","href":"https:\/\/api.w.org\/{rel}","templated":true}]}}