{"id":297,"date":"2022-09-05T10:09:07","date_gmt":"2022-09-05T13:09:07","guid":{"rendered":"https:\/\/wp.ufpel.edu.br\/territorios\/?page_id=297"},"modified":"2023-01-18T18:03:03","modified_gmt":"2023-01-18T21:03:03","slug":"zona-anglo","status":"publish","type":"page","link":"https:\/\/wp.ufpel.edu.br\/territorios\/zona-anglo\/","title":{"rendered":"ZONA ANGLO"},"content":{"rendered":"<p><a href=\"https:\/\/wp.ufpel.edu.br\/territorios\/files\/2022\/09\/campus-pelotas-zona-anglo.png\" target=\"_blank\" rel=\"noopener\"><img class=\"alignnone wp-image-327 size-full\" src=\"https:\/\/wp.ufpel.edu.br\/territorios\/files\/2022\/09\/campus-pelotas-zona-anglo.png\" alt=\"\" width=\"3507\" height=\"2480\" srcset=\"https:\/\/wp.ufpel.edu.br\/territorios\/files\/2022\/09\/campus-pelotas-zona-anglo.png 3507w, https:\/\/wp.ufpel.edu.br\/territorios\/files\/2022\/09\/campus-pelotas-zona-anglo-400x283.png 400w, https:\/\/wp.ufpel.edu.br\/territorios\/files\/2022\/09\/campus-pelotas-zona-anglo-1024x724.png 1024w, https:\/\/wp.ufpel.edu.br\/territorios\/files\/2022\/09\/campus-pelotas-zona-anglo-768x543.png 768w, https:\/\/wp.ufpel.edu.br\/territorios\/files\/2022\/09\/campus-pelotas-zona-anglo-1536x1086.png 1536w, https:\/\/wp.ufpel.edu.br\/territorios\/files\/2022\/09\/campus-pelotas-zona-anglo-2048x1448.png 2048w\" sizes=\"(max-width: 3507px) 100vw, 3507px\" \/><\/a><\/p>\n<p class=\"Texto_Justificado_Recuo_Primeira_Linha\" dir=\"ltr\"><strong>Comiss\u00e3o Setorial de Apoio &#8211; Zona Anglo<\/strong>\u00a0<span style=\"font-size: 10pt;\">(CCSO, CDTEC, CLC, FE, FN, GR, GVR, PRA, PRE, PREC, PROGEP, PRPPG, PROPLAN, Curso de Matem\u00e1tica noturno, Depto. de Economia, Terceirizados)<\/span><\/p>\n<p class=\"Texto_Justificado_Recuo_Primeira_Linha\" dir=\"ltr\">Alaize Drose Machado (TAE \u2013 PROPLAN)<\/p>\n<p class=\"Texto_Justificado_Recuo_Primeira_Linha\" dir=\"ltr\">Alexandre Furtado Corr\u00eaa (TAE \u2013 FN)<\/p>\n<p class=\"Texto_Justificado_Recuo_Primeira_Linha\" dir=\"ltr\">Biolange Oliveira Piegas (TAE \u2013 GR)<\/p>\n<p class=\"Texto_Justificado_Recuo_Primeira_Linha\" dir=\"ltr\">Carolina Andersson Bunde (TAE \u2013 PROGEP)<\/p>\n<p class=\"Texto_Justificado_Recuo_Primeira_Linha\" dir=\"ltr\">Daniela da Silva Pieper (TAE \u2013 PREC)<\/p>\n<p class=\"Texto_Justificado_Recuo_Primeira_Linha\" dir=\"ltr\">Eder Gilnei Amaro de Castro (Terceirizado)<\/p>\n<p class=\"Texto_Justificado_Recuo_Primeira_Linha\" dir=\"ltr\">Jacqueline Roschildt Alves (TAE \u2013 PRA)<\/p>\n<p class=\"Texto_Justificado_Recuo_Primeira_Linha\" dir=\"ltr\">Jo\u00e3o Gabriel Dias Nunes (TAE \u2013 PRA)<\/p>\n<p class=\"Texto_Justificado_Recuo_Primeira_Linha\" dir=\"ltr\">Jonathan Dias Hardt (TAE \u2013 FE)<\/p>\n<p class=\"Texto_Justificado_Recuo_Primeira_Linha\" dir=\"ltr\">Leandra Fagundes da Silva (TAE \u2013 GVR)<\/p>\n<p class=\"Texto_Justificado_Recuo_Primeira_Linha\" dir=\"ltr\">Lizandro Hartwig M\u00fclling (TAE \u2013 FN)<\/p>\n<p class=\"Texto_Justificado_Recuo_Primeira_Linha\" dir=\"ltr\">Marta da Rosa e Silva (Discente \u2013 CLC)<\/p>\n<p class=\"Texto_Justificado_Recuo_Primeira_Linha\" dir=\"ltr\">Patr\u00edcia da Concei\u00e7\u00e3o Fantinel (Docente \u2013 Matem\u00e1tica noturno)<\/p>\n<p class=\"Texto_Justificado_Recuo_Primeira_Linha\" dir=\"ltr\">Patricia de Borba Pereira (TAE \u2013 GVR)<\/p>\n<p class=\"Texto_Justificado_Recuo_Primeira_Linha\" dir=\"ltr\">Rafael Pachon Elias (TAE \u2013 PRPPG)<\/p>\n<p class=\"Texto_Justificado_Recuo_Primeira_Linha\" dir=\"ltr\">Rodrigo Martins Hollenbach (Discente \u2013 CCSO)<\/p>\n<p class=\"Texto_Justificado_Recuo_Primeira_Linha\" dir=\"ltr\">Rosana \u00c1vila Pereira Chollet (TAE \u2013 PROPLAN)<\/p>\n<p class=\"Texto_Justificado_Recuo_Primeira_Linha\" dir=\"ltr\">Tiago Thompsen Primo (Docente \u2013 PRE)<\/p>\n<p class=\"Texto_Justificado_Recuo_Primeira_Linha\" dir=\"ltr\">Viviane G\u00f6bel Marques (Discente \u2013 CDTEC)<\/p>\n<p>&nbsp;<\/p>\n","protected":false},"excerpt":{"rendered":"<p>Comiss\u00e3o Setorial de Apoio &#8211; Zona Anglo\u00a0(CCSO, CDTEC, CLC, FE, FN, GR, GVR, PRA, PRE, PREC, PROGEP, PRPPG, PROPLAN, Curso de Matem\u00e1tica noturno, Depto. de Economia, Terceirizados) Alaize Drose Machado (TAE \u2013 PROPLAN) Alexandre Furtado Corr\u00eaa (TAE \u2013 FN) Biolange Oliveira Piegas (TAE \u2013 GR) Carolina Andersson Bunde (TAE \u2013 PROGEP) Daniela da Silva Pieper [&hellip;]<\/p>\n","protected":false},"author":773,"featured_media":0,"parent":0,"menu_order":0,"comment_status":"closed","ping_status":"closed","template":"","meta":{"footnotes":""},"class_list":["post-297","page","type-page","status-publish","hentry"],"_links":{"self":[{"href":"https:\/\/wp.ufpel.edu.br\/territorios\/wp-json\/wp\/v2\/pages\/297","targetHints":{"allow":["GET"]}}],"collection":[{"href":"https:\/\/wp.ufpel.edu.br\/territorios\/wp-json\/wp\/v2\/pages"}],"about":[{"href":"https:\/\/wp.ufpel.edu.br\/territorios\/wp-json\/wp\/v2\/types\/page"}],"author":[{"embeddable":true,"href":"https:\/\/wp.ufpel.edu.br\/territorios\/wp-json\/wp\/v2\/users\/773"}],"replies":[{"embeddable":true,"href":"https:\/\/wp.ufpel.edu.br\/territorios\/wp-json\/wp\/v2\/comments?post=297"}],"version-history":[{"count":9,"href":"https:\/\/wp.ufpel.edu.br\/territorios\/wp-json\/wp\/v2\/pages\/297\/revisions"}],"predecessor-version":[{"id":330,"href":"https:\/\/wp.ufpel.edu.br\/territorios\/wp-json\/wp\/v2\/pages\/297\/revisions\/330"}],"wp:attachment":[{"href":"https:\/\/wp.ufpel.edu.br\/territorios\/wp-json\/wp\/v2\/media?parent=297"}],"curies":[{"name":"wp","href":"https:\/\/api.w.org\/{rel}","templated":true}]}}