{"id":290,"date":"2022-09-05T10:00:49","date_gmt":"2022-09-05T13:00:49","guid":{"rendered":"https:\/\/wp.ufpel.edu.br\/territorios\/?page_id=290"},"modified":"2022-09-12T10:04:57","modified_gmt":"2022-09-12T13:04:57","slug":"zonas-de-planejamento","status":"publish","type":"page","link":"https:\/\/wp.ufpel.edu.br\/territorios\/zonas-de-planejamento\/","title":{"rendered":"| Zonas de Planejamento |"},"content":{"rendered":"<p>A UFPel atualmente est\u00e1 alocada no munic\u00edpio de Pelotas e no de Cap\u00e3o do Le\u00e3o.<\/p>\n<p>No Cap\u00e3o do Le\u00e3o est\u00e1 localizado o Campus Cap\u00e3o do Le\u00e3o que re\u00fane v\u00e1rias unidades acad\u00eamicas.<\/p>\n<p>Na cidade de Pelotas, a UFPel est\u00e1 inserida na malha urbana, e o Campus Pelotas conta com pr\u00e9dios espalhados em v\u00e1rios bairros.<\/p>\n<p>Para a organiza\u00e7\u00e3o do Invent\u00e1rio de Espa\u00e7os UFPel os pr\u00e9dios pr\u00f3prios da institui\u00e7\u00e3o, no campus Pelotas, foram agrupados por proximidade geogr\u00e1fica, resultando em 5 zonas: Anglo, Porto, Centro, Norte e Fragata. \u00c9 a partir desse zoneamento que os pr\u00e9dios s\u00e3o numerados no invent\u00e1rio, considerando a zona e o pr\u00e9dio no c\u00f3digo final.<\/p>\n<p>Durante o Ciclo 2 do Processo de Planejamento Integrado Territ\u00f3rios, cada zona receber\u00e1 um Evento Setorial aberto a toda a comunidade universit\u00e1ria &#8211; estudantes, professores, t\u00e9cnicos e funcion\u00e1rios terceirizados -, onde atrav\u00e9s de algumas metodologias, ser\u00e1 realizada a Leitura Comunit\u00e1ria dos cen\u00e1rios atual e desejado para a zona.<\/p>\n<p><a href=\"https:\/\/wp.ufpel.edu.br\/territorios\/files\/2022\/09\/zonas-de-planejamento.png\"><img class=\"aligncenter size-large wp-image-317\" src=\"https:\/\/wp.ufpel.edu.br\/territorios\/files\/2022\/09\/zonas-de-planejamento-1024x724.png\" alt=\"\" width=\"1024\" height=\"724\" srcset=\"https:\/\/wp.ufpel.edu.br\/territorios\/files\/2022\/09\/zonas-de-planejamento-1024x724.png 1024w, https:\/\/wp.ufpel.edu.br\/territorios\/files\/2022\/09\/zonas-de-planejamento-400x283.png 400w, https:\/\/wp.ufpel.edu.br\/territorios\/files\/2022\/09\/zonas-de-planejamento-768x543.png 768w, https:\/\/wp.ufpel.edu.br\/territorios\/files\/2022\/09\/zonas-de-planejamento-1536x1086.png 1536w, https:\/\/wp.ufpel.edu.br\/territorios\/files\/2022\/09\/zonas-de-planejamento-2048x1448.png 2048w\" sizes=\"(max-width: 1024px) 100vw, 1024px\" \/><\/a><\/p>\n","protected":false},"excerpt":{"rendered":"<p>A UFPel atualmente est\u00e1 alocada no munic\u00edpio de Pelotas e no de Cap\u00e3o do Le\u00e3o. No Cap\u00e3o do Le\u00e3o est\u00e1 localizado o Campus Cap\u00e3o do Le\u00e3o que re\u00fane v\u00e1rias unidades acad\u00eamicas. Na cidade de Pelotas, a UFPel est\u00e1 inserida na malha urbana, e o Campus Pelotas conta com pr\u00e9dios espalhados em v\u00e1rios bairros. Para a [&hellip;]<\/p>\n","protected":false},"author":773,"featured_media":0,"parent":0,"menu_order":0,"comment_status":"closed","ping_status":"closed","template":"","meta":{"footnotes":""},"class_list":["post-290","page","type-page","status-publish","hentry"],"_links":{"self":[{"href":"https:\/\/wp.ufpel.edu.br\/territorios\/wp-json\/wp\/v2\/pages\/290","targetHints":{"allow":["GET"]}}],"collection":[{"href":"https:\/\/wp.ufpel.edu.br\/territorios\/wp-json\/wp\/v2\/pages"}],"about":[{"href":"https:\/\/wp.ufpel.edu.br\/territorios\/wp-json\/wp\/v2\/types\/page"}],"author":[{"embeddable":true,"href":"https:\/\/wp.ufpel.edu.br\/territorios\/wp-json\/wp\/v2\/users\/773"}],"replies":[{"embeddable":true,"href":"https:\/\/wp.ufpel.edu.br\/territorios\/wp-json\/wp\/v2\/comments?post=290"}],"version-history":[{"count":5,"href":"https:\/\/wp.ufpel.edu.br\/territorios\/wp-json\/wp\/v2\/pages\/290\/revisions"}],"predecessor-version":[{"id":385,"href":"https:\/\/wp.ufpel.edu.br\/territorios\/wp-json\/wp\/v2\/pages\/290\/revisions\/385"}],"wp:attachment":[{"href":"https:\/\/wp.ufpel.edu.br\/territorios\/wp-json\/wp\/v2\/media?parent=290"}],"curies":[{"name":"wp","href":"https:\/\/api.w.org\/{rel}","templated":true}]}}