{"id":2,"date":"2021-12-20T18:16:49","date_gmt":"2021-12-20T21:16:49","guid":{"rendered":"https:\/\/wp.ufpel.edu.br\/territorios\/?page_id=2"},"modified":"2022-08-25T11:55:15","modified_gmt":"2022-08-25T14:55:15","slug":"noticias","status":"publish","type":"page","link":"https:\/\/wp.ufpel.edu.br\/territorios\/comissoes-setoriais-de-apoio\/noticias\/","title":{"rendered":"|Not\u00edcias|"},"content":{"rendered":"\r\n<h2 style=\"text-align: justify;\"><a href=\"https:\/\/wp.ufpel.edu.br\/territorios\/files\/2022\/07\/Edital-09.2022.pdf\"><b>EDITAL PROPLAN N. 09\/2022<\/b><b> \u2013 Sele\u00e7\u00e3o de Representantes para Composi\u00e7\u00e3o das Comiss\u00f5es Setoriais de Apoio ao Processo de Planejamento Integrado TERRIT\u00d3RIOS<\/b><\/a><\/h2>\r\n<p style=\"text-align: justify;\"><span style=\"font-weight: 400;\">22\/07\/2022<\/span><\/p>\r\n<p style=\"text-align: justify;\"><span style=\"font-weight: 400;\">A Pr\u00f3-Reitoria de Planejamento e Desenvolvimento da Universidade Federal de Pelotas, atrav\u00e9s da Coordena\u00e7\u00e3o de Desenvolvimento do Plano Diretor (CDPD) e da Coordena\u00e7\u00e3o para o Desenvolvimento Institucional Participativo (CDIP), no uso de suas atribui\u00e7\u00f5es legais, torna p\u00fablico para a comunidade universit\u00e1ria da UFPel o Edital de Sele\u00e7\u00e3o de Representantes para Composi\u00e7\u00e3o das Comiss\u00f5es Setoriais de Apoio ao Processo de Planejamento Integrado Territ\u00f3rios.<\/span><\/p>\r\n<p>INSCRI\u00c7\u00d5ES: <strong>de 26 de julho a 10 de agosto de 2022 <span style=\"color: #ff6600;\">PRORROGADO at\u00e9 21 de agosto de 2022<\/span><\/strong><b><br \/><\/b><\/p>\r\n<p>Para se inscrever, <strong><a href=\"https:\/\/docs.google.com\/forms\/d\/e\/1FAIpQLSc8-qcoFDTdEjq6TSTCvOPqBYNV6lVS5jqty5NSf1QtkR2iBw\/viewform?usp=sf_link\">CLIQUE AQUI<\/a><\/strong><\/p>\r\n<p style=\"text-align: justify;\">Para identificar qual a sua zona de planejamento:<\/p>\r\n<p><img class=\"alignnone  wp-image-159\" src=\"https:\/\/wp.ufpel.edu.br\/territorios\/files\/2022\/08\/zonas-de-planejamnto-1-400x300.png\" alt=\"\" width=\"609\" height=\"457\" srcset=\"https:\/\/wp.ufpel.edu.br\/territorios\/files\/2022\/08\/zonas-de-planejamnto-1-400x300.png 400w, https:\/\/wp.ufpel.edu.br\/territorios\/files\/2022\/08\/zonas-de-planejamnto-1-1024x768.png 1024w, https:\/\/wp.ufpel.edu.br\/territorios\/files\/2022\/08\/zonas-de-planejamnto-1-768x576.png 768w, https:\/\/wp.ufpel.edu.br\/territorios\/files\/2022\/08\/zonas-de-planejamnto-1-1536x1152.png 1536w, https:\/\/wp.ufpel.edu.br\/territorios\/files\/2022\/08\/zonas-de-planejamnto-1-2048x1536.png 2048w\" sizes=\"(max-width: 609px) 100vw, 609px\" \/><\/p>\r\n<p><img class=\"alignnone  wp-image-172\" src=\"https:\/\/wp.ufpel.edu.br\/territorios\/files\/2022\/08\/zonas-de-planejamnto-lista-400x300.png\" alt=\"\" width=\"607\" height=\"455\" srcset=\"https:\/\/wp.ufpel.edu.br\/territorios\/files\/2022\/08\/zonas-de-planejamnto-lista-400x300.png 400w, https:\/\/wp.ufpel.edu.br\/territorios\/files\/2022\/08\/zonas-de-planejamnto-lista-768x576.png 768w, https:\/\/wp.ufpel.edu.br\/territorios\/files\/2022\/08\/zonas-de-planejamnto-lista.png 1024w\" sizes=\"(max-width: 607px) 100vw, 607px\" \/><\/p>\r\n<p><\/p>","protected":false},"excerpt":{"rendered":"<p>EDITAL PROPLAN N. 09\/2022 \u2013 Sele\u00e7\u00e3o de Representantes para Composi\u00e7\u00e3o das Comiss\u00f5es Setoriais de Apoio ao Processo de Planejamento Integrado TERRIT\u00d3RIOS 22\/07\/2022 A Pr\u00f3-Reitoria de Planejamento e Desenvolvimento da Universidade Federal de Pelotas, atrav\u00e9s da Coordena\u00e7\u00e3o de Desenvolvimento do Plano Diretor (CDPD) e da Coordena\u00e7\u00e3o para o Desenvolvimento Institucional Participativo (CDIP), no uso de suas [&hellip;]<\/p>\n","protected":false},"author":773,"featured_media":0,"parent":68,"menu_order":0,"comment_status":"closed","ping_status":"closed","template":"","meta":{"footnotes":""},"class_list":["post-2","page","type-page","status-publish","hentry"],"_links":{"self":[{"href":"https:\/\/wp.ufpel.edu.br\/territorios\/wp-json\/wp\/v2\/pages\/2","targetHints":{"allow":["GET"]}}],"collection":[{"href":"https:\/\/wp.ufpel.edu.br\/territorios\/wp-json\/wp\/v2\/pages"}],"about":[{"href":"https:\/\/wp.ufpel.edu.br\/territorios\/wp-json\/wp\/v2\/types\/page"}],"author":[{"embeddable":true,"href":"https:\/\/wp.ufpel.edu.br\/territorios\/wp-json\/wp\/v2\/users\/773"}],"replies":[{"embeddable":true,"href":"https:\/\/wp.ufpel.edu.br\/territorios\/wp-json\/wp\/v2\/comments?post=2"}],"version-history":[{"count":28,"href":"https:\/\/wp.ufpel.edu.br\/territorios\/wp-json\/wp\/v2\/pages\/2\/revisions"}],"predecessor-version":[{"id":243,"href":"https:\/\/wp.ufpel.edu.br\/territorios\/wp-json\/wp\/v2\/pages\/2\/revisions\/243"}],"up":[{"embeddable":true,"href":"https:\/\/wp.ufpel.edu.br\/territorios\/wp-json\/wp\/v2\/pages\/68"}],"wp:attachment":[{"href":"https:\/\/wp.ufpel.edu.br\/territorios\/wp-json\/wp\/v2\/media?parent=2"}],"curies":[{"name":"wp","href":"https:\/\/api.w.org\/{rel}","templated":true}]}}