{"id":1049,"date":"2024-12-05T14:29:13","date_gmt":"2024-12-05T17:29:13","guid":{"rendered":"https:\/\/wp.ufpel.edu.br\/territorios\/?page_id=1049"},"modified":"2025-09-17T14:56:10","modified_gmt":"2025-09-17T17:56:10","slug":"plano-diretor-da-ufpel","status":"publish","type":"page","link":"https:\/\/wp.ufpel.edu.br\/territorios\/plano-diretor-da-ufpel\/","title":{"rendered":"| PLANO DIRETOR DA UFPel |"},"content":{"rendered":"<p>Acesse o <a href=\"https:\/\/wp.ufpel.edu.br\/territorios\/files\/2024\/12\/PLANO-DIRETOR-UFPel-final-1.pdf\">Plano Diretor da UFPel<\/a> institu\u00eddo pela <a href=\"https:\/\/wp.ufpel.edu.br\/territorios\/files\/2024\/12\/SEI_2882347_Resolucao_118.pdf\" target=\"_blank\" rel=\"noopener\">Resolu\u00e7\u00e3o n\u00b0 118 de 02 de dezembro de 2024<\/a>.<\/p>\n","protected":false},"excerpt":{"rendered":"<p>Acesse o Plano Diretor da UFPel institu\u00eddo pela Resolu\u00e7\u00e3o n\u00b0 118 de 02 de dezembro de 2024.<\/p>\n","protected":false},"author":773,"featured_media":0,"parent":0,"menu_order":0,"comment_status":"closed","ping_status":"closed","template":"","meta":{"footnotes":""},"class_list":["post-1049","page","type-page","status-publish","hentry"],"_links":{"self":[{"href":"https:\/\/wp.ufpel.edu.br\/territorios\/wp-json\/wp\/v2\/pages\/1049","targetHints":{"allow":["GET"]}}],"collection":[{"href":"https:\/\/wp.ufpel.edu.br\/territorios\/wp-json\/wp\/v2\/pages"}],"about":[{"href":"https:\/\/wp.ufpel.edu.br\/territorios\/wp-json\/wp\/v2\/types\/page"}],"author":[{"embeddable":true,"href":"https:\/\/wp.ufpel.edu.br\/territorios\/wp-json\/wp\/v2\/users\/773"}],"replies":[{"embeddable":true,"href":"https:\/\/wp.ufpel.edu.br\/territorios\/wp-json\/wp\/v2\/comments?post=1049"}],"version-history":[{"count":4,"href":"https:\/\/wp.ufpel.edu.br\/territorios\/wp-json\/wp\/v2\/pages\/1049\/revisions"}],"predecessor-version":[{"id":1126,"href":"https:\/\/wp.ufpel.edu.br\/territorios\/wp-json\/wp\/v2\/pages\/1049\/revisions\/1126"}],"wp:attachment":[{"href":"https:\/\/wp.ufpel.edu.br\/territorios\/wp-json\/wp\/v2\/media?parent=1049"}],"curies":[{"name":"wp","href":"https:\/\/api.w.org\/{rel}","templated":true}]}}