{"id":679,"date":"2019-07-12T09:00:26","date_gmt":"2019-07-12T12:00:26","guid":{"rendered":"https:\/\/wp.ufpel.edu.br\/terceirizados\/?page_id=679"},"modified":"2020-10-30T12:15:05","modified_gmt":"2020-10-30T15:15:05","slug":"vigia","status":"publish","type":"page","link":"https:\/\/wp.ufpel.edu.br\/terceirizados\/contratos\/vigia\/","title":{"rendered":"[Contrato n\u00ba 084\/2019 &#8211; Vigia e Monitoramento]"},"content":{"rendered":"<p><strong>Fale sobre Servi\u00e7os Terceirizados (Atendimento):<\/strong><br \/>\n<a href=\"http:\/\/atendimento.ufpel.edu.br\">http:\/\/atendimento.ufpel.edu.br<\/a><\/p>\n<p><strong>Question\u00e1rio de Fiscaliza\u00e7\u00e3o Contratual:<\/strong><br \/>\n<a href=\"https:\/\/wp.ufpel.edu.br\/terceirizados\/contratos\/questionario\/\">https:\/\/wp.ufpel.edu.br\/terceirizados\/contratos\/questionario\/<\/a><\/p>\n<p>&nbsp;<\/p>\n<h3>Orienta\u00e7\u00f5es:\u00a0Servi\u00e7o de Vigia e Monitoramento<\/h3>\n<p>&nbsp;<\/p>\n<p><strong>Descri\u00e7\u00e3o geral das atividades dos postos VIGIA:<\/strong><\/p>\n<ul>\n<li class=\"Item_Nivel3\"><strong>Controle de Acesso:<\/strong><\/li>\n<\/ul>\n<p class=\"Item_Nivel4\" style=\"padding-left: 80px\">Receber, orientar e encaminhar pessoas aos locais desejados;<\/p>\n<p class=\"Item_Nivel4\" style=\"padding-left: 80px\">Orientar visitantes, clientes e prestadores de servi\u00e7os;<\/p>\n<p class=\"Item_Nivel4\" style=\"padding-left: 80px\">Orientar deslocamento na Institui\u00e7\u00e3o;<\/p>\n<p class=\"Item_Nivel4\" style=\"padding-left: 80px\">Abrir e fechar as portas de acesso aos pr\u00e9dio\/campus; bem como as salas internas dos pr\u00e9dios;<\/p>\n<p class=\"Item_Nivel4\" style=\"padding-left: 80px\">Manter o quadro de chaves e controles de acesso, controlando seu uso e guarda;<\/p>\n<p class=\"Item_Nivel4\" style=\"padding-left: 80px\">Controlar o acesso de pessoas \u00e0s \u00e1reas internas dos pr\u00e9dios, inclusive com mecanismos de identifica\u00e7\u00e3o (planilha de controle, sistema informatizado de acesso e crach\u00e1);<\/p>\n<p class=\"Item_Nivel4\" style=\"padding-left: 80px\">Impedir a entrada de pessoas n\u00e3o autorizadas nos locais de acesso restrito;<\/p>\n<p class=\"Item_Nivel4\" style=\"padding-left: 80px\">Permitir o ingresso nas instala\u00e7\u00f5es somente de pessoas previamente autorizadas e identificadas;<\/p>\n<p class=\"Item_Nivel4\" style=\"padding-left: 80px\">Manter rigoroso controle de entrada e sa\u00edda de pessoas e de materiais, diretamente ou com o aux\u00edlio de monitoramento por imagens, registrando em formul\u00e1rio pr\u00f3prio, quando for o caso, a identidade da pessoa, o motivo da entrada, hora de entrada e sa\u00edda e a identifica\u00e7\u00e3o do material;<\/p>\n<p class=\"Item_Nivel4\" style=\"padding-left: 80px\">Impedir a entrada ou sa\u00edda de ve\u00edculos ou materiais sem a devida autoriza\u00e7\u00e3o;<\/p>\n<p class=\"Item_Nivel4\" style=\"padding-left: 80px\">Fiscalizar a entrada e sa\u00edda de ve\u00edculos nas instala\u00e7\u00f5es, identificando o motorista e anotando a placa do ve\u00edculo, inclusive de pessoas autorizadas a estacionar seus carros particulares na \u00e1rea interna da instala\u00e7\u00e3o;<\/p>\n<p class=\"Item_Nivel4\" style=\"padding-left: 80px\">Controlar rigorosamente a entrada e sa\u00edda de ve\u00edculos e pessoas ap\u00f3s o t\u00e9rmino de cada expediente de trabalho, feriados e finais de semana, anotando em documento pr\u00f3prio o nome, registro ou matr\u00edcula, cargo, \u00f3rg\u00e3o de lota\u00e7\u00e3o e tarefa a executar;<\/p>\n<p class=\"Item_Nivel4\" style=\"padding-left: 80px\">Proibir o ingresso de vendedores, ambulantes e assemelhados \u00e0s instala\u00e7\u00f5es, sem que estes estejam devida e previamente autorizados pela Administra\u00e7\u00e3o ou respons\u00e1vel pela instala\u00e7\u00e3o;<\/p>\n<p class=\"Item_Nivel4\" style=\"padding-left: 80px\">N\u00e3o permitir pr\u00e1tica de vendas, divulga\u00e7\u00f5es, demonstra\u00e7\u00f5es ou outras pr\u00e1ticas similares, relacionadas com atividades comerciais, alheia e estranha as Institui\u00e7\u00f5es, nas suas depend\u00eancias, salvo autoriza\u00e7\u00e3o expressa da UFPel;<\/p>\n<p class=\"Item_Nivel4\" style=\"padding-left: 80px\">Proibir todo e qualquer tipo de atividade comercial junto ao Posto e imedia\u00e7\u00f5es, que implique ou ofere\u00e7a risco \u00e0 seguran\u00e7a dos servi\u00e7os e das instala\u00e7\u00f5es;<\/p>\n<p class=\"Item_Nivel4\" style=\"padding-left: 80px\">Dar apoio, atendimento e assist\u00eancia ao p\u00fablico em eventos realizados nos audit\u00f3rios;<\/p>\n<p class=\"Item_Nivel4\" style=\"padding-left: 80px\">Fiscalizar o acesso de pessoas \u00e0s \u00e1reas internas dos pr\u00e9dios da UFPel;<\/p>\n<p class=\"Item_Nivel4\" style=\"padding-left: 80px\">Impedir o acesso de pessoas n\u00e3o autorizadas nos locais de acesso restrito;<\/p>\n<p class=\"Item_Nivel4\" style=\"padding-left: 80px\">Controlar a movimenta\u00e7\u00e3o das pessoas<\/p>\n<ul>\n<li class=\"Item_Nivel3\"><strong>Controle de Fluxo e Preven\u00e7\u00e3o de Inc\u00eandio:<\/strong><\/li>\n<\/ul>\n<p class=\"Item_Nivel4\" style=\"padding-left: 80px\">Manter afixado no Posto, em local vis\u00edvel, o n\u00famero do telefone da Delegacia de Pol\u00edcia da Regi\u00e3o, do Corpo de Bombeiros, dos respons\u00e1veis pela Administra\u00e7\u00e3o da Instala\u00e7\u00e3o e outros de interesse, indicados para o melhor desempenho das atividades;<\/p>\n<p class=\"Item_Nivel4\" style=\"padding-left: 80px\">Impedir o acesso de pessoas em \u00e1reas interditadas em casos de inc\u00eandios, acidentes, obras e outras ocorr\u00eancias, conforme solicita\u00e7\u00e3o do Fiscal do Contrato atrav\u00e9s do supervisor da CONTRATADA;<\/p>\n<p class=\"Item_Nivel4\" style=\"padding-left: 80px\">N\u00e3o permitir e evitar aglomera\u00e7\u00f5es, discuss\u00f5es e outras irregularidades em sua \u00e1rea de atua\u00e7\u00e3o;<\/p>\n<p class=\"Item_Nivel4\" style=\"padding-left: 80px\">Impedir o ingresso ou perman\u00eancia de vendedores ambulantes, pedintes, ou quaisquer outras pessoas n\u00e3o autorizadas nas \u00e1reas sob sua responsabilidade;<\/p>\n<p class=\"Item_Nivel4\" style=\"padding-left: 80px\">Observar a movimenta\u00e7\u00e3o de indiv\u00edduos suspeitos nas imedia\u00e7\u00f5es do Posto, adotando as medidas de seguran\u00e7a conforme orienta\u00e7\u00e3o recebida da Administra\u00e7\u00e3o, bem como as que entenderem oportunas;<\/p>\n<p class=\"Item_Nivel4\" style=\"padding-left: 80px\">Inspecionar hidrantes\/extintores de inc\u00eandio<\/p>\n<ul>\n<li class=\"Item_Nivel3\"><strong>Tarefas gerais:<\/strong><\/li>\n<\/ul>\n<p class=\"Item_Nivel4\" style=\"padding-left: 80px\">Zelar pela limpeza e conserva\u00e7\u00e3o dos locais da presta\u00e7\u00e3o do servi\u00e7o;<\/p>\n<p class=\"Item_Nivel4\" style=\"padding-left: 80px\">Atender as ordens emitidas pelo Supervisor, no tocante aos procedimentos de seguran\u00e7a adotados pela Universidade;<\/p>\n<p class=\"Item_Nivel4\" style=\"padding-left: 80px\">Registrar as irregularidades ou situa\u00e7\u00f5es anormais na rotina de trabalho, anotando-as no Livro de Registro de Ocorr\u00eancias;<\/p>\n<p class=\"Item_Nivel4\" style=\"padding-left: 80px\">Informar imediatamente ao Supervisor da Empresa que comunicar\u00e1 ao Fiscal do Contrato, sobre a guarda de objetos abandonados ou encontrados nas \u00e1reas sob sua responsabilidade, bem como registrar o fato no Livro de Registro de Ocorr\u00eancias daquele local;<\/p>\n<p class=\"Item_Nivel4\" style=\"padding-left: 80px\">Comunicar \u00e0 Administra\u00e7\u00e3o da UFPEL sobre qualquer fato que comprometa o andamento dos servi\u00e7os ou a seguran\u00e7a dos locais de trabalho;<\/p>\n<p class=\"Item_Nivel4\" style=\"padding-left: 80px\">Comunicar imediatamente \u00e0 Administra\u00e7\u00e3o, bem como ao respons\u00e1vel pelo Posto, qualquer anormalidade verificada, inclusive de ordem funcional, para que sejam adotadas as provid\u00eancias de regulariza\u00e7\u00e3o necess\u00e1rias;<\/p>\n<p class=\"Item_Nivel4\" style=\"padding-left: 80px\">Comunicar-se por sinais e\/ou c\u00f3digos, operar r\u00e1dio, interfones e sistema telef\u00f4nico, redigir relat\u00f3rios<\/p>\n<ul>\n<li class=\"Item_Nivel3\"><strong>Patrim\u00f4nio e Seguran\u00e7a:<\/strong><\/li>\n<\/ul>\n<p class=\"Item_Nivel4\" style=\"padding-left: 80px\">Repassar para o(s) vigia(s) que est\u00e1(\u00e3o) assumindo o Posto, quando da rendi\u00e7\u00e3o, todas as orienta\u00e7\u00f5es recebidas e em vigor, bem como eventual anomalia observada nas instala\u00e7\u00f5es e suas imedia\u00e7\u00f5es;Comunicar ao Fiscal de Contrato, todo acontecimento entendido como irregular e que possa vir a representar risco para o patrim\u00f4nio da Administra\u00e7\u00e3o;<\/p>\n<p class=\"Item_Nivel4\" style=\"padding-left: 80px\">Colaborar com as Pol\u00edcias Civil, Militar e Federal nas ocorr\u00eancias de ordem policial dentro das instala\u00e7\u00f5es da Administra\u00e7\u00e3o, facilitando, o melhor poss\u00edvel, a atua\u00e7\u00e3o daquelas, inclusive na indica\u00e7\u00e3o de testemunhas presenciais de eventual acontecimento;<\/p>\n<p class=\"Item_Nivel4\" style=\"padding-left: 80px\">Proibir a aglomera\u00e7\u00e3o de pessoas junto ao Posto, comunicando o fato ao respons\u00e1vel pela instala\u00e7\u00e3o e \u00e0 seguran\u00e7a da Administra\u00e7\u00e3o, no caso de desobedi\u00eancia;<\/p>\n<p class=\"Item_Nivel4\" style=\"padding-left: 80px\">Proibir a utiliza\u00e7\u00e3o do Posto para guarda de objetos estranhos ao local, de bens de servidores, de empregados ou de terceiros, salvo com autoriza\u00e7\u00e3o escrita da UFPel;<\/p>\n<p class=\"Item_Nivel4\" style=\"padding-left: 80px\">Executar a(s) ronda(s) di\u00e1ria(s) conforme a orienta\u00e7\u00e3o recebida da Administra\u00e7\u00e3o verificando as depend\u00eancias das instala\u00e7\u00f5es, adotando os cuidados e provid\u00eancias necess\u00e1rios para o perfeito desempenho das fun\u00e7\u00f5es e manuten\u00e7\u00e3o da tranq\u00fcilidade. As rondas do vigia devem ser feitas de conforme orienta\u00e7\u00e3o da fiscaliza\u00e7\u00e3o do contrato.<\/p>\n<p class=\"Item_Nivel4\" style=\"padding-left: 80px\">Preencher regularmente os boletins de ocorr\u00eancias, relat\u00f3rios de servi\u00e7os e demais impressos relacionados com o controle e utiliza\u00e7\u00e3o dos espa\u00e7os;<\/p>\n<p class=\"Item_Nivel4\" style=\"padding-left: 80px\">Orientar os servi\u00e7os de carga e descarga, bem como embarque e desembarque, inclusive com auxilio de equipamentos el\u00e9tricos e mec\u00e2nicos como elevadores de carga e de passageiros PNE, ainda orientando a organiza\u00e7\u00e3o dos estacionamentos e demais espa\u00e7os da UFPel.<\/p>\n<p class=\"Item_Nivel4\" style=\"padding-left: 80px\">Ligar e desligar a ilumina\u00e7\u00e3o externa, e de demais locais que se julguem necess\u00e1rio, assim como fechar portas e janelas em virtude da constata\u00e7\u00e3o de estarem abertas ap\u00f3s a sa\u00edda de servidores;<\/p>\n<p class=\"Item_Nivel4\" style=\"padding-left: 80px\">Percorrer as depend\u00eancias da Institui\u00e7\u00e3o<\/p>\n<p class=\"Item_Nivel4\" style=\"padding-left: 80px\">Observar movimenta\u00e7\u00e3o\/comportamento das pessoas<\/p>\n<p class=\"Item_Nivel4\" style=\"padding-left: 80px\">Relatar avarias nas instala\u00e7\u00f5es<\/p>\n<p class=\"Item_Nivel4\" style=\"padding-left: 80px\">Inspecionar os ve\u00edculos no estacionamento<\/p>\n<p class=\"Item_Nivel4\" style=\"padding-left: 80px\">Contatar propriet\u00e1rios dos ve\u00edculos irregularmente estacionados<\/p>\n<p class=\"Item_Nivel4\" style=\"padding-left: 80px\">Monitorar pelo circuito fechado de tv<\/p>\n<p class=\"Item_Nivel4\" style=\"padding-left: 80px\">Registrar a passagem pelos pontos de ronda<\/p>\n<ul>\n<li class=\"Item_Nivel3\"><strong>Monitoramento:<\/strong><\/li>\n<\/ul>\n<p class=\"Item_Nivel4\" style=\"padding-left: 80px\">Inspecionar m\u00eddia de grava\u00e7\u00e3o de imagem de circuito fechado;<\/p>\n<p class=\"Item_Nivel4\" style=\"padding-left: 80px\">Trocar baterias do r\u00e1dio transmissor<\/p>\n<p class=\"Item_Nivel4\" style=\"padding-left: 80px\">Checar o posicionamento das c\u00e2meras e comunicar necessidade de reparos quando necess\u00e1rio;<\/p>\n<p class=\"Item_Nivel4\" style=\"padding-left: 80px\">Atender emerg\u00eancias<\/p>\n","protected":false},"excerpt":{"rendered":"<p>Fale sobre Servi\u00e7os Terceirizados (Atendimento): http:\/\/atendimento.ufpel.edu.br Question\u00e1rio de Fiscaliza\u00e7\u00e3o Contratual: https:\/\/wp.ufpel.edu.br\/terceirizados\/contratos\/questionario\/ &nbsp; Orienta\u00e7\u00f5es:\u00a0Servi\u00e7o de Vigia e Monitoramento &nbsp; Descri\u00e7\u00e3o geral das atividades dos postos VIGIA: Controle de Acesso: Receber, orientar e encaminhar pessoas aos locais desejados; Orientar visitantes, clientes e prestadores de servi\u00e7os; Orientar deslocamento na Institui\u00e7\u00e3o; Abrir e fechar as portas de acesso aos [&hellip;]<\/p>\n","protected":false},"author":788,"featured_media":0,"parent":18,"menu_order":0,"comment_status":"closed","ping_status":"closed","template":"","meta":{"jetpack_post_was_ever_published":false,"footnotes":""},"class_list":["post-679","page","type-page","status-publish","hentry"],"jetpack_sharing_enabled":true,"jetpack_shortlink":"https:\/\/wp.me\/P92luU-aX","jetpack-related-posts":[{"id":15,"url":"https:\/\/wp.ufpel.edu.br\/terceirizados\/apresentacao\/","url_meta":{"origin":679,"position":0},"title":"Apresenta\u00e7\u00e3o","author":"N\u00facleo de Gest\u00e3o de Servi\u00e7os Terceirizados","date":"02\/08\/2017","format":false,"excerpt":"N\u00facleo de Gest\u00e3o de Servi\u00e7os TerceirizadosJeremias Maas Lerm (Chefe do N\u00facleo)Se\u00e7\u00e3o de Controle e Monitoramento de Servi\u00e7os TerceirizadosRenata Machado Pereira (Chefe da Se\u00e7\u00e3o)Endere\u00e7o: Rua Gomes Carneiro, 01, Sala A305, 3\u00ba AndarBloco A, Campus Anglo,\u00a0Centro, Pelotas-RS, CEP 96010-610 E-mail: terceirizados@ufpel.edu.brTelefone: +55 (53) 3284-3923 O N\u00facleo de Gest\u00e3o de Servi\u00e7os Terceirizados \u2013\u2026","rel":"","context":"Post similar","block_context":{"text":"Post similar","link":""},"img":{"alt_text":"","src":"https:\/\/i0.wp.com\/wp.ufpel.edu.br\/terceirizados\/files\/2021\/04\/Vitrine-SUINFRA_rev07_NUGEST-Servicos.png?resize=350%2C200&ssl=1","width":350,"height":200},"classes":[]},{"id":262,"url":"https:\/\/wp.ufpel.edu.br\/terceirizados\/contratos\/questionario\/","url_meta":{"origin":679,"position":1},"title":"QUESTION\u00c1RIOS DE FISCALIZA\u00c7\u00c3O CONTRATUAL","author":"N\u00facleo de Gest\u00e3o de Servi\u00e7os Terceirizados","date":"27\/11\/2017","format":false,"excerpt":"QUESTION\u00c1RIO DE FISCALIZA\u00c7\u00c3O CONTRATUAL Este question\u00e1rio tem a finalidade principal de obter um retorno (feedback) diretamente dos trabalhadores terceirizados em rela\u00e7\u00e3o ao cumprimento das obriga\u00e7\u00f5es trabalhistas por parte de seus respectivos empregadores. Orientamos que o question\u00e1rio seja respondido mensalmente. Os fiscais poder\u00e3o adequar\/ampliar o question\u00e1rio de acordo com as peculiaridades\u2026","rel":"","context":"Post similar","block_context":{"text":"Post similar","link":""},"img":{"alt_text":"","src":"","width":0,"height":0},"classes":[]},{"id":176,"url":"https:\/\/wp.ufpel.edu.br\/terceirizados\/contratos\/manutencao\/","url_meta":{"origin":679,"position":2},"title":"[Contrato n\u00ba 051\/2023- Manuten\u00e7\u00e3o Predial e \u00c1reas Externas]","author":"N\u00facleo de Gest\u00e3o de Servi\u00e7os Terceirizados","date":"21\/09\/2017","format":false,"excerpt":"Fale sobre Servi\u00e7os Terceirizados (Atendimento): http:\/\/atendimento.ufpel.edu.br Question\u00e1rio de Fiscaliza\u00e7\u00e3o Contratual: https:\/\/wp.ufpel.edu.br\/terceirizados\/contratos\/questionario\/ Autoriza\u00e7\u00e3o para Atividades Extraordin\u00e1rias: https:\/\/wp.ufpel.edu.br\/terceirizados\/contratos\/manutencao\/autorizacao-horaextra\/","rel":"","context":"Post similar","block_context":{"text":"Post similar","link":""},"img":{"alt_text":"","src":"","width":0,"height":0},"classes":[]},{"id":116,"url":"https:\/\/wp.ufpel.edu.br\/terceirizados\/contratos\/portaria\/","url_meta":{"origin":679,"position":3},"title":"[Contrato n\u00ba 021\/2020 &#8211; Portaria]","author":"N\u00facleo de Gest\u00e3o de Servi\u00e7os Terceirizados","date":"03\/08\/2017","format":false,"excerpt":"Fale sobre Servi\u00e7os Terceirizados (Atendimento): http:\/\/atendimento.ufpel.edu.br Question\u00e1rio de Fiscaliza\u00e7\u00e3o Contratual: https:\/\/wp.ufpel.edu.br\/terceirizados\/contratos\/questionario\/ \u00a0 Orienta\u00e7\u00f5es:\u00a0Servi\u00e7o de Portaria Aloca\u00e7\u00e3o de Salas: (wp.ufpel.edu.br\/proplan\/nge\/orientacoes) Agenda das Salas:\u00a0wp.ufpel.edu.br\/proplan\/nge\/agenda-das-salas Pedidos de Agendamento:\u00a0wp.ufpel.edu.br\/proplan\/nge\/pedidos-de-agendamento Consulta Contatos UFPel: Busca de Telefones:\u00a0cobalto.ufpel.edu.br\/portal\/consultas\/guiatelefonicopublico Busca de E-mails:\u00a0cobalto.ufpel.edu.br\/redes\/buscaEmail Telefones \u00dateis: wp.ufpel.edu.br\/terceirizados\/orientacoes\/telefones-uteis Informa\u00e7\u00f5es (Totem): (totem.ufpel.edu.br) Pr\u00e9dios:\u00a0totem.ufpel.edu.br\/informacoes\/predios Senha Wireless: totem.ufpel.edu.br Transporte:\u00a0https:\/\/wp.ufpel.edu.br\/transporte\/ Carona solid\u00e1ria UFPel:\u00a0https:\/\/wp.ufpel.edu.br\/transporte\/carona\/ Transporte de\u2026","rel":"","context":"Post similar","block_context":{"text":"Post similar","link":""},"img":{"alt_text":"","src":"https:\/\/i0.wp.com\/wp.ufpel.edu.br\/terceirizados\/files\/2017\/08\/Portaria.png?fit=314%2C235&ssl=1&resize=350%2C200","width":350,"height":200},"classes":[]},{"id":18,"url":"https:\/\/wp.ufpel.edu.br\/terceirizados\/contratos\/","url_meta":{"origin":679,"position":4},"title":"Contratos de Servi\u00e7os Terceirizados","author":"N\u00facleo de Gest\u00e3o de Servi\u00e7os Terceirizados","date":"02\/08\/2017","format":false,"excerpt":"Disponibilizamos em gr\u00e1ficos e planilhas uma vis\u00e3o geral dos contratos de servi\u00e7os terceirizados com dedica\u00e7\u00e3o exclusiva de m\u00e3o de obra, apresentado em valores mensais e percentuais referentes ao total contratado.","rel":"","context":"Post similar","block_context":{"text":"Post similar","link":""},"img":{"alt_text":"","src":"https:\/\/i0.wp.com\/wp.ufpel.edu.br\/terceirizados\/files\/2021\/04\/Vitrine-SUINFRA_rev03_Fiscais-Azul_16-Operador-de-Barragem-Circulo_Azul.png?resize=350%2C200&ssl=1","width":350,"height":200},"classes":[]},{"id":217,"url":"https:\/\/wp.ufpel.edu.br\/terceirizados\/mapeamento-de-processos\/","url_meta":{"origin":679,"position":5},"title":"Mapeamento de Processos","author":"N\u00facleo de Gest\u00e3o de Servi\u00e7os Terceirizados","date":"20\/10\/2017","format":false,"excerpt":"Os processos mapeados dispon\u00edveis nesta p\u00e1gina, s\u00e3o subprocessos do MACROPROCESSO \u201cContrata\u00e7\u00e3o de Servi\u00e7os com Contrato DEMO\u201d e est\u00e3o originalmente dispon\u00edveis e atualizados no portal do Escrit\u00f3rio de Processos da UFPel, podendo ser consultados diretamente naquele ambiente. Nesta p\u00e1gina, apresentamos apenas os links de acesso ao material mantido pelo Escrit\u00f3rio de\u2026","rel":"","context":"Post similar","block_context":{"text":"Post similar","link":""},"img":{"alt_text":"","src":"","width":0,"height":0},"classes":[]}],"jetpack_likes_enabled":true,"_links":{"self":[{"href":"https:\/\/wp.ufpel.edu.br\/terceirizados\/wp-json\/wp\/v2\/pages\/679","targetHints":{"allow":["GET"]}}],"collection":[{"href":"https:\/\/wp.ufpel.edu.br\/terceirizados\/wp-json\/wp\/v2\/pages"}],"about":[{"href":"https:\/\/wp.ufpel.edu.br\/terceirizados\/wp-json\/wp\/v2\/types\/page"}],"author":[{"embeddable":true,"href":"https:\/\/wp.ufpel.edu.br\/terceirizados\/wp-json\/wp\/v2\/users\/788"}],"replies":[{"embeddable":true,"href":"https:\/\/wp.ufpel.edu.br\/terceirizados\/wp-json\/wp\/v2\/comments?post=679"}],"version-history":[{"count":9,"href":"https:\/\/wp.ufpel.edu.br\/terceirizados\/wp-json\/wp\/v2\/pages\/679\/revisions"}],"predecessor-version":[{"id":965,"href":"https:\/\/wp.ufpel.edu.br\/terceirizados\/wp-json\/wp\/v2\/pages\/679\/revisions\/965"}],"up":[{"embeddable":true,"href":"https:\/\/wp.ufpel.edu.br\/terceirizados\/wp-json\/wp\/v2\/pages\/18"}],"wp:attachment":[{"href":"https:\/\/wp.ufpel.edu.br\/terceirizados\/wp-json\/wp\/v2\/media?parent=679"}],"curies":[{"name":"wp","href":"https:\/\/api.w.org\/{rel}","templated":true}]}}