{"id":626,"date":"2019-03-29T16:24:45","date_gmt":"2019-03-29T19:24:45","guid":{"rendered":"https:\/\/wp.ufpel.edu.br\/terceirizados\/?page_id=626"},"modified":"2024-03-06T14:38:54","modified_gmt":"2024-03-06T17:38:54","slug":"autorizacao-horaextra","status":"publish","type":"page","link":"https:\/\/wp.ufpel.edu.br\/terceirizados\/contratos\/manutencao\/autorizacao-horaextra\/","title":{"rendered":"[Manuten\u00e7\u00e3o Predial] Autoriza\u00e7\u00e3o para Atividades Extraordin\u00e1rias"},"content":{"rendered":"","protected":true},"excerpt":{"rendered":"","protected":true},"author":788,"featured_media":0,"parent":176,"menu_order":0,"comment_status":"closed","ping_status":"closed","template":"page-sem-sidebar.php","meta":{"jetpack_post_was_ever_published":false,"footnotes":""},"class_list":["post-626","page","type-page","status-publish","post-password-required","hentry"],"jetpack_sharing_enabled":true,"jetpack_shortlink":"https:\/\/wp.me\/P92luU-a6","jetpack-related-posts":[{"id":176,"url":"https:\/\/wp.ufpel.edu.br\/terceirizados\/contratos\/manutencao\/","url_meta":{"origin":626,"position":0},"title":"[Contrato n\u00ba 051\/2023- Manuten\u00e7\u00e3o Predial e \u00c1reas Externas]","author":"N\u00facleo de Gest\u00e3o de Servi\u00e7os Terceirizados","date":"21\/09\/2017","format":false,"excerpt":"Fale sobre Servi\u00e7os Terceirizados (Atendimento): http:\/\/atendimento.ufpel.edu.br Question\u00e1rio de Fiscaliza\u00e7\u00e3o Contratual: https:\/\/wp.ufpel.edu.br\/terceirizados\/contratos\/questionario\/ Autoriza\u00e7\u00e3o para Atividades Extraordin\u00e1rias: https:\/\/wp.ufpel.edu.br\/terceirizados\/contratos\/manutencao\/autorizacao-horaextra\/","rel":"","context":"Post similar","block_context":{"text":"Post similar","link":""},"img":{"alt_text":"","src":"","width":0,"height":0},"classes":[]},{"id":679,"url":"https:\/\/wp.ufpel.edu.br\/terceirizados\/contratos\/vigia\/","url_meta":{"origin":626,"position":1},"title":"[Contrato n\u00ba 084\/2019 &#8211; Vigia e Monitoramento]","author":"N\u00facleo de Gest\u00e3o de Servi\u00e7os Terceirizados","date":"12\/07\/2019","format":false,"excerpt":"Fale sobre Servi\u00e7os Terceirizados (Atendimento): http:\/\/atendimento.ufpel.edu.br Question\u00e1rio de Fiscaliza\u00e7\u00e3o Contratual: https:\/\/wp.ufpel.edu.br\/terceirizados\/contratos\/questionario\/ \u00a0 Orienta\u00e7\u00f5es:\u00a0Servi\u00e7o de Vigia e Monitoramento \u00a0 Descri\u00e7\u00e3o geral das atividades dos postos VIGIA: Controle de Acesso: Receber, orientar e encaminhar pessoas aos locais desejados; Orientar visitantes, clientes e prestadores de servi\u00e7os; Orientar deslocamento na Institui\u00e7\u00e3o; Abrir e fechar\u2026","rel":"","context":"Post similar","block_context":{"text":"Post similar","link":""},"img":{"alt_text":"","src":"","width":0,"height":0},"classes":[]},{"id":18,"url":"https:\/\/wp.ufpel.edu.br\/terceirizados\/contratos\/","url_meta":{"origin":626,"position":2},"title":"Contratos de Servi\u00e7os Terceirizados","author":"N\u00facleo de Gest\u00e3o de Servi\u00e7os Terceirizados","date":"02\/08\/2017","format":false,"excerpt":"Disponibilizamos em gr\u00e1ficos e planilhas uma vis\u00e3o geral dos contratos de servi\u00e7os terceirizados com dedica\u00e7\u00e3o exclusiva de m\u00e3o de obra, apresentado em valores mensais e percentuais referentes ao total contratado.","rel":"","context":"Post similar","block_context":{"text":"Post similar","link":""},"img":{"alt_text":"","src":"https:\/\/i0.wp.com\/wp.ufpel.edu.br\/terceirizados\/files\/2021\/04\/Vitrine-SUINFRA_rev03_Fiscais-Azul_16-Operador-de-Barragem-Circulo_Azul.png?resize=350%2C200&ssl=1","width":350,"height":200},"classes":[]},{"id":271,"url":"https:\/\/wp.ufpel.edu.br\/terceirizados\/contratos\/limpeza\/","url_meta":{"origin":626,"position":3},"title":"[Contrato n\u00ba 035\/2017 &#8211; Limpeza]","author":"N\u00facleo de Gest\u00e3o de Servi\u00e7os Terceirizados","date":"27\/11\/2017","format":false,"excerpt":"Fale sobre Servi\u00e7os Terceirizados (Atendimento): http:\/\/atendimento.ufpel.edu.br Question\u00e1rio de Fiscaliza\u00e7\u00e3o Contratual: https:\/\/wp.ufpel.edu.br\/terceirizados\/contratos\/questionario\/ Instrumento de Medi\u00e7\u00e3o de Resultados (IMR): https:\/\/wp.ufpel.edu.br\/terceirizados\/contratos\/limpeza\/imr\/ Informa\u00e7\u00e3o de Reposi\u00e7\u00e3o de Profissionais ausentes: https:\/\/wp.ufpel.edu.br\/terceirizados\/contratos\/limpeza\/profissionais-ausentes\/ \u00a0 Orienta\u00e7\u00f5es: Servi\u00e7o de Limpeza Metodologia: A metodologia de refer\u00eancia dos servi\u00e7os de limpeza, prevista na IN SLTI\/MPOG n\u00ba 05\/2017, foi adequada de acordo com\u2026","rel":"","context":"Post similar","block_context":{"text":"Post similar","link":""},"img":{"alt_text":"","src":"","width":0,"height":0},"classes":[]},{"id":148,"url":"https:\/\/wp.ufpel.edu.br\/terceirizados\/mapa-terceirizacao\/","url_meta":{"origin":626,"position":4},"title":"Mapa de Pr\u00e9dios para Terceiriza\u00e7\u00e3o","author":"N\u00facleo de Gest\u00e3o de Servi\u00e7os Terceirizados","date":"23\/08\/2017","format":false,"excerpt":"","rel":"","context":"Post similar","block_context":{"text":"Post similar","link":""},"img":{"alt_text":"","src":"","width":0,"height":0},"classes":[]},{"id":262,"url":"https:\/\/wp.ufpel.edu.br\/terceirizados\/contratos\/questionario\/","url_meta":{"origin":626,"position":5},"title":"QUESTION\u00c1RIOS DE FISCALIZA\u00c7\u00c3O CONTRATUAL","author":"N\u00facleo de Gest\u00e3o de Servi\u00e7os Terceirizados","date":"27\/11\/2017","format":false,"excerpt":"QUESTION\u00c1RIO DE FISCALIZA\u00c7\u00c3O CONTRATUAL Este question\u00e1rio tem a finalidade principal de obter um retorno (feedback) diretamente dos trabalhadores terceirizados em rela\u00e7\u00e3o ao cumprimento das obriga\u00e7\u00f5es trabalhistas por parte de seus respectivos empregadores. Orientamos que o question\u00e1rio seja respondido mensalmente. Os fiscais poder\u00e3o adequar\/ampliar o question\u00e1rio de acordo com as peculiaridades\u2026","rel":"","context":"Post similar","block_context":{"text":"Post similar","link":""},"img":{"alt_text":"","src":"","width":0,"height":0},"classes":[]}],"jetpack_likes_enabled":true,"_links":{"self":[{"href":"https:\/\/wp.ufpel.edu.br\/terceirizados\/wp-json\/wp\/v2\/pages\/626","targetHints":{"allow":["GET"]}}],"collection":[{"href":"https:\/\/wp.ufpel.edu.br\/terceirizados\/wp-json\/wp\/v2\/pages"}],"about":[{"href":"https:\/\/wp.ufpel.edu.br\/terceirizados\/wp-json\/wp\/v2\/types\/page"}],"author":[{"embeddable":true,"href":"https:\/\/wp.ufpel.edu.br\/terceirizados\/wp-json\/wp\/v2\/users\/788"}],"replies":[{"embeddable":true,"href":"https:\/\/wp.ufpel.edu.br\/terceirizados\/wp-json\/wp\/v2\/comments?post=626"}],"version-history":[{"count":3,"href":"https:\/\/wp.ufpel.edu.br\/terceirizados\/wp-json\/wp\/v2\/pages\/626\/revisions"}],"predecessor-version":[{"id":1356,"href":"https:\/\/wp.ufpel.edu.br\/terceirizados\/wp-json\/wp\/v2\/pages\/626\/revisions\/1356"}],"up":[{"embeddable":true,"href":"https:\/\/wp.ufpel.edu.br\/terceirizados\/wp-json\/wp\/v2\/pages\/176"}],"wp:attachment":[{"href":"https:\/\/wp.ufpel.edu.br\/terceirizados\/wp-json\/wp\/v2\/media?parent=626"}],"curies":[{"name":"wp","href":"https:\/\/api.w.org\/{rel}","templated":true}]}}