{"id":176,"date":"2017-09-21T10:49:10","date_gmt":"2017-09-21T13:49:10","guid":{"rendered":"https:\/\/wp.ufpel.edu.br\/terceirizados\/?page_id=176"},"modified":"2024-03-06T17:00:31","modified_gmt":"2024-03-06T20:00:31","slug":"manutencao","status":"publish","type":"page","link":"https:\/\/wp.ufpel.edu.br\/terceirizados\/contratos\/manutencao\/","title":{"rendered":"[Contrato n\u00ba 051\/2023- Manuten\u00e7\u00e3o Predial e \u00c1reas Externas]"},"content":{"rendered":"<p><strong>Fale sobre Servi\u00e7os Terceirizados (Atendimento):<\/strong><br \/>\n<a href=\"http:\/\/atendimento.ufpel.edu.br\">http:\/\/atendimento.ufpel.edu.br<\/a><\/p>\n<p><strong>Question\u00e1rio de Fiscaliza\u00e7\u00e3o Contratual:<\/strong><br \/>\n<a href=\"https:\/\/wp.ufpel.edu.br\/terceirizados\/contratos\/questionario\/\">https:\/\/wp.ufpel.edu.br\/terceirizados\/contratos\/questionario\/<\/a><\/p>\n<p><strong>Autoriza\u00e7\u00e3o para Atividades Extraordin\u00e1rias:<\/strong><br \/>\n<a href=\"https:\/\/wp.ufpel.edu.br\/terceirizados\/contratos\/manutencao\/autorizacao-horaextra\/\">https:\/\/wp.ufpel.edu.br\/terceirizados\/contratos\/manutencao\/autorizacao-horaextra\/<\/a><\/p>\n","protected":false},"excerpt":{"rendered":"<p>Fale sobre Servi\u00e7os Terceirizados (Atendimento): http:\/\/atendimento.ufpel.edu.br Question\u00e1rio de Fiscaliza\u00e7\u00e3o Contratual: https:\/\/wp.ufpel.edu.br\/terceirizados\/contratos\/questionario\/ Autoriza\u00e7\u00e3o para Atividades Extraordin\u00e1rias: https:\/\/wp.ufpel.edu.br\/terceirizados\/contratos\/manutencao\/autorizacao-horaextra\/<\/p>\n","protected":false},"author":788,"featured_media":0,"parent":18,"menu_order":1,"comment_status":"closed","ping_status":"closed","template":"page-sem-sidebar.php","meta":{"jetpack_post_was_ever_published":false,"footnotes":""},"class_list":["post-176","page","type-page","status-publish","hentry"],"jetpack_sharing_enabled":true,"jetpack_shortlink":"https:\/\/wp.me\/P92luU-2Q","jetpack-related-posts":[{"id":116,"url":"https:\/\/wp.ufpel.edu.br\/terceirizados\/contratos\/portaria\/","url_meta":{"origin":176,"position":0},"title":"[Contrato n\u00ba 021\/2020 &#8211; Portaria]","author":"N\u00facleo de Gest\u00e3o de Servi\u00e7os Terceirizados","date":"03\/08\/2017","format":false,"excerpt":"Fale sobre Servi\u00e7os Terceirizados (Atendimento): http:\/\/atendimento.ufpel.edu.br Question\u00e1rio de Fiscaliza\u00e7\u00e3o Contratual: https:\/\/wp.ufpel.edu.br\/terceirizados\/contratos\/questionario\/ \u00a0 Orienta\u00e7\u00f5es:\u00a0Servi\u00e7o de Portaria Aloca\u00e7\u00e3o de Salas: (wp.ufpel.edu.br\/proplan\/nge\/orientacoes) Agenda das Salas:\u00a0wp.ufpel.edu.br\/proplan\/nge\/agenda-das-salas Pedidos de Agendamento:\u00a0wp.ufpel.edu.br\/proplan\/nge\/pedidos-de-agendamento Consulta Contatos UFPel: Busca de Telefones:\u00a0cobalto.ufpel.edu.br\/portal\/consultas\/guiatelefonicopublico Busca de E-mails:\u00a0cobalto.ufpel.edu.br\/redes\/buscaEmail Telefones \u00dateis: wp.ufpel.edu.br\/terceirizados\/orientacoes\/telefones-uteis Informa\u00e7\u00f5es (Totem): (totem.ufpel.edu.br) Pr\u00e9dios:\u00a0totem.ufpel.edu.br\/informacoes\/predios Senha Wireless: totem.ufpel.edu.br Transporte:\u00a0https:\/\/wp.ufpel.edu.br\/transporte\/ Carona solid\u00e1ria UFPel:\u00a0https:\/\/wp.ufpel.edu.br\/transporte\/carona\/ Transporte de\u2026","rel":"","context":"Post similar","block_context":{"text":"Post similar","link":""},"img":{"alt_text":"","src":"https:\/\/i0.wp.com\/wp.ufpel.edu.br\/terceirizados\/files\/2017\/08\/Portaria.png?fit=314%2C235&ssl=1&resize=350%2C200","width":350,"height":200},"classes":[]},{"id":262,"url":"https:\/\/wp.ufpel.edu.br\/terceirizados\/contratos\/questionario\/","url_meta":{"origin":176,"position":1},"title":"QUESTION\u00c1RIOS DE FISCALIZA\u00c7\u00c3O CONTRATUAL","author":"N\u00facleo de Gest\u00e3o de Servi\u00e7os Terceirizados","date":"27\/11\/2017","format":false,"excerpt":"QUESTION\u00c1RIO DE FISCALIZA\u00c7\u00c3O CONTRATUAL Este question\u00e1rio tem a finalidade principal de obter um retorno (feedback) diretamente dos trabalhadores terceirizados em rela\u00e7\u00e3o ao cumprimento das obriga\u00e7\u00f5es trabalhistas por parte de seus respectivos empregadores. Orientamos que o question\u00e1rio seja respondido mensalmente. Os fiscais poder\u00e3o adequar\/ampliar o question\u00e1rio de acordo com as peculiaridades\u2026","rel":"","context":"Post similar","block_context":{"text":"Post similar","link":""},"img":{"alt_text":"","src":"","width":0,"height":0},"classes":[]},{"id":679,"url":"https:\/\/wp.ufpel.edu.br\/terceirizados\/contratos\/vigia\/","url_meta":{"origin":176,"position":2},"title":"[Contrato n\u00ba 084\/2019 &#8211; Vigia e Monitoramento]","author":"N\u00facleo de Gest\u00e3o de Servi\u00e7os Terceirizados","date":"12\/07\/2019","format":false,"excerpt":"Fale sobre Servi\u00e7os Terceirizados (Atendimento): http:\/\/atendimento.ufpel.edu.br Question\u00e1rio de Fiscaliza\u00e7\u00e3o Contratual: https:\/\/wp.ufpel.edu.br\/terceirizados\/contratos\/questionario\/ \u00a0 Orienta\u00e7\u00f5es:\u00a0Servi\u00e7o de Vigia e Monitoramento \u00a0 Descri\u00e7\u00e3o geral das atividades dos postos VIGIA: Controle de Acesso: Receber, orientar e encaminhar pessoas aos locais desejados; Orientar visitantes, clientes e prestadores de servi\u00e7os; Orientar deslocamento na Institui\u00e7\u00e3o; Abrir e fechar\u2026","rel":"","context":"Post similar","block_context":{"text":"Post similar","link":""},"img":{"alt_text":"","src":"","width":0,"height":0},"classes":[]},{"id":15,"url":"https:\/\/wp.ufpel.edu.br\/terceirizados\/apresentacao\/","url_meta":{"origin":176,"position":3},"title":"Apresenta\u00e7\u00e3o","author":"N\u00facleo de Gest\u00e3o de Servi\u00e7os Terceirizados","date":"02\/08\/2017","format":false,"excerpt":"N\u00facleo de Gest\u00e3o de Servi\u00e7os TerceirizadosJeremias Maas Lerm (Chefe do N\u00facleo)Se\u00e7\u00e3o de Controle e Monitoramento de Servi\u00e7os TerceirizadosRenata Machado Pereira (Chefe da Se\u00e7\u00e3o)Endere\u00e7o: Rua Gomes Carneiro, 01, Sala A305, 3\u00ba AndarBloco A, Campus Anglo,\u00a0Centro, Pelotas-RS, CEP 96010-610 E-mail: terceirizados@ufpel.edu.brTelefone: +55 (53) 3284-3923 O N\u00facleo de Gest\u00e3o de Servi\u00e7os Terceirizados \u2013\u2026","rel":"","context":"Post similar","block_context":{"text":"Post similar","link":""},"img":{"alt_text":"","src":"https:\/\/i0.wp.com\/wp.ufpel.edu.br\/terceirizados\/files\/2021\/04\/Vitrine-SUINFRA_rev07_NUGEST-Servicos.png?resize=350%2C200&ssl=1","width":350,"height":200},"classes":[]},{"id":148,"url":"https:\/\/wp.ufpel.edu.br\/terceirizados\/mapa-terceirizacao\/","url_meta":{"origin":176,"position":4},"title":"Mapa de Pr\u00e9dios para Terceiriza\u00e7\u00e3o","author":"N\u00facleo de Gest\u00e3o de Servi\u00e7os Terceirizados","date":"23\/08\/2017","format":false,"excerpt":"","rel":"","context":"Post similar","block_context":{"text":"Post similar","link":""},"img":{"alt_text":"","src":"","width":0,"height":0},"classes":[]},{"id":1160,"url":"https:\/\/wp.ufpel.edu.br\/terceirizados\/home\/","url_meta":{"origin":176,"position":5},"title":"Home","author":"Jeremias Maas Lerm","date":"09\/07\/2021","format":false,"excerpt":"","rel":"","context":"Post similar","block_context":{"text":"Post similar","link":""},"img":{"alt_text":"","src":"https:\/\/i0.wp.com\/wp.ufpel.edu.br\/pra\/files\/2021\/02\/TRANSPORTE.UFPEL-314x209-1.png?resize=350%2C200&ssl=1","width":350,"height":200},"classes":[]}],"jetpack_likes_enabled":true,"_links":{"self":[{"href":"https:\/\/wp.ufpel.edu.br\/terceirizados\/wp-json\/wp\/v2\/pages\/176","targetHints":{"allow":["GET"]}}],"collection":[{"href":"https:\/\/wp.ufpel.edu.br\/terceirizados\/wp-json\/wp\/v2\/pages"}],"about":[{"href":"https:\/\/wp.ufpel.edu.br\/terceirizados\/wp-json\/wp\/v2\/types\/page"}],"author":[{"embeddable":true,"href":"https:\/\/wp.ufpel.edu.br\/terceirizados\/wp-json\/wp\/v2\/users\/788"}],"replies":[{"embeddable":true,"href":"https:\/\/wp.ufpel.edu.br\/terceirizados\/wp-json\/wp\/v2\/comments?post=176"}],"version-history":[{"count":15,"href":"https:\/\/wp.ufpel.edu.br\/terceirizados\/wp-json\/wp\/v2\/pages\/176\/revisions"}],"predecessor-version":[{"id":1360,"href":"https:\/\/wp.ufpel.edu.br\/terceirizados\/wp-json\/wp\/v2\/pages\/176\/revisions\/1360"}],"up":[{"embeddable":true,"href":"https:\/\/wp.ufpel.edu.br\/terceirizados\/wp-json\/wp\/v2\/pages\/18"}],"wp:attachment":[{"href":"https:\/\/wp.ufpel.edu.br\/terceirizados\/wp-json\/wp\/v2\/media?parent=176"}],"curies":[{"name":"wp","href":"https:\/\/api.w.org\/{rel}","templated":true}]}}