{"id":15,"date":"2017-08-02T16:30:01","date_gmt":"2017-08-02T19:30:01","guid":{"rendered":"https:\/\/wp.ufpel.edu.br\/terceirizados\/?page_id=15"},"modified":"2025-10-22T17:19:32","modified_gmt":"2025-10-22T20:19:32","slug":"apresentacao","status":"publish","type":"page","link":"https:\/\/wp.ufpel.edu.br\/terceirizados\/apresentacao\/","title":{"rendered":"Apresenta\u00e7\u00e3o"},"content":{"rendered":"\n<div class=\"wp-block-media-text alignwide is-stacked-on-mobile\" style=\"grid-template-columns:41% auto\"><figure class=\"wp-block-media-text__media\"><img data-recalc-dims=\"1\" width=\"424\" height=\"318\" data-attachment-id=\"1139\" data-permalink=\"https:\/\/wp.ufpel.edu.br\/terceirizados\/apresentacao\/vitrine-suinfra_rev07_nugest-servicos\/\" data-orig-file=\"https:\/\/i0.wp.com\/wp.ufpel.edu.br\/terceirizados\/files\/2021\/04\/Vitrine-SUINFRA_rev07_NUGEST-Servicos.png?fit=424%2C318&amp;ssl=1\" data-orig-size=\"424,318\" data-comments-opened=\"0\" data-image-meta=\"{&quot;aperture&quot;:&quot;0&quot;,&quot;credit&quot;:&quot;&quot;,&quot;camera&quot;:&quot;&quot;,&quot;caption&quot;:&quot;&quot;,&quot;created_timestamp&quot;:&quot;0&quot;,&quot;copyright&quot;:&quot;&quot;,&quot;focal_length&quot;:&quot;0&quot;,&quot;iso&quot;:&quot;0&quot;,&quot;shutter_speed&quot;:&quot;0&quot;,&quot;title&quot;:&quot;&quot;,&quot;orientation&quot;:&quot;0&quot;}\" data-image-title=\"\" data-image-description=\"\" data-image-caption=\"\" data-medium-file=\"https:\/\/i0.wp.com\/wp.ufpel.edu.br\/terceirizados\/files\/2021\/04\/Vitrine-SUINFRA_rev07_NUGEST-Servicos.png?fit=400%2C300&amp;ssl=1\" data-large-file=\"https:\/\/i0.wp.com\/wp.ufpel.edu.br\/terceirizados\/files\/2021\/04\/Vitrine-SUINFRA_rev07_NUGEST-Servicos.png?fit=424%2C318&amp;ssl=1\" src=\"https:\/\/i0.wp.com\/wp.ufpel.edu.br\/terceirizados\/files\/2021\/04\/Vitrine-SUINFRA_rev07_NUGEST-Servicos.png?resize=424%2C318&#038;ssl=1\" alt=\"\" class=\"wp-image-1139 size-full\" srcset=\"https:\/\/i0.wp.com\/wp.ufpel.edu.br\/terceirizados\/files\/2021\/04\/Vitrine-SUINFRA_rev07_NUGEST-Servicos.png?w=424&amp;ssl=1 424w, https:\/\/i0.wp.com\/wp.ufpel.edu.br\/terceirizados\/files\/2021\/04\/Vitrine-SUINFRA_rev07_NUGEST-Servicos.png?resize=400%2C300&amp;ssl=1 400w\" sizes=\"(max-width: 424px) 100vw, 424px\" \/><\/figure><div class=\"wp-block-media-text__content\">\n<p class=\"has-black-color has-text-color has-regular-font-size\"><strong>N\u00facleo de Gest\u00e3o de Servi\u00e7os Terceirizados<br><\/strong>Jeremias Maas Lerm (Chefe do N\u00facleo)<br><br><strong>Se\u00e7\u00e3o de Controle e Monitoramento de Servi\u00e7os Terceirizados<br><\/strong>Renata Machado Pereira (Chefe da Se\u00e7\u00e3o)<br><br>Endere\u00e7o: Rua Gomes Carneiro, 01, Sala A305, 3\u00ba Andar<br>Bloco A, Campus Anglo,\u00a0Centro, Pelotas-RS, CEP 96010-610<\/p>\n\n\n\n<p class=\"has-black-color has-text-color has-regular-font-size\">E-mail: <a href=\"mailto:terceirizados@ufpel.edu.br\">terceirizados@ufpel.edu.br<\/a><br>Telefone: +55 (53) 3284-3923<\/p>\n<\/div><\/div>\n\n\n\n<p>O N\u00facleo de Gest\u00e3o de Servi\u00e7os Terceirizados \u2013 NUGEST, foi criado em janeiro de 2017, com o principal objetivo de realizar uma gest\u00e3o eficiente, eficaz e efetiva dos servi\u00e7os terceirizados com dedica\u00e7\u00e3o exclusiva de m\u00e3o de obra.<\/p>\n\n\n\n<p><strong>Possui como principais atribui\u00e7\u00f5es:<\/strong><br>Orienta\u00e7\u00e3o e suporte aos Fiscais de Contratos;<br>Intermedia\u00e7\u00f5es entre as empresas prestadoras de servi\u00e7os e UFPel;<br>An\u00e1lise de documenta\u00e7\u00e3o trabalhista, previdenci\u00e1ria, fiscal e conta vinculada;<br>Aplica\u00e7\u00e3o Instrumento de Medi\u00e7\u00e3o de Resultados (IMR), &nbsp;juntamente com os fiscais;<br>Atualiza\u00e7\u00e3o e ajustes de Termos de refer\u00eancia para corrigir defici\u00eancias e aprimorar as contrata\u00e7\u00f5es;<br>Atendimento \u00e0s empresas, seus colaboradores e usu\u00e1rios dos servi\u00e7os;<\/p>\n","protected":false},"excerpt":{"rendered":"<p>N\u00facleo de Gest\u00e3o de Servi\u00e7os TerceirizadosJeremias Maas Lerm (Chefe do N\u00facleo) Se\u00e7\u00e3o de Controle e Monitoramento de Servi\u00e7os TerceirizadosRenata Machado Pereira (Chefe da Se\u00e7\u00e3o) Endere\u00e7o: Rua Gomes Carneiro, 01, Sala A305, 3\u00ba AndarBloco A, Campus Anglo,\u00a0Centro, Pelotas-RS, CEP 96010-610 E-mail: terceirizados@ufpel.edu.brTelefone: +55 (53) 3284-3923 O N\u00facleo de Gest\u00e3o de Servi\u00e7os Terceirizados \u2013 NUGEST, foi criado [&hellip;]<\/p>\n","protected":false},"author":788,"featured_media":0,"parent":0,"menu_order":0,"comment_status":"closed","ping_status":"closed","template":"page-sem-sidebar.php","meta":{"jetpack_post_was_ever_published":false,"footnotes":""},"class_list":["post-15","page","type-page","status-publish","hentry"],"jetpack_sharing_enabled":true,"jetpack_shortlink":"https:\/\/wp.me\/P92luU-f","jetpack-related-posts":[{"id":176,"url":"https:\/\/wp.ufpel.edu.br\/terceirizados\/contratos\/manutencao\/","url_meta":{"origin":15,"position":0},"title":"[Contrato n\u00ba 051\/2023- Manuten\u00e7\u00e3o Predial e \u00c1reas Externas]","author":"N\u00facleo de Gest\u00e3o de Servi\u00e7os Terceirizados","date":"21\/09\/2017","format":false,"excerpt":"Fale sobre Servi\u00e7os Terceirizados (Atendimento): http:\/\/atendimento.ufpel.edu.br Question\u00e1rio de Fiscaliza\u00e7\u00e3o Contratual: https:\/\/wp.ufpel.edu.br\/terceirizados\/contratos\/questionario\/ Autoriza\u00e7\u00e3o para Atividades Extraordin\u00e1rias: https:\/\/wp.ufpel.edu.br\/terceirizados\/contratos\/manutencao\/autorizacao-horaextra\/","rel":"","context":"Post similar","block_context":{"text":"Post similar","link":""},"img":{"alt_text":"","src":"","width":0,"height":0},"classes":[]},{"id":325,"url":"https:\/\/wp.ufpel.edu.br\/terceirizados\/telefones-uteis\/","url_meta":{"origin":15,"position":1},"title":"Telefones \u00dateis","author":"N\u00facleo de Gest\u00e3o de Servi\u00e7os Terceirizados","date":"22\/01\/2018","format":false,"excerpt":"Universidade Federal de Pelotas Gabinete do Reitor: (53) 3284-4000 Pr\u00f3-Reitoria Administrativa: (53) 3284-3920 Superintend\u00eancia de Infraestrutura: (53) 3284-3900 N\u00facleo de Seguran\u00e7a: (53) 3284-3906 N\u00facleo de Gest\u00e3o de Servi\u00e7os Terceirizados: (53) 3284-3923 ------------------------------------------------------------------------------------------------- Em caso de Intoxica\u00e7\u00e3o ligue: 0800 721 3000 (Plant\u00e3o 24 horas) Ambul\u00e2ncias (SAMU): 192\/ (53) 3225-0032 Pronto Socorro:\u2026","rel":"","context":"Post similar","block_context":{"text":"Post similar","link":""},"img":{"alt_text":"","src":"","width":0,"height":0},"classes":[]},{"id":217,"url":"https:\/\/wp.ufpel.edu.br\/terceirizados\/mapeamento-de-processos\/","url_meta":{"origin":15,"position":2},"title":"Mapeamento de Processos","author":"N\u00facleo de Gest\u00e3o de Servi\u00e7os Terceirizados","date":"20\/10\/2017","format":false,"excerpt":"Os processos mapeados dispon\u00edveis nesta p\u00e1gina, s\u00e3o subprocessos do MACROPROCESSO \u201cContrata\u00e7\u00e3o de Servi\u00e7os com Contrato DEMO\u201d e est\u00e3o originalmente dispon\u00edveis e atualizados no portal do Escrit\u00f3rio de Processos da UFPel, podendo ser consultados diretamente naquele ambiente. Nesta p\u00e1gina, apresentamos apenas os links de acesso ao material mantido pelo Escrit\u00f3rio de\u2026","rel":"","context":"Post similar","block_context":{"text":"Post similar","link":""},"img":{"alt_text":"","src":"","width":0,"height":0},"classes":[]},{"id":148,"url":"https:\/\/wp.ufpel.edu.br\/terceirizados\/mapa-terceirizacao\/","url_meta":{"origin":15,"position":3},"title":"Mapa de Pr\u00e9dios para Terceiriza\u00e7\u00e3o","author":"N\u00facleo de Gest\u00e3o de Servi\u00e7os Terceirizados","date":"23\/08\/2017","format":false,"excerpt":"","rel":"","context":"Post similar","block_context":{"text":"Post similar","link":""},"img":{"alt_text":"","src":"","width":0,"height":0},"classes":[]},{"id":116,"url":"https:\/\/wp.ufpel.edu.br\/terceirizados\/contratos\/portaria\/","url_meta":{"origin":15,"position":4},"title":"[Contrato n\u00ba 021\/2020 &#8211; Portaria]","author":"N\u00facleo de Gest\u00e3o de Servi\u00e7os Terceirizados","date":"03\/08\/2017","format":false,"excerpt":"Fale sobre Servi\u00e7os Terceirizados (Atendimento): http:\/\/atendimento.ufpel.edu.br Question\u00e1rio de Fiscaliza\u00e7\u00e3o Contratual: https:\/\/wp.ufpel.edu.br\/terceirizados\/contratos\/questionario\/ \u00a0 Orienta\u00e7\u00f5es:\u00a0Servi\u00e7o de Portaria Aloca\u00e7\u00e3o de Salas: (wp.ufpel.edu.br\/proplan\/nge\/orientacoes) Agenda das Salas:\u00a0wp.ufpel.edu.br\/proplan\/nge\/agenda-das-salas Pedidos de Agendamento:\u00a0wp.ufpel.edu.br\/proplan\/nge\/pedidos-de-agendamento Consulta Contatos UFPel: Busca de Telefones:\u00a0cobalto.ufpel.edu.br\/portal\/consultas\/guiatelefonicopublico Busca de E-mails:\u00a0cobalto.ufpel.edu.br\/redes\/buscaEmail Telefones \u00dateis: wp.ufpel.edu.br\/terceirizados\/orientacoes\/telefones-uteis Informa\u00e7\u00f5es (Totem): (totem.ufpel.edu.br) Pr\u00e9dios:\u00a0totem.ufpel.edu.br\/informacoes\/predios Senha Wireless: totem.ufpel.edu.br Transporte:\u00a0https:\/\/wp.ufpel.edu.br\/transporte\/ Carona solid\u00e1ria UFPel:\u00a0https:\/\/wp.ufpel.edu.br\/transporte\/carona\/ Transporte de\u2026","rel":"","context":"Post similar","block_context":{"text":"Post similar","link":""},"img":{"alt_text":"","src":"https:\/\/i0.wp.com\/wp.ufpel.edu.br\/terceirizados\/files\/2017\/08\/Portaria.png?fit=314%2C235&ssl=1&resize=350%2C200","width":350,"height":200},"classes":[]},{"id":262,"url":"https:\/\/wp.ufpel.edu.br\/terceirizados\/contratos\/questionario\/","url_meta":{"origin":15,"position":5},"title":"QUESTION\u00c1RIOS DE FISCALIZA\u00c7\u00c3O CONTRATUAL","author":"N\u00facleo de Gest\u00e3o de Servi\u00e7os Terceirizados","date":"27\/11\/2017","format":false,"excerpt":"QUESTION\u00c1RIO DE FISCALIZA\u00c7\u00c3O CONTRATUAL Este question\u00e1rio tem a finalidade principal de obter um retorno (feedback) diretamente dos trabalhadores terceirizados em rela\u00e7\u00e3o ao cumprimento das obriga\u00e7\u00f5es trabalhistas por parte de seus respectivos empregadores. Orientamos que o question\u00e1rio seja respondido mensalmente. Os fiscais poder\u00e3o adequar\/ampliar o question\u00e1rio de acordo com as peculiaridades\u2026","rel":"","context":"Post similar","block_context":{"text":"Post similar","link":""},"img":{"alt_text":"","src":"","width":0,"height":0},"classes":[]}],"jetpack_likes_enabled":true,"_links":{"self":[{"href":"https:\/\/wp.ufpel.edu.br\/terceirizados\/wp-json\/wp\/v2\/pages\/15","targetHints":{"allow":["GET"]}}],"collection":[{"href":"https:\/\/wp.ufpel.edu.br\/terceirizados\/wp-json\/wp\/v2\/pages"}],"about":[{"href":"https:\/\/wp.ufpel.edu.br\/terceirizados\/wp-json\/wp\/v2\/types\/page"}],"author":[{"embeddable":true,"href":"https:\/\/wp.ufpel.edu.br\/terceirizados\/wp-json\/wp\/v2\/users\/788"}],"replies":[{"embeddable":true,"href":"https:\/\/wp.ufpel.edu.br\/terceirizados\/wp-json\/wp\/v2\/comments?post=15"}],"version-history":[{"count":3,"href":"https:\/\/wp.ufpel.edu.br\/terceirizados\/wp-json\/wp\/v2\/pages\/15\/revisions"}],"predecessor-version":[{"id":1478,"href":"https:\/\/wp.ufpel.edu.br\/terceirizados\/wp-json\/wp\/v2\/pages\/15\/revisions\/1478"}],"wp:attachment":[{"href":"https:\/\/wp.ufpel.edu.br\/terceirizados\/wp-json\/wp\/v2\/media?parent=15"}],"curies":[{"name":"wp","href":"https:\/\/api.w.org\/{rel}","templated":true}]}}