{"id":214,"date":"2012-11-27T14:44:04","date_gmt":"2012-11-27T16:44:04","guid":{"rendered":"https:\/\/wp.ufpel.edu.br\/terapiaocupacional\/?page_id=214"},"modified":"2026-02-28T17:29:44","modified_gmt":"2026-02-28T20:29:44","slug":"noticias-2","status":"publish","type":"page","link":"https:\/\/wp.ufpel.edu.br\/terapiaocupacional\/noticias-2\/","title":{"rendered":"TCC: Divulga\u00e7\u00e3o de Bancas"},"content":{"rendered":"<p><strong>T\u00edtulo do trabalho:\u00a0<\/strong>O uso da fotografia como recurso terap\u00eautico no resgate do hist\u00f3rico ocupacional de pessoas idosas<\/p>\n<p><strong>Estudante:<\/strong> Luiza Soares Araujo<\/p>\n<p><strong>Orientador(a)\/Co-orientador(a):<\/strong> Prof<sup>a<\/sup>. Dr<sup>a<\/sup>. Camilla Oleiro da Costa Milczarski e Prof<sup>a<\/sup>. Dr<sup>a<\/sup>. Zayanna Christine Lopes Lind\u00f4so<\/p>\n<p><strong>Membros da Banca:\u00a0<\/strong><\/p>\n<p><span style=\"font-weight: 400;\">Prof<sup>a<\/sup>. Dr<sup>a<\/sup>. Camilla Milczarski (presidente)<\/span><\/p>\n<p><span style=\"font-weight: 400;\">Prof<sup>a<\/sup>. Dr<sup>a<\/sup>. Mait\u00ea Peres de Carvalho &#8211; UFPel<\/span><\/p>\n<p>Terapeuta Ocupacional Raillane de Oliveira Marques<\/p>\n<p>TAE Terapeuta Ocupacional Let\u00edcia Saboia da Silva (suplente)<\/p>\n<p><strong>Local: <\/strong>Sala 2 (SETO) &#8211; UFPel<\/p>\n<p><strong>Data e hor\u00e1rio:<\/strong> 27\/02\/2026 \u00e0s 10 horas<\/p>\n<p>&nbsp;<\/p>\n<p>____________________________________________________________________________________________<\/p>\n<p>&nbsp;<\/p>\n<p><strong>T\u00edtulo do trabalho: <\/strong>Uso abusivo de \u00e1lcool e outras drogas e sua rela\u00e7\u00e3o com a rotina de usu\u00e1rios no contexto da sa\u00fade mental<\/p>\n<p><strong>Estudante:<\/strong> Guilherme da Silveira Gir\u00e3o<\/p>\n<p><strong>Orientador(a)\/Co-orientador(a):<\/strong> Prof<sup>a<\/sup>. Dr<sup>a<\/sup>. Mait\u00ea Peres de Carvalho<\/p>\n<p><strong>Membros da Banca:\u00a0<\/strong><\/p>\n<p><span style=\"font-weight: 400;\">Prof<sup>a<\/sup>. Dr<sup>a<\/sup>. Mait\u00ea Peres de Carvalho &#8211; UFPel (presidente)<\/span><\/p>\n<p><span style=\"font-weight: 400;\">Prof<sup>a<\/sup>. Dr<sup>a<\/sup>. Ang\u00e9lica da Silva Araujo<\/span><\/p>\n<p>TAE Terapeuta Ocupacional Let\u00edcia Saboia da Silva<\/p>\n<p><span style=\"font-weight: 400;\">Prof<sup>a<\/sup>. Dr<sup>a<\/sup>. Larissa Dall&#8217; Agnol da Silva (suplente)<\/span><\/p>\n<p><strong>Local: <\/strong>Miniaudit\u00f3rio\u00a0do Servi\u00e7o Escola de Terapia Ocupacional (SETO) &#8211; UFPel<\/p>\n<p><strong>Data e hor\u00e1rio:<\/strong> 02\/12\/2025 \u00e0s 14 horas<\/p>\n<p>&nbsp;<\/p>\n<p>____________________________________________________________________________________________<\/p>\n<p>&nbsp;<\/p>\n<p><strong>T\u00edtulo do trabalho: <\/strong>Percep\u00e7\u00e3o de estudantes de gradua\u00e7\u00e3o em\u00a0 Terapia Ocupacional e Fisioterapia acerca do papel de suas profiss\u00f5es\u00a0 e da colabora\u00e7\u00e3o interprofissional no \u00e2mbito da reabilita\u00e7\u00e3o f\u00edsica<\/p>\n<p><strong>Estudante:<\/strong> Ellen Chaiane Blank L\u00fcdtke<\/p>\n<p><strong>Orientador(a)\/Co-orientador(a):<\/strong> Prof<sup>a<\/sup>. Dr<sup>a<\/sup>. Mait\u00ea Peres de Carvalho e Prof<sup>a<\/sup>. Dr<sup>a<\/sup>. Cynthia Girundi<\/p>\n<p><strong>Membros da Banca:\u00a0<\/strong><\/p>\n<p><span style=\"font-weight: 400;\">Prof<sup>a<\/sup>. Dr<sup>a<\/sup>. Mait\u00ea Peres de Carvalho &#8211; UFPel (presidente)<\/span><\/p>\n<p><span style=\"font-weight: 400;\">Prof<sup>a<\/sup>. Dr<sup>a<\/sup>. Nicole Ruas Guarany<\/span><\/p>\n<p><span style=\"font-weight: 400;\">Prof. Dr. Gustavo Dias Ferreira<\/span><\/p>\n<p><span style=\"font-weight: 400;\">Terapeuta Ocupacional Andressa Nascimento Pavlak (suplente)<\/span><\/p>\n<p><strong>Local: <\/strong>Sala 2 do Servi\u00e7o Escola de Terapia Ocupacional (SETO) &#8211; UFPel<\/p>\n<p><strong>Data e hor\u00e1rio:<\/strong> 07\/11\/2025 \u00e0s 14 horas<\/p>\n<p>&nbsp;<\/p>\n<p>____________________________________________________________________________________________<\/p>\n<p>&nbsp;<\/p>\n<p><strong>T\u00edtulo do trabalho: <\/strong>Rela\u00e7\u00e3o entre sono e qualidade de vida de motoristas de caminh\u00e3o da Regi\u00e3o Sul do Brasil<\/p>\n<p><strong>Estudante:<\/strong> Jessyka Mirapalhete Rodrigues<\/p>\n<p><strong>Orientador(a)\/Co-orientador(a):<\/strong> Prof<sup>a<\/sup>. Dr<sup>a<\/sup>. Mait\u00ea Peres de Carvalho e Prof<sup>a<\/sup>. Raillane de Oliveira Marques<\/p>\n<p><strong>Membros da Banca:\u00a0<\/strong><\/p>\n<p><span style=\"font-weight: 400;\">Prof<sup>a<\/sup>. Dr<sup>a<\/sup>. Mait\u00ea Peres de Carvalho &#8211; UFPel (presidente)<\/span><\/p>\n<p><span style=\"font-weight: 400;\">Prof<sup>a<\/sup>. Dr<sup>a<\/sup>. Renata Rocha da Silva<\/span><\/p>\n<p><span style=\"font-weight: 400;\">Prof<sup>a<\/sup>. MSc. Cassandra da Silva Fonseca<\/span><\/p>\n<p><span style=\"font-weight: 400;\">Terapeuta Ocupacional Andressa Nascimento Pavlak (suplente)<\/span><\/p>\n<p><strong>Local: <\/strong>Sala 3 do Servi\u00e7o Escola de Terapia Ocupacional (SETO) &#8211; UFPel<\/p>\n<p><strong>Data e hor\u00e1rio:<\/strong> 12\/09\/2025 \u00e0s 14 horas<\/p>\n<p>&nbsp;<\/p>\n<p>____________________________________________________________________________________________<\/p>\n<p>&nbsp;<\/p>\n<p><strong>T\u00edtulo do trabalho: <\/strong>Reabilita\u00e7\u00e3o F\u00edsica e Terapia Ocupacional: Desafios Relatados por pacientes em um Servi\u00e7o Escola<\/p>\n<p><strong>Estudante:<\/strong> Tain\u00e1 Duarte Ferreira<\/p>\n<p><strong>Orientador(a)\/Co-orientador(a):<\/strong> Prof<sup>a<\/sup>. Dr<sup>a<\/sup>. Mait\u00ea Peres de Carvalho e Prof<sup>a<\/sup>. Dr<sup>a<\/sup>. Cynthia Girundi<\/p>\n<p><strong>Membros da Banca:\u00a0<\/strong><\/p>\n<p><span style=\"font-weight: 400;\">Prof<sup>a<\/sup>. Dr<sup>a<\/sup>. Mait\u00ea Peres de Carvalho &#8211; UFPel (presidente)<\/span><\/p>\n<p><span style=\"font-weight: 400;\">Prof<sup>a<\/sup>. Dr<sup>a<\/sup>. Renata Rocha da Silva<\/span><\/p>\n<p>Terapeuta Ocupacional Raillane de Oliveira Marques<\/p>\n<p><span style=\"font-weight: 400;\">Terapeuta Ocupacional Eveline Brum Lorenzato (suplente)<\/span><\/p>\n<p><strong>Local: <\/strong>Sala 3 do Servi\u00e7o Escola de Terapia Ocupacional (SETO) &#8211; UFPel<\/p>\n<p><strong>Data e hor\u00e1rio:<\/strong> 29\/08\/2025 \u00e0s 18 horas<\/p>\n<p>&nbsp;<\/p>\n<p>____________________________________________________________________________________________<\/p>\n<p>&nbsp;<\/p>\n<p><strong>T\u00edtulo do trabalho: <\/strong>O Campo da Terapia Ocupacional em reabilita\u00e7\u00e3o f\u00edsica: percep\u00e7\u00f5es dos pacientes em rela\u00e7\u00e3o ao processo avaliativo<\/p>\n<p><strong>Estudante:<\/strong> Camile Silva Ribeiro<\/p>\n<p><strong>Orientador(a)\/Co-orientador(a):<\/strong> Prof<sup>a<\/sup>. Dr<sup>a<\/sup>. Mait\u00ea Peres de Carvalho e Prof<sup>a<\/sup>. Dr<sup>a<\/sup>. Cynthia Girundi<\/p>\n<p><strong>Membros da Banca:\u00a0<\/strong><\/p>\n<p><span style=\"font-weight: 400;\">Prof<sup>a<\/sup>. Dr<sup>a<\/sup>. Mait\u00ea Peres de Carvalho &#8211; UFPel (presidente)<\/span><\/p>\n<p><span style=\"font-weight: 400;\">Prof<sup>a<\/sup>. Dr<sup>a<\/sup>. Renata Rocha da Silva<\/span><\/p>\n<p>Terapeuta Ocupacional Raillane de Oliveira Marques<\/p>\n<p><span style=\"font-weight: 400;\">Terapeuta Ocupacional Eveline Brum Lorenzato (suplente)<\/span><\/p>\n<p><strong>Local: <\/strong>Sala 3 do Servi\u00e7o Escola de Terapia Ocupacional (SETO) &#8211; UFPel<\/p>\n<p><strong>Data e hor\u00e1rio:<\/strong> 29\/08\/2025 \u00e0s 16 horas<\/p>\n<p>&nbsp;<\/p>\n<p>____________________________________________________________________________________________<\/p>\n<p>&nbsp;<\/p>\n<p><strong>T\u00edtulo do trabalho: <\/strong>Sa\u00fade mental de trabalhadores no \u00e2mbito hospitalar<\/p>\n<p><strong>Estudante:<\/strong> Eduarda Nachtigall dos Santos<\/p>\n<p><strong>Orientador(a)\/Co-orientador:<\/strong> Prof<sup>a<\/sup>. Dr<sup>a<\/sup>. Mait\u00ea Peres de Carvalho e Prof. Dr. Felipe Vieira Camerini<\/p>\n<p><strong>Membros da Banca:\u00a0<\/strong><\/p>\n<p><span style=\"font-weight: 400;\">Prof<sup>a<\/sup>. Dr<sup>a<\/sup>. Mait\u00ea Peres de Carvalho &#8211; UFPel (presidente)<\/span><\/p>\n<p><span style=\"font-weight: 400;\">Prof<sup>a<\/sup>. Dr<sup>a<\/sup>. Laurem Janine Pereira de Aguiar<\/span><\/p>\n<p><span style=\"font-weight: 400;\">Prof<sup>a<\/sup>. MSc. Larrisa Dall&#8217; Agnol da Silva<\/span><\/p>\n<p><span style=\"font-weight: 400;\"> Prof<sup>a<\/sup>. Dr<sup>a<\/sup>. Danusa Menegat (suplente)<\/span><\/p>\n<p><strong>Local: <\/strong>Sala 3 do Servi\u00e7o Escola de Terapia Ocupacional (SETO) &#8211; UFPel<\/p>\n<p><strong>Data e hor\u00e1rio:<\/strong> 28\/08\/2025 \u00e0s 17 horas<\/p>\n<p>&nbsp;<\/p>\n<p>____________________________________________________________________________________________<\/p>\n<p>&nbsp;<\/p>\n<p><strong>T\u00edtulo do trabalho: <span style=\"font-weight: 400;\">Pap\u00e9is Ocupacionais e qualidade de vida: desafios enfrentados por mulheres cuidadoras de pacientes oncol\u00f3gicos<\/span><\/strong><\/p>\n<p><strong>Estudante:<\/strong> Taisha Carvalho Alves<\/p>\n<p><strong>Orientador(a)\/Co-orientador(a):<\/strong> Prof<sup>a<\/sup>. Dr<sup>a<\/sup>. Mait\u00ea Peres de Carvalho e MSc. Cassandra da Silva Fonseca<\/p>\n<p><strong>Membros da Banca:\u00a0<\/strong><\/p>\n<p><span style=\"font-weight: 400;\">Prof<sup>a<\/sup>. Dr<sup>a<\/sup>. Mait\u00ea Peres de Carvalho &#8211; UFPel (presidente)<\/span><\/p>\n<p><span style=\"font-weight: 400;\">Prof<sup>a<\/sup>. Dr<sup>a<\/sup>. Isabel Cristina de Oliveira Arrieira\u00a0<\/span><\/p>\n<p><span style=\"font-weight: 400;\">Terapeuta Ocupacional Raillane de Oliveira Marques<\/span><\/p>\n<p><span style=\"font-weight: 400;\">Terapeuta ocupacional Ana Cl\u00e1udia Pereira de Medeiros (suplente)<\/span><\/p>\n<p><strong>Local: <\/strong>Miniaudit\u00f3rio do Servi\u00e7o Escola de Terapia Ocupacional (SETO) &#8211; UFPel<\/p>\n<p><strong>Data e hor\u00e1rio:<\/strong> 18\/08\/2025 \u00e0s 14 horas<\/p>\n<p>&nbsp;<\/p>\n<p>____________________________________________________________________________________________<\/p>\n<p>&nbsp;<\/p>\n<p><strong>T\u00edtulo do trabalho: <\/strong>Perfil e Fluxo de Atendimento da Terapia Ocupacional em\u00a0um Hospital Universit\u00e1rio no Sul do Brasil<\/p>\n<p><strong>Estudante:<\/strong> Raillane de Oliveira Marques<\/p>\n<p><strong>Orientador(a)\/Co-orientador(a):<\/strong> Prof<sup>a<\/sup>. Dr<sup>a<\/sup>. Mait\u00ea Carvalho e Prof<sup>a<\/sup>. Dr<sup>a<\/sup>. Camilla Milczarski<\/p>\n<p><strong>Membros da Banca:\u00a0<\/strong><\/p>\n<p><span style=\"font-weight: 400;\">Prof<sup>a<\/sup>. Dr<sup>a<\/sup>. Camilla Oleiro da Costa Milczarski &#8211; UFPel (presidente)<\/span><\/p>\n<p><span style=\"font-weight: 400;\">MSc. Marcelo Zanusso Costa \u2013 EBSERH\/UFPel\u00a0<\/span><\/p>\n<p><span style=\"font-weight: 400;\">Prof<sup>a<\/sup>. Dr<sup>a<\/sup>. Danusa Menegat &#8211; UFPel<\/span><\/p>\n<p>Prof<sup>a<\/sup>. Dr<sup>a<\/sup>. <span style=\"font-weight: 400;\">Cynthia Girundi da Silva &#8211; UFPel (suplente)<\/span><\/p>\n<p><strong>Local:\u00a0<\/strong>Sala de ensino 1, Bloco 3, Hospital Escola UFPel\/EBSERH<\/p>\n<p><strong>Data e hor\u00e1rio:<\/strong> 19\/03\/2024 \u00e0s 18 horas<\/p>\n","protected":false},"excerpt":{"rendered":"<p>T\u00edtulo do trabalho:\u00a0O uso da fotografia como recurso terap\u00eautico no resgate do hist\u00f3rico ocupacional de pessoas idosas Estudante: Luiza Soares Araujo Orientador(a)\/Co-orientador(a): Profa. Dra. Camilla Oleiro da Costa Milczarski e Profa. Dra. Zayanna Christine Lopes Lind\u00f4so Membros da Banca:\u00a0 Profa. Dra. Camilla Milczarski (presidente) Profa. Dra. Mait\u00ea Peres de Carvalho &#8211; UFPel Terapeuta Ocupacional Raillane [&hellip;]<\/p>\n","protected":false},"author":189,"featured_media":0,"parent":0,"menu_order":0,"comment_status":"closed","ping_status":"closed","template":"","meta":{"footnotes":""},"class_list":["post-214","page","type-page","status-publish","hentry"],"_links":{"self":[{"href":"https:\/\/wp.ufpel.edu.br\/terapiaocupacional\/wp-json\/wp\/v2\/pages\/214","targetHints":{"allow":["GET"]}}],"collection":[{"href":"https:\/\/wp.ufpel.edu.br\/terapiaocupacional\/wp-json\/wp\/v2\/pages"}],"about":[{"href":"https:\/\/wp.ufpel.edu.br\/terapiaocupacional\/wp-json\/wp\/v2\/types\/page"}],"author":[{"embeddable":true,"href":"https:\/\/wp.ufpel.edu.br\/terapiaocupacional\/wp-json\/wp\/v2\/users\/189"}],"replies":[{"embeddable":true,"href":"https:\/\/wp.ufpel.edu.br\/terapiaocupacional\/wp-json\/wp\/v2\/comments?post=214"}],"version-history":[{"count":3,"href":"https:\/\/wp.ufpel.edu.br\/terapiaocupacional\/wp-json\/wp\/v2\/pages\/214\/revisions"}],"predecessor-version":[{"id":2091,"href":"https:\/\/wp.ufpel.edu.br\/terapiaocupacional\/wp-json\/wp\/v2\/pages\/214\/revisions\/2091"}],"wp:attachment":[{"href":"https:\/\/wp.ufpel.edu.br\/terapiaocupacional\/wp-json\/wp\/v2\/media?parent=214"}],"curies":[{"name":"wp","href":"https:\/\/api.w.org\/{rel}","templated":true}]}}