{"id":2004,"date":"2025-09-02T00:25:20","date_gmt":"2025-09-02T03:25:20","guid":{"rendered":"https:\/\/wp.ufpel.edu.br\/terapiaocupacional\/?page_id=2004"},"modified":"2025-09-02T00:25:20","modified_gmt":"2025-09-02T03:25:20","slug":"grupos-de-pesquisa","status":"publish","type":"page","link":"https:\/\/wp.ufpel.edu.br\/terapiaocupacional\/grupos-de-pesquisa\/","title":{"rendered":"Grupos de Pesquisa"},"content":{"rendered":"<h3><strong>LAMECIS &#8211; Laborat\u00f3rio Multiprofissional de Estrat\u00e9gias Criativas para Inova\u00e7\u00e3o Social<\/strong><\/h3>\n<p>Grupo de pesquisa que integra os cursos de Terapia Ocupacional, Design e Ci\u00eancia da Computa\u00e7\u00e3o.<\/p>\n<p><strong>Representa\u00e7\u00e3o no curso de TO:<\/strong> Prof<sup>a<\/sup>. Dr<sup>a<\/sup>. Mait\u00ea Carvalho, Prof<sup>a<\/sup>. Dr<sup>a<\/sup>. Camilla Milczarski e Prof<sup>a<\/sup>. Dr<sup>a<\/sup>. Zayanna Lind\u00f4so<\/p>\n<p><strong>Link de cadastro no CNPq:<\/strong> <a href=\"http:\/\/dgp.cnpq.br\/dgp\/espelhogrupo\/764639\">dgp.cnpq.br\/dgp\/espelhogrupo\/764639<\/a><\/p>\n","protected":false},"excerpt":{"rendered":"<p>LAMECIS &#8211; Laborat\u00f3rio Multiprofissional de Estrat\u00e9gias Criativas para Inova\u00e7\u00e3o Social Grupo de pesquisa que integra os cursos de Terapia Ocupacional, Design e Ci\u00eancia da Computa\u00e7\u00e3o. Representa\u00e7\u00e3o no curso de TO: Profa. Dra. Mait\u00ea Carvalho, Profa. Dra. Camilla Milczarski e Profa. Dra. Zayanna Lind\u00f4so Link de cadastro no CNPq: dgp.cnpq.br\/dgp\/espelhogrupo\/764639<\/p>\n","protected":false},"author":189,"featured_media":0,"parent":0,"menu_order":0,"comment_status":"closed","ping_status":"closed","template":"","meta":{"footnotes":""},"class_list":["post-2004","page","type-page","status-publish","hentry"],"_links":{"self":[{"href":"https:\/\/wp.ufpel.edu.br\/terapiaocupacional\/wp-json\/wp\/v2\/pages\/2004","targetHints":{"allow":["GET"]}}],"collection":[{"href":"https:\/\/wp.ufpel.edu.br\/terapiaocupacional\/wp-json\/wp\/v2\/pages"}],"about":[{"href":"https:\/\/wp.ufpel.edu.br\/terapiaocupacional\/wp-json\/wp\/v2\/types\/page"}],"author":[{"embeddable":true,"href":"https:\/\/wp.ufpel.edu.br\/terapiaocupacional\/wp-json\/wp\/v2\/users\/189"}],"replies":[{"embeddable":true,"href":"https:\/\/wp.ufpel.edu.br\/terapiaocupacional\/wp-json\/wp\/v2\/comments?post=2004"}],"version-history":[{"count":3,"href":"https:\/\/wp.ufpel.edu.br\/terapiaocupacional\/wp-json\/wp\/v2\/pages\/2004\/revisions"}],"predecessor-version":[{"id":2008,"href":"https:\/\/wp.ufpel.edu.br\/terapiaocupacional\/wp-json\/wp\/v2\/pages\/2004\/revisions\/2008"}],"wp:attachment":[{"href":"https:\/\/wp.ufpel.edu.br\/terapiaocupacional\/wp-json\/wp\/v2\/media?parent=2004"}],"curies":[{"name":"wp","href":"https:\/\/api.w.org\/{rel}","templated":true}]}}