{"id":1848,"date":"2025-03-04T16:34:13","date_gmt":"2025-03-04T19:34:13","guid":{"rendered":"https:\/\/wp.ufpel.edu.br\/terapiaocupacional\/?page_id=1848"},"modified":"2025-03-04T16:34:13","modified_gmt":"2025-03-04T19:34:13","slug":"egressos-to-ufpel","status":"publish","type":"page","link":"https:\/\/wp.ufpel.edu.br\/terapiaocupacional\/egressos-to-ufpel\/","title":{"rendered":"Egressos TO\/UFPel"},"content":{"rendered":"<p>O curso de Terapia Ocupacional da UFPel elaborou este breve formul\u00e1rio visando a coleta de algumas informa\u00e7\u00f5es atualizadas sobre os seus egressos &#8211; bem como suas opini\u00f5es acerca do curso &#8211; a fim de propiciar a melhoria cont\u00ednua da qualidade da gradua\u00e7\u00e3o em TO na UFPel.<\/p>\n<p><strong>Acesse o link:<\/strong> <a href=\"https:\/\/forms.gle\/Ut4rwJWZZ9vriAdy6\">https:\/\/forms.gle\/Ut4rwJWZZ9vriAdy6<\/a><\/p>\n<p><a href=\"https:\/\/wp.ufpel.edu.br\/terapiaocupacional\/files\/2025\/03\/Logo-TO-UFPel.jpg\"><img class=\"alignnone  wp-image-1850\" src=\"https:\/\/wp.ufpel.edu.br\/terapiaocupacional\/files\/2025\/03\/Logo-TO-UFPel-400x247.jpg\" alt=\"\" width=\"327\" height=\"202\" srcset=\"https:\/\/wp.ufpel.edu.br\/terapiaocupacional\/files\/2025\/03\/Logo-TO-UFPel-400x247.jpg 400w, https:\/\/wp.ufpel.edu.br\/terapiaocupacional\/files\/2025\/03\/Logo-TO-UFPel-768x474.jpg 768w, https:\/\/wp.ufpel.edu.br\/terapiaocupacional\/files\/2025\/03\/Logo-TO-UFPel.jpg 960w\" sizes=\"(max-width: 327px) 100vw, 327px\" \/><\/a><\/p>\n","protected":false},"excerpt":{"rendered":"<p>O curso de Terapia Ocupacional da UFPel elaborou este breve formul\u00e1rio visando a coleta de algumas informa\u00e7\u00f5es atualizadas sobre os seus egressos &#8211; bem como suas opini\u00f5es acerca do curso &#8211; a fim de propiciar a melhoria cont\u00ednua da qualidade da gradua\u00e7\u00e3o em TO na UFPel. Acesse o link: https:\/\/forms.gle\/Ut4rwJWZZ9vriAdy6<\/p>\n","protected":false},"author":189,"featured_media":0,"parent":0,"menu_order":0,"comment_status":"closed","ping_status":"closed","template":"","meta":{"footnotes":""},"class_list":["post-1848","page","type-page","status-publish","hentry"],"_links":{"self":[{"href":"https:\/\/wp.ufpel.edu.br\/terapiaocupacional\/wp-json\/wp\/v2\/pages\/1848","targetHints":{"allow":["GET"]}}],"collection":[{"href":"https:\/\/wp.ufpel.edu.br\/terapiaocupacional\/wp-json\/wp\/v2\/pages"}],"about":[{"href":"https:\/\/wp.ufpel.edu.br\/terapiaocupacional\/wp-json\/wp\/v2\/types\/page"}],"author":[{"embeddable":true,"href":"https:\/\/wp.ufpel.edu.br\/terapiaocupacional\/wp-json\/wp\/v2\/users\/189"}],"replies":[{"embeddable":true,"href":"https:\/\/wp.ufpel.edu.br\/terapiaocupacional\/wp-json\/wp\/v2\/comments?post=1848"}],"version-history":[{"count":2,"href":"https:\/\/wp.ufpel.edu.br\/terapiaocupacional\/wp-json\/wp\/v2\/pages\/1848\/revisions"}],"predecessor-version":[{"id":1851,"href":"https:\/\/wp.ufpel.edu.br\/terapiaocupacional\/wp-json\/wp\/v2\/pages\/1848\/revisions\/1851"}],"wp:attachment":[{"href":"https:\/\/wp.ufpel.edu.br\/terapiaocupacional\/wp-json\/wp\/v2\/media?parent=1848"}],"curies":[{"name":"wp","href":"https:\/\/api.w.org\/{rel}","templated":true}]}}