{"id":1440,"date":"2023-07-06T22:43:51","date_gmt":"2023-07-07T01:43:51","guid":{"rendered":"https:\/\/wp.ufpel.edu.br\/terapiaocupacional\/?page_id=1440"},"modified":"2023-07-06T22:43:51","modified_gmt":"2023-07-07T01:43:51","slug":"estagios","status":"publish","type":"page","link":"https:\/\/wp.ufpel.edu.br\/terapiaocupacional\/estagios\/","title":{"rendered":"Est\u00e1gios"},"content":{"rendered":"<h2><strong>Est\u00e1gio curricular n\u00e3o-obrigat\u00f3rio em Terapia Ocupacional<\/strong><\/h2>\n<p>Em conformidade com a Lei n\u00ba 11.788 de 25 de setembro de 2008, o(a) discente disp\u00f5e do direito de realizar est\u00e1gio curricular n\u00e3o-obrigat\u00f3rio <strong>desde que esteja cursando no m\u00ednimo o sexto per\u00edodo ou terceiro ano do curso<\/strong> (vide Resolu\u00e7\u00e3o n\u00ba 50\/2016 do Conselho Federal de Fisioterapia e Terapia Ocupacional).<\/p>\n<p><strong>Para a solicita\u00e7\u00e3o de conv\u00eanio de est\u00e1gio curricular n\u00e3o-obrigat\u00f3rio, o(a) discente dever\u00e1 enviar um e-mail para a Comiss\u00e3o de Est\u00e1gios (<\/strong><a href=\"mailto:toufpelcomissaoestagio@gmail.com\">toufpelcomissaoestagio@gmail.com<\/a><strong>), 60 dias antes do in\u00edcio do Est\u00e1gio Curricular Obrigat\u00f3rio <\/strong>para que a Comiss\u00e3o realize os tr\u00e2mites burocr\u00e1ticos em tempo h\u00e1bil; devendo constar no e-mail as seguintes informa\u00e7\u00f5es:<\/p>\n<p>&#8211; Nome completo do Terapeuta Ocupacional que ir\u00e1 supervisionar o(a) discente<\/p>\n<p>&#8211; Contato telef\u00f4nico, e-mail e informa\u00e7\u00f5es do local de interesse (nome e endere\u00e7o)<\/p>\n<p>A Resolu\u00e7\u00e3o n\u00ba 29\/2018 do COCEPE\/UFPel refere ainda que o <strong>est\u00e1gio curricular n\u00e3o-obrigat\u00f3rio s\u00f3 ser\u00e1 realizado ap\u00f3s a celebra\u00e7\u00e3o do termo de compromisso entre a institui\u00e7\u00e3o de ensino e a parte concedente.<\/strong> Al\u00e9m disso, necessitar\u00e1 da <strong>orienta\u00e7\u00e3o de um docente terapeuta ocupacional da institui\u00e7\u00e3o de ensino<\/strong> para o acompanhamento acad\u00eamico do(a) discente, bem como dos relat\u00f3rios e processos avaliativos regulares. Tamb\u00e9m se faz necess\u00e1ria a presen\u00e7a do <strong>profissional terapeuta ocupacional (graduado h\u00e1 pelo menos 2 anos e que atue no servi\u00e7o com carga hor\u00e1ria m\u00ednima de 20h semanais) como componente da equipe interdisciplinar da institui\u00e7\u00e3o concedente<\/strong> para acompanhamento da pr\u00e1tica do(a) discente na institui\u00e7\u00e3o.<\/p>\n<p>A <strong>jornada das atividades<\/strong>, conforme a Lei n\u00ba 11.788 de 25 de setembro de 2008, <strong>n\u00e3o poder\u00e1 ultrapassar 6 horas di\u00e1rias (30 horas semanais)<\/strong>, dessa forma, n\u00e3o \u00e9 autorizado o cumprimento do est\u00e1gio curricular n\u00e3o-obrigat\u00f3rio e obrigat\u00f3rio no mesmo espa\u00e7o, pois excederia a carga hor\u00e1ria prevista na legisla\u00e7\u00e3o.<\/p>\n","protected":false},"excerpt":{"rendered":"<p>Est\u00e1gio curricular n\u00e3o-obrigat\u00f3rio em Terapia Ocupacional Em conformidade com a Lei n\u00ba 11.788 de 25 de setembro de 2008, o(a) discente disp\u00f5e do direito de realizar est\u00e1gio curricular n\u00e3o-obrigat\u00f3rio desde que esteja cursando no m\u00ednimo o sexto per\u00edodo ou terceiro ano do curso (vide Resolu\u00e7\u00e3o n\u00ba 50\/2016 do Conselho Federal de Fisioterapia e Terapia Ocupacional). [&hellip;]<\/p>\n","protected":false},"author":189,"featured_media":0,"parent":0,"menu_order":0,"comment_status":"closed","ping_status":"closed","template":"","meta":{"footnotes":""},"class_list":["post-1440","page","type-page","status-publish","hentry"],"_links":{"self":[{"href":"https:\/\/wp.ufpel.edu.br\/terapiaocupacional\/wp-json\/wp\/v2\/pages\/1440","targetHints":{"allow":["GET"]}}],"collection":[{"href":"https:\/\/wp.ufpel.edu.br\/terapiaocupacional\/wp-json\/wp\/v2\/pages"}],"about":[{"href":"https:\/\/wp.ufpel.edu.br\/terapiaocupacional\/wp-json\/wp\/v2\/types\/page"}],"author":[{"embeddable":true,"href":"https:\/\/wp.ufpel.edu.br\/terapiaocupacional\/wp-json\/wp\/v2\/users\/189"}],"replies":[{"embeddable":true,"href":"https:\/\/wp.ufpel.edu.br\/terapiaocupacional\/wp-json\/wp\/v2\/comments?post=1440"}],"version-history":[{"count":2,"href":"https:\/\/wp.ufpel.edu.br\/terapiaocupacional\/wp-json\/wp\/v2\/pages\/1440\/revisions"}],"predecessor-version":[{"id":1442,"href":"https:\/\/wp.ufpel.edu.br\/terapiaocupacional\/wp-json\/wp\/v2\/pages\/1440\/revisions\/1442"}],"wp:attachment":[{"href":"https:\/\/wp.ufpel.edu.br\/terapiaocupacional\/wp-json\/wp\/v2\/media?parent=1440"}],"curies":[{"name":"wp","href":"https:\/\/api.w.org\/{rel}","templated":true}]}}