{"id":1388,"date":"2023-07-03T23:12:36","date_gmt":"2023-07-04T02:12:36","guid":{"rendered":"https:\/\/wp.ufpel.edu.br\/terapiaocupacional\/?page_id=1388"},"modified":"2025-06-23T18:08:33","modified_gmt":"2025-06-23T21:08:33","slug":"seto","status":"publish","type":"page","link":"https:\/\/wp.ufpel.edu.br\/terapiaocupacional\/seto\/","title":{"rendered":"SETO"},"content":{"rendered":"<h2><strong>SERVI\u00c7O ESCOLA DE TERAPIA OCUPACIONAL &#8211; SETO (UFPel)<\/strong><\/h2>\n<p>&nbsp;<\/p>\n<p><strong>Coordena\u00e7\u00e3o:<\/strong> Profa. MSc. Larissa Dall&#8217;Agnol da Silva (Docente)<\/p>\n<p>E-mail institucional: <a href=\"mailto:larissa.dall@ufpel.edu.br\">larissa.dall@ufpel.edu.br<\/a><\/p>\n<p>&nbsp;<\/p>\n<p><strong>Coordena\u00e7\u00e3o adjunta: <\/strong>Eveline Brum Lorenzato (TAE &#8211; Terapeuta Ocupacional)<\/p>\n<p>E-mail institucional: <a href=\"mailto:eveline.lorenzato@ufpel.edu.br\">eveline.lorenzato@ufpel.edu.br<\/a><\/p>\n<p>&nbsp;<\/p>\n<p><strong>Secret\u00e1rio:<\/strong> Bruno Almeida Quevedo Rodrigues (TAE &#8211; Assistente em Administra\u00e7\u00e3o)<\/p>\n<p>E-mail SETO: <a href=\"mailto:seto.ufpel@ufpel.edu.br\">seto.ufpel@ufpel.edu.br<\/a><\/p>\n<p>Telefone: (53) 3284.3286<\/p>\n<p>&nbsp;<\/p>\n<p><a href=\"https:\/\/wp.ufpel.edu.br\/terapiaocupacional\/files\/2023\/07\/pg1.jpg\"><img class=\"alignnone wp-image-1389\" src=\"https:\/\/wp.ufpel.edu.br\/terapiaocupacional\/files\/2023\/07\/pg1-400x289.jpg\" alt=\"\" width=\"590\" height=\"426\" srcset=\"https:\/\/wp.ufpel.edu.br\/terapiaocupacional\/files\/2023\/07\/pg1-400x289.jpg 400w, https:\/\/wp.ufpel.edu.br\/terapiaocupacional\/files\/2023\/07\/pg1-1024x741.jpg 1024w, https:\/\/wp.ufpel.edu.br\/terapiaocupacional\/files\/2023\/07\/pg1-768x556.jpg 768w, https:\/\/wp.ufpel.edu.br\/terapiaocupacional\/files\/2023\/07\/pg1.jpg 1057w\" sizes=\"(max-width: 590px) 100vw, 590px\" \/><\/a><\/p>\n<p><a href=\"https:\/\/wp.ufpel.edu.br\/terapiaocupacional\/files\/2023\/07\/pg2.jpg\"><img class=\"alignnone wp-image-1390\" src=\"https:\/\/wp.ufpel.edu.br\/terapiaocupacional\/files\/2023\/07\/pg2-400x255.jpg\" alt=\"\" width=\"590\" height=\"376\" srcset=\"https:\/\/wp.ufpel.edu.br\/terapiaocupacional\/files\/2023\/07\/pg2-400x255.jpg 400w, https:\/\/wp.ufpel.edu.br\/terapiaocupacional\/files\/2023\/07\/pg2-1024x652.jpg 1024w, https:\/\/wp.ufpel.edu.br\/terapiaocupacional\/files\/2023\/07\/pg2-768x489.jpg 768w, https:\/\/wp.ufpel.edu.br\/terapiaocupacional\/files\/2023\/07\/pg2.jpg 1073w\" sizes=\"(max-width: 590px) 100vw, 590px\" \/><\/a><\/p>\n<p>&nbsp;<\/p>\n","protected":false},"excerpt":{"rendered":"<p>SERVI\u00c7O ESCOLA DE TERAPIA OCUPACIONAL &#8211; SETO (UFPel) &nbsp; Coordena\u00e7\u00e3o: Profa. MSc. Larissa Dall&#8217;Agnol da Silva (Docente) E-mail institucional: larissa.dall@ufpel.edu.br &nbsp; Coordena\u00e7\u00e3o adjunta: Eveline Brum Lorenzato (TAE &#8211; Terapeuta Ocupacional) E-mail institucional: eveline.lorenzato@ufpel.edu.br &nbsp; Secret\u00e1rio: Bruno Almeida Quevedo Rodrigues (TAE &#8211; Assistente em Administra\u00e7\u00e3o) E-mail SETO: seto.ufpel@ufpel.edu.br Telefone: (53) 3284.3286 &nbsp; &nbsp;<\/p>\n","protected":false},"author":189,"featured_media":0,"parent":0,"menu_order":0,"comment_status":"closed","ping_status":"closed","template":"","meta":{"footnotes":""},"class_list":["post-1388","page","type-page","status-publish","hentry"],"_links":{"self":[{"href":"https:\/\/wp.ufpel.edu.br\/terapiaocupacional\/wp-json\/wp\/v2\/pages\/1388","targetHints":{"allow":["GET"]}}],"collection":[{"href":"https:\/\/wp.ufpel.edu.br\/terapiaocupacional\/wp-json\/wp\/v2\/pages"}],"about":[{"href":"https:\/\/wp.ufpel.edu.br\/terapiaocupacional\/wp-json\/wp\/v2\/types\/page"}],"author":[{"embeddable":true,"href":"https:\/\/wp.ufpel.edu.br\/terapiaocupacional\/wp-json\/wp\/v2\/users\/189"}],"replies":[{"embeddable":true,"href":"https:\/\/wp.ufpel.edu.br\/terapiaocupacional\/wp-json\/wp\/v2\/comments?post=1388"}],"version-history":[{"count":9,"href":"https:\/\/wp.ufpel.edu.br\/terapiaocupacional\/wp-json\/wp\/v2\/pages\/1388\/revisions"}],"predecessor-version":[{"id":1925,"href":"https:\/\/wp.ufpel.edu.br\/terapiaocupacional\/wp-json\/wp\/v2\/pages\/1388\/revisions\/1925"}],"wp:attachment":[{"href":"https:\/\/wp.ufpel.edu.br\/terapiaocupacional\/wp-json\/wp\/v2\/media?parent=1388"}],"curies":[{"name":"wp","href":"https:\/\/api.w.org\/{rel}","templated":true}]}}