{"id":1383,"date":"2023-07-03T22:48:07","date_gmt":"2023-07-04T01:48:07","guid":{"rendered":"https:\/\/wp.ufpel.edu.br\/terapiaocupacional\/?page_id=1383"},"modified":"2023-07-04T23:02:01","modified_gmt":"2023-07-05T02:02:01","slug":"coletivo-negro","status":"publish","type":"page","link":"https:\/\/wp.ufpel.edu.br\/terapiaocupacional\/coletivo-negro\/","title":{"rendered":"Coletivo Negro"},"content":{"rendered":"<h2><strong>COLETIVO NEGRO MARIA CAROLINA DE JESUS<\/strong><\/h2>\n<p>Fundado no dia 19 de maio de 2022 e tendo como norteador o dever \u00e9tico-pol\u00edtico, o Coletivo Negro Maria Carolina de Jesus nasce com o compromisso de oferecer um espa\u00e7o que proporcione a discuss\u00e3o e a reflex\u00e3o sobre as pautas negras, focando na garantia de direitos aliados \u00e0 intersec\u00e7\u00e3o entre ra\u00e7a, classe, g\u00eanero, sexualidade e forma\u00e7\u00e3o acad\u00eamica; contando com a colabora\u00e7\u00e3o de ativistas, profissionais de diversas \u00e1reas e pessoas devidamente qualificadas para o di\u00e1logo e cria\u00e7\u00e3o de estrat\u00e9gias de valoriza\u00e7\u00e3o que visem amenizar as adversidades que pessoas negras enfrentam cotidianamente no espa\u00e7o acad\u00eamico.<\/p>\n<p>Ainda, Carolina Maria de Jesus foi escolhida como homenageada nominal a este coletivo, em vista de sua luta para que subjetividades negras emergissem atrav\u00e9s da suas palavras escritas em obras como &#8220;Quarto de Despejo&#8221; e &#8220;Casa de Alvenaria&#8221;, al\u00e9m de sua brava escreviv\u00eancia enquanto mulher negra, m\u00e3e solo e trabalhadora em uma periferia brasileira.<\/p>\n<p>O coletivo proporciona a\u00e7\u00f5es para evitar a evas\u00e3o dos alunos, primordialmente discentes negros. Proporcionando o &#8220;Espa\u00e7o Valentina&#8221;, que se trata de um espa\u00e7o de brinquedos dentro do centro de conviv\u00eancia dos alunos do Curso de Terapia Ocupacional da UFPel, tendo como objetivo principal que as m\u00e3es graduandas possam, caso necessite levar seus filhos \u00e0s aulas e os mesmos possam exercer sua ocupa\u00e7\u00e3o do brincar. Para al\u00e9m deste espa\u00e7o, tamb\u00e9m s\u00e3o organizadas rodas de estudos e acolhimento individual, quando o estudante precisa desse suporte voltado \u00e0 sa\u00fade mental.<\/p>\n<p>Desde a sua cria\u00e7\u00e3o, rodas de conversa, participa\u00e7\u00f5es em reuni\u00e3o de colegiado e a\u00e7\u00f5es de posicionamento cr\u00edtico s\u00e3o realizadas dentro da Faculdade de Medicina (FAMED).<\/p>\n<p>Ainda n\u00e3o possui sede pr\u00f3pria, mas cont\u00e9m canais de comunica\u00e7\u00e3o como o <strong>Instagram: @ccarolinamariadejesus.to<\/strong> e o <strong>e-mail: coletivonegrot.o@gmail.com<\/strong><\/p>\n<p><strong>Integrantes do Coletivo:<\/strong><\/p>\n<p>Prince Meireles (fundadora e idealizadora do Coletivo)<\/p>\n<p>Larissa Gouv\u00eaa (co-fundadora do Coletivo)<\/p>\n<p>Discentes de diferentes semestres do Curso de Terapia Ocupacional da UFPel<\/p>\n<p>&nbsp;<\/p>\n<p><a href=\"https:\/\/wp.ufpel.edu.br\/terapiaocupacional\/files\/2023\/07\/coletivo-foto.jpg\"><img class=\"alignnone  wp-image-1404\" src=\"https:\/\/wp.ufpel.edu.br\/terapiaocupacional\/files\/2023\/07\/coletivo-foto-400x299.jpg\" alt=\"\" width=\"500\" height=\"374\" srcset=\"https:\/\/wp.ufpel.edu.br\/terapiaocupacional\/files\/2023\/07\/coletivo-foto-400x299.jpg 400w, https:\/\/wp.ufpel.edu.br\/terapiaocupacional\/files\/2023\/07\/coletivo-foto.jpg 433w\" sizes=\"(max-width: 500px) 100vw, 500px\" \/><\/a><\/p>\n<p>&nbsp;<\/p>\n","protected":false},"excerpt":{"rendered":"<p>COLETIVO NEGRO MARIA CAROLINA DE JESUS Fundado no dia 19 de maio de 2022 e tendo como norteador o dever \u00e9tico-pol\u00edtico, o Coletivo Negro Maria Carolina de Jesus nasce com o compromisso de oferecer um espa\u00e7o que proporcione a discuss\u00e3o e a reflex\u00e3o sobre as pautas negras, focando na garantia de direitos aliados \u00e0 intersec\u00e7\u00e3o [&hellip;]<\/p>\n","protected":false},"author":189,"featured_media":0,"parent":0,"menu_order":0,"comment_status":"closed","ping_status":"closed","template":"","meta":{"footnotes":""},"class_list":["post-1383","page","type-page","status-publish","hentry"],"_links":{"self":[{"href":"https:\/\/wp.ufpel.edu.br\/terapiaocupacional\/wp-json\/wp\/v2\/pages\/1383","targetHints":{"allow":["GET"]}}],"collection":[{"href":"https:\/\/wp.ufpel.edu.br\/terapiaocupacional\/wp-json\/wp\/v2\/pages"}],"about":[{"href":"https:\/\/wp.ufpel.edu.br\/terapiaocupacional\/wp-json\/wp\/v2\/types\/page"}],"author":[{"embeddable":true,"href":"https:\/\/wp.ufpel.edu.br\/terapiaocupacional\/wp-json\/wp\/v2\/users\/189"}],"replies":[{"embeddable":true,"href":"https:\/\/wp.ufpel.edu.br\/terapiaocupacional\/wp-json\/wp\/v2\/comments?post=1383"}],"version-history":[{"count":3,"href":"https:\/\/wp.ufpel.edu.br\/terapiaocupacional\/wp-json\/wp\/v2\/pages\/1383\/revisions"}],"predecessor-version":[{"id":1406,"href":"https:\/\/wp.ufpel.edu.br\/terapiaocupacional\/wp-json\/wp\/v2\/pages\/1383\/revisions\/1406"}],"wp:attachment":[{"href":"https:\/\/wp.ufpel.edu.br\/terapiaocupacional\/wp-json\/wp\/v2\/media?parent=1383"}],"curies":[{"name":"wp","href":"https:\/\/api.w.org\/{rel}","templated":true}]}}