{"id":1350,"date":"2023-06-18T16:54:47","date_gmt":"2023-06-18T19:54:47","guid":{"rendered":"https:\/\/wp.ufpel.edu.br\/terapiaocupacional\/?page_id=1350"},"modified":"2023-09-11T10:43:36","modified_gmt":"2023-09-11T13:43:36","slug":"ubs-campus-capao-do-leao","status":"publish","type":"page","link":"https:\/\/wp.ufpel.edu.br\/terapiaocupacional\/ubs-campus-capao-do-leao\/","title":{"rendered":"UBS Campus Cap\u00e3o do Le\u00e3o"},"content":{"rendered":"<h3><strong>A UBS Campus Cap\u00e3o do Le\u00e3o atende estudantes e servidores da UFPel.<\/strong><\/h3>\n<p>Endere\u00e7o: UFPel, Campus Cap\u00e3o do Le\u00e3o, Pr\u00e9dio 5.<\/p>\n<p>Contatos: (53) 3275.7228 \/ (53) 99197.4304 (whats)<\/p>\n<p>Link: <a href=\"https:\/\/dms.ufpel.edu.br\/site\/?page_id=1333\">https:\/\/dms.ufpel.edu.br\/site\/?page_id=1333<\/a><\/p>\n<p>&nbsp;<\/p>\n","protected":false},"excerpt":{"rendered":"<p>A UBS Campus Cap\u00e3o do Le\u00e3o atende estudantes e servidores da UFPel. Endere\u00e7o: UFPel, Campus Cap\u00e3o do Le\u00e3o, Pr\u00e9dio 5. Contatos: (53) 3275.7228 \/ (53) 99197.4304 (whats) Link: https:\/\/dms.ufpel.edu.br\/site\/?page_id=1333 &nbsp;<\/p>\n","protected":false},"author":189,"featured_media":0,"parent":0,"menu_order":0,"comment_status":"closed","ping_status":"closed","template":"","meta":{"footnotes":""},"class_list":["post-1350","page","type-page","status-publish","hentry"],"_links":{"self":[{"href":"https:\/\/wp.ufpel.edu.br\/terapiaocupacional\/wp-json\/wp\/v2\/pages\/1350","targetHints":{"allow":["GET"]}}],"collection":[{"href":"https:\/\/wp.ufpel.edu.br\/terapiaocupacional\/wp-json\/wp\/v2\/pages"}],"about":[{"href":"https:\/\/wp.ufpel.edu.br\/terapiaocupacional\/wp-json\/wp\/v2\/types\/page"}],"author":[{"embeddable":true,"href":"https:\/\/wp.ufpel.edu.br\/terapiaocupacional\/wp-json\/wp\/v2\/users\/189"}],"replies":[{"embeddable":true,"href":"https:\/\/wp.ufpel.edu.br\/terapiaocupacional\/wp-json\/wp\/v2\/comments?post=1350"}],"version-history":[{"count":3,"href":"https:\/\/wp.ufpel.edu.br\/terapiaocupacional\/wp-json\/wp\/v2\/pages\/1350\/revisions"}],"predecessor-version":[{"id":1576,"href":"https:\/\/wp.ufpel.edu.br\/terapiaocupacional\/wp-json\/wp\/v2\/pages\/1350\/revisions\/1576"}],"wp:attachment":[{"href":"https:\/\/wp.ufpel.edu.br\/terapiaocupacional\/wp-json\/wp\/v2\/media?parent=1350"}],"curies":[{"name":"wp","href":"https:\/\/api.w.org\/{rel}","templated":true}]}}