{"id":1302,"date":"2023-06-08T21:39:03","date_gmt":"2023-06-09T00:39:03","guid":{"rendered":"https:\/\/wp.ufpel.edu.br\/terapiaocupacional\/?page_id=1302"},"modified":"2025-05-22T23:09:25","modified_gmt":"2025-05-23T02:09:25","slug":"duvidas-discentes","status":"publish","type":"page","link":"https:\/\/wp.ufpel.edu.br\/terapiaocupacional\/duvidas-discentes\/","title":{"rendered":"D\u00favidas Discentes"},"content":{"rendered":"<p><strong>A seguir constam algumas d\u00favidas frequentes entre os discentes relativo ao \u00e2mbito acad\u00eamico. <\/strong><\/p>\n<p>Outras d\u00favidas podem ser consultadas no site da UFPel: <a href=\"https:\/\/portal.ufpel.edu.br\">https:\/\/portal.ufpel.edu.br<\/a> e\/ou enviadas para o e-mail: <a href=\"mailto:terapia.ocupacional@ufpel.edu.br\">terapia.ocupacional@ufpel.edu.br<\/a><\/p>\n<p>&nbsp;<\/p>\n<ul>\n<li><strong>Sistema Cobalto:<\/strong> Acesse o link <a href=\"https:\/\/cobalto.ufpel.edu.br\">https:\/\/cobalto.ufpel.edu.br<\/a><\/li>\n<\/ul>\n<p>&nbsp;<\/p>\n<ul>\n<li><strong>E-aula: <\/strong>Trata-se de uma plataforma de apoio ao ensino presencial e EaD da UFPel, podendo ser acessada pelo link <a href=\"https:\/\/e-aula.ufpel.edu.br\">https:\/\/e-aula.ufpel.edu.br<\/a><\/li>\n<\/ul>\n<p>&nbsp;<\/p>\n<ul>\n<li><strong>Carteira de Identifica\u00e7\u00e3o do Estudante na UFPel (foto): <\/strong>Por meio do sistema Cobalto, na coluna da esquerda acesse: servi\u00e7os gerais\/cadastros\/envio de foto para crach\u00e1, conforme link <a href=\"https:\/\/wikicobalto.ufpel.edu.br\/suporte:sg:atualizafoto\">https:\/\/wikicobalto.ufpel.edu.br\/suporte:sg:atualizafoto<\/a><\/li>\n<\/ul>\n<p>&nbsp;<\/p>\n<ul>\n<li><strong>Consulta de Refer\u00eancias nas Bibliotecas da UFPel:<\/strong> \u00c9 preciso comparecer a qualquer biblioteca da UFPel portando documento de identifica\u00e7\u00e3o oficial com foto. Ser\u00e3o preenchidos dados cadastrais e criada uma senha de acesso. A partir dessa senha e de seu n\u00famero de matr\u00edcula ser\u00e1 poss\u00edvel, tamb\u00e9m, consultar a biblioteca on-line (Pergamum) pelo site <a href=\"https:\/\/pergamum.ufpel.edu.br\/pergamum\/biblioteca\/\">https:\/\/pergamum.ufpel.edu.br\/pergamum\/biblioteca\/<\/a><\/li>\n<\/ul>\n<p>&nbsp;<\/p>\n<ul>\n<li><strong>Solicita\u00e7\u00e3o de ficha catalogr\u00e1fica para trabalhos acad\u00eamicos:<\/strong> Realizada pelo Cobalto, conforme tutorial no link <a href=\"https:\/\/wp.ufpel.edu.br\/sisbi\/files\/2024\/07\/SOLICITACAO-DE-FICHA.pdf\">https:\/\/wp.ufpel.edu.br\/sisbi\/files\/2024\/07\/SOLICITACAO-DE-FICHA.pdf<\/a><\/li>\n<\/ul>\n<p>&nbsp;<\/p>\n<ul>\n<li><strong>Aux\u00edlio Estudantil na UFPel: <\/strong>Informa\u00e7\u00f5es acerca dos aux\u00edlios ao discente podem ser obtidas com a Pr\u00f3-Reitoria de Assuntos Estudantis (PRAE) pelo link <a href=\"https:\/\/wp.ufpel.edu.br\/prae\/\">https:\/\/wp.ufpel.edu.br\/prae\/<\/a><\/li>\n<\/ul>\n<p>&nbsp;<\/p>\n<ul>\n<li><strong>Localiza\u00e7\u00e3o, Funcionamento e Valores dos Restaurantes Universit\u00e1rios (RUs) da UFPel: <\/strong>Tais informa\u00e7\u00f5es podem ser obtidas acessando o link <a href=\"https:\/\/wp.ufpel.edu.br\/prae\/restaurante-universitario\/enderecos\/\">https:\/\/wp.ufpel.edu.br\/prae\/restaurante-universitario\/enderecos\/<\/a><\/li>\n<\/ul>\n<p>&nbsp;<\/p>\n<ul>\n<li><strong>Transporte de Apoio da UFPel:<\/strong> Trata-se de um servi\u00e7o gratuito oferecido pela UFPel destinado a facilitar o deslocamento dos estudantes entre os <em>campi<\/em>. Maiores informa\u00e7\u00f5es sobre os hor\u00e1rios e linhas, consulte o link do N\u00facleo de Transporte (NUTRANS) <a href=\"https:\/\/wp.ufpel.edu.br\/transporte\/transporte-apoio\/\">https:\/\/wp.ufpel.edu.br\/transporte\/transporte-apoio\/<\/a><\/li>\n<\/ul>\n<p>&nbsp;<\/p>\n<ul>\n<li><strong>NAI (N\u00facleo de Acessibilidade e Inclus\u00e3o):<\/strong> Informa\u00e7\u00f5es pelo link <a href=\"https:\/\/wp.ufpel.edu.br\/nai\/#\">https:\/\/wp.ufpel.edu.br\/nai\/#<\/a><\/li>\n<\/ul>\n<p>&nbsp;<\/p>\n<ul>\n<li><strong>Atestado de Matr\u00edcula ou de V\u00ednculo: <\/strong>\u00c9 poss\u00edvel fazer download de ambos atestados por meio do sistema Cobalto acessando com seu login e senha. Na coluna da esquerda acesse: aluno\/consultas\/matr\u00edcula ou aluno\/consultas\/v\u00ednculo. Ao clicar em \u201cimprimir\u201d no alto da tela, o arquivo ser\u00e1 gerado em formato PDF com um c\u00f3digo validador ao final da p\u00e1gina.<\/li>\n<\/ul>\n<p>&nbsp;<\/p>\n<ul>\n<li><strong>Solicita\u00e7\u00e3o de Segunda Chamada de uma Avalia\u00e7\u00e3o:<\/strong> Conforme informa\u00e7\u00f5es da Coordena\u00e7\u00e3o de Registros Acad\u00eamicos (CRA), o fluxo para solicita\u00e7\u00e3o \u00e9 elucidado no link <a href=\"https:\/\/wp.ufpel.edu.br\/cra\/informacoes-academicas\/avaliacao-segunda-chamada\/\">https:\/\/wp.ufpel.edu.br\/cra\/informacoes-academicas\/avaliacao-segunda-chamada\/<\/a><\/li>\n<\/ul>\n<p>&nbsp;<\/p>\n<ul>\n<li><strong>Solicita\u00e7\u00e3o de Exerc\u00edcios Domiciliares:<\/strong> Possibilidade de substitui\u00e7\u00e3o da frequ\u00eancia \u00e0s aulas por atividades orientadas fora do ambiente acad\u00eamico. Para maiores informa\u00e7\u00f5es, acesse o link: <a href=\"https:\/\/wp.ufpel.edu.br\/cra\/informacoes-academicas\/exercicios-domiciliares\/\">https:\/\/wp.ufpel.edu.br\/cra\/informacoes-academicas\/exercicios-domiciliares\/<\/a><\/li>\n<\/ul>\n<p>&nbsp;<\/p>\n<ul>\n<li><strong>Informa\u00e7\u00f5es sobre Matr\u00edcula (rematr\u00edcula, corre\u00e7\u00e3o de matr\u00edcula, matr\u00edcula especial): <\/strong>Conforme informa\u00e7\u00f5es da Coordena\u00e7\u00e3o de Registros Acad\u00eamicos (CRA), consulte o link correspondente \u00e0 sua necessidade <a href=\"https:\/\/wp.ufpel.edu.br\/cra\/informacoes-academicas\/matricula\/\">https:\/\/wp.ufpel.edu.br\/cra\/informacoes-academicas\/matricula\/<\/a><\/li>\n<\/ul>\n<p>&nbsp;<\/p>\n<ul>\n<li><strong>Trancamento de Disciplina:<\/strong> Pode ser realizado pelo discente no sistema Cobalto, conforme informa\u00e7\u00f5es da Coordena\u00e7\u00e3o de Registros Acad\u00eamicos (CRA) no link <a href=\"https:\/\/wp.ufpel.edu.br\/cra\/informacoes-academicas\/trancamentos\/\">https:\/\/wp.ufpel.edu.br\/cra\/informacoes-academicas\/trancamentos\/<\/a><\/li>\n<\/ul>\n<p>&nbsp;<\/p>\n<ul>\n<li><strong>Trancamento do Curso (Trancamento Geral de Matr\u00edcula \u2013 TGM): <\/strong>Pode ser realizado pelo discente no sistema Cobalto, conforme informa\u00e7\u00f5es da Coordena\u00e7\u00e3o de Registros Acad\u00eamicos (CRA) no link <a href=\"https:\/\/wp.ufpel.edu.br\/cra\/informacoes-academicas\/trancamentos\/\">https:\/\/wp.ufpel.edu.br\/cra\/informacoes-academicas\/trancamentos\/<\/a><\/li>\n<\/ul>\n","protected":false},"excerpt":{"rendered":"<p>A seguir constam algumas d\u00favidas frequentes entre os discentes relativo ao \u00e2mbito acad\u00eamico. Outras d\u00favidas podem ser consultadas no site da UFPel: https:\/\/portal.ufpel.edu.br e\/ou enviadas para o e-mail: terapia.ocupacional@ufpel.edu.br &nbsp; Sistema Cobalto: Acesse o link https:\/\/cobalto.ufpel.edu.br &nbsp; E-aula: Trata-se de uma plataforma de apoio ao ensino presencial e EaD da UFPel, podendo ser acessada pelo [&hellip;]<\/p>\n","protected":false},"author":189,"featured_media":0,"parent":0,"menu_order":0,"comment_status":"closed","ping_status":"closed","template":"","meta":{"footnotes":""},"class_list":["post-1302","page","type-page","status-publish","hentry"],"_links":{"self":[{"href":"https:\/\/wp.ufpel.edu.br\/terapiaocupacional\/wp-json\/wp\/v2\/pages\/1302","targetHints":{"allow":["GET"]}}],"collection":[{"href":"https:\/\/wp.ufpel.edu.br\/terapiaocupacional\/wp-json\/wp\/v2\/pages"}],"about":[{"href":"https:\/\/wp.ufpel.edu.br\/terapiaocupacional\/wp-json\/wp\/v2\/types\/page"}],"author":[{"embeddable":true,"href":"https:\/\/wp.ufpel.edu.br\/terapiaocupacional\/wp-json\/wp\/v2\/users\/189"}],"replies":[{"embeddable":true,"href":"https:\/\/wp.ufpel.edu.br\/terapiaocupacional\/wp-json\/wp\/v2\/comments?post=1302"}],"version-history":[{"count":7,"href":"https:\/\/wp.ufpel.edu.br\/terapiaocupacional\/wp-json\/wp\/v2\/pages\/1302\/revisions"}],"predecessor-version":[{"id":1798,"href":"https:\/\/wp.ufpel.edu.br\/terapiaocupacional\/wp-json\/wp\/v2\/pages\/1302\/revisions\/1798"}],"wp:attachment":[{"href":"https:\/\/wp.ufpel.edu.br\/terapiaocupacional\/wp-json\/wp\/v2\/media?parent=1302"}],"curies":[{"name":"wp","href":"https:\/\/api.w.org\/{rel}","templated":true}]}}