{"id":7,"date":"2022-02-07T17:07:45","date_gmt":"2022-02-07T20:07:45","guid":{"rendered":"https:\/\/wp.ufpel.edu.br\/teliganoca\/?page_id=7"},"modified":"2022-02-09T17:10:48","modified_gmt":"2022-02-09T20:10:48","slug":"tutoriais","status":"publish","type":"page","link":"https:\/\/wp.ufpel.edu.br\/teliganoca\/tutoriais\/","title":{"rendered":"MATERIAIS"},"content":{"rendered":"<p>Aqui voc\u00ea encontra os materiais produzidos pelo Projeto Te Liga No CA. S\u00e3o tutoriais em v\u00eddeo e PDF que tem por objetivo auxiliar a comunidade interna do Centro de Artes em suas rotinas administrativas.<\/p>\n","protected":false},"excerpt":{"rendered":"<p>Aqui voc\u00ea encontra os materiais produzidos pelo Projeto Te Liga No CA. S\u00e3o tutoriais em v\u00eddeo e PDF que tem por objetivo auxiliar a comunidade interna do Centro de Artes em suas rotinas administrativas.<\/p>\n","protected":false},"author":1219,"featured_media":0,"parent":0,"menu_order":0,"comment_status":"closed","ping_status":"closed","template":"","meta":{"footnotes":""},"class_list":["post-7","page","type-page","status-publish","hentry","nodate","item-wrap"],"jetpack_sharing_enabled":true,"_links":{"self":[{"href":"https:\/\/wp.ufpel.edu.br\/teliganoca\/wp-json\/wp\/v2\/pages\/7","targetHints":{"allow":["GET"]}}],"collection":[{"href":"https:\/\/wp.ufpel.edu.br\/teliganoca\/wp-json\/wp\/v2\/pages"}],"about":[{"href":"https:\/\/wp.ufpel.edu.br\/teliganoca\/wp-json\/wp\/v2\/types\/page"}],"author":[{"embeddable":true,"href":"https:\/\/wp.ufpel.edu.br\/teliganoca\/wp-json\/wp\/v2\/users\/1219"}],"replies":[{"embeddable":true,"href":"https:\/\/wp.ufpel.edu.br\/teliganoca\/wp-json\/wp\/v2\/comments?post=7"}],"version-history":[{"count":5,"href":"https:\/\/wp.ufpel.edu.br\/teliganoca\/wp-json\/wp\/v2\/pages\/7\/revisions"}],"predecessor-version":[{"id":131,"href":"https:\/\/wp.ufpel.edu.br\/teliganoca\/wp-json\/wp\/v2\/pages\/7\/revisions\/131"}],"wp:attachment":[{"href":"https:\/\/wp.ufpel.edu.br\/teliganoca\/wp-json\/wp\/v2\/media?parent=7"}],"curies":[{"name":"wp","href":"https:\/\/api.w.org\/{rel}","templated":true}]}}