{"id":45,"date":"2022-02-08T15:01:16","date_gmt":"2022-02-08T18:01:16","guid":{"rendered":"https:\/\/wp.ufpel.edu.br\/teliganoca\/?page_id=45"},"modified":"2022-06-07T09:47:01","modified_gmt":"2022-06-07T12:47:01","slug":"tutoriais-em-video","status":"publish","type":"page","link":"https:\/\/wp.ufpel.edu.br\/teliganoca\/tutoriais-em-video\/","title":{"rendered":"TUTORIAIS EM V\u00cdDEO"},"content":{"rendered":"<p><a href=\"https:\/\/youtu.be\/jKOGUoG9oZ0\" target=\"_blank\" rel=\"noopener\">CR\u00c9DITOS OR\u00c7AMENT\u00c1RIOS | Modalidade de Aquisi\u00e7\u00f5es<\/a><\/p>\n<p><a href=\"https:\/\/youtu.be\/AZIERPi86XU\" target=\"_blank\" rel=\"noopener\">ETP | Estudo T\u00e9cnico Preliminar<\/a><\/p>\n<p><a href=\"https:\/\/youtu.be\/CkIbEg9KtlE\" target=\"_blank\" rel=\"noopener\">FORMUL\u00c1RIO | Abertura de Novo Preg\u00e3o<\/a><\/p>\n<p><a href=\"https:\/\/youtu.be\/JLfAwiT2rJU\" target=\"_blank\" rel=\"noopener\">FORMUL\u00c1RIO | Pedido de Compras Locais<\/a><\/p>\n<p><a href=\"https:\/\/youtu.be\/PNdKmFV5XHo\" target=\"_blank\" rel=\"noopener\">Levantamento de Necessidades Priorit\u00e1rias de Aquisi\u00e7\u00e3o 2022<\/a><\/p>\n<p><a href=\"https:\/\/youtu.be\/eFxJpJR42iQ\" target=\"_blank\" rel=\"noopener\">LICITA\u00c7\u00c3O | Processo de Dispensa de Licita\u00e7\u00e3o<\/a><\/p>\n<p><a href=\"https:\/\/youtu.be\/Z-Vga8wFP7k\" target=\"_blank\" rel=\"noopener\">OR\u00c7AMENTO | Como Pedir Or\u00e7amento para Empresas Locais<\/a><\/p>\n<p><a href=\"https:\/\/youtu.be\/7rnxXrsV0qM\" target=\"_blank\" rel=\"noopener\">PREG\u00c3O | Aquisi\u00e7\u00e3o por Preg\u00e3o Vigente<\/a><\/p>\n<p><a href=\"https:\/\/youtu.be\/sFLYjByQtwo\" target=\"_blank\" rel=\"noopener\">PREG\u00c3O | Como Enviar o Pedido de Abertura de um Novo Preg\u00e3o<\/a><\/p>\n<p><a href=\"https:\/\/youtu.be\/ZiNCJjVf29Q\" target=\"_blank\" rel=\"noopener\">PREG\u00c3O | Processo de Abertura de Novo Preg\u00e3o<\/a><\/p>\n<p><a href=\"https:\/\/youtu.be\/7p2twrs6R_U\" target=\"_blank\" rel=\"noopener\">SEI | Ci\u00eancia e Encerramento de Processo<\/a><\/p>\n<p><a href=\"https:\/\/youtu.be\/gm2nIMAXqVM\" target=\"_blank\" rel=\"noopener\">SEI | Reabertura de Processo<\/a><\/p>\n<p><a href=\"https:\/\/youtu.be\/oPli4cpK9So\" target=\"_blank\" rel=\"noopener\">SISREF | Banco de Horas e Cr\u00e9dito de Compensa\u00e7\u00e3o<\/a><\/p>\n<p><a href=\"https:\/\/youtu.be\/SjWHD5r-5NQ\" target=\"_blank\" rel=\"noopener\">SISREF | Homologa\u00e7\u00e3o de Frequ\u00eancia<\/a><\/p>\n<p><a href=\"https:\/\/youtu.be\/A7JHSwf4GzI\" target=\"_blank\" rel=\"noopener\">SUPORTE | Computadores e Redes<\/a><\/p>\n<p>&nbsp;<\/p>\n","protected":false},"excerpt":{"rendered":"<p>CR\u00c9DITOS OR\u00c7AMENT\u00c1RIOS | Modalidade de Aquisi\u00e7\u00f5es ETP | Estudo T\u00e9cnico Preliminar FORMUL\u00c1RIO | Abertura de Novo Preg\u00e3o FORMUL\u00c1RIO | Pedido de Compras Locais Levantamento de Necessidades Priorit\u00e1rias de Aquisi\u00e7\u00e3o 2022 LICITA\u00c7\u00c3O | Processo de Dispensa de Licita\u00e7\u00e3o OR\u00c7AMENTO | Como Pedir Or\u00e7amento para Empresas Locais PREG\u00c3O | Aquisi\u00e7\u00e3o por Preg\u00e3o Vigente PREG\u00c3O | Como Enviar &hellip; <\/p>\n<p><a class=\"more-link btn\" href=\"https:\/\/wp.ufpel.edu.br\/teliganoca\/tutoriais-em-video\/\">Continue lendo<\/a><\/p>\n","protected":false},"author":1219,"featured_media":0,"parent":0,"menu_order":0,"comment_status":"closed","ping_status":"closed","template":"","meta":{"footnotes":""},"class_list":["post-45","page","type-page","status-publish","hentry","nodate","item-wrap"],"jetpack_sharing_enabled":true,"_links":{"self":[{"href":"https:\/\/wp.ufpel.edu.br\/teliganoca\/wp-json\/wp\/v2\/pages\/45","targetHints":{"allow":["GET"]}}],"collection":[{"href":"https:\/\/wp.ufpel.edu.br\/teliganoca\/wp-json\/wp\/v2\/pages"}],"about":[{"href":"https:\/\/wp.ufpel.edu.br\/teliganoca\/wp-json\/wp\/v2\/types\/page"}],"author":[{"embeddable":true,"href":"https:\/\/wp.ufpel.edu.br\/teliganoca\/wp-json\/wp\/v2\/users\/1219"}],"replies":[{"embeddable":true,"href":"https:\/\/wp.ufpel.edu.br\/teliganoca\/wp-json\/wp\/v2\/comments?post=45"}],"version-history":[{"count":11,"href":"https:\/\/wp.ufpel.edu.br\/teliganoca\/wp-json\/wp\/v2\/pages\/45\/revisions"}],"predecessor-version":[{"id":328,"href":"https:\/\/wp.ufpel.edu.br\/teliganoca\/wp-json\/wp\/v2\/pages\/45\/revisions\/328"}],"wp:attachment":[{"href":"https:\/\/wp.ufpel.edu.br\/teliganoca\/wp-json\/wp\/v2\/media?parent=45"}],"curies":[{"name":"wp","href":"https:\/\/api.w.org\/{rel}","templated":true}]}}