{"id":151,"date":"2022-02-10T08:25:55","date_gmt":"2022-02-10T11:25:55","guid":{"rendered":"https:\/\/wp.ufpel.edu.br\/teliganoca\/?page_id=151"},"modified":"2022-04-13T10:42:30","modified_gmt":"2022-04-13T13:42:30","slug":"formularios","status":"publish","type":"page","link":"https:\/\/wp.ufpel.edu.br\/teliganoca\/formularios\/","title":{"rendered":"FORMUL\u00c1RIOS"},"content":{"rendered":"<p><a href=\"https:\/\/wp.ufpel.edu.br\/teliganoca\/files\/2022\/04\/MODELO-PARA-SOLICITACAO-DE-ORCAMENTO-LOCAL.docx\">Pedido de Or\u00e7amento para Compras Locais<\/a><\/p>\n<p><a href=\"https:\/\/forms.gle\/gaharwVUEmmTkkJv5\" target=\"_blank\" rel=\"noopener\">Estudo T\u00e9cnico Preliminar (ETP)<\/a><\/p>\n<p><a href=\"https:\/\/wp.ufpel.edu.br\/teliganoca\/files\/2022\/04\/FORMULARIO-PARA-PEDIDOS-DE-ABERTURA-DE-PREGOES.docx\">Novos Preg\u00f5es<\/a><\/p>\n","protected":false},"excerpt":{"rendered":"<p>Pedido de Or\u00e7amento para Compras Locais Estudo T\u00e9cnico Preliminar (ETP) Novos Preg\u00f5es<\/p>\n","protected":false},"author":1219,"featured_media":0,"parent":0,"menu_order":0,"comment_status":"closed","ping_status":"closed","template":"","meta":{"footnotes":""},"class_list":["post-151","page","type-page","status-publish","hentry","nodate","item-wrap"],"jetpack_sharing_enabled":true,"_links":{"self":[{"href":"https:\/\/wp.ufpel.edu.br\/teliganoca\/wp-json\/wp\/v2\/pages\/151","targetHints":{"allow":["GET"]}}],"collection":[{"href":"https:\/\/wp.ufpel.edu.br\/teliganoca\/wp-json\/wp\/v2\/pages"}],"about":[{"href":"https:\/\/wp.ufpel.edu.br\/teliganoca\/wp-json\/wp\/v2\/types\/page"}],"author":[{"embeddable":true,"href":"https:\/\/wp.ufpel.edu.br\/teliganoca\/wp-json\/wp\/v2\/users\/1219"}],"replies":[{"embeddable":true,"href":"https:\/\/wp.ufpel.edu.br\/teliganoca\/wp-json\/wp\/v2\/comments?post=151"}],"version-history":[{"count":11,"href":"https:\/\/wp.ufpel.edu.br\/teliganoca\/wp-json\/wp\/v2\/pages\/151\/revisions"}],"predecessor-version":[{"id":263,"href":"https:\/\/wp.ufpel.edu.br\/teliganoca\/wp-json\/wp\/v2\/pages\/151\/revisions\/263"}],"wp:attachment":[{"href":"https:\/\/wp.ufpel.edu.br\/teliganoca\/wp-json\/wp\/v2\/media?parent=151"}],"curies":[{"name":"wp","href":"https:\/\/api.w.org\/{rel}","templated":true}]}}