{"id":787,"date":"2025-09-29T15:07:11","date_gmt":"2025-09-29T18:07:11","guid":{"rendered":"https:\/\/wp.ufpel.edu.br\/tecsol\/?page_id=787"},"modified":"2025-09-29T15:23:07","modified_gmt":"2025-09-29T18:23:07","slug":"redes","status":"publish","type":"page","link":"https:\/\/wp.ufpel.edu.br\/tecsol\/redes\/","title":{"rendered":"Redes"},"content":{"rendered":"<p>O <span style=\"color: #008000;\"><strong>N\u00facleo Tecsol<\/strong><\/span> faz parte de diferentes <span style=\"color: #0000ff;\"><strong>redes<\/strong><\/span> de articula\u00e7\u00e3o, de \u00e2mbito acad\u00eamico ou social, relacionadas \u00e0s suas atividades. S\u00e3o elas:<\/p>\n<p><span style=\"color: #800000;\"><strong>Rede Universit\u00e1ria de Incubadoras Tecnol\u00f3gicas de Cooperativas Populares (Rede de ITCPs)<\/strong><\/span><\/p>\n<p>Fundada em 1998; o Tecsol participa dela desde 2011. \u00c9 formada por cerca 38 incubadoras de universidades brasileiras, que assessoram empreendimentos econ\u00f4micos solid\u00e1rios nas cinco regi\u00f5es geogr\u00e1ficas do Brasil e que compartilham entre si princ\u00edpios, metodologias e experi\u00eancias.<\/p>\n<p><span style=\"color: #800000;\"><strong>Comit\u00ea Acad\u00eamico de Processos Cooperativos e Associativos &#8211; Associa\u00e7\u00e3o de Universidades do Grupo Montevideu (PROCOAS-AUGM)<\/strong><\/span><\/p>\n<p>A AUGM foi fundada em 1991 e \u00e9 uma rede de universidades p\u00fablicas dos pa\u00edses do Mercosul.<\/p>\n<p>Dela fazem parte 19 universidades brasileiras (incluindo a UFPel, desde 2024). Al\u00e9m do Brasil, participam 18 universidades da Argentina, 3 da Bol\u00edvia, 4 do Chile, 5 do Paraguai, 1 (uma) do Uruguai e 1 (uma) da Col\u00f4mbia.<\/p>\n<p>O Procoas-AUGM \u00e9 o Comit\u00ea Acad\u00eamico sobre Processos Cooperativos e Associativos, do qual fazem parte 34 programas (das 51 universidades associadas) relacionados \u00e0 economia solid\u00e1ria e cooperativismo, sendo 15 do Brasil, 12 da Argentina, 2 (dois) da Bol\u00edvia, 2 (dois) do Chile, 2 (dois) do Paraguai e 1 (um) do Uruguai.<\/p>\n<p>O Tecsol-UFPel ingressou no Procoas-AUGM em 2025.<\/p>\n<p><span style=\"color: #800000;\"><strong>Rede Bem da Terra &#8211; Com\u00e9rcio Justo e Solid\u00e1rio<\/strong><\/span><\/p>\n<p>Conformada em torno da Associa\u00e7\u00e3o Bem da Terra &#8211; fundada em 2009 -, re\u00fane empreendimentos econ\u00f4micos solid\u00e1rios, de diferentes ramos produtivos, e entidades de apoio e fomento (Tecsol-UFPel e Nesol-IFSul) com o objetivo de desenvolver a\u00e7\u00f5es e estruturas de comercializa\u00e7\u00e3o conjunta para os empreendimentos associados, na regi\u00e3o sul do RS.<\/p>\n<p>O Tecsol-UFPel participa da Rede Bem da Terra desde 2011.<\/p>\n<p><span style=\"color: #800000;\"><strong>F\u00f3rum de Economia Popular Solid\u00e1ria de Pelotas<\/strong><\/span><\/p>\n<p>O FESPEL foi criado logo ap\u00f3s a dissolu\u00e7\u00e3o do F\u00f3rum Microrregional de Economia Popular e Solid\u00e1ria da Regi\u00e3o Sul do RS, em 2021. Ele \u00e9 formado por empreendimentos solid\u00e1rios de Pelotas e o Tecsol participa dele desde sua funda\u00e7\u00e3o.<\/p>\n","protected":false},"excerpt":{"rendered":"<p>O N\u00facleo Tecsol faz parte de diferentes redes de articula\u00e7\u00e3o, de \u00e2mbito acad\u00eamico ou social, relacionadas \u00e0s suas atividades. S\u00e3o elas: Rede Universit\u00e1ria de Incubadoras Tecnol\u00f3gicas de Cooperativas Populares (Rede de ITCPs) Fundada em 1998; o Tecsol participa dela desde 2011. \u00c9 formada por cerca 38 incubadoras de universidades brasileiras, que assessoram empreendimentos econ\u00f4micos solid\u00e1rios [&hellip;]<\/p>\n","protected":false},"author":433,"featured_media":0,"parent":0,"menu_order":0,"comment_status":"closed","ping_status":"closed","template":"","meta":{"jetpack_post_was_ever_published":false,"footnotes":""},"class_list":["post-787","page","type-page","status-publish","hentry"],"jetpack_sharing_enabled":true,"jetpack_shortlink":"https:\/\/wp.me\/P4Za1Q-cH","_links":{"self":[{"href":"https:\/\/wp.ufpel.edu.br\/tecsol\/wp-json\/wp\/v2\/pages\/787","targetHints":{"allow":["GET"]}}],"collection":[{"href":"https:\/\/wp.ufpel.edu.br\/tecsol\/wp-json\/wp\/v2\/pages"}],"about":[{"href":"https:\/\/wp.ufpel.edu.br\/tecsol\/wp-json\/wp\/v2\/types\/page"}],"author":[{"embeddable":true,"href":"https:\/\/wp.ufpel.edu.br\/tecsol\/wp-json\/wp\/v2\/users\/433"}],"replies":[{"embeddable":true,"href":"https:\/\/wp.ufpel.edu.br\/tecsol\/wp-json\/wp\/v2\/comments?post=787"}],"version-history":[{"count":2,"href":"https:\/\/wp.ufpel.edu.br\/tecsol\/wp-json\/wp\/v2\/pages\/787\/revisions"}],"predecessor-version":[{"id":794,"href":"https:\/\/wp.ufpel.edu.br\/tecsol\/wp-json\/wp\/v2\/pages\/787\/revisions\/794"}],"wp:attachment":[{"href":"https:\/\/wp.ufpel.edu.br\/tecsol\/wp-json\/wp\/v2\/media?parent=787"}],"curies":[{"name":"wp","href":"https:\/\/api.w.org\/{rel}","templated":true}]}}