{"id":430,"date":"2022-02-25T15:02:21","date_gmt":"2022-02-25T18:02:21","guid":{"rendered":"https:\/\/wp.ufpel.edu.br\/tecsol\/?page_id=430"},"modified":"2022-03-02T12:42:41","modified_gmt":"2022-03-02T15:42:41","slug":"metodologia-2","status":"publish","type":"page","link":"https:\/\/wp.ufpel.edu.br\/tecsol\/metodologia-2\/","title":{"rendered":"Metodologia"},"content":{"rendered":"<p><span style=\"color: #000000\">Os programas e projetos desenvolvidos pelo N\u00facleo Tecsol-UFPel, incluindo a Incubadora Tecsol,\u00a0 s\u00e3o orientados a partir dos seguintes <strong>princ\u00edpios:<\/strong><\/span><\/p>\n<ul>\n<li><span style=\"color: #000000\">interdisciplinaridade<\/span><\/li>\n<li><span style=\"color: #000000\">horizontalidade das rela\u00e7\u00f5es<\/span><\/li>\n<li><span style=\"color: #000000\">solidariedade<\/span><\/li>\n<li><span style=\"color: #000000\">coopera\u00e7\u00e3o<\/span><\/li>\n<li><span style=\"color: #000000\">autogest\u00e3o<\/span><\/li>\n<li><span style=\"color: #000000\">sustentabilidade<\/span><\/li>\n<li><span style=\"color: #000000\">defesa da educa\u00e7\u00e3o p\u00fablica e gratuita, de qualidade, e socialmente referenciada<\/span><\/li>\n<\/ul>\n<p><span style=\"color: #000000\">Os projetos de <strong>extens\u00e3o universit\u00e1ria<\/strong> desenvolvidos pelo N\u00facleo Tecsol e pela Incubadora Tecsol est\u00e3o pautados pela metodologia da <em>educa\u00e7\u00e3o popular<\/em> (referenciada em Paulo Freire) e pela <em>pesquisa-a\u00e7\u00e3o cooperativa<\/em> (referenciada em Henri Desroche).<\/span><\/p>\n<p><span style=\"color: #000000\">Os projetos de\u00a0<strong>inova\u00e7\u00e3o tecnol\u00f3gica <\/strong>s\u00e3o desenvolvidos a partir das no\u00e7\u00f5es e princ\u00edpios da\u00a0<em>tecnoci\u00eancia solid\u00e1ria\u00a0<\/em>(referenciada em Renato Dagnino).<\/span><\/p>\n<p><span style=\"color: #000000\">Os projetos de\u00a0<strong>incuba\u00e7\u00e3o\u00a0<\/strong>e de\u00a0<strong>p\u00f3s-incuba\u00e7\u00e3o\u00a0<\/strong>de empreendimentos econ\u00f4micos solid\u00e1rios est\u00e3o referenciados nos debates metodol\u00f3gicos desenvolvidos no \u00e2mbito da Rede Universit\u00e1ria de Incubadoras Tecnol\u00f3gicas de Cooperativas Populares (Rede de ITCPs), do Brasil.<\/span><\/p>\n<p><span style=\"color: #000000\"><em>Metodologia de incuba\u00e7\u00e3o da Incubadora Tecsol<\/em><\/span><\/p>\n<p><span style=\"color: #000000\">A partir dos princ\u00edpios te\u00f3rico-metodol\u00f3gicos enunciados acima, a Incubadora Tecsol estrutura seus processos de incuba\u00e7\u00e3o e p\u00f3s-incuba\u00e7\u00e3o a partir das seguintes etapas:<\/span><\/p>\n<p><span style=\"color: #000000\">(a) pr\u00e9-projeto (ou &#8216;pr\u00e9-incuba\u00e7\u00e3o&#8217;): per\u00edodo de aproxima\u00e7\u00e3o entre equipe de incuba\u00e7\u00e3o (EqInc) e grupo social organizado (GS), em que se desenvolvem atividades de m\u00fatuo reconhecimento, de co-constru\u00e7\u00e3o metodol\u00f3gica e de defini\u00e7\u00e3o do Termo de Compromisso e Responsabilidade (TCR) das partes.<\/span><\/p>\n<p><span style=\"color: #000000\">(b) desenvolvimento (ou &#8216;incuba\u00e7\u00e3o&#8217;): per\u00edodo de m\u00e9dio prazo &#8211; dois a tr\u00eas anos &#8211; em que a EqInc e o GS desenvolvem a\u00e7\u00f5es conjuntas de ensino-aprendizagem (reuni\u00f5es, cursos, assessoramentos, visitas t\u00e9cnicas, rodas de conversa, psicodramas etc.) cujo objetivo \u00e9 potencializar a consolida\u00e7\u00e3o do empreendimento econ\u00f4mico solid\u00e1rio, com \u00eanfase nas seguintes \u00e1reas:<\/span><\/p>\n<ul>\n<li><span style=\"color: #000000\">planejamento e gest\u00e3o econ\u00f4mica cooperativa<\/span><\/li>\n<li><span style=\"color: #000000\">processos grupais emancipat\u00f3rios (exerc\u00edcio da autogest\u00e3o)<\/span><\/li>\n<li><span style=\"color: #000000\">inova\u00e7\u00e3o e desenvolvimento tecnocient\u00edfico solid\u00e1rio<\/span><\/li>\n<li><span style=\"color: #000000\">regulariza\u00e7\u00e3o legal e contabilidade participativa<\/span><\/li>\n<\/ul>\n<p><span style=\"color: #000000\">(c) encerramento (ou &#8216;desincuba\u00e7\u00e3o&#8217;): per\u00edodo em que a EqInc e o GS finalizam suas atividades, procedendo as avalia\u00e7\u00f5es compartilhadas e indicando desafios e possibilidades futuras para o empreendimento econ\u00f4mico solid\u00e1rio.<\/span><\/p>\n<p><span style=\"color: #000000\">De forma geral, o processo de incuba\u00e7\u00e3o dura de 2 a 3 anos.<\/span><\/p>\n<p><span style=\"color: #000000\">Os grupos em processo de incuba\u00e7\u00e3o n\u00e3o contribuem com quaisquer taxas.<\/span><\/p>\n<p><span style=\"color: #000000\">A avalia\u00e7\u00e3o e planejamento do processo \u00e9 feito de forma co-construtiva (EqInc + GS).<\/span><\/p>\n<p><span style=\"color: #000000\">O objetivo dos processos de incuba\u00e7\u00e3o e p\u00f3s-incuba\u00e7\u00e3o \u00e9 contribuir para o desenvolvimento da economia solid\u00e1ria, atrav\u00e9s do apoio da universidade aos empreendimentos.<\/span><\/p>\n","protected":false},"excerpt":{"rendered":"<p>Os programas e projetos desenvolvidos pelo N\u00facleo Tecsol-UFPel, incluindo a Incubadora Tecsol,\u00a0 s\u00e3o orientados a partir dos seguintes princ\u00edpios: interdisciplinaridade horizontalidade das rela\u00e7\u00f5es solidariedade coopera\u00e7\u00e3o autogest\u00e3o sustentabilidade defesa da educa\u00e7\u00e3o p\u00fablica e gratuita, de qualidade, e socialmente referenciada Os projetos de extens\u00e3o universit\u00e1ria desenvolvidos pelo N\u00facleo Tecsol e pela Incubadora Tecsol est\u00e3o pautados pela metodologia [&hellip;]<\/p>\n","protected":false},"author":433,"featured_media":0,"parent":0,"menu_order":0,"comment_status":"closed","ping_status":"closed","template":"","meta":{"jetpack_post_was_ever_published":false,"footnotes":""},"class_list":["post-430","page","type-page","status-publish","hentry"],"jetpack_sharing_enabled":true,"jetpack_shortlink":"https:\/\/wp.me\/P4Za1Q-6W","_links":{"self":[{"href":"https:\/\/wp.ufpel.edu.br\/tecsol\/wp-json\/wp\/v2\/pages\/430","targetHints":{"allow":["GET"]}}],"collection":[{"href":"https:\/\/wp.ufpel.edu.br\/tecsol\/wp-json\/wp\/v2\/pages"}],"about":[{"href":"https:\/\/wp.ufpel.edu.br\/tecsol\/wp-json\/wp\/v2\/types\/page"}],"author":[{"embeddable":true,"href":"https:\/\/wp.ufpel.edu.br\/tecsol\/wp-json\/wp\/v2\/users\/433"}],"replies":[{"embeddable":true,"href":"https:\/\/wp.ufpel.edu.br\/tecsol\/wp-json\/wp\/v2\/comments?post=430"}],"version-history":[{"count":4,"href":"https:\/\/wp.ufpel.edu.br\/tecsol\/wp-json\/wp\/v2\/pages\/430\/revisions"}],"predecessor-version":[{"id":463,"href":"https:\/\/wp.ufpel.edu.br\/tecsol\/wp-json\/wp\/v2\/pages\/430\/revisions\/463"}],"wp:attachment":[{"href":"https:\/\/wp.ufpel.edu.br\/tecsol\/wp-json\/wp\/v2\/media?parent=430"}],"curies":[{"name":"wp","href":"https:\/\/api.w.org\/{rel}","templated":true}]}}