{"id":14,"date":"2014-09-01T17:28:56","date_gmt":"2014-09-01T20:28:56","guid":{"rendered":"https:\/\/wp.ufpel.edu.br\/tecsol\/?page_id=14"},"modified":"2022-03-04T10:12:42","modified_gmt":"2022-03-04T13:12:42","slug":"editais","status":"publish","type":"page","link":"https:\/\/wp.ufpel.edu.br\/tecsol\/editais\/","title":{"rendered":"Editais"},"content":{"rendered":"<p><span style=\"background-color: #ffffff;color: #000000\"><strong>Editais em aberto<\/strong><\/span><\/p>\n<p><span style=\"color: #000000\">Edital Tecsol 01\/2022 &#8211;<\/span>\u00a0<a href=\"https:\/\/wp.ufpel.edu.br\/tecsol\/files\/2022\/03\/EDITAL-empreendimentos-2022-2.pdf\">sele\u00e7\u00e3o para incuba\u00e7\u00e3o e p\u00f3s-incuba\u00e7\u00e3o de grupos e empreendimentos<\/a><\/p>\n<p><span style=\"background-color: #ffffff;color: #000000\"><strong>Editais encerrados<\/strong><\/span><\/p>\n<p><a href=\"https:\/\/wp.ufpel.edu.br\/tecsol\/files\/2017\/08\/edital-bolsistas-tecsol-2017_02-a-retificado.pdf\">edital bolsistas tecsol 2017_02-a [retificado]<\/a><\/p>\n<p><span style=\"color: #000000\"><a style=\"color: #000000\" href=\"https:\/\/wp.ufpel.edu.br\/tecsol\/files\/2014\/09\/Edital-bolsista-Tecsol-2016.pdf\">Edital para sele\u00e7\u00e3o de bolsistas &#8211; 2016<\/a> <\/span><\/p>\n<p><a href=\"https:\/\/wp.ufpel.edu.br\/tecsol\/files\/2014\/09\/edital-bolsistas-tecsol-ufpel-2012.doc\">Edital para sele\u00e7\u00e3o de bolsistas &#8211; 2012\u00a0<\/a><\/p>\n<p><a href=\"https:\/\/wp.ufpel.edu.br\/tecsol\/files\/2014\/09\/edital-tecsol-2013.pdf\">Edital para sele\u00e7\u00e3o de bolsistas &#8211; 2013\u00a0<\/a><\/p>\n<p><a href=\"https:\/\/wp.ufpel.edu.br\/tecsol\/files\/2014\/09\/edital-bolsistas-tecsol-2014.pdf\">Edital para sele\u00e7\u00e3o de bolsistas &#8211; 2014 <\/a><\/p>\n<p><a href=\"https:\/\/wp.ufpel.edu.br\/tecsol\/files\/2014\/09\/edital-ev-tecsol-2014.pdf\">Edital de sele\u00e7\u00e3o para est\u00e1gio de viv\u00eancia &#8211; 2014\u00a0<\/a><\/p>\n<p><a href=\"https:\/\/wp.ufpel.edu.br\/tecsol\/files\/2014\/09\/edital-bolsistas-tecsol-2014-set.doc\">Edital de Sele\u00e7\u00e3o de Bolsistas &#8211; 2014 II<\/a><\/p>\n","protected":false},"excerpt":{"rendered":"<p>Editais em aberto Edital Tecsol 01\/2022 &#8211;\u00a0sele\u00e7\u00e3o para incuba\u00e7\u00e3o e p\u00f3s-incuba\u00e7\u00e3o de grupos e empreendimentos Editais encerrados edital bolsistas tecsol 2017_02-a [retificado] Edital para sele\u00e7\u00e3o de bolsistas &#8211; 2016 Edital para sele\u00e7\u00e3o de bolsistas &#8211; 2012\u00a0 Edital para sele\u00e7\u00e3o de bolsistas &#8211; 2013\u00a0 Edital para sele\u00e7\u00e3o de bolsistas &#8211; 2014 Edital de sele\u00e7\u00e3o para est\u00e1gio [&hellip;]<\/p>\n","protected":false},"author":433,"featured_media":0,"parent":0,"menu_order":0,"comment_status":"closed","ping_status":"closed","template":"","meta":{"jetpack_post_was_ever_published":false,"footnotes":""},"class_list":["post-14","page","type-page","status-publish","hentry"],"jetpack_sharing_enabled":true,"jetpack_shortlink":"https:\/\/wp.me\/P4Za1Q-e","_links":{"self":[{"href":"https:\/\/wp.ufpel.edu.br\/tecsol\/wp-json\/wp\/v2\/pages\/14","targetHints":{"allow":["GET"]}}],"collection":[{"href":"https:\/\/wp.ufpel.edu.br\/tecsol\/wp-json\/wp\/v2\/pages"}],"about":[{"href":"https:\/\/wp.ufpel.edu.br\/tecsol\/wp-json\/wp\/v2\/types\/page"}],"author":[{"embeddable":true,"href":"https:\/\/wp.ufpel.edu.br\/tecsol\/wp-json\/wp\/v2\/users\/433"}],"replies":[{"embeddable":true,"href":"https:\/\/wp.ufpel.edu.br\/tecsol\/wp-json\/wp\/v2\/comments?post=14"}],"version-history":[{"count":15,"href":"https:\/\/wp.ufpel.edu.br\/tecsol\/wp-json\/wp\/v2\/pages\/14\/revisions"}],"predecessor-version":[{"id":472,"href":"https:\/\/wp.ufpel.edu.br\/tecsol\/wp-json\/wp\/v2\/pages\/14\/revisions\/472"}],"wp:attachment":[{"href":"https:\/\/wp.ufpel.edu.br\/tecsol\/wp-json\/wp\/v2\/media?parent=14"}],"curies":[{"name":"wp","href":"https:\/\/api.w.org\/{rel}","templated":true}]}}