{"id":770,"date":"2013-10-24T10:40:32","date_gmt":"2013-10-24T12:40:32","guid":{"rendered":"https:\/\/wp.ufpel.edu.br\/tecnologiaalimentos\/?page_id=770"},"modified":"2025-03-31T15:11:59","modified_gmt":"2025-03-31T18:11:59","slug":"contato-secretaria","status":"publish","type":"page","link":"https:\/\/wp.ufpel.edu.br\/tecnologiaalimentos\/contato-secretaria\/","title":{"rendered":"Contato secretaria"},"content":{"rendered":"<p style=\"text-align: center\"><strong style=\"font-size: 1.5em\"><span style=\"color: #000000\"><span style=\"color: #993366\">Secret\u00e1ria Acad\u00eamica:<\/span><span style=\"color: #008000\">\u00a0<\/span><\/span><\/strong><\/p>\n<p style=\"text-align: center\">E-Mail:\u00a0<a href=\"https:\/\/wp.ufpel.edu.br\/tecnologiaalimentos\/grade-curricular\/contato-secretaria\/mailto-secretaria\/\">secretaufpel@gmail.com<\/a><\/p>\n<p style=\"text-align: center\"><span style=\"text-decoration: underline;color: #0000ff\"><span style=\"text-decoration: underline\">Endere\u00e7o: Campus Cap\u00e3o do Le\u00e3o, Pr\u00e9dio 31, Sala 102<\/span><\/span><\/p>\n<p style=\"text-align: center\"><span style=\"color: #0000ff\">Cx. Postal 354 &#8211; CEP 96010-900 &#8211; Pelotas\/RS<\/span><\/p>\n<p style=\"text-align: center\"><span style=\"color: #0000ff\"><span style=\"color: #000000\">Fone:\u00a0<\/span> (53) 3275 &#8211; 7454<\/span><\/p>\n<p>&nbsp;<\/p>\n","protected":false},"excerpt":{"rendered":"<p>Secret\u00e1ria Acad\u00eamica:\u00a0 E-Mail:\u00a0secretaufpel@gmail.com Endere\u00e7o: Campus Cap\u00e3o do Le\u00e3o, Pr\u00e9dio 31, Sala 102 Cx. Postal 354 &#8211; CEP 96010-900 &#8211; Pelotas\/RS Fone:\u00a0 (53) 3275 &#8211; 7454 &nbsp;<\/p>\n","protected":false},"author":61,"featured_media":0,"parent":0,"menu_order":0,"comment_status":"closed","ping_status":"closed","template":"","meta":{"footnotes":""},"class_list":["post-770","page","type-page","status-publish","hentry"],"_links":{"self":[{"href":"https:\/\/wp.ufpel.edu.br\/tecnologiaalimentos\/wp-json\/wp\/v2\/pages\/770","targetHints":{"allow":["GET"]}}],"collection":[{"href":"https:\/\/wp.ufpel.edu.br\/tecnologiaalimentos\/wp-json\/wp\/v2\/pages"}],"about":[{"href":"https:\/\/wp.ufpel.edu.br\/tecnologiaalimentos\/wp-json\/wp\/v2\/types\/page"}],"author":[{"embeddable":true,"href":"https:\/\/wp.ufpel.edu.br\/tecnologiaalimentos\/wp-json\/wp\/v2\/users\/61"}],"replies":[{"embeddable":true,"href":"https:\/\/wp.ufpel.edu.br\/tecnologiaalimentos\/wp-json\/wp\/v2\/comments?post=770"}],"version-history":[{"count":14,"href":"https:\/\/wp.ufpel.edu.br\/tecnologiaalimentos\/wp-json\/wp\/v2\/pages\/770\/revisions"}],"predecessor-version":[{"id":1858,"href":"https:\/\/wp.ufpel.edu.br\/tecnologiaalimentos\/wp-json\/wp\/v2\/pages\/770\/revisions\/1858"}],"wp:attachment":[{"href":"https:\/\/wp.ufpel.edu.br\/tecnologiaalimentos\/wp-json\/wp\/v2\/media?parent=770"}],"curies":[{"name":"wp","href":"https:\/\/api.w.org\/{rel}","templated":true}]}}