{"id":37,"date":"2010-06-11T16:40:08","date_gmt":"2010-06-11T19:40:08","guid":{"rendered":"https:\/\/wp.ufpel.edu.br\/tecnologiaalimentos\/?page_id=37"},"modified":"2025-03-31T15:03:53","modified_gmt":"2025-03-31T18:03:53","slug":"corpo-docente","status":"publish","type":"page","link":"https:\/\/wp.ufpel.edu.br\/tecnologiaalimentos\/corpo-docente\/","title":{"rendered":"Corpo docente da \u00e1rea especifica de alimentos"},"content":{"rendered":"<p style=\"text-align: left\"><span style=\"font-family: arial, helvetica, sans-serif;font-size: 18pt;color: #0000ff\"><strong>Clique no nome do Professor para saber suas qualifica\u00e7\u00f5es!<\/strong><\/span><\/p>\n<p style=\"text-align: left\"><span style=\"color: #0000ff\"><a style=\"color: #0000ff\" href=\"http:\/\/lattes.cnpq.br\/6109492043515016\"><strong>Prof<sup>a<\/sup>. Dr<sup>a<\/sup>. Caroline Dellinghausen Borges<\/strong><\/a><\/span><\/p>\n<p><span style=\"color: #0000ff\"><strong><a style=\"color: #0000ff\" href=\"http:\/\/lattes.cnpq.br\/8869550200120271\" target=\"_self\" rel=\"noopener noreferrer\">Prof<sup>a<\/sup>. Dr<sup>a<\/sup>. Caroline Peixoto Bastos<\/a><\/strong><\/span><\/p>\n<p><span style=\"color: #0000ff\"><strong>\u00a0<\/strong><strong><a style=\"color: #0000ff\" href=\"http:\/\/lattes.cnpq.br\/4938830062759927\">Prof<sup>a<\/sup>. Dr<sup>a<\/sup>. Carla Rosane Barboza Mendon\u00e7a<\/a> \u00a0<\/strong><\/span><\/p>\n<p style=\"text-align: left\"><span style=\"color: #0000ff\"><a style=\"color: #0000ff\" href=\"http:\/\/lattes.cnpq.br\/4340389450218214\" target=\"_self\" rel=\"noopener noreferrer\"><strong>Prof. Dr. Eliezer Avila Gandra<\/strong><\/a><\/span><\/p>\n<p><span style=\"color: #0000ff\"><strong><a style=\"color: #0000ff\" href=\"http:\/\/lattes.cnpq.br\/1578951812092017\" target=\"_self\" rel=\"noopener noreferrer\">Prof<sup>a<\/sup>. Dr<sup>a<\/sup>. Eliz\u00e2ngela Gon\u00e7alves de Oliveira<\/a><\/strong><\/span><\/p>\n<p style=\"text-align: left\"><span style=\"color: #0000ff\"><a style=\"color: #0000ff\" href=\"http:\/\/lattes.cnpq.br\/5552440970006610\" target=\"_self\" rel=\"noopener noreferrer\"><strong>Prof. Dr. Fabr\u00edzio da Fonseca Barbosa<\/strong><\/a><\/span><\/p>\n<p><span style=\"color: #0000ff\"><strong><a style=\"color: #0000ff\" href=\"http:\/\/lattes.cnpq.br\/2432677015938902\" target=\"_self\" rel=\"noopener noreferrer\">Prof<sup>a<\/sup>. Dr<sup>a<\/sup>. Francine Novack Victoria<\/a><\/strong><strong> COORDENADORA DO CURSO<\/strong><\/span><\/p>\n<p><span style=\"color: #0000ff\"><strong><a style=\"color: #0000ff\" href=\"http:\/\/lattes.cnpq.br\/8046523851860343\">Profa. Dra. Graciele da Silva Campelo Borges<\/a><\/strong><\/span><\/p>\n<p style=\"text-align: left\"><span style=\"color: #0000ff\"><a style=\"color: #0000ff\" href=\"http:\/\/lattes.cnpq.br\/1793414556485981\" target=\"_self\" rel=\"noopener noreferrer\"><strong>Prof<sup>a<\/sup>. Dr<sup>a<\/sup>. Josiane Freitas Chim<\/strong><\/a><\/span><\/p>\n<p><span style=\"color: #0000ff\"><strong><a style=\"color: #0000ff\" href=\"http:\/\/lattes.cnpq.br\/5756521626319170\">Prof<sup>a<\/sup>. Dr<sup>a<\/sup>. M\u00e1rcia Arocha Gularte<\/a>\u00a0<\/strong><\/span><\/p>\n<p><span style=\"color: #0000ff\"><strong><a style=\"color: #0000ff\" href=\"http:\/\/lattes.cnpq.br\/8920516315655503\" target=\"_self\" rel=\"noopener noreferrer\">Prof<sup>a<\/sup>. Dr<sup>a<\/sup>. Nadia Carbonera<\/a><\/strong><\/span><\/p>\n<p><span style=\"color: #0000ff\"><strong><a style=\"color: #0000ff\" href=\"http:\/\/lattes.cnpq.br\/3340825756383766\">Prof<sup>a<\/sup>. Dr<sup>a<\/sup>. Rosana Colussi\u00a0\u00a0<\/a><\/strong><\/span><\/p>\n<p style=\"text-align: left\"><span style=\"color: #0000ff\"><a style=\"color: #0000ff\" href=\"http:\/\/lattes.cnpq.br\/2834405436222065\" target=\"_self\" rel=\"noopener noreferrer\"><strong>Prof. Dr. Rui Carlos Zambiazi<\/strong><\/a><\/span><\/p>\n<p style=\"text-align: left\"><span style=\"color: #0000ff\"><strong><a style=\"color: #0000ff\" href=\"http:\/\/lattes.cnpq.br\/3663311029100157\" target=\"_self\" rel=\"noopener noreferrer\">Prof\u00aa. Dr\u00aa Tatiana Valesca Rodriguez Alicieo<\/a><\/strong><\/span><\/p>\n<p><span style=\"color: #0000ff\"><strong><a style=\"color: #0000ff\" href=\"http:\/\/lattes.cnpq.br\/074611222408754\" target=\"_self\" rel=\"noopener noreferrer\">Prof. Dr. Valdecir Carlos Ferri<\/a><\/strong><\/span><\/p>\n<p><span style=\"color: #0000ff\"><a style=\"color: #0000ff\" href=\"http:\/\/lattes.cnpq.br\/1374178798951497\" target=\"_blank\" rel=\"noopener\"><strong>Prof<sup>a<\/sup>. Dr<sup>a<\/sup>. Vanessa Pires da Rosa<\/strong><\/a>\u00a0<\/span><\/p>\n<p>&nbsp;<\/p>\n","protected":false},"excerpt":{"rendered":"<p>Clique no nome do Professor para saber suas qualifica\u00e7\u00f5es! Profa. Dra. Caroline Dellinghausen Borges Profa. Dra. Caroline Peixoto Bastos \u00a0Profa. Dra. Carla Rosane Barboza Mendon\u00e7a \u00a0 Prof. Dr. Eliezer Avila Gandra Profa. Dra. Eliz\u00e2ngela Gon\u00e7alves de Oliveira Prof. Dr. Fabr\u00edzio&#8230; <a class=\"more-link\" href=\"https:\/\/wp.ufpel.edu.br\/tecnologiaalimentos\/corpo-docente\/\">Continue lendo &rarr;<\/a><\/p>\n","protected":false},"author":61,"featured_media":0,"parent":0,"menu_order":0,"comment_status":"closed","ping_status":"closed","template":"","meta":{"footnotes":""},"class_list":["post-37","page","type-page","status-publish","hentry"],"_links":{"self":[{"href":"https:\/\/wp.ufpel.edu.br\/tecnologiaalimentos\/wp-json\/wp\/v2\/pages\/37","targetHints":{"allow":["GET"]}}],"collection":[{"href":"https:\/\/wp.ufpel.edu.br\/tecnologiaalimentos\/wp-json\/wp\/v2\/pages"}],"about":[{"href":"https:\/\/wp.ufpel.edu.br\/tecnologiaalimentos\/wp-json\/wp\/v2\/types\/page"}],"author":[{"embeddable":true,"href":"https:\/\/wp.ufpel.edu.br\/tecnologiaalimentos\/wp-json\/wp\/v2\/users\/61"}],"replies":[{"embeddable":true,"href":"https:\/\/wp.ufpel.edu.br\/tecnologiaalimentos\/wp-json\/wp\/v2\/comments?post=37"}],"version-history":[{"count":26,"href":"https:\/\/wp.ufpel.edu.br\/tecnologiaalimentos\/wp-json\/wp\/v2\/pages\/37\/revisions"}],"predecessor-version":[{"id":1852,"href":"https:\/\/wp.ufpel.edu.br\/tecnologiaalimentos\/wp-json\/wp\/v2\/pages\/37\/revisions\/1852"}],"wp:attachment":[{"href":"https:\/\/wp.ufpel.edu.br\/tecnologiaalimentos\/wp-json\/wp\/v2\/media?parent=37"}],"curies":[{"name":"wp","href":"https:\/\/api.w.org\/{rel}","templated":true}]}}