{"id":3,"date":"2010-05-13T10:30:23","date_gmt":"2010-05-13T13:30:23","guid":{"rendered":"https:\/\/wp.ufpel.edu.br\/tecnologiaalimentos\/?page_id=3"},"modified":"2025-08-01T11:59:16","modified_gmt":"2025-08-01T14:59:16","slug":"contato","status":"publish","type":"page","link":"https:\/\/wp.ufpel.edu.br\/tecnologiaalimentos\/contato\/","title":{"rendered":"Coordena\u00e7\u00e3o do Curso"},"content":{"rendered":"<p style=\"text-align: center\"><strong style=\"font-size: 1.5em\"><span style=\"color: #000000\"><span style=\"color: #993366\">Coordenador do Curso:<\/span><\/span><\/strong><\/p>\n<p style=\"text-align: center\"><strong style=\"font-size: 1.5em\"><span style=\"color: #008000\">Prof.\u00aa Dr.\u00aa Tatiana Aliceo Rodriguez<\/span><\/strong><\/p>\n<p style=\"text-align: center\"><a href=\"mailto:tatianavra@hotmail.com\">tatianavra@hotmail.com<\/a><\/p>\n<div style=\"text-align: center\">\n<p style=\"text-align: center\"><strong style=\"font-size: 1.5em\"><span style=\"color: #993366\">Coordenadora Adjunta:<\/span><\/strong><\/p>\n<p><strong style=\"font-size: 1.5em\"><span style=\"color: #008000\">Prof.\u00aa Dr.\u00aa Vanessa Pires da Rosa<\/span><\/strong><\/p>\n<p>vprosa_rs@hotmail.com<\/p>\n<\/div>\n<p><strong>*** A coordena\u00e7\u00e3o do Curso est\u00e1 dispon\u00edvel para atendimento aos alunos, mediante agendamento por e-mail.<\/strong><\/p>\n<div style=\"text-align: center\">\n<p>&nbsp;<\/p>\n<\/div>\n","protected":false},"excerpt":{"rendered":"<p>Coordenador do Curso: Prof.\u00aa Dr.\u00aa Tatiana Aliceo Rodriguez tatianavra@hotmail.com Coordenadora Adjunta: Prof.\u00aa Dr.\u00aa Vanessa Pires da Rosa vprosa_rs@hotmail.com *** A coordena\u00e7\u00e3o do Curso est\u00e1 dispon\u00edvel para atendimento aos alunos, mediante agendamento por e-mail. &nbsp;<\/p>\n","protected":false},"author":61,"featured_media":0,"parent":0,"menu_order":0,"comment_status":"closed","ping_status":"closed","template":"","meta":{"footnotes":""},"class_list":["post-3","page","type-page","status-publish","hentry"],"_links":{"self":[{"href":"https:\/\/wp.ufpel.edu.br\/tecnologiaalimentos\/wp-json\/wp\/v2\/pages\/3","targetHints":{"allow":["GET"]}}],"collection":[{"href":"https:\/\/wp.ufpel.edu.br\/tecnologiaalimentos\/wp-json\/wp\/v2\/pages"}],"about":[{"href":"https:\/\/wp.ufpel.edu.br\/tecnologiaalimentos\/wp-json\/wp\/v2\/types\/page"}],"author":[{"embeddable":true,"href":"https:\/\/wp.ufpel.edu.br\/tecnologiaalimentos\/wp-json\/wp\/v2\/users\/61"}],"replies":[{"embeddable":true,"href":"https:\/\/wp.ufpel.edu.br\/tecnologiaalimentos\/wp-json\/wp\/v2\/comments?post=3"}],"version-history":[{"count":41,"href":"https:\/\/wp.ufpel.edu.br\/tecnologiaalimentos\/wp-json\/wp\/v2\/pages\/3\/revisions"}],"predecessor-version":[{"id":1913,"href":"https:\/\/wp.ufpel.edu.br\/tecnologiaalimentos\/wp-json\/wp\/v2\/pages\/3\/revisions\/1913"}],"wp:attachment":[{"href":"https:\/\/wp.ufpel.edu.br\/tecnologiaalimentos\/wp-json\/wp\/v2\/media?parent=3"}],"curies":[{"name":"wp","href":"https:\/\/api.w.org\/{rel}","templated":true}]}}