{"id":1688,"date":"2022-06-27T18:28:40","date_gmt":"2022-06-27T21:28:40","guid":{"rendered":"https:\/\/wp.ufpel.edu.br\/tecnologiaalimentos\/?page_id=1688"},"modified":"2025-03-31T14:36:24","modified_gmt":"2025-03-31T17:36:24","slug":"averbacao-de-horas","status":"publish","type":"page","link":"https:\/\/wp.ufpel.edu.br\/tecnologiaalimentos\/averbacao-de-horas\/","title":{"rendered":"Atividades Complementares e de Extens\u00e3o"},"content":{"rendered":"<p>A forma\u00e7\u00e3o complementar compreende atividades curriculares que, em conson\u00e2ncia com as orienta\u00e7\u00f5es das DCN, contemplam as atividades de ensino, pesquisa e extens\u00e3o. O projeto pedag\u00f3gico do curso (PPC) instituiu estas atividades como obrigat\u00f3rias, por\u00e9m os estudantes podem escolher as atividades de acordo com seu interesse, s\u00e3o compostas de atividades pr\u00e9-estabelecidas no curr\u00edculo, conforme o projeto pedag\u00f3gico, o regimento do N\u00facleo de Atividades Complementares, de Extens\u00e3o e Tutoria e o Regulamento do Ensino de Gradua\u00e7\u00e3o.\u00a0No decorrer do Curso o discente deve realizar Atividades Complementares, dentre as atividades incluem-se atividades relacionadas ao ensino, pesquisa, extens\u00e3o, participa\u00e7\u00e3o em programas, estudos diversos e outras atividades.<\/p>\n<p>As atividades de forma\u00e7\u00e3o complementar ser\u00e3o estruturadas, coordenadas e\/ou tutoradas pelo N\u00facleo de Atividades Complementares, de Extens\u00e3o e Tutoria do Curso Superior de Tecnologia em Alimentos, \u00f3rg\u00e3o formado por professores do Curso.<\/p>\n<p>A seguir \u00e9 disponibilizado um tutorial para a solicita\u00e7\u00e3o de averba\u00e7\u00e3o das atividades complementares e de extens\u00e3o e os arquivos necess\u00e1rios para o preenchimento.<\/p>\n<p><a href=\"https:\/\/wp.ufpel.edu.br\/tecnologiaalimentos\/files\/2025\/03\/Tutorial.pdf\">Tutorial<\/a><\/p>\n<p><a href=\"https:\/\/wp.ufpel.edu.br\/tecnologiaalimentos\/files\/2025\/03\/FORMACAO-EM-EXT.xlsx\">FORMA\u00c7\u00c3O EM EXT<\/a><\/p>\n<p><a href=\"https:\/\/wp.ufpel.edu.br\/tecnologiaalimentos\/files\/2025\/03\/Relatorio-Atividades-complementares.docx\">Relatorio Atividades complementares<\/a><\/p>\n<p><a href=\"https:\/\/wp.ufpel.edu.br\/tecnologiaalimentos\/files\/2025\/03\/Tabela-Horas-Complementares-PPC-versoes-4-e-5.xlsx\">Tabela Horas Complementares &#8211; PPC vers\u00f5es 4 e 5<\/a><\/p>\n<p><a href=\"https:\/\/wp.ufpel.edu.br\/tecnologiaalimentos\/files\/2025\/03\/Tabela-de-Horas-complementares-3-editada.xlsx\">T<\/a><a href=\"https:\/\/wp.ufpel.edu.br\/tecnologiaalimentos\/files\/2025\/03\/Tabela-de-Horas-complementares-3-editada.xlsx\">abela-de-Horas-complementares (3) &#8211; editada<\/a><\/p>\n<p>&nbsp;<\/p>\n","protected":false},"excerpt":{"rendered":"<p>A forma\u00e7\u00e3o complementar compreende atividades curriculares que, em conson\u00e2ncia com as orienta\u00e7\u00f5es das DCN, contemplam as atividades de ensino, pesquisa e extens\u00e3o. O projeto pedag\u00f3gico do curso (PPC) instituiu estas atividades como obrigat\u00f3rias, por\u00e9m os estudantes podem escolher as atividades&#8230; <a class=\"more-link\" href=\"https:\/\/wp.ufpel.edu.br\/tecnologiaalimentos\/averbacao-de-horas\/\">Continue lendo &rarr;<\/a><\/p>\n","protected":false},"author":61,"featured_media":1691,"parent":0,"menu_order":0,"comment_status":"closed","ping_status":"closed","template":"","meta":{"footnotes":""},"class_list":["post-1688","page","type-page","status-publish","has-post-thumbnail","hentry"],"_links":{"self":[{"href":"https:\/\/wp.ufpel.edu.br\/tecnologiaalimentos\/wp-json\/wp\/v2\/pages\/1688","targetHints":{"allow":["GET"]}}],"collection":[{"href":"https:\/\/wp.ufpel.edu.br\/tecnologiaalimentos\/wp-json\/wp\/v2\/pages"}],"about":[{"href":"https:\/\/wp.ufpel.edu.br\/tecnologiaalimentos\/wp-json\/wp\/v2\/types\/page"}],"author":[{"embeddable":true,"href":"https:\/\/wp.ufpel.edu.br\/tecnologiaalimentos\/wp-json\/wp\/v2\/users\/61"}],"replies":[{"embeddable":true,"href":"https:\/\/wp.ufpel.edu.br\/tecnologiaalimentos\/wp-json\/wp\/v2\/comments?post=1688"}],"version-history":[{"count":10,"href":"https:\/\/wp.ufpel.edu.br\/tecnologiaalimentos\/wp-json\/wp\/v2\/pages\/1688\/revisions"}],"predecessor-version":[{"id":1840,"href":"https:\/\/wp.ufpel.edu.br\/tecnologiaalimentos\/wp-json\/wp\/v2\/pages\/1688\/revisions\/1840"}],"wp:featuredmedia":[{"embeddable":true,"href":"https:\/\/wp.ufpel.edu.br\/tecnologiaalimentos\/wp-json\/wp\/v2\/media\/1691"}],"wp:attachment":[{"href":"https:\/\/wp.ufpel.edu.br\/tecnologiaalimentos\/wp-json\/wp\/v2\/media?parent=1688"}],"curies":[{"name":"wp","href":"https:\/\/api.w.org\/{rel}","templated":true}]}}