{"id":961,"date":"2020-10-08T11:22:42","date_gmt":"2020-10-08T14:22:42","guid":{"rendered":"https:\/\/wp.ufpel.edu.br\/teatro\/?page_id=961"},"modified":"2023-12-12T11:08:27","modified_gmt":"2023-12-12T14:08:27","slug":"2020-2","status":"publish","type":"page","link":"https:\/\/wp.ufpel.edu.br\/teatro\/trabalhos-de-conclusao\/2020-2\/","title":{"rendered":"2020"},"content":{"rendered":"<p><span style=\"color: #000000\">ARAUJO, Dener Solano.<strong> <a style=\"color: #000000\" href=\"https:\/\/wp.ufpel.edu.br\/teatro\/files\/2020\/10\/TCC-Dener-Solano-Araujo.pdf\">Jogos Teatrais: relato de uma experi\u00eancia no ensino de ci\u00eancias no n\u00edvel fundamental.<\/a> <\/strong>Pelotas: 2020.<\/span><\/p>\n<p><span style=\"color: #000000\">BORGES, Ism\u00e1iler Rodriguez. <strong><a style=\"color: #000000\" href=\"https:\/\/wp.ufpel.edu.br\/teatro\/files\/2021\/01\/TCC-Ismailer-Rodriguez-Borges.pdf\">Teatro do Oprimido na Comunidade: a extens\u00e3o universit\u00e1ria na escola e a forma\u00e7\u00e3o de um professor de teatro.<\/a> <\/strong>Pelotas: 2020.<\/span><\/p>\n<p><span style=\"color: #000000\">DIAS, Rodrigo Leal. <strong><a style=\"color: #000000\" href=\"https:\/\/wp.ufpel.edu.br\/teatro\/files\/2021\/01\/TCC-Rodrigo-Leal-Dias.pdf\">Uma dose de ch\u00e1: a forma\u00e7\u00e3o do espectador de teatro na escola.<\/a> <\/strong>Pelotas: 2020.<\/span><\/p>\n<p><span style=\"color: #000000\">DIAZ, Ver\u00f4nica Fernandes. <strong><a style=\"color: #000000\" href=\"https:\/\/wp.ufpel.edu.br\/teatro\/files\/2020\/10\/TCC-Veronica-Fernandes-Diaz.pdf\">Imagin(arte) &#8211; um relato a partir das experi\u00eancias de est\u00e1gio na educa\u00e7\u00e3o infantil na forma\u00e7\u00e3o de uma professora de teatro.<\/a><\/strong> Pelotas: 2020.<\/span><\/p>\n<p><span style=\"color: #000000\">LOPES, Lucas Alves.<strong> <a style=\"color: #000000\" href=\"https:\/\/wp.ufpel.edu.br\/teatro\/files\/2021\/01\/TCC-Lucas-Alves-Lopes.pdf\">Inser\u00e7\u00e3o teatral na cidade de S\u00e3o Louren\u00e7o do Sul: relato a partir da pr\u00e1tica teatral da cia\/escola <em>Misenscene<\/em>.<\/a> <\/strong>Pelotas: 2020.<\/span><\/p>\n<p><span style=\"color: #000000\">SOARES, Anderson Barbosa. <strong><a style=\"color: #000000\" href=\"https:\/\/wp.ufpel.edu.br\/teatro\/files\/2021\/01\/TCC-Anderson-Barbosa-Soares.pdf\">A linguagem teatral na escola: A forma\u00e7\u00e3o da crian\u00e7a e do adolescente como espectador de teatro.<\/a> <\/strong>Pelotas: 2020.<\/span><\/p>\n<p><span style=\"color: #000000\">SOARES, Jo\u00e3o Vitor. <strong><a style=\"color: #000000\" href=\"https:\/\/wp.ufpel.edu.br\/teatro\/files\/2021\/01\/TCC-Joao-Vitor-Soares.pdf\">Devir dramaturgo: percurso, descobertas e primeiro mergulho.<\/a><\/strong> Pelotas: 2020.<\/span><\/p>\n<p>&nbsp;<\/p>\n","protected":false},"excerpt":{"rendered":"<p>ARAUJO, Dener Solano. Jogos Teatrais: relato de uma experi\u00eancia no ensino de ci\u00eancias no n\u00edvel fundamental. Pelotas: 2020. BORGES, Ism\u00e1iler Rodriguez. Teatro do Oprimido na Comunidade: a extens\u00e3o universit\u00e1ria na escola e a forma\u00e7\u00e3o de um professor de teatro. Pelotas: 2020. DIAS, Rodrigo Leal. Uma dose de ch\u00e1: a forma\u00e7\u00e3o do espectador de teatro na [&hellip;]<\/p>\n","protected":false},"author":337,"featured_media":0,"parent":179,"menu_order":4,"comment_status":"closed","ping_status":"closed","template":"","meta":{"footnotes":""},"class_list":["post-961","page","type-page","status-publish","hentry"],"_links":{"self":[{"href":"https:\/\/wp.ufpel.edu.br\/teatro\/wp-json\/wp\/v2\/pages\/961","targetHints":{"allow":["GET"]}}],"collection":[{"href":"https:\/\/wp.ufpel.edu.br\/teatro\/wp-json\/wp\/v2\/pages"}],"about":[{"href":"https:\/\/wp.ufpel.edu.br\/teatro\/wp-json\/wp\/v2\/types\/page"}],"author":[{"embeddable":true,"href":"https:\/\/wp.ufpel.edu.br\/teatro\/wp-json\/wp\/v2\/users\/337"}],"replies":[{"embeddable":true,"href":"https:\/\/wp.ufpel.edu.br\/teatro\/wp-json\/wp\/v2\/comments?post=961"}],"version-history":[{"count":10,"href":"https:\/\/wp.ufpel.edu.br\/teatro\/wp-json\/wp\/v2\/pages\/961\/revisions"}],"predecessor-version":[{"id":1242,"href":"https:\/\/wp.ufpel.edu.br\/teatro\/wp-json\/wp\/v2\/pages\/961\/revisions\/1242"}],"up":[{"embeddable":true,"href":"https:\/\/wp.ufpel.edu.br\/teatro\/wp-json\/wp\/v2\/pages\/179"}],"wp:attachment":[{"href":"https:\/\/wp.ufpel.edu.br\/teatro\/wp-json\/wp\/v2\/media?parent=961"}],"curies":[{"name":"wp","href":"https:\/\/api.w.org\/{rel}","templated":true}]}}