{"id":716,"date":"2019-08-09T10:21:25","date_gmt":"2019-08-09T13:21:25","guid":{"rendered":"https:\/\/wp.ufpel.edu.br\/teatro\/?page_id=716"},"modified":"2026-03-09T13:51:26","modified_gmt":"2026-03-09T16:51:26","slug":"fale-conosco-2","status":"publish","type":"page","link":"https:\/\/wp.ufpel.edu.br\/teatro\/fale-conosco-2\/","title":{"rendered":"Fale Conosco"},"content":{"rendered":"<p><span style=\"font-family: georgia, palatino, serif; font-size: 12pt;\"><strong>Coordenadora:<\/strong>\u00a0 Dra. Aline Castaman (<a class=\"\" href=\"mailto:acastaman@ufpel.edu.br\" data-usuario=\"acastaman\">acastaman@ufpel.edu.br<\/a>)<\/span><\/p>\n<p><span style=\"font-family: georgia, palatino, serif; font-size: 12pt;\"><strong>Coordenador Adjunto:<\/strong>\u00a0 Dr. Thiago Pirajira Concei\u00e7\u00e3o (thiagopirajira@gmail.com)<\/span><\/p>\n<p><span style=\"font-family: georgia, palatino, serif; font-size: 12pt;\"><strong>Assistente em Administra\u00e7\u00e3o:<\/strong> Yuri Scarparo Valente (valente.yuri@gmail.com)<br \/>\nATENDIMENTO PRESENCIAL na Central dos Colegiados das 14h \u00e0s 20h<br \/>\nEndere\u00e7o: Rua Coronel Alberto Rosa, 62 &#8211; Centro de Artes, Bloco 1<br \/>\nSala: Central dos Colegiados &#8211; Centro de Artes, Bloco 1, Sala 301<\/span><\/p>\n<p><span style=\"font-family: georgia, palatino, serif; font-size: 12pt;\"><strong>E-mail: <\/strong><\/span><\/p>\n<p><span style=\"font-family: georgia, palatino, serif; font-size: 12pt;\">colegiados.ca@ufpel.edu.br<\/span><\/p>\n<p><span style=\"font-family: georgia, palatino, serif; font-size: 12pt;\">teatrolicenciatura@ufpel.edu.br<\/span><\/p>\n<p>teatro.ufpel@gmail.com<\/p>\n<p><span style=\"font-family: georgia, palatino, serif; font-size: 12pt;\"><strong>Facebook:<\/strong><\/span><\/p>\n<p><span style=\"font-family: georgia, palatino, serif; font-size: 12pt;\"> <a href=\"https:\/\/www.facebook.com\/people\/Colegiado-Colegiado\/100009164349653\">https:\/\/www.facebook.com\/people\/Colegiado-Colegiado\/100009164349653<\/a><\/span><\/p>\n<p><span style=\"font-family: georgia, palatino, serif; font-size: 12pt;\"><strong>Instagram:<\/strong> @teatroufpel<\/span><\/p>\n<p><span style=\"font-family: georgia, palatino, serif; font-size: 12pt;\"><strong>Telefone:<\/strong> 53 3284-5518 (Central dos Colegiados)<\/span><\/p>\n<p><span style=\"font-family: georgia, palatino, serif; font-size: 12pt;\"><strong>Endere\u00e7o:<\/strong> Coronel Alberto Rosa, n. 62 &#8211; Centro de Artes, Bloco 1<\/span><\/p>\n<p><span style=\"font-family: georgia, palatino, serif; font-size: 12pt;\"><strong>Sala:<\/strong> Central dos Colegiados &#8211; Centro de Artes, Bloco 1, Salas 301 e 311<\/span><\/p>\n<p>&nbsp;<\/p>\n<p>&nbsp;<\/p>\n","protected":false},"excerpt":{"rendered":"<p>Coordenadora:\u00a0 Dra. Aline Castaman (acastaman@ufpel.edu.br) Coordenador Adjunto:\u00a0 Dr. Thiago Pirajira Concei\u00e7\u00e3o (thiagopirajira@gmail.com) Assistente em Administra\u00e7\u00e3o: Yuri Scarparo Valente (valente.yuri@gmail.com) ATENDIMENTO PRESENCIAL na Central dos Colegiados das 14h \u00e0s 20h Endere\u00e7o: Rua Coronel Alberto Rosa, 62 &#8211; Centro de Artes, Bloco 1 Sala: Central dos Colegiados &#8211; Centro de Artes, Bloco 1, Sala 301 E-mail: colegiados.ca@ufpel.edu.br [&hellip;]<\/p>\n","protected":false},"author":337,"featured_media":0,"parent":0,"menu_order":7,"comment_status":"closed","ping_status":"closed","template":"","meta":{"footnotes":""},"class_list":["post-716","page","type-page","status-publish","hentry"],"_links":{"self":[{"href":"https:\/\/wp.ufpel.edu.br\/teatro\/wp-json\/wp\/v2\/pages\/716","targetHints":{"allow":["GET"]}}],"collection":[{"href":"https:\/\/wp.ufpel.edu.br\/teatro\/wp-json\/wp\/v2\/pages"}],"about":[{"href":"https:\/\/wp.ufpel.edu.br\/teatro\/wp-json\/wp\/v2\/types\/page"}],"author":[{"embeddable":true,"href":"https:\/\/wp.ufpel.edu.br\/teatro\/wp-json\/wp\/v2\/users\/337"}],"replies":[{"embeddable":true,"href":"https:\/\/wp.ufpel.edu.br\/teatro\/wp-json\/wp\/v2\/comments?post=716"}],"version-history":[{"count":4,"href":"https:\/\/wp.ufpel.edu.br\/teatro\/wp-json\/wp\/v2\/pages\/716\/revisions"}],"predecessor-version":[{"id":2600,"href":"https:\/\/wp.ufpel.edu.br\/teatro\/wp-json\/wp\/v2\/pages\/716\/revisions\/2600"}],"wp:attachment":[{"href":"https:\/\/wp.ufpel.edu.br\/teatro\/wp-json\/wp\/v2\/media?parent=716"}],"curies":[{"name":"wp","href":"https:\/\/api.w.org\/{rel}","templated":true}]}}