{"id":708,"date":"2019-08-09T10:16:06","date_gmt":"2019-08-09T13:16:06","guid":{"rendered":"https:\/\/wp.ufpel.edu.br\/teatro\/?page_id=708"},"modified":"2023-05-11T16:07:57","modified_gmt":"2023-05-11T19:07:57","slug":"formularios-2","status":"publish","type":"page","link":"https:\/\/wp.ufpel.edu.br\/teatro\/documentos-e-formularios\/formularios-2\/","title":{"rendered":"Formul\u00e1rios"},"content":{"rendered":"<p><span style=\"color: #000000;\"><a style=\"color: #000000;\" href=\"https:\/\/wp.ufpel.edu.br\/teatro\/files\/2020\/11\/Modelo-de-Pedido-de-Contabilizacao-das-Atividades-Complementares.docx\">Modelo de Pedido de Contabiliza\u00e7\u00e3o das Atividades Complementares<\/a><\/span><\/p>\n<p><span style=\"color: #000000;\"><a style=\"color: #000000;\" href=\"https:\/\/wp.ufpel.edu.br\/teatro\/files\/2019\/08\/Requerimento_Aproveitamento.pdf\">Requerimento de Aproveitamento de disciplinas<\/a><\/span><\/p>\n<p><span style=\"color: #000000;\"><a style=\"color: #000000;\" href=\"https:\/\/wp.ufpel.edu.br\/teatro\/files\/2021\/04\/Termo_de_autorizacao_TCC_e_TCCP-novo.pdf\">Termo de Autoriza\u00e7\u00e3o de envio TCC\u2019s para Biblioteca [novo]<\/a><\/span><\/p>\n<p><span style=\"color: #000000;\"><a style=\"color: #000000;\" href=\"https:\/\/wp.ufpel.edu.br\/danca\/files\/2019\/07\/Solicitacao_de_QUEBRA_DE_PRE_REQUISITO_CG.pdf\">Solicita\u00e7\u00e3o de Quebra de Pr\u00e9-Requisito<\/a><\/span><\/p>\n<p><span style=\"color: #000000;\"><a style=\"color: #000000;\" href=\"https:\/\/wp.ufpel.edu.br\/teatro\/files\/2023\/03\/Requerimento-Aluno.doc\">Requerimento \u00e0 Se\u00e7\u00e3o de Per\u00edcia M\u00e9dica<\/a><\/span><\/p>\n<p><span style=\"color: #000000;\"><a style=\"color: #000000;\" href=\"https:\/\/wp.ufpel.edu.br\/teatro\/files\/2023\/05\/ATA-TCC-Modelo_Presencial.doc\">Ata TCC-Modelo-Presencial<\/a><\/span><\/p>\n<p><span style=\"color: #000000;\"><a style=\"color: #000000;\" href=\"https:\/\/wp.ufpel.edu.br\/teatro\/files\/2023\/05\/ATA-TCC-Modelo_Remoto.doc\">Ata TCC-Modelo-Remoto<\/a><\/span><\/p>\n","protected":false},"excerpt":{"rendered":"<p>Modelo de Pedido de Contabiliza\u00e7\u00e3o das Atividades Complementares Requerimento de Aproveitamento de disciplinas Termo de Autoriza\u00e7\u00e3o de envio TCC\u2019s para Biblioteca [novo] Solicita\u00e7\u00e3o de Quebra de Pr\u00e9-Requisito Requerimento \u00e0 Se\u00e7\u00e3o de Per\u00edcia M\u00e9dica Ata TCC-Modelo-Presencial Ata TCC-Modelo-Remoto<\/p>\n","protected":false},"author":337,"featured_media":0,"parent":74,"menu_order":2,"comment_status":"closed","ping_status":"closed","template":"","meta":{"footnotes":""},"class_list":["post-708","page","type-page","status-publish","hentry"],"_links":{"self":[{"href":"https:\/\/wp.ufpel.edu.br\/teatro\/wp-json\/wp\/v2\/pages\/708","targetHints":{"allow":["GET"]}}],"collection":[{"href":"https:\/\/wp.ufpel.edu.br\/teatro\/wp-json\/wp\/v2\/pages"}],"about":[{"href":"https:\/\/wp.ufpel.edu.br\/teatro\/wp-json\/wp\/v2\/types\/page"}],"author":[{"embeddable":true,"href":"https:\/\/wp.ufpel.edu.br\/teatro\/wp-json\/wp\/v2\/users\/337"}],"replies":[{"embeddable":true,"href":"https:\/\/wp.ufpel.edu.br\/teatro\/wp-json\/wp\/v2\/comments?post=708"}],"version-history":[{"count":19,"href":"https:\/\/wp.ufpel.edu.br\/teatro\/wp-json\/wp\/v2\/pages\/708\/revisions"}],"predecessor-version":[{"id":2003,"href":"https:\/\/wp.ufpel.edu.br\/teatro\/wp-json\/wp\/v2\/pages\/708\/revisions\/2003"}],"up":[{"embeddable":true,"href":"https:\/\/wp.ufpel.edu.br\/teatro\/wp-json\/wp\/v2\/pages\/74"}],"wp:attachment":[{"href":"https:\/\/wp.ufpel.edu.br\/teatro\/wp-json\/wp\/v2\/media?parent=708"}],"curies":[{"name":"wp","href":"https:\/\/api.w.org\/{rel}","templated":true}]}}