{"id":676,"date":"2019-08-02T13:35:57","date_gmt":"2019-08-02T16:35:57","guid":{"rendered":"https:\/\/wp.ufpel.edu.br\/teatro\/?page_id=676"},"modified":"2023-12-12T11:09:15","modified_gmt":"2023-12-12T14:09:15","slug":"2011-2","status":"publish","type":"page","link":"https:\/\/wp.ufpel.edu.br\/teatro\/trabalhos-de-conclusao\/2011-2\/","title":{"rendered":"2011"},"content":{"rendered":"<p style=\"text-align: left\"><span style=\"color: #000000;font-family: verdana,geneva,sans-serif;font-size: 10pt\">BERNDT, Lucia Elaine Carvalho.\u00a0<strong><a style=\"color: #000000\" href=\"https:\/\/wp.ufpel.edu.br\/teatro\/files\/2015\/12\/TCC-pronto_com-corre\u00e7\u00f5es-finais.docx\">COMO JOGAR? REFLEX\u00d5ES SOBRE UMA INEXPERIENTE EXPERI\u00caNCIA.<\/a><\/strong> 2011.<strong><br \/>\n<\/strong><\/span><\/p>\n<p style=\"text-align: left\"><span style=\"color: #000000;font-family: verdana,geneva,sans-serif;font-size: 10pt\">FABRES, Val\u00e9ria Barragana. <strong><a style=\"color: #000000\" href=\"https:\/\/wp.ufpel.edu.br\/teatro\/files\/2015\/12\/O-fazer-teatral-na-escola-especial-professor-Alfredo-Dub_-o-uso-da-m\u00e1scara-com-alunos-surdos_Val\u00e9.pdf\">O fazer teatral na Escola Especial Professor Alfredo Dub: O uso da m\u00e1scara com alunos surdos.<\/a><\/strong> 2011.<\/span><\/p>\n<p style=\"text-align: left\"><span style=\"color: #000000;font-family: verdana,geneva,sans-serif;font-size: 10pt\">LIMA, Joice Ester Ayres. <strong><a style=\"color: #000000\" href=\"https:\/\/wp.ufpel.edu.br\/teatro\/files\/2015\/12\/TCC-finalizado.paginado.1212.pdf\">VALTER SOBREIRO JUNIOR, 50 ANOS DE TEATRO: PROCESSOS DE ENCENA\u00c7\u00c3O.<\/a><\/strong> 2011.<\/span><\/p>\n<p style=\"text-align: left\"><span style=\"color: #000000;font-family: verdana,geneva,sans-serif;font-size: 10pt\">SILVA, Vanessa Martins.<strong> <a style=\"color: #000000\" href=\"https:\/\/wp.ufpel.edu.br\/teatro\/files\/2015\/12\/TCC-O-JOGO-DRAM\u00c1TICO-E-O-JOGO-TEATRAL-NA-FORMA\u00c7\u00c3O-DA-CRIAN\u00c7A.pdf\">O JOGO DRAM\u00c1TICO E O JOGO TEATRAL NA FORMA\u00c7\u00c3O DA CRIAN\u00c7A<\/a><\/strong> 2011.<\/span><\/p>\n<p style=\"text-align: left\"><span style=\"color: #000000;font-family: verdana,geneva,sans-serif;font-size: 10pt\">SOARES JR., Celio dos Santos. <strong><a style=\"color: #000000\" href=\"https:\/\/wp.ufpel.edu.br\/teatro\/files\/2015\/12\/TCC_FINAL.pdf\">Teatro do Oprimido na Comunidade : \u00e0 pr\u00e1xis em dois bairros perif\u00e9ricos da cidade de Pelotas.<\/a><\/strong> 2011.<\/span><\/p>\n<p style=\"text-align: left\"><span style=\"color: #000000;font-family: verdana,geneva,sans-serif;font-size: 10pt\">TAVARES, In\u00e1cio Schardosim. <strong><a style=\"color: #000000\" href=\"https:\/\/wp.ufpel.edu.br\/teatro\/files\/2015\/12\/Algumas-imagens-sobre-teatro-na-educa\u00e7\u00e3o.pdf\">Algumas imagens sobre teatro na educa\u00e7\u00e3o.<\/a><\/strong> 2011.<\/span><\/p>\n","protected":false},"excerpt":{"rendered":"<p>BERNDT, Lucia Elaine Carvalho.\u00a0COMO JOGAR? REFLEX\u00d5ES SOBRE UMA INEXPERIENTE EXPERI\u00caNCIA. 2011. FABRES, Val\u00e9ria Barragana. O fazer teatral na Escola Especial Professor Alfredo Dub: O uso da m\u00e1scara com alunos surdos. 2011. LIMA, Joice Ester Ayres. VALTER SOBREIRO JUNIOR, 50 ANOS DE TEATRO: PROCESSOS DE ENCENA\u00c7\u00c3O. 2011. SILVA, Vanessa Martins. O JOGO DRAM\u00c1TICO E O JOGO [&hellip;]<\/p>\n","protected":false},"author":337,"featured_media":0,"parent":179,"menu_order":13,"comment_status":"closed","ping_status":"closed","template":"","meta":{"footnotes":""},"class_list":["post-676","page","type-page","status-publish","hentry"],"_links":{"self":[{"href":"https:\/\/wp.ufpel.edu.br\/teatro\/wp-json\/wp\/v2\/pages\/676","targetHints":{"allow":["GET"]}}],"collection":[{"href":"https:\/\/wp.ufpel.edu.br\/teatro\/wp-json\/wp\/v2\/pages"}],"about":[{"href":"https:\/\/wp.ufpel.edu.br\/teatro\/wp-json\/wp\/v2\/types\/page"}],"author":[{"embeddable":true,"href":"https:\/\/wp.ufpel.edu.br\/teatro\/wp-json\/wp\/v2\/users\/337"}],"replies":[{"embeddable":true,"href":"https:\/\/wp.ufpel.edu.br\/teatro\/wp-json\/wp\/v2\/comments?post=676"}],"version-history":[{"count":2,"href":"https:\/\/wp.ufpel.edu.br\/teatro\/wp-json\/wp\/v2\/pages\/676\/revisions"}],"predecessor-version":[{"id":680,"href":"https:\/\/wp.ufpel.edu.br\/teatro\/wp-json\/wp\/v2\/pages\/676\/revisions\/680"}],"up":[{"embeddable":true,"href":"https:\/\/wp.ufpel.edu.br\/teatro\/wp-json\/wp\/v2\/pages\/179"}],"wp:attachment":[{"href":"https:\/\/wp.ufpel.edu.br\/teatro\/wp-json\/wp\/v2\/media?parent=676"}],"curies":[{"name":"wp","href":"https:\/\/api.w.org\/{rel}","templated":true}]}}