{"id":667,"date":"2019-08-02T13:33:53","date_gmt":"2019-08-02T16:33:53","guid":{"rendered":"https:\/\/wp.ufpel.edu.br\/teatro\/?page_id=667"},"modified":"2023-12-12T11:08:46","modified_gmt":"2023-12-12T14:08:46","slug":"2017-2","status":"publish","type":"page","link":"https:\/\/wp.ufpel.edu.br\/teatro\/trabalhos-de-conclusao\/2017-2\/","title":{"rendered":"2017"},"content":{"rendered":"<p><span style=\"font-family: verdana,geneva,sans-serif;font-size: 10pt;color: #000000\">BRITTO, Marlon Ribeiro. <strong><a style=\"color: #000000\" href=\"https:\/\/wp.ufpel.edu.br\/teatro\/files\/2018\/04\/TCC-final-Marlon-Britto-revisado1.pdf\">Lua de renda: a colcha de retalhos da intertextualidade na montagem do espet\u00e1culo.<\/a> <\/strong>2017.<\/span><\/p>\n<p><span style=\"font-family: verdana,geneva,sans-serif;font-size: 10pt;color: #000000\">COUTINHO, Amanda Cordeiro.<strong>\u00a0<a style=\"color: #000000\" href=\"https:\/\/wp.ufpel.edu.br\/teatro\/files\/2018\/09\/TCC-FINAL-AMANDA-CORDEIRO.docx\">CONSTRU\u00c7\u00c3O DA PERSONAGEM: relato de algumas experi\u00eancias no teatro e em curtas-metragens da UFPel.<\/a><\/strong> 2017.<\/span><\/p>\n<p><span style=\"font-family: verdana,geneva,sans-serif;font-size: 10pt;color: #000000\">ECKERT, Gr\u00e9gori Rodrigues.<strong> <a style=\"color: #000000\" href=\"https:\/\/wp.ufpel.edu.br\/teatro\/files\/2018\/04\/Trabalho-de-Conclus\u00e3o-de-Curso-Gr\u00e9gori-Eckert-2018.pdf\">Tutuzeando: uma experimenta\u00e7\u00e3o sobre teatro ritual\u00edstico.<\/a><\/strong> 2017.<\/span><\/p>\n<p><span style=\"font-family: verdana,geneva,sans-serif;font-size: 10pt;color: #000000\">ESCOUTO, Carlos Roberto.<strong> Outros modelos de educa\u00e7\u00e3o s\u00e3o poss\u00edveis: o teatro do oprimido como estrat\u00e9gia pedag\u00f3gica para uma escola melhor.<\/strong> 2017. (publica\u00e7\u00e3o n\u00e3o autorizada)<\/span><\/p>\n<p><span style=\"font-family: verdana,geneva,sans-serif;font-size: 10pt;color: #000000\">FERNANDES, Cibele da Silva. <strong><a style=\"color: #000000\" href=\"https:\/\/wp.ufpel.edu.br\/teatro\/files\/2015\/12\/TCC-FORMATADO-CD-CERTO-AM\u00c9M-docx.pdf\">A conta\u00e7\u00e3o de hist\u00f3rias como est\u00edmulo para Forma\u00e7\u00e3o de Espectadores.<\/a><\/strong> 2017.<\/span><\/p>\n<p><span style=\"font-family: verdana,geneva,sans-serif;font-size: 10pt;color: #000000\">GALINDO, Tais Dias. <strong><a style=\"color: #000000\" href=\"https:\/\/wp.ufpel.edu.br\/teatro\/files\/2015\/12\/pronto3103.pdf\">Teatro nas escolas: an\u00e1lise de duas pr\u00e1ticas docentes de egressos da UFPel.<\/a> <\/strong>2017.<\/span><\/p>\n<p><span style=\"font-family: verdana,geneva,sans-serif;font-size: 10pt;color: #000000\">LAUZ, Viviane da Silva.<strong> <a style=\"color: #000000\" href=\"https:\/\/wp.ufpel.edu.br\/teatro\/files\/2018\/04\/TCC-VIVIANE-FINALcd.pdf\">Incestos e rela\u00e7\u00f5es proibidas: uma an\u00e1lise da censura da pe\u00e7a &#8220;\u00c1lbum de Fam\u00edlia&#8221; de Nelson Rodrigues.<\/a><\/strong> 2017.<\/span><\/p>\n<p><span style=\"font-family: verdana,geneva,sans-serif;font-size: 10pt;color: #000000\">LUZ, Raissa Bandeira da.<strong> <a style=\"color: #000000\" href=\"https:\/\/wp.ufpel.edu.br\/teatro\/files\/2015\/12\/TCC-RAISSA-4.pdf\">TRANSCRIANDO CAIO: Processo de constru\u00e7\u00e3o do mon\u00f3logo &#8220;Os drag\u00f5es n\u00e3o conhecem o para\u00edso&#8221;.<\/a><\/strong> 2017<\/span><\/p>\n<p><span style=\"font-family: verdana,geneva,sans-serif;font-size: 10pt;color: #000000\">MADEIRA J\u00daNIOR, M\u00e1rio \u00canio Lopes.<strong> <a style=\"color: #000000\" href=\"https:\/\/wp.ufpel.edu.br\/teatro\/files\/2015\/12\/TCC-Mario-Madeira-Terra-de-Muitos-Chegares-memorias-de-um-processo-criativo.pdf\">Terra de Muitos Chegares: mem\u00f3rias de um processo criativo.<\/a><\/strong> 2017<\/span><\/p>\n<p><span style=\"font-family: verdana,geneva,sans-serif;font-size: 10pt;color: #000000\">PARANHOS, Juliana Ximenes.<strong> <a style=\"color: #000000\" href=\"https:\/\/wp.ufpel.edu.br\/teatro\/files\/2018\/04\/tcc-14-de-mar\u00e7o-pront.pdf\">Uma experi\u00eancia com Teatro do Oprimido na Comunidade para o despertar da consci\u00eancia cr\u00edtica.<\/a> <\/strong>2017.<\/span><\/p>\n<p><span style=\"font-family: verdana,geneva,sans-serif;font-size: 10pt;color: #000000\">ROSA, Tayla Costa.<strong> <a style=\"color: #000000\" href=\"https:\/\/wp.ufpel.edu.br\/teatro\/files\/2015\/12\/TCC-Tayla-30-03-2017-VERS\u00c3O-FINALIZADA.pdf\">Uma experi\u00eancia de cria\u00e7\u00e3o teatral realizada no curso de Teatro Licenciatura na UFPel e suas caracter\u00edsticas em comum com o processo colaborativo.<\/a><\/strong> 2017.<\/span><\/p>\n<p><span style=\"font-family: verdana,geneva,sans-serif;font-size: 10pt;color: #000000\">SILVA, Juliana Caroline.<strong>\u00a0<a style=\"color: #000000\" href=\"https:\/\/wp.ufpel.edu.br\/teatro\/files\/2018\/04\/TCC.FORMATADO.CD_.JULIANACAROLINE.pdf\">A representa\u00e7\u00e3o da mulher na constru\u00e7\u00e3o do processo de encena\u00e7\u00e3o teatral Of\u00e9lias.<\/a><\/strong> 2017.<\/span><\/p>\n<p><span style=\"font-family: verdana,geneva,sans-serif;font-size: 10pt;color: #000000\">SOUZA, Airton Marino J\u00fanior.<strong>\u00a0<a style=\"color: #000000\" href=\"https:\/\/wp.ufpel.edu.br\/teatro\/files\/2018\/04\/TCC-Airton-Marino-2018-PDF.pdf\">Teatro musical no Projeto Quilombo das Artes: possibilidades art\u00edsticas, pedag\u00f3gicas e interdisciplinares a partir da montagem de \u201cMatilda\u201d.<\/a><\/strong> 2017.<\/span><\/p>\n<p><span style=\"font-family: verdana,geneva,sans-serif;font-size: 10pt;color: #000000\">VELASQUES, Melissa Rabelo.<strong> <a style=\"color: #000000\" href=\"https:\/\/wp.ufpel.edu.br\/teatro\/files\/2018\/04\/TCC-Melissa-Final.pdf\">Botando o buf\u00e3o pra fora: o processo de cria\u00e7\u00e3o do buf\u00e3o como possibilidade no ensino da linguagem teatral<\/a>.<\/strong> 2017.<\/span><\/p>\n","protected":false},"excerpt":{"rendered":"<p>BRITTO, Marlon Ribeiro. Lua de renda: a colcha de retalhos da intertextualidade na montagem do espet\u00e1culo. 2017. COUTINHO, Amanda Cordeiro.\u00a0CONSTRU\u00c7\u00c3O DA PERSONAGEM: relato de algumas experi\u00eancias no teatro e em curtas-metragens da UFPel. 2017. ECKERT, Gr\u00e9gori Rodrigues. Tutuzeando: uma experimenta\u00e7\u00e3o sobre teatro ritual\u00edstico. 2017. ESCOUTO, Carlos Roberto. Outros modelos de educa\u00e7\u00e3o s\u00e3o poss\u00edveis: o teatro [&hellip;]<\/p>\n","protected":false},"author":337,"featured_media":0,"parent":179,"menu_order":7,"comment_status":"closed","ping_status":"closed","template":"","meta":{"footnotes":""},"class_list":["post-667","page","type-page","status-publish","hentry"],"_links":{"self":[{"href":"https:\/\/wp.ufpel.edu.br\/teatro\/wp-json\/wp\/v2\/pages\/667","targetHints":{"allow":["GET"]}}],"collection":[{"href":"https:\/\/wp.ufpel.edu.br\/teatro\/wp-json\/wp\/v2\/pages"}],"about":[{"href":"https:\/\/wp.ufpel.edu.br\/teatro\/wp-json\/wp\/v2\/types\/page"}],"author":[{"embeddable":true,"href":"https:\/\/wp.ufpel.edu.br\/teatro\/wp-json\/wp\/v2\/users\/337"}],"replies":[{"embeddable":true,"href":"https:\/\/wp.ufpel.edu.br\/teatro\/wp-json\/wp\/v2\/comments?post=667"}],"version-history":[{"count":2,"href":"https:\/\/wp.ufpel.edu.br\/teatro\/wp-json\/wp\/v2\/pages\/667\/revisions"}],"predecessor-version":[{"id":692,"href":"https:\/\/wp.ufpel.edu.br\/teatro\/wp-json\/wp\/v2\/pages\/667\/revisions\/692"}],"up":[{"embeddable":true,"href":"https:\/\/wp.ufpel.edu.br\/teatro\/wp-json\/wp\/v2\/pages\/179"}],"wp:attachment":[{"href":"https:\/\/wp.ufpel.edu.br\/teatro\/wp-json\/wp\/v2\/media?parent=667"}],"curies":[{"name":"wp","href":"https:\/\/api.w.org\/{rel}","templated":true}]}}