{"id":661,"date":"2019-08-02T13:33:16","date_gmt":"2019-08-02T16:33:16","guid":{"rendered":"https:\/\/wp.ufpel.edu.br\/teatro\/?page_id=661"},"modified":"2023-12-12T11:08:55","modified_gmt":"2023-12-12T14:08:55","slug":"2015-2","status":"publish","type":"page","link":"https:\/\/wp.ufpel.edu.br\/teatro\/trabalhos-de-conclusao\/2015-2\/","title":{"rendered":"2015"},"content":{"rendered":"<p><span style=\"font-family: verdana,geneva,sans-serif;font-size: 10pt;color: #000000\">CARVALHO, Monique Alves.<strong>\u00a0<a style=\"color: #000000\" href=\"https:\/\/wp.ufpel.edu.br\/teatro\/files\/2015\/12\/TCC.-MONIQUE-CARVALHO.-Dramaturgia-Sonora.pdf\">Dramaturgia sonora: um di\u00e1logo entre a teoria e a pr\u00e1tica da utiliza\u00e7\u00e3o dos sons na cena.<\/a><\/strong> 2015.<\/span><\/p>\n<p><span style=\"font-family: verdana,geneva,sans-serif;font-size: 10pt;color: #000000\">D&#8217;\u00c1VILA JR., Francisco de Paulo.\u00a0<strong><a style=\"color: #000000\" href=\"https:\/\/wp.ufpel.edu.br\/teatro\/files\/2015\/12\/TCC.FRANCISCO-DAVILA.-A\u00e7\u00e3o-pol\u00edtica-na-cena-contempor\u00e2nea.pdf\">A\u00c7\u00c3O POL\u00cdTICA NA CENA CONTEMPOR\u00c2NEA: um di\u00e1logo entre a hist\u00f3ria e o presente.<\/a><\/strong> 2015.<\/span><\/p>\n<p><span style=\"font-family: verdana,geneva,sans-serif;font-size: 10pt;color: #000000\">DEMUTTI, Anderson Morais.<strong> <a style=\"color: #000000\" href=\"https:\/\/wp.ufpel.edu.br\/teatro\/files\/2015\/12\/TCC-ANDERSON-oficial.pdf\">A experi\u00eancia est\u00e9tica na JOGATINA: repercuss\u00f5es na educa\u00e7\u00e3o de jovens espectadores de teatro.<\/a><\/strong> 2015.<\/span><\/p>\n<p><span style=\"font-family: verdana,geneva,sans-serif;font-size: 10pt;color: #000000\">GALHO, Lucas Ribeiro.<strong> <a style=\"color: #000000\" href=\"https:\/\/wp.ufpel.edu.br\/teatro\/files\/2015\/12\/TCC-Lucas-DIGITAL.pdf\">O tr\u00e1gico em Anjo negro de Nelson Rodrigues e Combate de negro e de c\u00e3es de Bernard-Marie Kolt\u00e8s: Possibilidades de leitura.<\/a><\/strong>\u00a02015.<\/span><\/p>\n<p><span style=\"font-family: verdana,geneva,sans-serif;font-size: 10pt;color: #000000\">GARCIA, Ronaldo Luiz Caram\u00e3o.<strong> <a style=\"color: #000000\" href=\"https:\/\/wp.ufpel.edu.br\/teatro\/files\/2015\/12\/TCC-VERS\u00c3O-FINAL-REVISADA-3.pdf\">Mem\u00f3rias de Espectadores de Teatro de Pelotas.<\/a><\/strong>\u00a02015.<\/span><\/p>\n<p><span style=\"font-family: verdana,geneva,sans-serif;font-size: 10pt;color: #000000\">GASS, Juliano M. Bohn.<strong> <a style=\"color: #000000\" href=\"https:\/\/wp.ufpel.edu.br\/teatro\/files\/2015\/12\/TCC_Juliano-BG_Vestindo-os-Inv\u00f3lucros-de-Qorpo-Santo.pdf\">Vestindo os \u201cInv\u00f3lucros\u201d de Qorpo Santo: Contribui\u00e7\u00f5es Para Processos de Cria\u00e7\u00e3o C\u00eanica e Pr\u00e1ticas Formativas.<\/a><\/strong><strong>\u00a0<\/strong>2015.<\/span><\/p>\n<p><span style=\"font-family: verdana,geneva,sans-serif;font-size: 10pt;color: #000000\">LAGO, Lara Leivas.<strong> <a style=\"color: #000000\" href=\"https:\/\/wp.ufpel.edu.br\/teatro\/files\/2015\/12\/TCCLaraFinal.doc\">Reflex\u00f5es sobre o processo de (auto)forma\u00e7\u00e3o de uma Atriz- Licencianda em Teatro.<\/a><\/strong>\u00a02015.<\/span><\/p>\n<p><span style=\"font-family: verdana,geneva,sans-serif;font-size: 10pt;color: #000000\">LEITE, Viviane Famil. <strong><a style=\"color: #000000\" href=\"https:\/\/wp.ufpel.edu.br\/teatro\/files\/2015\/12\/TCC-Viv-PRONTO-FINAL_1_.pdf\">Para uma po\u00e9tica teatral do frio: conjecturas de uma atriz a partir da Est\u00e9tica do frio de Vitor Ramil<\/a><\/strong>. 2015.<\/span><\/p>\n<p><span style=\"font-family: verdana,geneva,sans-serif;font-size: 10pt;color: #000000\">MALASPINA JR, Arthur. <strong><a style=\"color: #000000\" href=\"https:\/\/wp.ufpel.edu.br\/teatro\/files\/2015\/12\/TCC.-ARTHUR-MALASPINA.-Experimenta\u00e7\u00e3o-atoral.pdf\">EXPERIMENTA\u00c7\u00c3O ATORAL entre as teorias do drama e o p\u00f3s-drama: o heterog\u00eanero como g\u00eanero contempor\u00e2neo.<\/a><\/strong> 2015.<\/span><\/p>\n<p><span style=\"font-family: verdana,geneva,sans-serif;font-size: 10pt;color: #000000\">MARIANO, Everton de Lima. <strong><a style=\"color: #000000\" href=\"https:\/\/wp.ufpel.edu.br\/teatro\/files\/2015\/12\/EXPERIENCIANDO-O-TEATRO-COMUNIT\u00c1RIO-A-fun\u00e7\u00e3o-social-do-arte-educador-comunit\u00e1rio.pdf\">EXPERIENCIANDO O TEATRO COMUNIT\u00c1RIO: A fun\u00e7\u00e3o social do arte-educador comunit\u00e1rio<\/a><\/strong>. 2015.<\/span><\/p>\n<p><span style=\"font-family: verdana,geneva,sans-serif;font-size: 10pt;color: #000000\">MORAES, Gabrielle W.<strong> <a style=\"color: #000000\" href=\"https:\/\/wp.ufpel.edu.br\/teatro\/files\/2015\/12\/TCC-Gabrielle-Winck-Moraes.pdf\">UM OLHAR SOBRE EMANCIPA\u00c7\u00c3O ATRAV\u00c9S DA PR\u00c1TICA TEATRAL NA ESCOLA.<\/a><\/strong>\u00a02015<\/span><\/p>\n<p><span style=\"font-family: verdana,geneva,sans-serif;font-size: 10pt;color: #000000\">NOGUEIRA, Gabriel Almeida.<strong> <a style=\"color: #000000\" href=\"https:\/\/wp.ufpel.edu.br\/teatro\/files\/2015\/12\/TRABALHO-DE-CONCLUS\u00c3O-DE-CURSO-Imprimir.docx\">Oficina de Teatro Down: Todos somos capazes de fazer tudo.<\/a><\/strong>\u00a02015.<\/span><\/p>\n<p><span style=\"font-family: verdana,geneva,sans-serif;font-size: 10pt;color: #000000\">PORTELINHA, F\u00e1tima Zanetti.<strong> <a style=\"color: #000000\" href=\"https:\/\/wp.ufpel.edu.br\/teatro\/files\/2015\/12\/TCC2.pdf\">L\u00d3RI NELSON, UM HOMEM ARTISTA: UMA VIDA DEDICADA \u00c0 ARTE E \u00c0 CULTURA.<\/a><\/strong> 2015.<\/span><\/p>\n<p><span style=\"font-family: verdana,geneva,sans-serif;font-size: 10pt;color: #000000\">PRADO, Carlos Eduardo de Oliveira. <a style=\"color: #000000\" href=\"https:\/\/wp.ufpel.edu.br\/teatro\/files\/2015\/12\/PRADO_Carlos.-A_conta\u00e7\u00e3o_de_hist\u00f3rias_como_possibilidade_de_inser\u00e7\u00e3o_do_jogo_teatral_na_escola.pdf\"><strong>A conta\u00e7\u00e3o de hist\u00f3rias como possibilidade de inser\u00e7\u00e3o do jogo teatral na escola.<\/strong> <\/a>2015<\/span><\/p>\n<p><span style=\"font-family: verdana,geneva,sans-serif;font-size: 10pt;color: #000000\">SILVA, Jo\u00e3o Henrique Walker.\u00a0<strong><a style=\"color: #000000\" href=\"https:\/\/wp.ufpel.edu.br\/teatro\/files\/2015\/12\/Tcc-Joao-Henrique-Walker-Da-Silva-15122015.docx\">Impress\u00f5es: o viver teatral.<\/a><\/strong> 2015.<\/span><\/p>\n<p><span style=\"font-family: verdana,geneva,sans-serif;font-size: 10pt;color: #000000\">SILVEIRA, Larissa Rosado.<strong>\u00a0<a style=\"color: #000000\" href=\"https:\/\/wp.ufpel.edu.br\/teatro\/files\/2015\/12\/TCC-Larissa.docx\">O TERAP\u00caUTICO NO TEATRO: UMA INVESTIGA\u00c7\u00c3O SOBRE POSSIBILIDADES E LIMITES.<\/a><\/strong> 2015.<\/span><\/p>\n<p><span style=\"font-family: verdana,geneva,sans-serif;font-size: 10pt;color: #000000\">VIEIRA, Melissa de S\u00e1 Britto.<strong> <a style=\"color: #000000\" href=\"https:\/\/wp.ufpel.edu.br\/teatro\/files\/2015\/12\/Sobre-corpos-atuantes-e-vozes-cantantes-impress\u00f5es-da-pr\u00e1tica-do-uso-de-exercicios-vocais-preparat\u00f3rios-para-a-voz-cant1.pdf\">Sobre corpos atuantes e vozes cantantes: impress\u00f5es da pr\u00e1tica do uso de exerc\u00edcios vocais preparat\u00f3rios para a voz cantada em cena.<\/a><\/strong>\u00a02015.<\/span><\/p>\n<p><span style=\"font-family: verdana,geneva,sans-serif;font-size: 10pt;color: #000000\">ZANINI, Paula Buratti.<strong> <a style=\"color: #000000\" href=\"https:\/\/wp.ufpel.edu.br\/teatro\/files\/2015\/12\/Inseguran\u00e7a-Emocional-no-Corpo-Voz...-Experi\u00eancias-e-Desafios-da-Emiss\u00e3o-Vocal-em-Cena.pdf\">Inseguran\u00e7a Emocional no Corpo-Voz: Experi\u00eancias e Desafios da Emiss\u00e3o Vocal em Cena.<\/a><\/strong> 2015.<\/span><\/p>\n","protected":false},"excerpt":{"rendered":"<p>CARVALHO, Monique Alves.\u00a0Dramaturgia sonora: um di\u00e1logo entre a teoria e a pr\u00e1tica da utiliza\u00e7\u00e3o dos sons na cena. 2015. D&#8217;\u00c1VILA JR., Francisco de Paulo.\u00a0A\u00c7\u00c3O POL\u00cdTICA NA CENA CONTEMPOR\u00c2NEA: um di\u00e1logo entre a hist\u00f3ria e o presente. 2015. DEMUTTI, Anderson Morais. A experi\u00eancia est\u00e9tica na JOGATINA: repercuss\u00f5es na educa\u00e7\u00e3o de jovens espectadores de teatro. 2015. GALHO, [&hellip;]<\/p>\n","protected":false},"author":337,"featured_media":0,"parent":179,"menu_order":9,"comment_status":"closed","ping_status":"closed","template":"","meta":{"footnotes":""},"class_list":["post-661","page","type-page","status-publish","hentry"],"_links":{"self":[{"href":"https:\/\/wp.ufpel.edu.br\/teatro\/wp-json\/wp\/v2\/pages\/661","targetHints":{"allow":["GET"]}}],"collection":[{"href":"https:\/\/wp.ufpel.edu.br\/teatro\/wp-json\/wp\/v2\/pages"}],"about":[{"href":"https:\/\/wp.ufpel.edu.br\/teatro\/wp-json\/wp\/v2\/types\/page"}],"author":[{"embeddable":true,"href":"https:\/\/wp.ufpel.edu.br\/teatro\/wp-json\/wp\/v2\/users\/337"}],"replies":[{"embeddable":true,"href":"https:\/\/wp.ufpel.edu.br\/teatro\/wp-json\/wp\/v2\/comments?post=661"}],"version-history":[{"count":2,"href":"https:\/\/wp.ufpel.edu.br\/teatro\/wp-json\/wp\/v2\/pages\/661\/revisions"}],"predecessor-version":[{"id":688,"href":"https:\/\/wp.ufpel.edu.br\/teatro\/wp-json\/wp\/v2\/pages\/661\/revisions\/688"}],"up":[{"embeddable":true,"href":"https:\/\/wp.ufpel.edu.br\/teatro\/wp-json\/wp\/v2\/pages\/179"}],"wp:attachment":[{"href":"https:\/\/wp.ufpel.edu.br\/teatro\/wp-json\/wp\/v2\/media?parent=661"}],"curies":[{"name":"wp","href":"https:\/\/api.w.org\/{rel}","templated":true}]}}