{"id":652,"date":"2019-08-02T13:31:52","date_gmt":"2019-08-02T16:31:52","guid":{"rendered":"https:\/\/wp.ufpel.edu.br\/teatro\/?page_id=652"},"modified":"2023-12-12T11:09:10","modified_gmt":"2023-12-12T14:09:10","slug":"2012-2","status":"publish","type":"page","link":"https:\/\/wp.ufpel.edu.br\/teatro\/trabalhos-de-conclusao\/2012-2\/","title":{"rendered":"2012"},"content":{"rendered":"<p><span style=\"font-family: verdana,geneva,sans-serif;font-size: 10pt;color: #000000\">ANDRADE, Ana Alice M\u00fcller.<strong>\u00a0<a style=\"color: #000000\" href=\"https:\/\/wp.ufpel.edu.br\/teatro\/files\/2015\/12\/gravar-em-dvd.docx\">O TEATRO PELOTENSE ENTRE 1974 E 1986: CR\u00d4NICAS DE UMA ATRIZ.<\/a> <\/strong>2012.<strong><br \/>\n<\/strong><\/span><\/p>\n<p><span style=\"font-family: verdana,geneva,sans-serif;font-size: 10pt;color: #000000\">BARBOSA JR., H\u00e9lcio Fernandes.<strong> <a style=\"color: #000000\" href=\"https:\/\/wp.ufpel.edu.br\/teatro\/files\/2015\/12\/TCC-Final_Helcio_Fernandes_18_12_12-vers\u00e3o-revisada.pdf\">O Caboclo da Umbanda e o arqu\u00e9tipo do Guerreiro: entrecruzamentos no trabalho do ator.<\/a><\/strong> 2012.<\/span><\/p>\n<p><span style=\"font-family: verdana,geneva,sans-serif;font-size: 10pt;color: #000000\">KUHN, Neusa Maria.<strong>\u00a0<a style=\"color: #000000\" href=\"https:\/\/wp.ufpel.edu.br\/teatro\/files\/2015\/12\/TCC-finalizado-1910.doc\">TRAJET\u00d3RIA ART\u00cdSTICA DE JO\u00c3O BACHILLI: do Col\u00e9gio Pedro Os\u00f3rio ao Grupo Tholl.<\/a><\/strong> 2012.<\/span><\/p>\n<p><span style=\"font-family: verdana,geneva,sans-serif;font-size: 10pt;color: #000000\">RODRIGUES, Maur\u00edcio da Rosa.\u00a0<strong><a style=\"color: #000000\" href=\"https:\/\/wp.ufpel.edu.br\/teatro\/files\/2015\/12\/TCC-MAURICIO-REVISADO.docx\">N\u00facleo de Teatro da UFPel: fazeres e desnudamento de si.<\/a><\/strong> 2012.<\/span><\/p>\n<p><span style=\"font-family: verdana,geneva,sans-serif;font-size: 10pt;color: #000000\">SILVA, Fl\u00e1vio Ant\u00f4nio Dornelles.\u00a0<strong><a style=\"color: #000000\" href=\"https:\/\/wp.ufpel.edu.br\/teatro\/files\/2015\/12\/TCC-Colegiado-corrigido.pdf\">Como nasce um Professor? Os Festivais de Teatro de Pelotas (1985-1989) e a Trajet\u00f3ria de Forma\u00e7\u00e3o e Mem\u00f3rias de um ator-professor.<\/a><\/strong> 2012.<\/span><\/p>\n","protected":false},"excerpt":{"rendered":"<p>ANDRADE, Ana Alice M\u00fcller.\u00a0O TEATRO PELOTENSE ENTRE 1974 E 1986: CR\u00d4NICAS DE UMA ATRIZ. 2012. BARBOSA JR., H\u00e9lcio Fernandes. O Caboclo da Umbanda e o arqu\u00e9tipo do Guerreiro: entrecruzamentos no trabalho do ator. 2012. KUHN, Neusa Maria.\u00a0TRAJET\u00d3RIA ART\u00cdSTICA DE JO\u00c3O BACHILLI: do Col\u00e9gio Pedro Os\u00f3rio ao Grupo Tholl. 2012. RODRIGUES, Maur\u00edcio da Rosa.\u00a0N\u00facleo de Teatro [&hellip;]<\/p>\n","protected":false},"author":337,"featured_media":0,"parent":179,"menu_order":12,"comment_status":"closed","ping_status":"closed","template":"","meta":{"footnotes":""},"class_list":["post-652","page","type-page","status-publish","hentry"],"_links":{"self":[{"href":"https:\/\/wp.ufpel.edu.br\/teatro\/wp-json\/wp\/v2\/pages\/652","targetHints":{"allow":["GET"]}}],"collection":[{"href":"https:\/\/wp.ufpel.edu.br\/teatro\/wp-json\/wp\/v2\/pages"}],"about":[{"href":"https:\/\/wp.ufpel.edu.br\/teatro\/wp-json\/wp\/v2\/types\/page"}],"author":[{"embeddable":true,"href":"https:\/\/wp.ufpel.edu.br\/teatro\/wp-json\/wp\/v2\/users\/337"}],"replies":[{"embeddable":true,"href":"https:\/\/wp.ufpel.edu.br\/teatro\/wp-json\/wp\/v2\/comments?post=652"}],"version-history":[{"count":2,"href":"https:\/\/wp.ufpel.edu.br\/teatro\/wp-json\/wp\/v2\/pages\/652\/revisions"}],"predecessor-version":[{"id":682,"href":"https:\/\/wp.ufpel.edu.br\/teatro\/wp-json\/wp\/v2\/pages\/652\/revisions\/682"}],"up":[{"embeddable":true,"href":"https:\/\/wp.ufpel.edu.br\/teatro\/wp-json\/wp\/v2\/pages\/179"}],"wp:attachment":[{"href":"https:\/\/wp.ufpel.edu.br\/teatro\/wp-json\/wp\/v2\/media?parent=652"}],"curies":[{"name":"wp","href":"https:\/\/api.w.org\/{rel}","templated":true}]}}