{"id":639,"date":"2019-07-19T11:28:12","date_gmt":"2019-07-19T14:28:12","guid":{"rendered":"https:\/\/wp.ufpel.edu.br\/teatro\/?page_id=639"},"modified":"2025-05-29T10:59:23","modified_gmt":"2025-05-29T13:59:23","slug":"manuais-e-tutoriais","status":"publish","type":"page","link":"https:\/\/wp.ufpel.edu.br\/teatro\/documentos-e-formularios\/manuais-e-tutoriais\/","title":{"rendered":"Regimentos, Manuais, Normas e Tutoriais"},"content":{"rendered":"<p><span style=\"color: #000000;\"><strong><span style=\"font-family: georgia, palatino, serif;\">Regimento<\/span><\/strong><\/span><\/p>\n<p><a href=\"https:\/\/wp.ufpel.edu.br\/teatro\/files\/2025\/05\/Regimento-LAPAP-\u2013-Laboratorio-de-Praticas-Artistico-Pedagogicas-dos-Cursos-de-Danca-e-Teatro.pdf\"><span style=\"font-family: georgia, palatino, serif;\">Regimento LAPAP \u2013 Laborat\u00f3rio de Pr\u00e1ticas Art\u00edstico-Pedag\u00f3gicas dos Cursos de Dan\u00e7a e Teatro<\/span><\/a><\/p>\n<p>&nbsp;<\/p>\n<p><span style=\"font-family: georgia, palatino, serif; color: #000000;\"><strong>Manuais, normas e tutoriais<\/strong><\/span><\/p>\n<p><span style=\"color: #000000; font-family: georgia, palatino, serif; font-size: 12pt;\"><a style=\"color: #000000;\" href=\"https:\/\/wp.ufpel.edu.br\/sisbi\/files\/2023\/11\/Manual-versao-final-novembro-1.pdf\">Novo Manual de Normas para Trabalhos Acad\u00eamicos<\/a><\/span><\/p>\n<p><span style=\"color: #000000; font-family: georgia, palatino, serif; font-size: 12pt;\"><a style=\"color: #000000;\" href=\"https:\/\/wp.ufpel.edu.br\/danca\/files\/2019\/07\/Regulamento-Ensino-de-Graduacao.pdf\">Regulamento do Ensino de Gradua\u00e7\u00e3o \u2013 Resolu\u00e7\u00e3o 29\/2018 \u2013 COCEPE<\/a><\/span><\/p>\n<p><span style=\"color: #000000; font-family: georgia, palatino, serif; font-size: 12pt;\"><a style=\"color: #000000;\" href=\"https:\/\/wp.ufpel.edu.br\/teatro\/files\/2022\/03\/Normas-de-uso-e-funcionamento-Salas-Praticas-Teatro-e-Danca-1.pdf\">Normas de uso e funcionamento das salas de aulas pr\u00e1ticas de Artes C\u00eanicas<\/a><\/span><\/p>\n<p><span style=\"font-family: georgia, palatino, serif; font-size: 12pt; color: #000000;\"><a style=\"color: #000000;\" href=\"https:\/\/wp.ufpel.edu.br\/teatro\/files\/2023\/08\/Diretrizes-normativas-para-realizacao-de-Trabalhos-de-Conclusao-de-Curso.pdf\">Diretrizes normativas para realiza\u00e7\u00e3o de Trabalhos de Conclus\u00e3o de Curso [atualiza\u00e7\u00e3o agosto 2023]<\/a><\/span><\/p>\n<p><span style=\"font-family: georgia, palatino, serif; font-size: 12pt; color: #000000;\"><a style=\"color: #000000;\" href=\"https:\/\/wp.ufpel.edu.br\/teatro\/files\/2023\/07\/REGULAMENTO-DOS-ESTUDOS-INTEGRADORES-DO-CURSO-DE-TEATRO-24_07_2023.pdf\">Regulamento dos Estudos Integradores do Curso de Teatro &#8211; Licenciatura [atualiza\u00e7\u00e3o julho 2023]<\/a><\/span><\/p>\n<p>&nbsp;<\/p>\n<p><span style=\"color: #000000; font-family: georgia, palatino, serif; font-size: 12pt;\"><strong>Documenta\u00e7\u00e3o para Est\u00e1gios obrigat\u00f3rios e n\u00e3o obrigat\u00f3rios<\/strong><\/span><\/p>\n<p><span style=\"font-family: georgia, palatino, serif; font-size: 12pt; color: #000000;\"><a style=\"color: #000000;\" href=\"https:\/\/wp.ufpel.edu.br\/teatro\/files\/2023\/08\/Orientacoes_modelos-para-Estagios-Supervisionados-do-curso-de-Teatro.pdf\">Orienta\u00e7\u00f5es e modelos para Est\u00e1gios do Curso de Teatro<\/a><\/span><\/p>\n<p><span style=\"color: #000000; font-family: georgia, palatino, serif; font-size: 12pt;\"><a style=\"color: #000000;\" href=\"https:\/\/wp.ufpel.edu.br\/teatro\/files\/2023\/05\/Termo-de-Compromisso-UFPel-como-INSTITUICAO-DE-ENSINO-5.doc\">Termo de Compromisso UFPel como Institui\u00e7\u00e3o de Ensino<\/a><\/span><\/p>\n<p><span style=\"font-family: georgia, palatino, serif; font-size: 12pt;\"><strong><span style=\"color: #000000;\">Documentos Secretaria Municipal de Educa\u00e7\u00e3o (SMED Pelotas)<\/span><\/strong><\/span><\/p>\n<p><span style=\"color: #000000; font-family: georgia, palatino, serif; font-size: 12pt;\"><a style=\"color: #000000;\" href=\"https:\/\/wp.ufpel.edu.br\/teatro\/files\/2023\/05\/MODELO-TERMO-DE-COMPROMISSO-DE-ESTAGIO-atualizado.doc\">Modelo &#8211; Termo de Compromisso de Est\u00e1gio<\/a><\/span><\/p>\n<p><span style=\"color: #000000; font-family: georgia, palatino, serif; font-size: 12pt;\"><a style=\"color: #000000;\" href=\"https:\/\/wp.ufpel.edu.br\/teatro\/files\/2023\/05\/CARTA-DE-APRESENTACAO-SMED.doc\">Carta de Apresenta\u00e7\u00e3o SMED<\/a><\/span><\/p>\n<p><span style=\"color: #000000; font-family: georgia, palatino, serif; font-size: 12pt;\"><a style=\"color: #000000;\" href=\"https:\/\/wp.ufpel.edu.br\/teatro\/files\/2023\/05\/MODELO-DE-PLANO-DE-TRABALHO-2.doc\">Modelo de Plano de Trabalho<\/a><\/span><\/p>\n<p><span style=\"font-family: georgia, palatino, serif; font-size: 12pt;\"><strong><span style=\"color: #000000;\">Documentos 5\u00aa Coordenadoria Regional de Educa\u00e7\u00e3o (5\u00aa CRE Pelotas)<\/span><\/strong><\/span><\/p>\n<p><span style=\"color: #000000; font-family: georgia, palatino, serif; font-size: 12pt;\"><a style=\"color: #000000;\" href=\"https:\/\/wp.ufpel.edu.br\/teatro\/files\/2023\/05\/Modelo-de-documentos-para-estagio-Carta-Fono-Termo-Plano1.docx\">Modelo de documentos para est\u00e1gio &#8211; Carta, Fono, Termo, Plano<\/a><\/span><\/p>\n<p>&nbsp;<\/p>\n<p>&nbsp;<\/p>\n","protected":false},"excerpt":{"rendered":"<p>Regimento Regimento LAPAP \u2013 Laborat\u00f3rio de Pr\u00e1ticas Art\u00edstico-Pedag\u00f3gicas dos Cursos de Dan\u00e7a e Teatro &nbsp; Manuais, normas e tutoriais Novo Manual de Normas para Trabalhos Acad\u00eamicos Regulamento do Ensino de Gradua\u00e7\u00e3o \u2013 Resolu\u00e7\u00e3o 29\/2018 \u2013 COCEPE Normas de uso e funcionamento das salas de aulas pr\u00e1ticas de Artes C\u00eanicas Diretrizes normativas para realiza\u00e7\u00e3o de Trabalhos [&hellip;]<\/p>\n","protected":false},"author":337,"featured_media":0,"parent":74,"menu_order":3,"comment_status":"closed","ping_status":"closed","template":"","meta":{"footnotes":""},"class_list":["post-639","page","type-page","status-publish","hentry"],"_links":{"self":[{"href":"https:\/\/wp.ufpel.edu.br\/teatro\/wp-json\/wp\/v2\/pages\/639","targetHints":{"allow":["GET"]}}],"collection":[{"href":"https:\/\/wp.ufpel.edu.br\/teatro\/wp-json\/wp\/v2\/pages"}],"about":[{"href":"https:\/\/wp.ufpel.edu.br\/teatro\/wp-json\/wp\/v2\/types\/page"}],"author":[{"embeddable":true,"href":"https:\/\/wp.ufpel.edu.br\/teatro\/wp-json\/wp\/v2\/users\/337"}],"replies":[{"embeddable":true,"href":"https:\/\/wp.ufpel.edu.br\/teatro\/wp-json\/wp\/v2\/comments?post=639"}],"version-history":[{"count":34,"href":"https:\/\/wp.ufpel.edu.br\/teatro\/wp-json\/wp\/v2\/pages\/639\/revisions"}],"predecessor-version":[{"id":2512,"href":"https:\/\/wp.ufpel.edu.br\/teatro\/wp-json\/wp\/v2\/pages\/639\/revisions\/2512"}],"up":[{"embeddable":true,"href":"https:\/\/wp.ufpel.edu.br\/teatro\/wp-json\/wp\/v2\/pages\/74"}],"wp:attachment":[{"href":"https:\/\/wp.ufpel.edu.br\/teatro\/wp-json\/wp\/v2\/media?parent=639"}],"curies":[{"name":"wp","href":"https:\/\/api.w.org\/{rel}","templated":true}]}}