{"id":613,"date":"2019-07-17T11:01:15","date_gmt":"2019-07-17T14:01:15","guid":{"rendered":"https:\/\/wp.ufpel.edu.br\/teatro\/?page_id=613"},"modified":"2023-08-18T09:44:08","modified_gmt":"2023-08-18T12:44:08","slug":"projeto-pedagogico","status":"publish","type":"page","link":"https:\/\/wp.ufpel.edu.br\/teatro\/administracao\/projeto-pedagogico\/","title":{"rendered":"Projeto Pedag\u00f3gico"},"content":{"rendered":"<p><span style=\"font-family: georgia, palatino, serif; font-size: 12pt; color: #000000;\"><strong>PPCs vigentes:<\/strong><\/span><\/p>\n<p><span style=\"font-family: georgia, palatino, serif; color: #000000;\"><a style=\"color: #000000;\" href=\"https:\/\/wp.ufpel.edu.br\/teatro\/files\/2023\/08\/PPC-Teatro-Noturno_versao-21.07.2023_com-anexos.pdf\">Projeto Pedag\u00f3gico do Curso de Teatro Noturno_vers\u00e3o 21.07.2023_com anexos<\/a><\/span><\/p>\n<p><span style=\"font-family: georgia, palatino, serif; color: #000000;\"><a style=\"color: #000000;\" href=\"https:\/\/wp.ufpel.edu.br\/teatro\/files\/2023\/08\/FLUXOGRAMA-DO-CURSO-DE-TEATRO-LICENCIATURA-NOTURNO.pdf\">Fluxograma do Curso de Teatro Noturno<\/a><\/span><\/p>\n<p><span style=\"font-family: georgia, palatino, serif; color: #000000;\"><a style=\"color: #000000;\" href=\"https:\/\/wp.ufpel.edu.br\/teatro\/files\/2023\/08\/PPC-Teatro-Integral_versao-27_07_2023_com-anexos-atualizacao-site-agosto.pdf\">Projeto Pedag\u00f3gico do Curso de Teatro Integral_vers\u00e3o 27.07.2023_com anexos<\/a><\/span><\/p>\n<p><span style=\"font-family: georgia, palatino, serif; color: #000000;\"><a style=\"color: #000000;\" href=\"https:\/\/wp.ufpel.edu.br\/teatro\/files\/2023\/08\/FLUXOGRAMA-DO-CURSO-DE-TEATRO-LICENCIATURA-INTEGRAL.pdf\">Fluxograma do Curso de Teatro Integral<\/a><\/span><\/p>\n<p>&nbsp;<\/p>\n<p><span style=\"color: #000000; font-family: georgia, palatino, serif; font-size: 12pt;\"><strong>PPCs vers\u00f5es anteriores:<\/strong><\/span><\/p>\n<p><span style=\"font-family: georgia, palatino, serif; font-size: 12pt; color: #000000;\"><a style=\"color: #000000;\" href=\"https:\/\/wp.ufpel.edu.br\/teatro\/files\/2019\/08\/Projeto-Pedag\u00f3gico-do-curso-Teatro-Licenciatura-UFPel.pdf\">Projeto Pedag\u00f3gico noturno 2010-2019<\/a><\/span><\/p>\n<p><span style=\"font-family: georgia, palatino, serif; font-size: 12pt; color: #000000;\"><a style=\"color: #000000;\" href=\"https:\/\/wp.ufpel.edu.br\/teatro\/files\/2019\/08\/Adendo-ao-PPC-Curso-de-Teatro-Licenciatura-UFPel-2015.pdf\">Adendo ao Projeto Pedag\u00f3gico noturno 2015<\/a><\/span><\/p>\n<p><span style=\"font-family: georgia, palatino, serif; color: #000000; font-size: 12pt;\"><a style=\"color: #000000;\" href=\"https:\/\/wp.ufpel.edu.br\/teatro\/files\/2020\/03\/Matriz-PP-teatro-noturno-2018-14-8-2018-E-mec-55-vagas.pdf\">Projeto Pedag\u00f3gico do Curso de Teatro noturno &#8211; 2018<\/a><\/span><\/p>\n<p><span style=\"font-family: georgia, palatino, serif; color: #000000; font-size: 12pt;\"><a style=\"color: #000000;\" href=\"https:\/\/wp.ufpel.edu.br\/teatro\/files\/2020\/10\/PP-Teatro-Noturno-atualizado-e-com-anexos_20-out-2020.pdf\">Projeto Pedag\u00f3gico do Curso de Teatro Noturno com anexos 20 out 2020<\/a><\/span><\/p>\n<p><span style=\"color: #000000; font-family: georgia, palatino, serif; font-size: 12pt;\"><a style=\"color: #000000;\" href=\"https:\/\/wp.ufpel.edu.br\/teatro\/files\/2020\/11\/PP-Teatro-Noturno-com-anexos-23nov2020.pdf\">Projeto Pedag\u00f3gico do Curso de Teatro Noturno com anexos 23 nov 2020<\/a><\/span><\/p>\n<p><span style=\"font-family: georgia, palatino, serif; font-size: 12pt; color: #000000;\"><a style=\"color: #000000;\" href=\"https:\/\/wp.ufpel.edu.br\/teatro\/files\/2020\/03\/Projeto-pedag\u00f3gico-Teatro-diurno-fev.-2020.pdf\">Projeto Pedag\u00f3gico do Curso de Teatro Integral &#8211; 2019\/2020<\/a><\/span><\/p>\n<p><span style=\"font-family: georgia, palatino, serif; font-size: 12pt; color: #000000;\"><a style=\"color: #000000;\" href=\"https:\/\/wp.ufpel.edu.br\/teatro\/files\/2022\/04\/PPC-Teatro-Noturno-28.02.2022_com-anexos-2.pdf\">Projeto Pedag\u00f3gico do Curso de Teatro Noturno com anexos 28 fev 2022<\/a><\/span><\/p>\n<p><span style=\"font-family: georgia, palatino, serif; font-size: 12pt; color: #000000;\"><a style=\"color: #000000;\" href=\"https:\/\/wp.ufpel.edu.br\/teatro\/files\/2022\/09\/PPC-Teatro-Integral_com-anexos_versao-17.08.2022.pdf\">PPC Teatro Integral_com anexos_vers\u00e3o 17.08.2022<\/a><\/span><\/p>\n","protected":false},"excerpt":{"rendered":"<p>PPCs vigentes: Projeto Pedag\u00f3gico do Curso de Teatro Noturno_vers\u00e3o 21.07.2023_com anexos Fluxograma do Curso de Teatro Noturno Projeto Pedag\u00f3gico do Curso de Teatro Integral_vers\u00e3o 27.07.2023_com anexos Fluxograma do Curso de Teatro Integral &nbsp; PPCs vers\u00f5es anteriores: Projeto Pedag\u00f3gico noturno 2010-2019 Adendo ao Projeto Pedag\u00f3gico noturno 2015 Projeto Pedag\u00f3gico do Curso de Teatro noturno &#8211; 2018 [&hellip;]<\/p>\n","protected":false},"author":337,"featured_media":0,"parent":10,"menu_order":3,"comment_status":"closed","ping_status":"closed","template":"","meta":{"footnotes":""},"class_list":["post-613","page","type-page","status-publish","hentry"],"_links":{"self":[{"href":"https:\/\/wp.ufpel.edu.br\/teatro\/wp-json\/wp\/v2\/pages\/613","targetHints":{"allow":["GET"]}}],"collection":[{"href":"https:\/\/wp.ufpel.edu.br\/teatro\/wp-json\/wp\/v2\/pages"}],"about":[{"href":"https:\/\/wp.ufpel.edu.br\/teatro\/wp-json\/wp\/v2\/types\/page"}],"author":[{"embeddable":true,"href":"https:\/\/wp.ufpel.edu.br\/teatro\/wp-json\/wp\/v2\/users\/337"}],"replies":[{"embeddable":true,"href":"https:\/\/wp.ufpel.edu.br\/teatro\/wp-json\/wp\/v2\/comments?post=613"}],"version-history":[{"count":18,"href":"https:\/\/wp.ufpel.edu.br\/teatro\/wp-json\/wp\/v2\/pages\/613\/revisions"}],"predecessor-version":[{"id":2101,"href":"https:\/\/wp.ufpel.edu.br\/teatro\/wp-json\/wp\/v2\/pages\/613\/revisions\/2101"}],"up":[{"embeddable":true,"href":"https:\/\/wp.ufpel.edu.br\/teatro\/wp-json\/wp\/v2\/pages\/10"}],"wp:attachment":[{"href":"https:\/\/wp.ufpel.edu.br\/teatro\/wp-json\/wp\/v2\/media?parent=613"}],"curies":[{"name":"wp","href":"https:\/\/api.w.org\/{rel}","templated":true}]}}