{"id":592,"date":"2019-04-30T10:03:33","date_gmt":"2019-04-30T13:03:33","guid":{"rendered":"https:\/\/wp.ufpel.edu.br\/teatro\/?page_id=592"},"modified":"2023-08-09T08:47:05","modified_gmt":"2023-08-09T11:47:05","slug":"projetos-de-ensino","status":"publish","type":"page","link":"https:\/\/wp.ufpel.edu.br\/teatro\/projetos\/projetos-de-ensino\/","title":{"rendered":"\u00canfase Ensino"},"content":{"rendered":"<p style=\"text-align: justify;\"><span style=\"color: #000000; font-family: verdana, geneva, sans-serif;\"><strong><span style=\"font-size: 14pt;\">Projetos Unificados com \u00eanfase no Ensino<\/span><\/strong><\/span><\/p>\n<p style=\"text-align: justify;\"><span style=\"font-family: verdana, geneva, sans-serif; font-size: 10pt; color: #000000;\"><em><strong>ARTES C\u00caNICAS E PRIMEIRA INF\u00c2NCIA: BRINCAR, IMAGINAR, CRIAR<\/strong><\/em><\/span><\/p>\n<p style=\"text-align: justify;\"><span style=\"color: #000000; font-family: verdana, geneva, sans-serif; font-size: 13.3333px;\"><strong>Coordenadoras:<\/strong> Andrisa Kemel Zanella e Vanessa Caldeira Leite<\/span><\/p>\n<p style=\"text-align: justify;\"><span style=\"color: #000000; font-family: verdana, geneva, sans-serif; font-size: 10pt;\"><strong>Descri\u00e7\u00e3o do projeto:<\/strong> Este projeto tem como foco o ensino das artes c\u00eanicas para a primeira inf\u00e2ncia, a partir de a\u00e7\u00f5es espec\u00edficas de estudo, viv\u00eancia, cria\u00e7\u00e3o, frui\u00e7\u00e3o e produ\u00e7\u00e3o.\u00a0 A metodologia caracteriza-se pelo car\u00e1ter processual, a partir de uma perspectiva te\u00f3rica e pr\u00e1tica, em que a viv\u00eancia e a cria\u00e7\u00e3o ser\u00e3o os pontos de converg\u00eancia para a constru\u00e7\u00e3o de propostas de ensino das artes c\u00eanicas para crian\u00e7as pequenas.<\/span><\/p>\n<p style=\"text-align: justify;\"><span style=\"color: #000000; font-family: verdana, geneva, sans-serif; font-size: 10pt;\"><strong>Contato:\u00a0<\/strong>professoraandrisakz@gmail.com;\u00a0vanessa.leite@ufpel.edu.br<\/span><\/p>\n<hr \/>\n<p style=\"text-align: justify;\"><span style=\"font-family: verdana, geneva, sans-serif;\"><em><span style=\"font-size: 10pt; color: #000000;\"><strong>ESTUDO DE CONCEITOS NO CAMPO DAS ARTES DA CENA<\/strong><\/span><\/em><\/span><\/p>\n<p style=\"text-align: justify;\"><span style=\"font-family: verdana, geneva, sans-serif; font-size: 10pt; color: #000000;\"><strong>Coordenadora:<\/strong>\u00a0Aline Castaman<\/span><\/p>\n<p style=\"text-align: justify;\"><span style=\"font-family: verdana, geneva, sans-serif; font-size: 10pt; color: #000000;\"><strong>Descri\u00e7\u00e3o do projeto:<\/strong>\u00a0O projeto visa criar um espa\u00e7o-encontro virtual cont\u00ednuo de estudo no\u00a0qual os conceitos no campo das artes da cena possam ser aprofundados e problematizados\u00a0pelo grupo. \u201cEstudo\u201d compreendido como o grau extremo de um desejo (studium), no sentido\u00a0agambiano do termo, de se instaurar um caminho permanente ou um modo de vida em rela\u00e7\u00e3o\u00a0com o saber. Um lugar de reflex\u00e3o em torno dos conhecimentos sobre o fazer e o fruir nas\u00a0artes da cena no qual possamos examinar as nuances diferenciais que atravessam os conceitos\u00a0\u00e0 luz de pesquisas de te\u00f3ricos\/cr\u00edticos pensadores da cena. O projeto \u00e9 aberto para\u00a0interessados neste campo do saber a qualquer momento e n\u00e3o \u00e9 necess\u00e1rio conhecimento\u00a0pr\u00e9vio.<\/span><\/p>\n<p style=\"text-align: justify;\"><span style=\"font-family: verdana, geneva, sans-serif; font-size: 10pt; color: #000000;\"><strong>Contatos:<\/strong>\u00a0<\/span><\/p>\n<div><span style=\"color: #000000; font-size: 10pt; font-family: verdana, geneva, sans-serif;\"><strong>E-mail:<\/strong> acastaman@ufpel.edu.br<\/span><\/div>\n<div><span style=\"color: #000000; font-size: 10pt; font-family: verdana, geneva, sans-serif;\"><strong>Site institucional:<\/strong> https:\/\/wp.ufpel.edu.br\/teatroexperiencia\/projeto-de-ensino\/<\/span><\/div>\n<hr \/>\n<p style=\"text-align: justify;\"><span style=\"font-family: verdana, geneva, sans-serif; color: #000000;\"><em><span style=\"font-size: 10pt;\"><strong>A M\u00c1SCARA NA PEDAGOGIA DO TEATRO<\/strong><\/span><\/em><\/span><\/p>\n<p style=\"text-align: justify;\"><span style=\"font-family: verdana, geneva, sans-serif; font-size: 10pt; color: #000000;\"><strong>Coordenadora: <\/strong>Moira Albornoz Stein<\/span><\/p>\n<p style=\"text-align: justify;\"><span style=\"font-family: verdana, geneva, sans-serif; font-size: 10pt; color: #000000;\"><strong>Descri\u00e7\u00e3o do projeto:<\/strong> O projeto desenvolve o estudo de diferentes pr\u00e1ticas teatrais com o uso de m\u00e1scaras, na forma\u00e7\u00e3o do ator\/atriz e na cria\u00e7\u00e3o c\u00eanica. S\u00e3o desenvolvidos estudos te\u00f3ricos e pr\u00e1ticos, com a\u00e7\u00f5es de ensino, pesquisa e extens\u00e3o, nas quais os alunos colaboradores possam aprofundar suas refer\u00eancias e experi\u00eancias com a m\u00e1scara teatral, em diferentes propostas, e exercitar a atua\u00e7\u00e3o como ministrantes de oficinas de diferentes estilos. \u00c9 mantido um Grupo de Estudos da M\u00e1scara Teatral, com \u00eanfase no ensino e prolongamentos na pesquisa e extens\u00e3o. S\u00e3o oferecidas oficinas de ensino e extens\u00e3o em m\u00e1scara neutra, m\u00e1scaras expressivas, meias-m\u00e1scaras expressivas, da Commedia Dell&#8217;Arte e a m\u00e1scara de Clown e\/ou Palha\u00e7o. Poder\u00e3o ser organizadas outras a\u00e7\u00f5es, como aulas com professores convidados, processos criativos e apresenta\u00e7\u00f5es de cenas, como pesquisa da linguagem da m\u00e1scara, em diferentes est\u00e9ticas, assim como a\u00e7\u00f5es de ensino aprofundando algum dos territ\u00f3rios te\u00f3rico-pr\u00e1ticos da m\u00e1scara na pedagogia teatral. A pr\u00f3xima a\u00e7\u00e3o ser\u00e1 de extens\u00e3o, uma Oficina aberta de palha\u00e7aria, ainda neste semestre de 2023\/1.<\/span><\/p>\n<p><span style=\"color: #000000; font-family: verdana, geneva, sans-serif; font-size: 10pt;\"><strong>Contato:\u00a0<\/strong><\/span><span style=\"font-family: verdana, geneva, sans-serif; font-size: 10pt;\">amascaranapedagogiadoteatro@<wbr \/>gmail.com<\/span><\/p>\n","protected":false},"excerpt":{"rendered":"<p>Projetos Unificados com \u00eanfase no Ensino ARTES C\u00caNICAS E PRIMEIRA INF\u00c2NCIA: BRINCAR, IMAGINAR, CRIAR Coordenadoras: Andrisa Kemel Zanella e Vanessa Caldeira Leite Descri\u00e7\u00e3o do projeto: Este projeto tem como foco o ensino das artes c\u00eanicas para a primeira inf\u00e2ncia, a partir de a\u00e7\u00f5es espec\u00edficas de estudo, viv\u00eancia, cria\u00e7\u00e3o, frui\u00e7\u00e3o e produ\u00e7\u00e3o.\u00a0 A metodologia caracteriza-se pelo [&hellip;]<\/p>\n","protected":false},"author":337,"featured_media":0,"parent":362,"menu_order":1,"comment_status":"closed","ping_status":"closed","template":"","meta":{"footnotes":""},"class_list":["post-592","page","type-page","status-publish","hentry"],"_links":{"self":[{"href":"https:\/\/wp.ufpel.edu.br\/teatro\/wp-json\/wp\/v2\/pages\/592","targetHints":{"allow":["GET"]}}],"collection":[{"href":"https:\/\/wp.ufpel.edu.br\/teatro\/wp-json\/wp\/v2\/pages"}],"about":[{"href":"https:\/\/wp.ufpel.edu.br\/teatro\/wp-json\/wp\/v2\/types\/page"}],"author":[{"embeddable":true,"href":"https:\/\/wp.ufpel.edu.br\/teatro\/wp-json\/wp\/v2\/users\/337"}],"replies":[{"embeddable":true,"href":"https:\/\/wp.ufpel.edu.br\/teatro\/wp-json\/wp\/v2\/comments?post=592"}],"version-history":[{"count":23,"href":"https:\/\/wp.ufpel.edu.br\/teatro\/wp-json\/wp\/v2\/pages\/592\/revisions"}],"predecessor-version":[{"id":2088,"href":"https:\/\/wp.ufpel.edu.br\/teatro\/wp-json\/wp\/v2\/pages\/592\/revisions\/2088"}],"up":[{"embeddable":true,"href":"https:\/\/wp.ufpel.edu.br\/teatro\/wp-json\/wp\/v2\/pages\/362"}],"wp:attachment":[{"href":"https:\/\/wp.ufpel.edu.br\/teatro\/wp-json\/wp\/v2\/media?parent=592"}],"curies":[{"name":"wp","href":"https:\/\/api.w.org\/{rel}","templated":true}]}}