{"id":2349,"date":"2024-11-11T11:35:32","date_gmt":"2024-11-11T14:35:32","guid":{"rendered":"https:\/\/wp.ufpel.edu.br\/teatro\/?page_id=2349"},"modified":"2025-04-22T15:10:02","modified_gmt":"2025-04-22T18:10:02","slug":"2024-2","status":"publish","type":"page","link":"https:\/\/wp.ufpel.edu.br\/teatro\/trabalhos-de-conclusao\/2024-2\/","title":{"rendered":"2024"},"content":{"rendered":"<p>BOHLMANN, Patr\u00edcia Garcia. <strong><a style=\"font-family: var(--fonte-corpo);\" href=\"https:\/\/wp.ufpel.edu.br\/teatro\/files\/2024\/11\/Versao-final-TCC-Patricia.pdf\">Da Inf\u00e2ncia \u00e0 Doc\u00eancia: reflex\u00f5es a partir de minha narrativa de vida<\/a><\/strong>. Pelotas: 2024.<\/p>\n<p>CUBA, Tatiana Duarte. <a href=\"https:\/\/wp.ufpel.edu.br\/teatro\/files\/2024\/11\/TCC-TATIANA-DUARTE-CUBA-final.pdf\"><strong>Descobrindo o Teatro: A import\u00e2ncia da extens\u00e3o universit\u00e1ria na periferia<\/strong><\/a>. Pelotas: 2024.<\/p>\n<p>COSTA, Patrick Peres da. <strong><a href=\"https:\/\/wp.ufpel.edu.br\/teatro\/files\/2025\/04\/Tcc_patrick_peres-1.pdf\">Metodologia de ensaio com base no jogo espont\u00e2neo do ator. <\/a><\/strong>Pelotas:2024<strong>.<\/strong><\/p>\n<p>MATTOS, Andreza Duarte de<strong>. <\/strong><a href=\"https:\/\/wp.ufpel.edu.br\/teatro\/files\/2025\/04\/MATTOS__A._A_Companhia_Teatral_Filhas_de_Tereza_e_o_Teatro_Negro_nos_bairros_perifericos_de_Pelotas.pdf\"><strong>A Companhia Teatral Filhas de Tereza e o Teatro Negro nos bairros perif\u00e9ricos de Pelotas<\/strong>.<\/a> Pelotas: 2024.<\/p>\n<p>MACHADO, Vin\u00edcius Lopes. <strong><a href=\"https:\/\/wp.ufpel.edu.br\/teatro\/files\/2025\/04\/vinicius_tcc.pdf\">Cenas do C\u00e1rcere: O teatro em busca da reabilita\u00e7\u00e3o de pessoas em situa\u00e7\u00e3o prisional<\/a>. <\/strong>Pelotas: 2024.<\/p>\n<p>PIONER, Gabryel. <strong><a href=\"https:\/\/wp.ufpel.edu.br\/teatro\/files\/2024\/11\/PIONER-Gabryel.-A-antropofagia-da-peca-O-rei-da-vela-de-Oswald-de-Andrade-na-montagem-de-Ze-Celso-Martinez-2024.pdf\">A antropofagia da pe\u00e7a O rei da vela, de Oswald de Andrade, na montagem de Z\u00e9 Celso Martinez em 1967<\/a><\/strong>. Pelotas: 2024.<\/p>\n<p>RASSIER, Catarina Leite. <a href=\"https:\/\/wp.ufpel.edu.br\/teatro\/files\/2025\/04\/TCC_Catarina_Rassier___Word.pdf\"><strong>Di\u00e1logos entre o teatro e a vida: Processo de cria\u00e7\u00e3o de uma atriz e professora com S\u00edndrome de Tourette.<\/strong><\/a> Pelotas: 2024.<\/p>\n<p>SANTOS, Allison Louren\u00e7o dos. <strong><a href=\"https:\/\/wp.ufpel.edu.br\/teatro\/files\/2025\/04\/TCC_Allison_Lourenco_dos_Santos.pdf\">Comer o sil\u00eancio para vomitar a cria\u00e7\u00e3o: O sil\u00eancio como disparador de processos c\u00eanicos<\/a>.<\/strong> Peloas: 2024.<\/p>\n","protected":false},"excerpt":{"rendered":"<p>BOHLMANN, Patr\u00edcia Garcia. Da Inf\u00e2ncia \u00e0 Doc\u00eancia: reflex\u00f5es a partir de minha narrativa de vida. Pelotas: 2024. CUBA, Tatiana Duarte. Descobrindo o Teatro: A import\u00e2ncia da extens\u00e3o universit\u00e1ria na periferia. Pelotas: 2024. COSTA, Patrick Peres da. Metodologia de ensaio com base no jogo espont\u00e2neo do ator. Pelotas:2024. MATTOS, Andreza Duarte de. A Companhia Teatral Filhas [&hellip;]<\/p>\n","protected":false},"author":337,"featured_media":0,"parent":179,"menu_order":0,"comment_status":"closed","ping_status":"closed","template":"","meta":{"footnotes":""},"class_list":["post-2349","page","type-page","status-publish","hentry"],"_links":{"self":[{"href":"https:\/\/wp.ufpel.edu.br\/teatro\/wp-json\/wp\/v2\/pages\/2349","targetHints":{"allow":["GET"]}}],"collection":[{"href":"https:\/\/wp.ufpel.edu.br\/teatro\/wp-json\/wp\/v2\/pages"}],"about":[{"href":"https:\/\/wp.ufpel.edu.br\/teatro\/wp-json\/wp\/v2\/types\/page"}],"author":[{"embeddable":true,"href":"https:\/\/wp.ufpel.edu.br\/teatro\/wp-json\/wp\/v2\/users\/337"}],"replies":[{"embeddable":true,"href":"https:\/\/wp.ufpel.edu.br\/teatro\/wp-json\/wp\/v2\/comments?post=2349"}],"version-history":[{"count":10,"href":"https:\/\/wp.ufpel.edu.br\/teatro\/wp-json\/wp\/v2\/pages\/2349\/revisions"}],"predecessor-version":[{"id":2490,"href":"https:\/\/wp.ufpel.edu.br\/teatro\/wp-json\/wp\/v2\/pages\/2349\/revisions\/2490"}],"up":[{"embeddable":true,"href":"https:\/\/wp.ufpel.edu.br\/teatro\/wp-json\/wp\/v2\/pages\/179"}],"wp:attachment":[{"href":"https:\/\/wp.ufpel.edu.br\/teatro\/wp-json\/wp\/v2\/media?parent=2349"}],"curies":[{"name":"wp","href":"https:\/\/api.w.org\/{rel}","templated":true}]}}