{"id":2173,"date":"2023-12-12T11:07:36","date_gmt":"2023-12-12T14:07:36","guid":{"rendered":"https:\/\/wp.ufpel.edu.br\/teatro\/?page_id=2173"},"modified":"2023-12-15T14:39:02","modified_gmt":"2023-12-15T17:39:02","slug":"2023-2","status":"publish","type":"page","link":"https:\/\/wp.ufpel.edu.br\/teatro\/trabalhos-de-conclusao\/2023-2\/","title":{"rendered":"2023"},"content":{"rendered":"<p><span style=\"color: #000000;\">FERREIRA, \u00c9rica de Oliveira. <strong><a style=\"color: #000000;\" href=\"https:\/\/wp.ufpel.edu.br\/teatro\/files\/2023\/12\/Erica-de-Oliveira-Ferreira-TCC.pdf\">Cartas para Camille no ex\u00edlio<\/a>.<\/strong> Pelotas: 2023.<\/span><\/p>\n<p><span style=\"color: #000000;\">FURTADO, Lucas Bezerra. <strong><a style=\"color: #000000;\" href=\"https:\/\/wp.ufpel.edu.br\/teatro\/files\/2023\/12\/Lucas-Bezerra-Furtado-TCC.pdf\">O Elemento Grotesco como proposta c\u00eanico-pedag\u00f3gica:<\/a><\/strong>\u00a0ser-animal, parir a M\u2019boitat\u00e1. Pelotas: 2023.<\/span><\/p>\n<p><span style=\"color: #000000;\">SANTOS, Brenda Castro dos. <strong><a style=\"color: #000000;\" href=\"https:\/\/wp.ufpel.edu.br\/teatro\/files\/2023\/12\/Brenda-Castro-dos-Santos-TCC.pdf\">Teatro Brincado:<\/a> <\/strong>an\u00e1lise das pr\u00e1ticas de Est\u00e1gios com a primeira inf\u00e2ncia. Pelotas: 2023.<\/span><\/p>\n","protected":false},"excerpt":{"rendered":"<p>FERREIRA, \u00c9rica de Oliveira. Cartas para Camille no ex\u00edlio. Pelotas: 2023. FURTADO, Lucas Bezerra. O Elemento Grotesco como proposta c\u00eanico-pedag\u00f3gica:\u00a0ser-animal, parir a M\u2019boitat\u00e1. Pelotas: 2023. SANTOS, Brenda Castro dos. Teatro Brincado: an\u00e1lise das pr\u00e1ticas de Est\u00e1gios com a primeira inf\u00e2ncia. Pelotas: 2023.<\/p>\n","protected":false},"author":337,"featured_media":0,"parent":179,"menu_order":1,"comment_status":"closed","ping_status":"closed","template":"","meta":{"footnotes":""},"class_list":["post-2173","page","type-page","status-publish","hentry"],"_links":{"self":[{"href":"https:\/\/wp.ufpel.edu.br\/teatro\/wp-json\/wp\/v2\/pages\/2173","targetHints":{"allow":["GET"]}}],"collection":[{"href":"https:\/\/wp.ufpel.edu.br\/teatro\/wp-json\/wp\/v2\/pages"}],"about":[{"href":"https:\/\/wp.ufpel.edu.br\/teatro\/wp-json\/wp\/v2\/types\/page"}],"author":[{"embeddable":true,"href":"https:\/\/wp.ufpel.edu.br\/teatro\/wp-json\/wp\/v2\/users\/337"}],"replies":[{"embeddable":true,"href":"https:\/\/wp.ufpel.edu.br\/teatro\/wp-json\/wp\/v2\/comments?post=2173"}],"version-history":[{"count":5,"href":"https:\/\/wp.ufpel.edu.br\/teatro\/wp-json\/wp\/v2\/pages\/2173\/revisions"}],"predecessor-version":[{"id":2188,"href":"https:\/\/wp.ufpel.edu.br\/teatro\/wp-json\/wp\/v2\/pages\/2173\/revisions\/2188"}],"up":[{"embeddable":true,"href":"https:\/\/wp.ufpel.edu.br\/teatro\/wp-json\/wp\/v2\/pages\/179"}],"wp:attachment":[{"href":"https:\/\/wp.ufpel.edu.br\/teatro\/wp-json\/wp\/v2\/media?parent=2173"}],"curies":[{"name":"wp","href":"https:\/\/api.w.org\/{rel}","templated":true}]}}