{"id":1987,"date":"2023-05-11T15:44:15","date_gmt":"2023-05-11T18:44:15","guid":{"rendered":"https:\/\/wp.ufpel.edu.br\/teatro\/?page_id=1987"},"modified":"2023-05-11T15:44:34","modified_gmt":"2023-05-11T18:44:34","slug":"egressos","status":"publish","type":"page","link":"https:\/\/wp.ufpel.edu.br\/teatro\/egressos\/","title":{"rendered":"EGRESSOS"},"content":{"rendered":"<p>Prezados egressos e egressas do Curso de Teatro \u2013 Licenciatura.<\/p>\n<p>Convidamos voc\u00eas a participarem do Cadastro do Egresso da UFPel. Sua participa\u00e7\u00e3o \u00e9 muito importante para o curso.<br \/>\nDispon\u00edvel em:\u00a0<a href=\"https:\/\/wp.ufpel.edu.br\/egresso\/cadastro\/\">https:\/\/wp.ufpel.edu.br\/egresso\/cadastro\/<\/a><\/p>\n<p>&nbsp;<\/p>\n","protected":false},"excerpt":{"rendered":"<p>Prezados egressos e egressas do Curso de Teatro \u2013 Licenciatura. Convidamos voc\u00eas a participarem do Cadastro do Egresso da UFPel. Sua participa\u00e7\u00e3o \u00e9 muito importante para o curso. Dispon\u00edvel em:\u00a0https:\/\/wp.ufpel.edu.br\/egresso\/cadastro\/ &nbsp;<\/p>\n","protected":false},"author":337,"featured_media":0,"parent":0,"menu_order":6,"comment_status":"closed","ping_status":"closed","template":"","meta":{"footnotes":""},"class_list":["post-1987","page","type-page","status-publish","hentry"],"_links":{"self":[{"href":"https:\/\/wp.ufpel.edu.br\/teatro\/wp-json\/wp\/v2\/pages\/1987","targetHints":{"allow":["GET"]}}],"collection":[{"href":"https:\/\/wp.ufpel.edu.br\/teatro\/wp-json\/wp\/v2\/pages"}],"about":[{"href":"https:\/\/wp.ufpel.edu.br\/teatro\/wp-json\/wp\/v2\/types\/page"}],"author":[{"embeddable":true,"href":"https:\/\/wp.ufpel.edu.br\/teatro\/wp-json\/wp\/v2\/users\/337"}],"replies":[{"embeddable":true,"href":"https:\/\/wp.ufpel.edu.br\/teatro\/wp-json\/wp\/v2\/comments?post=1987"}],"version-history":[{"count":1,"href":"https:\/\/wp.ufpel.edu.br\/teatro\/wp-json\/wp\/v2\/pages\/1987\/revisions"}],"predecessor-version":[{"id":1989,"href":"https:\/\/wp.ufpel.edu.br\/teatro\/wp-json\/wp\/v2\/pages\/1987\/revisions\/1989"}],"wp:attachment":[{"href":"https:\/\/wp.ufpel.edu.br\/teatro\/wp-json\/wp\/v2\/media?parent=1987"}],"curies":[{"name":"wp","href":"https:\/\/api.w.org\/{rel}","templated":true}]}}