{"id":1669,"date":"2022-07-13T13:59:06","date_gmt":"2022-07-13T16:59:06","guid":{"rendered":"https:\/\/wp.ufpel.edu.br\/teatro\/?page_id=1669"},"modified":"2025-04-11T08:56:59","modified_gmt":"2025-04-11T11:56:59","slug":"coordenacao-do-curso","status":"publish","type":"page","link":"https:\/\/wp.ufpel.edu.br\/teatro\/coordenacao-do-curso\/","title":{"rendered":"Coordena\u00e7\u00e3o do Curso"},"content":{"rendered":"<p><span style=\"font-family: georgia, palatino, serif; font-size: 12pt;\"><strong>Coordena\u00e7\u00e3o: Gest\u00e3o 2024- 2026<\/strong><\/span><\/p>\n<p><span style=\"font-family: georgia, palatino, serif; font-size: 12pt;\"><strong>Coordenadora:<\/strong>\u00a0 Dra. Aline Castaman (<a class=\"\" href=\"mailto:acastaman@ufpel.edu.br\" data-usuario=\"acastaman\">acastaman@ufpel.edu.br<\/a>)<\/span><\/p>\n<p><span style=\"font-family: georgia, palatino, serif; font-size: 12pt;\"><strong>Coordenador Adjunto:<\/strong>\u00a0 Dr. Thiago Pirajira Concei\u00e7\u00e3o (thiagopirajira@gmail.com)<\/span><\/p>\n<p><span style=\"color: #000000;\"><strong>PLano de A\u00e7\u00e3o da Gest\u00e3o &#8211;\u00a0 2024 &#8211; 2025<\/strong><\/span><\/p>\n<p><a href=\"https:\/\/wp.ufpel.edu.br\/teatro\/files\/2025\/04\/Plano-de-Acao-coord-Teatro-2024-2025.pdf\">Plano de a\u00e7\u00e3o coordena\u00e7\u00e3o do Curso de Teatro \u2013 Licenciatura<\/a><\/p>\n<p>&nbsp;<\/p>\n<p><span style=\"color: #000000;\"><strong>Coordena\u00e7\u00e3o Gest\u00e3o 2022 &#8211; 2024<\/strong><\/span><\/p>\n<p>Coordenadora: Vanessa Caldeira Leite<\/p>\n<p>Coordenadora Adjunta: Aline Castaman<\/p>\n<p><span style=\"color: #000000;\"><a style=\"color: #000000;\" href=\"https:\/\/wp.ufpel.edu.br\/teatro\/files\/2023\/08\/Plano-de-acao-coordenacao-do-curso.pdf\">Plano de a\u00e7\u00e3o coordena\u00e7\u00e3o do Curso de Teatro &#8211; Licenciatura<\/a><\/span><\/p>\n<p><span style=\"color: #000000;\"><a style=\"color: #000000;\" href=\"https:\/\/wp.ufpel.edu.br\/teatro\/files\/2023\/08\/Relatorio-coordenacao-do-curso.pdf\">Relat\u00f3rio coordena\u00e7\u00e3o do Curso de Teatro &#8211; Licenciatura<\/a><\/span><\/p>\n<p>&nbsp;<\/p>\n","protected":false},"excerpt":{"rendered":"<p>Coordena\u00e7\u00e3o: Gest\u00e3o 2024- 2026 Coordenadora:\u00a0 Dra. Aline Castaman (acastaman@ufpel.edu.br) Coordenador Adjunto:\u00a0 Dr. Thiago Pirajira Concei\u00e7\u00e3o (thiagopirajira@gmail.com) PLano de A\u00e7\u00e3o da Gest\u00e3o &#8211;\u00a0 2024 &#8211; 2025 Plano de a\u00e7\u00e3o coordena\u00e7\u00e3o do Curso de Teatro \u2013 Licenciatura &nbsp; Coordena\u00e7\u00e3o Gest\u00e3o 2022 &#8211; 2024 Coordenadora: Vanessa Caldeira Leite Coordenadora Adjunta: Aline Castaman Plano de a\u00e7\u00e3o coordena\u00e7\u00e3o do Curso [&hellip;]<\/p>\n","protected":false},"author":337,"featured_media":0,"parent":0,"menu_order":5,"comment_status":"closed","ping_status":"closed","template":"","meta":{"footnotes":""},"class_list":["post-1669","page","type-page","status-publish","hentry"],"_links":{"self":[{"href":"https:\/\/wp.ufpel.edu.br\/teatro\/wp-json\/wp\/v2\/pages\/1669","targetHints":{"allow":["GET"]}}],"collection":[{"href":"https:\/\/wp.ufpel.edu.br\/teatro\/wp-json\/wp\/v2\/pages"}],"about":[{"href":"https:\/\/wp.ufpel.edu.br\/teatro\/wp-json\/wp\/v2\/types\/page"}],"author":[{"embeddable":true,"href":"https:\/\/wp.ufpel.edu.br\/teatro\/wp-json\/wp\/v2\/users\/337"}],"replies":[{"embeddable":true,"href":"https:\/\/wp.ufpel.edu.br\/teatro\/wp-json\/wp\/v2\/comments?post=1669"}],"version-history":[{"count":6,"href":"https:\/\/wp.ufpel.edu.br\/teatro\/wp-json\/wp\/v2\/pages\/1669\/revisions"}],"predecessor-version":[{"id":2073,"href":"https:\/\/wp.ufpel.edu.br\/teatro\/wp-json\/wp\/v2\/pages\/1669\/revisions\/2073"}],"wp:attachment":[{"href":"https:\/\/wp.ufpel.edu.br\/teatro\/wp-json\/wp\/v2\/media?parent=1669"}],"curies":[{"name":"wp","href":"https:\/\/api.w.org\/{rel}","templated":true}]}}