{"id":1630,"date":"2022-06-23T08:30:07","date_gmt":"2022-06-23T11:30:07","guid":{"rendered":"https:\/\/wp.ufpel.edu.br\/teatro\/?page_id=1630"},"modified":"2023-12-12T11:08:02","modified_gmt":"2023-12-12T14:08:02","slug":"2022-2","status":"publish","type":"page","link":"https:\/\/wp.ufpel.edu.br\/teatro\/trabalhos-de-conclusao\/2022-2\/","title":{"rendered":"2022"},"content":{"rendered":"<p><span style=\"color: #000000;\">BUCHWEITZ, Alice Pereira. <strong><a style=\"color: #000000;\" href=\"https:\/\/wp.ufpel.edu.br\/teatro\/files\/2022\/07\/TCC-ALICE-BUCHWEITZ-VERSAO-FINAL-29.06.pdf\">Dire\u00e7\u00e3o teatral e o espa\u00e7o de atua\u00e7\u00e3o<\/a><\/strong>: a rela\u00e7\u00e3o com os diferentes ambientes da disciplina de Encena\u00e7\u00e3o Teatral I e II e suas contribui\u00e7\u00f5es para a cria\u00e7\u00e3o. Pelotas: 2022.<\/span><\/p>\n<p><span style=\"color: #000000;\">CONTER, Let\u00edcia. <strong><a style=\"color: #000000;\" href=\"https:\/\/wp.ufpel.edu.br\/teatro\/files\/2022\/07\/TCC_Teatro-Musical_Leticia-Conter-1.pdf\">Teatro musical:<\/a><\/strong> breve panorama sobre a produ\u00e7\u00e3o contempor\u00e2nea de grupos do interior do Rio Grande do Sul. Pelotas: 2022.<\/span><\/p>\n<p><span style=\"color: #000000;\">COTRIM, Alina da Silva Meira. <strong><a style=\"color: #000000;\" href=\"https:\/\/wp.ufpel.edu.br\/teatro\/files\/2023\/02\/SOBRE-CENOGRAFIA-E-FIGURINOS-UMA-PARTE-DA-MINHA-PESQUISA-E-PRATICA-CRIATIVA.pdf\">Sobre cenografia e figurinos uma parte da minha pesquisa e pr\u00e1tica criativa<\/a>.<\/strong> Pelotas: 2022.<\/span><\/p>\n<p><span style=\"color: #000000;\">FLORES, Maria da Concei\u00e7\u00e3o Barcelos. <strong><a style=\"color: #000000;\" href=\"https:\/\/wp.ufpel.edu.br\/teatro\/files\/2023\/01\/TCC-II-Maria-da-Conceicao-Barcelos-Flores.pdf\">Escrita de uma reviv\u00eancia com Frederico Garc\u00eda Lorca, em A Casa de Bernarda Alba<\/a>.<\/strong> Pelotas: 2022.<\/span><\/p>\n<p><span style=\"color: #000000;\">GIGANTE, Cl\u00e1udia.\u00a0<strong><a style=\"color: #000000;\" href=\"https:\/\/wp.ufpel.edu.br\/teatro\/files\/2022\/06\/Claudia-Gigante-TCC.pdf\">Teatro \u00e9 brincadeira e brincadeira \u00e9 coisa s\u00e9ria<\/a>:<\/strong>\u00a0uma pesquisa-a\u00e7\u00e3o sobre como se manifesta o jogo dram\u00e1tico infantil na pr\u00e9-escola. Pelotas: 2022.<\/span><\/p>\n<p><span style=\"color: #000000;\">GODOI, Alisson. <strong><a style=\"color: #000000;\" href=\"https:\/\/wp.ufpel.edu.br\/teatro\/files\/2022\/12\/Alisson-Godoi-TCC.pdf\">A import\u00e2ncia do Projeto de Extens\u00e3o &#8220;TOCO&#8221; na escola e na forma\u00e7\u00e3o do acad\u00eamico de teatro:<\/a><\/strong> um olhar a partir da experi\u00eancia vivida. Pelotas: 2022.<\/span><\/p>\n<p><span style=\"color: #000000;\">REIS, Daniel Silveira dos. <strong><a style=\"color: #000000;\" href=\"https:\/\/wp.ufpel.edu.br\/teatro\/files\/2022\/06\/TCC-II-Daniel-Silveira-dos-Reis.pdf\">Benjamin e a viagem ao redor do seu quarto:<\/a><\/strong> um protagonismo negro na cena teatral\/virtual. Pelotas: 2022.<\/span><\/p>\n<p><span style=\"color: #000000;\">TAVARES, Hugo Leonardo Guabiraba. <strong><a style=\"color: #000000;\" href=\"https:\/\/wp.ufpel.edu.br\/teatro\/files\/2022\/06\/HUGO-LEONARDO-GUABIRABA-TAVARES.pdf\">Viol\u00eancia e desamparo na obra Homens de papel (1968), de Pl\u00ednio Marcos<\/a>.<\/strong> Pelotas: 2022.<\/span><\/p>\n<p><span style=\"color: #000000;\">VAZ, Milena de Castro. <strong><a style=\"color: #000000;\" href=\"https:\/\/wp.ufpel.edu.br\/teatro\/files\/2022\/12\/Milena-de-Castro-Vaz-TCC.pdf\">Leitura dram\u00e1tica:<\/a><\/strong> um recurso para a descoberta, apropria\u00e7\u00e3o e frui\u00e7\u00e3o do texto. Pelotas: 2022.<\/span><\/p>\n<p><span style=\"color: #000000;\">WREGE, M\u00e9lanie. <strong><a style=\"color: #000000;\" href=\"https:\/\/wp.ufpel.edu.br\/teatro\/files\/2022\/07\/TCC-MELANIE-WREGE-VERSAO-FINAL.pdf\">Atravessamentos entre o teatro e o cinema<\/a>:<\/strong> a teatralidade no cinema, na produ\u00e7\u00e3o do curta-metragem A mulher que andava em c\u00edrculos pelo coletivo Libert\u00e9. Pelotas: 2022.<\/span><\/p>\n<p><span style=\"color: #000000;\">ZANETTI, Lorena Goulart.<strong> <a style=\"color: #000000;\" href=\"https:\/\/wp.ufpel.edu.br\/teatro\/files\/2022\/07\/Lorena-Goulat-Zanetti-TCC.pdf\">Do teatro para as c\u00e2meras:<\/a><\/strong> introdu\u00e7\u00e3o \u00e0 T\u00e9cnica Meisner na prepara\u00e7\u00e3o do ator no cinema. Pelotas: 2022.<\/span><\/p>\n<p>&nbsp;<\/p>\n","protected":false},"excerpt":{"rendered":"<p>BUCHWEITZ, Alice Pereira. Dire\u00e7\u00e3o teatral e o espa\u00e7o de atua\u00e7\u00e3o: a rela\u00e7\u00e3o com os diferentes ambientes da disciplina de Encena\u00e7\u00e3o Teatral I e II e suas contribui\u00e7\u00f5es para a cria\u00e7\u00e3o. Pelotas: 2022. CONTER, Let\u00edcia. Teatro musical: breve panorama sobre a produ\u00e7\u00e3o contempor\u00e2nea de grupos do interior do Rio Grande do Sul. Pelotas: 2022. COTRIM, Alina [&hellip;]<\/p>\n","protected":false},"author":337,"featured_media":0,"parent":179,"menu_order":2,"comment_status":"closed","ping_status":"closed","template":"","meta":{"footnotes":""},"class_list":["post-1630","page","type-page","status-publish","hentry"],"_links":{"self":[{"href":"https:\/\/wp.ufpel.edu.br\/teatro\/wp-json\/wp\/v2\/pages\/1630","targetHints":{"allow":["GET"]}}],"collection":[{"href":"https:\/\/wp.ufpel.edu.br\/teatro\/wp-json\/wp\/v2\/pages"}],"about":[{"href":"https:\/\/wp.ufpel.edu.br\/teatro\/wp-json\/wp\/v2\/types\/page"}],"author":[{"embeddable":true,"href":"https:\/\/wp.ufpel.edu.br\/teatro\/wp-json\/wp\/v2\/users\/337"}],"replies":[{"embeddable":true,"href":"https:\/\/wp.ufpel.edu.br\/teatro\/wp-json\/wp\/v2\/comments?post=1630"}],"version-history":[{"count":16,"href":"https:\/\/wp.ufpel.edu.br\/teatro\/wp-json\/wp\/v2\/pages\/1630\/revisions"}],"predecessor-version":[{"id":2167,"href":"https:\/\/wp.ufpel.edu.br\/teatro\/wp-json\/wp\/v2\/pages\/1630\/revisions\/2167"}],"up":[{"embeddable":true,"href":"https:\/\/wp.ufpel.edu.br\/teatro\/wp-json\/wp\/v2\/pages\/179"}],"wp:attachment":[{"href":"https:\/\/wp.ufpel.edu.br\/teatro\/wp-json\/wp\/v2\/media?parent=1630"}],"curies":[{"name":"wp","href":"https:\/\/api.w.org\/{rel}","templated":true}]}}