{"id":1222,"date":"2021-07-01T15:41:12","date_gmt":"2021-07-01T18:41:12","guid":{"rendered":"https:\/\/wp.ufpel.edu.br\/teatro\/?page_id=1222"},"modified":"2023-12-12T11:08:18","modified_gmt":"2023-12-12T14:08:18","slug":"2021-2","status":"publish","type":"page","link":"https:\/\/wp.ufpel.edu.br\/teatro\/trabalhos-de-conclusao\/2021-2\/","title":{"rendered":"2021"},"content":{"rendered":"<p><span style=\"color: #000000\">AIRES, Evelin Cristine Suchard. <strong><a style=\"color: #000000\" href=\"https:\/\/wp.ufpel.edu.br\/teatro\/files\/2021\/07\/TCC-Evelin-Processo-de-criacao-Personagens-Femininas-e-Simbolos-na-peca-Cadaver.pdf\">Processo de cria\u00e7\u00e3o: Personagens Femininas e S\u00edmbolos na pe\u00e7a Cad\u00e1ver.<\/a><\/strong>\u00a0Pelotas: 2021.<\/span><\/p>\n<p><span style=\"color: #000000\">ARA\u00daJO, Carla Silva. <strong><a style=\"color: #000000\" href=\"https:\/\/wp.ufpel.edu.br\/teatro\/files\/2021\/10\/Carla-Silva-Araujo-TCC.pdf\">A Cena Teatral em Pedro Os\u00f3rio.<\/a><\/strong>\u00a0Pelotas: 2021.<\/span><\/p>\n<p><span style=\"color: #000000\">BENTO, Eduarda Garcia. <strong><a style=\"color: #000000\" href=\"https:\/\/wp.ufpel.edu.br\/teatro\/files\/2021\/11\/TCC-Duda-Bento.pdf\">Processo de inicia\u00e7\u00e3o na linguagem clownesca em tempos pand\u00eamicos.<\/a><\/strong> Pelotas: 2021.<\/span><\/p>\n<p><span style=\"color: #000000\">BESSA, Grazielle Ramos. <strong><a style=\"color: #000000\" href=\"https:\/\/wp.ufpel.edu.br\/teatro\/files\/2021\/12\/Grazielle-Ramos-Bessa-TCC.pdf\">Mensageira de L\u00e1: Uma proposta de (re)territorializa\u00e7\u00e3o dramat\u00fargica Performativa Afro-Orientada.<\/a> <\/strong>Pelotas: 2021.<\/span><\/p>\n<p><span style=\"color: #000000\">BLAAS, Andressa dos Santos. <strong><a style=\"color: #000000\" href=\"https:\/\/wp.ufpel.edu.br\/teatro\/files\/2021\/07\/TCC_Andressa-Santos-Blaas-PDF.pdf\">O Fant\u00e1stico Mundo do Teatro: Uma perspectiva Est\u00e9tico-Ambiental sobre o desenvolvimento de uma pessoa deficiente visual.<\/a><\/strong> Pelotas: 2021.<\/span><\/p>\n<p><span style=\"color: #000000\">CARDONA, Patr\u00edcia Castro. <strong><a style=\"color: #000000\" href=\"https:\/\/wp.ufpel.edu.br\/teatro\/files\/2022\/03\/TCC_Pati_BANCA18-1.pdf\">Um olhar sobre as Viv\u00eancias Teatrais na Escola.<\/a> <\/strong>Pelotas: 2021.<\/span><\/p>\n<p><span style=\"color: #000000\">COITINHO, Wesley Goulart. <strong><a style=\"color: #000000\" href=\"https:\/\/wp.ufpel.edu.br\/teatro\/files\/2021\/11\/TCC-Wesley-Coitinho.pdf\">Extra! Extra! A Companhia Negra de Revistas em cartaz: a trajet\u00f3ria da CNR e sua repercuss\u00e3o nos jornais da \u00e9poca.<\/a>\u00a0<\/strong>Pelotas: 2021.<\/span><\/p>\n<p><span style=\"color: #000000\">DIAS, Adriel P\u00f4rto. <strong><a style=\"color: #000000\" href=\"https:\/\/wp.ufpel.edu.br\/teatro\/files\/2021\/07\/ADRIEL-DIAS-O-ENSINO-DO-TEATRO-E-A-FORMACAO-PROFISSIONAL-NA-ERA-DIGITAL.pdf\">O Ensino do Teatro e a Forma\u00e7\u00e3o Profissional na Era Digital.<\/a><\/strong> Pelotas: 2021.<\/span><\/p>\n<p><span style=\"color: #000000\">MENDES, Karolina da Rosa. <strong><a style=\"color: #000000\" href=\"https:\/\/wp.ufpel.edu.br\/teatro\/files\/2021\/12\/TCC-Karolina.pdf\">Eu, minha av\u00f3, minha av\u00f3 e minha av\u00f3: ancestralidade e afrofuturismo na constru\u00e7\u00e3o de universos ficcionais afrocentrados.<\/a>\u00a0<\/strong>Pelotas: 2021.<\/span><\/p>\n<p><span style=\"color: #000000\">OLIVEIRA, Bruno Peter.\u00a0<strong><a style=\"color: #000000\" href=\"https:\/\/wp.ufpel.edu.br\/teatro\/files\/2021\/11\/Bruno-Peter.pdf\">Projeto Imp\u00e9rio: a adapta\u00e7\u00e3o de uma obra da teledramaturgia para o texto teatral, em um processo de investiga\u00e7\u00f5es.<\/a><\/strong> Pelotas: 2021.<\/span><\/p>\n<p><span style=\"color: #000000\">OLIVEIRA, Maiara Silveira de. <strong><a style=\"color: #000000\" href=\"https:\/\/wp.ufpel.edu.br\/teatro\/files\/2021\/07\/TCC-Maiara-Silveira-de-Oliveira.pdf\">O que fazer com o que restou? Uma an\u00e1lise da Villa como lugar de mem\u00f3ria na pe\u00e7a de Guillermo Calder\u00f3n e no Parque por La Paz.<\/a><\/strong> Pelotas: 2021.<\/span><\/p>\n","protected":false},"excerpt":{"rendered":"<p>AIRES, Evelin Cristine Suchard. Processo de cria\u00e7\u00e3o: Personagens Femininas e S\u00edmbolos na pe\u00e7a Cad\u00e1ver.\u00a0Pelotas: 2021. ARA\u00daJO, Carla Silva. A Cena Teatral em Pedro Os\u00f3rio.\u00a0Pelotas: 2021. BENTO, Eduarda Garcia. Processo de inicia\u00e7\u00e3o na linguagem clownesca em tempos pand\u00eamicos. Pelotas: 2021. BESSA, Grazielle Ramos. Mensageira de L\u00e1: Uma proposta de (re)territorializa\u00e7\u00e3o dramat\u00fargica Performativa Afro-Orientada. Pelotas: 2021. BLAAS, [&hellip;]<\/p>\n","protected":false},"author":337,"featured_media":0,"parent":179,"menu_order":3,"comment_status":"closed","ping_status":"closed","template":"","meta":{"footnotes":""},"class_list":["post-1222","page","type-page","status-publish","hentry"],"_links":{"self":[{"href":"https:\/\/wp.ufpel.edu.br\/teatro\/wp-json\/wp\/v2\/pages\/1222","targetHints":{"allow":["GET"]}}],"collection":[{"href":"https:\/\/wp.ufpel.edu.br\/teatro\/wp-json\/wp\/v2\/pages"}],"about":[{"href":"https:\/\/wp.ufpel.edu.br\/teatro\/wp-json\/wp\/v2\/types\/page"}],"author":[{"embeddable":true,"href":"https:\/\/wp.ufpel.edu.br\/teatro\/wp-json\/wp\/v2\/users\/337"}],"replies":[{"embeddable":true,"href":"https:\/\/wp.ufpel.edu.br\/teatro\/wp-json\/wp\/v2\/comments?post=1222"}],"version-history":[{"count":21,"href":"https:\/\/wp.ufpel.edu.br\/teatro\/wp-json\/wp\/v2\/pages\/1222\/revisions"}],"predecessor-version":[{"id":1489,"href":"https:\/\/wp.ufpel.edu.br\/teatro\/wp-json\/wp\/v2\/pages\/1222\/revisions\/1489"}],"up":[{"embeddable":true,"href":"https:\/\/wp.ufpel.edu.br\/teatro\/wp-json\/wp\/v2\/pages\/179"}],"wp:attachment":[{"href":"https:\/\/wp.ufpel.edu.br\/teatro\/wp-json\/wp\/v2\/media?parent=1222"}],"curies":[{"name":"wp","href":"https:\/\/api.w.org\/{rel}","templated":true}]}}