{"id":4,"date":"2022-04-14T16:58:57","date_gmt":"2022-04-14T19:58:57","guid":{"rendered":"https:\/\/wp.ufpel.edu.br\/taxacaobebidasadocadas\/?page_id=4"},"modified":"2022-05-12T12:18:55","modified_gmt":"2022-05-12T15:18:55","slug":"sobre","status":"publish","type":"page","link":"https:\/\/wp.ufpel.edu.br\/taxacaobebidasadocadas\/","title":{"rendered":"SOBRE O PROJETO"},"content":{"rendered":"<p style=\"text-align: justify;\">O projeto \u201cAvalia\u00e7\u00e3o do impacto da taxa\u00e7\u00e3o de bebidas ado\u00e7adas no Brasil\u201d tem como objetivo principal avaliar o impacto da taxa\u00e7\u00e3o de bebidas ado\u00e7adas sobre as preval\u00eancias de obesidade, diabetes, doen\u00e7a coronariana e acidente vascular cerebral na popula\u00e7\u00e3o brasileira e a influ\u00eancia dessa medida regulat\u00f3ria na economia do pa\u00eds.<\/p>\n<p style=\"text-align: justify;\">A sobretaxa de bebidas ado\u00e7adas com a\u00e7\u00facar \u00e9 uma pr\u00e1tica em ascens\u00e3o, j\u00e1 sendo adotada em mais de 50 pa\u00edses em todo o mundo. Tal interesse ocorre a partir das diversas evid\u00eancias que demonstram como a aplica\u00e7\u00e3o da sobretaxa leva \u00e0 diminui\u00e7\u00e3o no consumo desse tipo de bebida, o que impacta positivamente na sa\u00fade das pessoas, uma vez que diminui o consumo cal\u00f3rico e o de a\u00e7\u00facar. Isso, por sua vez, reduz as taxas de sobrepeso, de obesidade e de doen\u00e7as cr\u00f4nicas, como o diabetes.<\/p>\n<p style=\"text-align: justify;\"><strong>Mas o que \u00e9 uma \u201cbebida ado\u00e7ada com a\u00e7\u00facar\u201d?<\/strong><\/p>\n<p style=\"text-align: justify;\">O termo vem do ingl\u00eas, Sugar-sweetened beverages\u00a0(SSB), e se refere a todas as bebidas n\u00e3o alco\u00f3licas, n\u00e3o fermentadas, ado\u00e7adas com diferentes formas de adi\u00e7\u00e3o de a\u00e7\u00facar e de baixo valor nutricional, tais como refrigerantes, refrescos e n\u00e9ctares. Essas bebidas s\u00e3o apontadas como uma das maiores fontes de calorias sem valor nutricional agregado, estando associadas ao aumento do peso e ao desenvolvimento de doen\u00e7as cr\u00f4nicas.<\/p>\n<p style=\"text-align: justify;\"><strong>E como o projeto buscar contribuir nessa tem\u00e1tica?<\/strong><\/p>\n<p style=\"text-align: justify;\">O projeto aborda quest\u00f5es epidemiol\u00f3gicas, econ\u00f4micas e tribut\u00e1rias relacionadas \u00e0 produ\u00e7\u00e3o, compra e consumo de bebidas ado\u00e7adas com a\u00e7\u00facar no Brasil. Com uma vis\u00e3o interdisciplinar, realiza a\u00e7\u00f5es importantes, tais como:<\/p>\n<ul style=\"text-align: justify;\">\n<li>Discutir a preval\u00eancia de consumo das bebidas ado\u00e7adas com a\u00e7\u00facar no Brasil, detalhando esse consumo por faixa et\u00e1ria, g\u00eanero, ra\u00e7a\/cor e as macrorregi\u00f5es brasileiras;<\/li>\n<li>Avaliar o risco relativo para obesidade, diabetes, doen\u00e7a coronariana e acidente vascular cerebral relacionados ao consumo dessas bebidas ado\u00e7adas;<\/li>\n<li>Estimar quantos casos dessas doen\u00e7as cr\u00f4nicas poderiam ser evitados com uma sobretaxa das bebidas ado\u00e7adas com a\u00e7\u00facar aqui no Brasil;<\/li>\n<li>Ponderar os custos em sa\u00fade, tais como morbidades, mortalidade, faltas ao trabalho e perda de produtividade relacionados ao consumo de tais bebidas; e<\/li>\n<li>Identificar os efeitos macroecon\u00f4micos da tributa\u00e7\u00e3o sobre bebidas ado\u00e7adas, realizar simula\u00e7\u00f5es de tributa\u00e7\u00f5es e identificar um modelo de equil\u00edbrio geral comput\u00e1vel din\u00e2mico, considerando as rela\u00e7\u00f5es produtivas existentes entre os diferentes setores envolvidos em toda cadeia produtiva dos principais tipos de bebidas ado\u00e7adas produzidas no pa\u00eds.<\/li>\n<\/ul>\n<p style=\"text-align: justify;\">Para isso, o projeto recebe um financiamento do Minist\u00e9rio da Sa\u00fade pelo edital do Conselho Nacional de Desenvolvimento Cient\u00edfico e Tecnol\u00f3gico (MS-SCTIE-DECIT\/CNPq n\u00ba 26\/2019 \u2013 Pesquisas em Alimenta\u00e7\u00e3o e Nutri\u00e7\u00e3o) e conta com uma grande equipe de pesquisadores de diferentes forma\u00e7\u00f5es e localidades do Brasil.<\/p>\n<p style=\"text-align: justify;\">Venha conhecer mais sobre o projeto e seus resultados em nossa p\u00e1gina e em nossas redes sociais!<\/p>\n","protected":false},"excerpt":{"rendered":"<p>O projeto \u201cAvalia\u00e7\u00e3o do impacto da taxa\u00e7\u00e3o de bebidas ado\u00e7adas no Brasil\u201d tem como objetivo principal avaliar o impacto da taxa\u00e7\u00e3o de bebidas ado\u00e7adas sobre as preval\u00eancias de obesidade, diabetes, doen\u00e7a coronariana e acidente vascular cerebral na popula\u00e7\u00e3o brasileira e a influ\u00eancia dessa medida regulat\u00f3ria na economia do pa\u00eds. A sobretaxa de bebidas ado\u00e7adas com &hellip; <a href=\"https:\/\/wp.ufpel.edu.br\/taxacaobebidasadocadas\/\" class=\"more-link\">Continuar lendo <span class=\"screen-reader-text\">SOBRE O PROJETO<\/span><\/a><\/p>\n","protected":false},"author":1228,"featured_media":0,"parent":0,"menu_order":0,"comment_status":"closed","ping_status":"closed","template":"","meta":{"footnotes":""},"class_list":["post-4","page","type-page","status-publish","hentry"],"yoast_head":"<!-- This site is optimized with the Yoast SEO plugin v26.7 - https:\/\/yoast.com\/wordpress\/plugins\/seo\/ -->\n<title>SOBRE O PROJETO -<\/title>\n<meta name=\"robots\" content=\"index, follow, max-snippet:-1, max-image-preview:large, max-video-preview:-1\" \/>\n<link rel=\"canonical\" href=\"https:\/\/wp.ufpel.edu.br\/taxacaobebidasadocadas\/\" \/>\n<meta property=\"og:locale\" content=\"pt_BR\" \/>\n<meta property=\"og:type\" content=\"article\" \/>\n<meta property=\"og:title\" content=\"SOBRE O PROJETO -\" \/>\n<meta property=\"og:description\" content=\"O projeto \u201cAvalia\u00e7\u00e3o do impacto da taxa\u00e7\u00e3o de bebidas ado\u00e7adas no Brasil\u201d tem como objetivo principal avaliar o impacto da taxa\u00e7\u00e3o de bebidas ado\u00e7adas sobre as preval\u00eancias de obesidade, diabetes, doen\u00e7a coronariana e acidente vascular cerebral na popula\u00e7\u00e3o brasileira e a influ\u00eancia dessa medida regulat\u00f3ria na economia do pa\u00eds. A sobretaxa de bebidas ado\u00e7adas com &hellip; Continuar lendo SOBRE O PROJETO\" \/>\n<meta property=\"og:url\" content=\"https:\/\/wp.ufpel.edu.br\/taxacaobebidasadocadas\/\" \/>\n<meta property=\"article:modified_time\" content=\"2022-05-12T15:18:55+00:00\" \/>\n<meta name=\"twitter:card\" content=\"summary_large_image\" \/>\n<meta name=\"twitter:label1\" content=\"Est. tempo de leitura\" \/>\n\t<meta name=\"twitter:data1\" content=\"3 minutos\" \/>\n<script type=\"application\/ld+json\" class=\"yoast-schema-graph\">{\"@context\":\"https:\/\/schema.org\",\"@graph\":[{\"@type\":\"WebPage\",\"@id\":\"https:\/\/wp.ufpel.edu.br\/taxacaobebidasadocadas\/\",\"url\":\"https:\/\/wp.ufpel.edu.br\/taxacaobebidasadocadas\/\",\"name\":\"SOBRE O PROJETO -\",\"isPartOf\":{\"@id\":\"https:\/\/wp.ufpel.edu.br\/taxacaobebidasadocadas\/#website\"},\"datePublished\":\"2022-04-14T19:58:57+00:00\",\"dateModified\":\"2022-05-12T15:18:55+00:00\",\"breadcrumb\":{\"@id\":\"https:\/\/wp.ufpel.edu.br\/taxacaobebidasadocadas\/#breadcrumb\"},\"inLanguage\":\"pt-BR\",\"potentialAction\":[{\"@type\":\"ReadAction\",\"target\":[\"https:\/\/wp.ufpel.edu.br\/taxacaobebidasadocadas\/\"]}]},{\"@type\":\"BreadcrumbList\",\"@id\":\"https:\/\/wp.ufpel.edu.br\/taxacaobebidasadocadas\/#breadcrumb\",\"itemListElement\":[{\"@type\":\"ListItem\",\"position\":1,\"name\":\"In\u00edcio\",\"item\":\"https:\/\/wp.ufpel.edu.br\/taxacaobebidasadocadas\/\"},{\"@type\":\"ListItem\",\"position\":2,\"name\":\"SOBRE O PROJETO\"}]},{\"@type\":\"WebSite\",\"@id\":\"https:\/\/wp.ufpel.edu.br\/taxacaobebidasadocadas\/#website\",\"url\":\"https:\/\/wp.ufpel.edu.br\/taxacaobebidasadocadas\/\",\"name\":\"\",\"description\":\"Universidade Federal de Pelotas\",\"potentialAction\":[{\"@type\":\"SearchAction\",\"target\":{\"@type\":\"EntryPoint\",\"urlTemplate\":\"https:\/\/wp.ufpel.edu.br\/taxacaobebidasadocadas\/?s={search_term_string}\"},\"query-input\":{\"@type\":\"PropertyValueSpecification\",\"valueRequired\":true,\"valueName\":\"search_term_string\"}}],\"inLanguage\":\"pt-BR\"}]}<\/script>\n<!-- \/ Yoast SEO plugin. -->","yoast_head_json":{"title":"SOBRE O PROJETO -","robots":{"index":"index","follow":"follow","max-snippet":"max-snippet:-1","max-image-preview":"max-image-preview:large","max-video-preview":"max-video-preview:-1"},"canonical":"https:\/\/wp.ufpel.edu.br\/taxacaobebidasadocadas\/","og_locale":"pt_BR","og_type":"article","og_title":"SOBRE O PROJETO -","og_description":"O projeto \u201cAvalia\u00e7\u00e3o do impacto da taxa\u00e7\u00e3o de bebidas ado\u00e7adas no Brasil\u201d tem como objetivo principal avaliar o impacto da taxa\u00e7\u00e3o de bebidas ado\u00e7adas sobre as preval\u00eancias de obesidade, diabetes, doen\u00e7a coronariana e acidente vascular cerebral na popula\u00e7\u00e3o brasileira e a influ\u00eancia dessa medida regulat\u00f3ria na economia do pa\u00eds. A sobretaxa de bebidas ado\u00e7adas com &hellip; Continuar lendo SOBRE O PROJETO","og_url":"https:\/\/wp.ufpel.edu.br\/taxacaobebidasadocadas\/","article_modified_time":"2022-05-12T15:18:55+00:00","twitter_card":"summary_large_image","twitter_misc":{"Est. tempo de leitura":"3 minutos"},"schema":{"@context":"https:\/\/schema.org","@graph":[{"@type":"WebPage","@id":"https:\/\/wp.ufpel.edu.br\/taxacaobebidasadocadas\/","url":"https:\/\/wp.ufpel.edu.br\/taxacaobebidasadocadas\/","name":"SOBRE O PROJETO -","isPartOf":{"@id":"https:\/\/wp.ufpel.edu.br\/taxacaobebidasadocadas\/#website"},"datePublished":"2022-04-14T19:58:57+00:00","dateModified":"2022-05-12T15:18:55+00:00","breadcrumb":{"@id":"https:\/\/wp.ufpel.edu.br\/taxacaobebidasadocadas\/#breadcrumb"},"inLanguage":"pt-BR","potentialAction":[{"@type":"ReadAction","target":["https:\/\/wp.ufpel.edu.br\/taxacaobebidasadocadas\/"]}]},{"@type":"BreadcrumbList","@id":"https:\/\/wp.ufpel.edu.br\/taxacaobebidasadocadas\/#breadcrumb","itemListElement":[{"@type":"ListItem","position":1,"name":"In\u00edcio","item":"https:\/\/wp.ufpel.edu.br\/taxacaobebidasadocadas\/"},{"@type":"ListItem","position":2,"name":"SOBRE O PROJETO"}]},{"@type":"WebSite","@id":"https:\/\/wp.ufpel.edu.br\/taxacaobebidasadocadas\/#website","url":"https:\/\/wp.ufpel.edu.br\/taxacaobebidasadocadas\/","name":"","description":"Universidade Federal de Pelotas","potentialAction":[{"@type":"SearchAction","target":{"@type":"EntryPoint","urlTemplate":"https:\/\/wp.ufpel.edu.br\/taxacaobebidasadocadas\/?s={search_term_string}"},"query-input":{"@type":"PropertyValueSpecification","valueRequired":true,"valueName":"search_term_string"}}],"inLanguage":"pt-BR"}]}},"_links":{"self":[{"href":"https:\/\/wp.ufpel.edu.br\/taxacaobebidasadocadas\/wp-json\/wp\/v2\/pages\/4","targetHints":{"allow":["GET"]}}],"collection":[{"href":"https:\/\/wp.ufpel.edu.br\/taxacaobebidasadocadas\/wp-json\/wp\/v2\/pages"}],"about":[{"href":"https:\/\/wp.ufpel.edu.br\/taxacaobebidasadocadas\/wp-json\/wp\/v2\/types\/page"}],"author":[{"embeddable":true,"href":"https:\/\/wp.ufpel.edu.br\/taxacaobebidasadocadas\/wp-json\/wp\/v2\/users\/1228"}],"replies":[{"embeddable":true,"href":"https:\/\/wp.ufpel.edu.br\/taxacaobebidasadocadas\/wp-json\/wp\/v2\/comments?post=4"}],"version-history":[{"count":6,"href":"https:\/\/wp.ufpel.edu.br\/taxacaobebidasadocadas\/wp-json\/wp\/v2\/pages\/4\/revisions"}],"predecessor-version":[{"id":164,"href":"https:\/\/wp.ufpel.edu.br\/taxacaobebidasadocadas\/wp-json\/wp\/v2\/pages\/4\/revisions\/164"}],"wp:attachment":[{"href":"https:\/\/wp.ufpel.edu.br\/taxacaobebidasadocadas\/wp-json\/wp\/v2\/media?parent=4"}],"curies":[{"name":"wp","href":"https:\/\/api.w.org\/{rel}","templated":true}]}}