{"id":23,"date":"2022-04-14T17:45:31","date_gmt":"2022-04-14T20:45:31","guid":{"rendered":"https:\/\/wp.ufpel.edu.br\/taxacaobebidasadocadas\/?page_id=23"},"modified":"2022-09-02T12:18:47","modified_gmt":"2022-09-02T15:18:47","slug":"equipe","status":"publish","type":"page","link":"https:\/\/wp.ufpel.edu.br\/taxacaobebidasadocadas\/equipe\/","title":{"rendered":"EQUIPE"},"content":{"rendered":"<p><span style=\"font-size: 10pt;\"><img loading=\"lazy\" decoding=\"async\" class=\"wp-image-36 alignleft\" src=\"https:\/\/wp.ufpel.edu.br\/taxacaobebidasadocadas\/files\/2022\/04\/servletrecuperafoto-1.jpg\" alt=\"\" width=\"132\" height=\"113\" \/> <\/span><\/p>\n<p><span style=\"font-family: helvetica, arial, sans-serif; font-size: 12pt;\"><strong>Denise Petrucci Gigante<\/strong> |\u00a0<a href=\"http:\/\/lattes.cnpq.br\/8927783174928205\">Lattes<\/a><\/span><br \/>\n<span style=\"font-size: 12pt; font-family: helvetica, arial, sans-serif;\">Universidade Federal de Pelotas<\/span><\/p>\n<p>&nbsp;<\/p>\n<p style=\"text-align: left;\"><span style=\"font-size: 12pt; font-family: helvetica, arial, sans-serif;\"><img loading=\"lazy\" decoding=\"async\" class=\"wp-image-37 alignleft\" src=\"https:\/\/wp.ufpel.edu.br\/taxacaobebidasadocadas\/files\/2022\/04\/servletrecuperafoto-1-1-e1649972358441-365x400.gif\" alt=\"\" width=\"133\" height=\"146\" \/>\u00a0 <\/span><\/p>\n<p style=\"text-align: left;\"><span style=\"font-size: 12pt; font-family: helvetica, arial, sans-serif;\"><strong>Renata Moraes Bielemann<\/strong> | <a href=\"http:\/\/lattes.cnpq.br\/7157159051361731\">Lattes<\/a><br \/>\nUniversidade Federal de Pelotas<\/span><\/p>\n<p>&nbsp;<\/p>\n<p style=\"text-align: left;\"><span style=\"font-size: 12pt; font-family: helvetica, arial, sans-serif;\"><img loading=\"lazy\" decoding=\"async\" class=\"wp-image-93 alignleft\" src=\"https:\/\/wp.ufpel.edu.br\/taxacaobebidasadocadas\/files\/2022\/04\/servletrecuperafoto-2-3-e1650313077922-373x400.gif\" alt=\"\" width=\"134\" height=\"143\" srcset=\"https:\/\/wp.ufpel.edu.br\/taxacaobebidasadocadas\/files\/2022\/04\/servletrecuperafoto-2-3-e1650313077922-373x400.gif 373w, https:\/\/wp.ufpel.edu.br\/taxacaobebidasadocadas\/files\/2022\/04\/servletrecuperafoto-2-3-e1650313077922-956x1024.gif 956w, https:\/\/wp.ufpel.edu.br\/taxacaobebidasadocadas\/files\/2022\/04\/servletrecuperafoto-2-3-e1650313077922-768x823.gif 768w\" sizes=\"auto, (max-width: 134px) 100vw, 134px\" \/><\/span><\/p>\n<p>&nbsp;<\/p>\n<p style=\"text-align: left;\"><span style=\"font-size: 12pt; font-family: helvetica, arial, sans-serif;\"><strong>Mario Duarte Canever<\/strong>\u00a0|\u00a0<a href=\"http:\/\/lattes.cnpq.br\/9403954797583917\">Lattes<\/a><\/span><br \/>\n<span style=\"font-family: helvetica, arial, sans-serif; font-size: 12pt;\">Universidade Federal de Pelotas<\/span><\/p>\n<p>&nbsp;<\/p>\n<p style=\"text-align: left;\"><span style=\"font-size: 12pt; font-family: helvetica, arial, sans-serif;\"><img loading=\"lazy\" decoding=\"async\" class=\"wp-image-50 alignleft\" src=\"https:\/\/wp.ufpel.edu.br\/taxacaobebidasadocadas\/files\/2022\/04\/servletrecuperafoto-3-1-200x200.jpg\" alt=\"\" width=\"138\" height=\"138\" \/><\/span><\/p>\n<p>&nbsp;<\/p>\n<p style=\"text-align: left;\"><span style=\"font-size: 12pt; font-family: helvetica, arial, sans-serif;\"><strong>Dienice Ana Bini<\/strong> | <a href=\"http:\/\/lattes.cnpq.br\/0675303998235972\">Lattes<\/a><br \/>\nMinist\u00e9rio da Agricultura, Pecu\u00e1ria e Abastecimento<\/span><\/p>\n<p>&nbsp;<\/p>\n<p><span style=\"font-family: helvetica, arial, sans-serif; font-size: 12pt;\"><img loading=\"lazy\" decoding=\"async\" class=\"wp-image-51 alignleft\" src=\"https:\/\/wp.ufpel.edu.br\/taxacaobebidasadocadas\/files\/2022\/04\/servletrecuperafoto-4-336x400.jpg\" alt=\"\" width=\"134\" height=\"160\" srcset=\"https:\/\/wp.ufpel.edu.br\/taxacaobebidasadocadas\/files\/2022\/04\/servletrecuperafoto-4-336x400.jpg 336w, https:\/\/wp.ufpel.edu.br\/taxacaobebidasadocadas\/files\/2022\/04\/servletrecuperafoto-4-768x916.jpg 768w, https:\/\/wp.ufpel.edu.br\/taxacaobebidasadocadas\/files\/2022\/04\/servletrecuperafoto-4.jpg 807w\" sizes=\"auto, (max-width: 134px) 100vw, 134px\" \/><\/span><\/p>\n<p>&nbsp;<\/p>\n<p><span style=\"font-family: helvetica, arial, sans-serif; font-size: 12pt;\"><strong>Larissa Barbosa Cardoso<\/strong> | <a href=\"http:\/\/lattes.cnpq.br\/8423459003676034\">Lattes<\/a><br \/>\nUniversidade Federal de Goi\u00e1s<\/span><\/p>\n<p>&nbsp;<\/p>\n<p><span style=\"font-size: 12pt; font-family: helvetica, arial, sans-serif;\"><img loading=\"lazy\" decoding=\"async\" class=\"alignleft wp-image-52 \" src=\"https:\/\/wp.ufpel.edu.br\/taxacaobebidasadocadas\/files\/2022\/04\/servletrecuperafoto-5-scaled-e1649974927110-200x200.gif\" alt=\"\" width=\"134\" height=\"134\" \/><\/span><\/p>\n<p>&nbsp;<\/p>\n<p><span style=\"font-family: helvetica, arial, sans-serif; font-size: 12pt;\"><strong>Flaviane Souza Santiago<\/strong> | <a href=\"http:\/\/lattes.cnpq.br\/0034437648716463\">Lattes<\/a><br \/>\nUniversidade Federal de Juiz de Fora<\/span><\/p>\n<p>&nbsp;<\/p>\n<p><span style=\"font-family: helvetica, arial, sans-serif; font-size: 12pt;\"><img loading=\"lazy\" decoding=\"async\" class=\"wp-image-53 alignleft\" src=\"https:\/\/wp.ufpel.edu.br\/taxacaobebidasadocadas\/files\/2022\/04\/servletrecuperafoto-6-scaled-e1649975122905-339x400.gif\" alt=\"\" width=\"130\" height=\"154\" srcset=\"https:\/\/wp.ufpel.edu.br\/taxacaobebidasadocadas\/files\/2022\/04\/servletrecuperafoto-6-scaled-e1649975122905-339x400.gif 339w, https:\/\/wp.ufpel.edu.br\/taxacaobebidasadocadas\/files\/2022\/04\/servletrecuperafoto-6-scaled-e1649975122905-868x1024.gif 868w, https:\/\/wp.ufpel.edu.br\/taxacaobebidasadocadas\/files\/2022\/04\/servletrecuperafoto-6-scaled-e1649975122905-768x906.gif 768w, https:\/\/wp.ufpel.edu.br\/taxacaobebidasadocadas\/files\/2022\/04\/servletrecuperafoto-6-scaled-e1649975122905-1302x1536.gif 1302w, https:\/\/wp.ufpel.edu.br\/taxacaobebidasadocadas\/files\/2022\/04\/servletrecuperafoto-6-scaled-e1649975122905-1736x2048.gif 1736w, https:\/\/wp.ufpel.edu.br\/taxacaobebidasadocadas\/files\/2022\/04\/servletrecuperafoto-6-scaled-e1649975122905-1200x1416.gif 1200w\" sizes=\"auto, (max-width: 130px) 100vw, 130px\" \/><\/span><\/p>\n<p><span style=\"font-family: helvetica, arial, sans-serif; font-size: 12pt;\">\u00a0<\/span><\/p>\n<p><span style=\"font-family: helvetica, arial, sans-serif; font-size: 12pt;\"><strong>K\u00eania Barreiro de Souza<\/strong> | <a href=\"http:\/\/lattes.cnpq.br\/2406392719606937\">Lattes<\/a><br \/>\nUniversidade Federal do Paran\u00e1<\/span><\/p>\n<p>&nbsp;<\/p>\n<p><span style=\"font-size: 12pt; font-family: helvetica, arial, sans-serif;\"><img loading=\"lazy\" decoding=\"async\" class=\"wp-image-95 alignleft\" src=\"https:\/\/wp.ufpel.edu.br\/taxacaobebidasadocadas\/files\/2022\/04\/187604103_928479118022115_6586778812828294992_n-400x400.jpg\" alt=\"\" width=\"133\" height=\"133\" srcset=\"https:\/\/wp.ufpel.edu.br\/taxacaobebidasadocadas\/files\/2022\/04\/187604103_928479118022115_6586778812828294992_n-400x400.jpg 400w, https:\/\/wp.ufpel.edu.br\/taxacaobebidasadocadas\/files\/2022\/04\/187604103_928479118022115_6586778812828294992_n-200x200.jpg 200w, https:\/\/wp.ufpel.edu.br\/taxacaobebidasadocadas\/files\/2022\/04\/187604103_928479118022115_6586778812828294992_n.jpg 640w\" sizes=\"auto, (max-width: 133px) 100vw, 133px\" \/><\/span><\/p>\n<p>&nbsp;<\/p>\n<p><span style=\"font-size: 12pt; font-family: helvetica, arial, sans-serif;\"><strong>Gabrielito Rauter Menezes\u00a0<\/strong>| <a href=\"http:\/\/lattes.cnpq.br\/7693830866855994\">Lattes<\/a><br \/>\nUniversidade Federal de Pelotas<\/span><\/p>\n<p>&nbsp;<\/p>\n<p><span style=\"font-size: 12pt; font-family: helvetica, arial, sans-serif;\"><img loading=\"lazy\" decoding=\"async\" class=\"wp-image-96 alignleft\" src=\"https:\/\/wp.ufpel.edu.br\/taxacaobebidasadocadas\/files\/2022\/04\/WhatsApp-Image-2022-04-18-at-17.40.05-367x400.jpeg\" alt=\"\" width=\"135\" height=\"147\" srcset=\"https:\/\/wp.ufpel.edu.br\/taxacaobebidasadocadas\/files\/2022\/04\/WhatsApp-Image-2022-04-18-at-17.40.05-367x400.jpeg 367w, https:\/\/wp.ufpel.edu.br\/taxacaobebidasadocadas\/files\/2022\/04\/WhatsApp-Image-2022-04-18-at-17.40.05.jpeg 409w\" sizes=\"auto, (max-width: 135px) 100vw, 135px\" \/><\/span><\/p>\n<p>&nbsp;<\/p>\n<p><span style=\"font-family: helvetica, arial, sans-serif; font-size: 12pt;\"><strong>Paulo Caliendo<\/strong> | <a href=\"http:\/\/lattes.cnpq.br\/9047483160060734\">Lattes<\/a><\/span><br \/>\n<span style=\"font-family: helvetica, arial, sans-serif; font-size: 12pt;\">Pontif\u00edcia Universidade Cat\u00f3lica do Rio Grande do Sul<\/span><\/p>\n<p>&nbsp;<\/p>\n<p><img loading=\"lazy\" decoding=\"async\" class=\"wp-image-156 alignleft\" src=\"https:\/\/wp.ufpel.edu.br\/taxacaobebidasadocadas\/files\/2022\/04\/WhatsApp-Image-2022-04-20-at-19.45.37.jpeg\" alt=\"\" width=\"136\" height=\"171\" \/><\/p>\n<p>&nbsp;<\/p>\n<p><span style=\"font-family: helvetica, arial, sans-serif; font-size: 12pt;\"><strong>Leonardo Pozza dos Santos<\/strong> | <a href=\"http:\/\/lattes.cnpq.br\/6217924192647952\">Lattes<\/a><\/span><br \/>\n<span style=\"font-family: helvetica, arial, sans-serif; font-size: 12pt;\">Universidade Federal de Pelotas<\/span><\/p>\n<p>&nbsp;<\/p>\n<p><img loading=\"lazy\" decoding=\"async\" class=\"wp-image-97 alignleft\" src=\"https:\/\/wp.ufpel.edu.br\/taxacaobebidasadocadas\/files\/2022\/04\/WhatsApp-Image-2022-04-18-at-15.32.02-e1650314806736-379x400.jpeg\" alt=\"\" width=\"136\" height=\"143\" srcset=\"https:\/\/wp.ufpel.edu.br\/taxacaobebidasadocadas\/files\/2022\/04\/WhatsApp-Image-2022-04-18-at-15.32.02-e1650314806736-379x400.jpeg 379w, https:\/\/wp.ufpel.edu.br\/taxacaobebidasadocadas\/files\/2022\/04\/WhatsApp-Image-2022-04-18-at-15.32.02-e1650314806736.jpeg 768w\" sizes=\"auto, (max-width: 136px) 100vw, 136px\" \/><\/p>\n<p>&nbsp;<\/p>\n<p><span style=\"font-family: helvetica, arial, sans-serif; font-size: 12pt;\"><strong>Monica Cattafesta<\/strong> | <a href=\"http:\/\/lattes.cnpq.br\/2141574621632334\">Lattes<\/a><br \/>\nUniversidade Federal do Esp\u00edrito Santo<\/span><\/p>\n<p>&nbsp;<\/p>\n<p><span style=\"font-size: 12pt; font-family: helvetica, arial, sans-serif;\"><img loading=\"lazy\" decoding=\"async\" class=\"wp-image-115 alignleft\" src=\"https:\/\/wp.ufpel.edu.br\/taxacaobebidasadocadas\/files\/2022\/04\/WhatsApp-Image-2022-04-18-at-20.27.12-e1650324484675-362x400.jpeg\" alt=\"\" width=\"137\" height=\"151\" srcset=\"https:\/\/wp.ufpel.edu.br\/taxacaobebidasadocadas\/files\/2022\/04\/WhatsApp-Image-2022-04-18-at-20.27.12-e1650324484675-362x400.jpeg 362w, https:\/\/wp.ufpel.edu.br\/taxacaobebidasadocadas\/files\/2022\/04\/WhatsApp-Image-2022-04-18-at-20.27.12-e1650324484675.jpeg 396w\" sizes=\"auto, (max-width: 137px) 100vw, 137px\" \/><\/span><\/p>\n<p>&nbsp;<\/p>\n<p><span style=\"font-family: helvetica, arial, sans-serif; font-size: 12pt;\"><strong>Felipe Mendes Delpino<\/strong> | <a href=\"http:\/\/lattes.cnpq.br\/1147125101172719\">Lattes<\/a><br \/>\nUniversidade Federal de Pelotas<\/span><\/p>\n<p>&nbsp;<\/p>\n<p><span style=\"font-size: 12pt; font-family: helvetica, arial, sans-serif;\"><img loading=\"lazy\" decoding=\"async\" class=\"wp-image-98 alignleft\" src=\"https:\/\/wp.ufpel.edu.br\/taxacaobebidasadocadas\/files\/2022\/04\/WhatsApp-Image-2022-04-18-at-17.49.33-393x400.jpeg\" alt=\"\" width=\"139\" height=\"141\" srcset=\"https:\/\/wp.ufpel.edu.br\/taxacaobebidasadocadas\/files\/2022\/04\/WhatsApp-Image-2022-04-18-at-17.49.33-393x400.jpeg 393w, https:\/\/wp.ufpel.edu.br\/taxacaobebidasadocadas\/files\/2022\/04\/WhatsApp-Image-2022-04-18-at-17.49.33.jpeg 408w\" sizes=\"auto, (max-width: 139px) 100vw, 139px\" \/><\/span><\/p>\n<p>&nbsp;<\/p>\n<p><span style=\"font-family: helvetica, arial, sans-serif; font-size: 12pt;\"><strong>Carolina de Lima Sim\u00f5es<\/strong> | <a href=\"http:\/\/lattes.cnpq.br\/7116189913585084\">Lattes<\/a><\/span><br \/>\n<span style=\"font-family: helvetica, arial, sans-serif; font-size: 12pt;\">Universidade Federal de Pelotas<\/span><\/p>\n<p>&nbsp;<\/p>\n<p><span style=\"font-family: helvetica, arial, sans-serif;\"><img loading=\"lazy\" decoding=\"async\" class=\"wp-image-99 alignleft\" src=\"https:\/\/wp.ufpel.edu.br\/taxacaobebidasadocadas\/files\/2022\/04\/WhatsApp-Image-2022-04-18-at-17.55.11-338x400.jpeg\" alt=\"\" width=\"139\" height=\"164\" srcset=\"https:\/\/wp.ufpel.edu.br\/taxacaobebidasadocadas\/files\/2022\/04\/WhatsApp-Image-2022-04-18-at-17.55.11-338x400.jpeg 338w, https:\/\/wp.ufpel.edu.br\/taxacaobebidasadocadas\/files\/2022\/04\/WhatsApp-Image-2022-04-18-at-17.55.11.jpeg 406w\" sizes=\"auto, (max-width: 139px) 100vw, 139px\" \/><\/span><\/p>\n<p>&nbsp;<\/p>\n<p><span style=\"font-family: helvetica, arial, sans-serif; font-size: 12pt;\"><strong>Lucas Nogueira Holanda<\/strong> | <a href=\"http:\/\/lattes.cnpq.br\/0469593248023386\">Lattes<\/a><\/span><br \/>\n<span style=\"font-family: helvetica, arial, sans-serif; font-size: 12pt;\">Universidade Federal do Cear\u00e1<\/span><\/p>\n<h2><span style=\"font-family: georgia, palatino, serif; font-size: 18pt;\"><br \/>\n<span style=\"font-size: 24pt;\">M\u00eddias sociais:<\/span><\/p>\n<p><\/span><\/h2>\n<p><img loading=\"lazy\" decoding=\"async\" class=\"wp-image-199 alignleft\" src=\"https:\/\/wp.ufpel.edu.br\/taxacaobebidasadocadas\/files\/2022\/08\/WhatsApp-Image-2022-08-17-at-11.36.08-e1661461602775-342x400.jpeg\" alt=\"\" width=\"145\" height=\"169\" srcset=\"https:\/\/wp.ufpel.edu.br\/taxacaobebidasadocadas\/files\/2022\/08\/WhatsApp-Image-2022-08-17-at-11.36.08-e1661461602775-342x400.jpeg 342w, https:\/\/wp.ufpel.edu.br\/taxacaobebidasadocadas\/files\/2022\/08\/WhatsApp-Image-2022-08-17-at-11.36.08-e1661461602775-875x1024.jpeg 875w, https:\/\/wp.ufpel.edu.br\/taxacaobebidasadocadas\/files\/2022\/08\/WhatsApp-Image-2022-08-17-at-11.36.08-e1661461602775-768x898.jpeg 768w, https:\/\/wp.ufpel.edu.br\/taxacaobebidasadocadas\/files\/2022\/08\/WhatsApp-Image-2022-08-17-at-11.36.08-e1661461602775.jpeg 1049w\" sizes=\"auto, (max-width: 145px) 100vw, 145px\" \/><\/p>\n<p>&nbsp;<\/p>\n<p><strong><span style=\"font-family: helvetica, arial, sans-serif; font-size: 12pt;\">La\u00edza Rodrigues Mucenecki<\/span><\/strong><span style=\"font-family: helvetica, arial, sans-serif; font-size: 12pt;\"> | <a href=\"http:\/\/lattes.cnpq.br\/8982079016144375\">Lattes<\/a><\/span><br \/>\n<span style=\"font-family: helvetica, arial, sans-serif; font-size: 12pt;\">Universidade Federal de Pelotas<\/span><\/p>\n<p>&nbsp;<\/p>\n<p><img loading=\"lazy\" decoding=\"async\" class=\"wp-image-200 alignleft\" src=\"https:\/\/wp.ufpel.edu.br\/taxacaobebidasadocadas\/files\/2022\/08\/WhatsApp-Image-2022-08-25-at-18.15.18-400x396.jpeg\" alt=\"\" width=\"146\" height=\"145\" srcset=\"https:\/\/wp.ufpel.edu.br\/taxacaobebidasadocadas\/files\/2022\/08\/WhatsApp-Image-2022-08-25-at-18.15.18-400x396.jpeg 400w, https:\/\/wp.ufpel.edu.br\/taxacaobebidasadocadas\/files\/2022\/08\/WhatsApp-Image-2022-08-25-at-18.15.18-200x200.jpeg 200w, https:\/\/wp.ufpel.edu.br\/taxacaobebidasadocadas\/files\/2022\/08\/WhatsApp-Image-2022-08-25-at-18.15.18.jpeg 540w\" sizes=\"auto, (max-width: 146px) 100vw, 146px\" \/><\/p>\n<p>&nbsp;<\/p>\n<p><strong style=\"font-family: helvetica, arial, sans-serif; font-size: 12pt;\">D\u00e9bora Nascente Schuller<\/strong><span style=\"font-family: helvetica, arial, sans-serif; font-size: 12pt;\">\u00a0|\u00a0<\/span><a style=\"font-family: helvetica, arial, sans-serif; font-size: 12pt;\" href=\"http:\/\/lattes.cnpq.br\/3704038988195760\">Lattes<\/a><br \/>\n<span style=\"font-family: helvetica, arial, sans-serif; font-size: 12pt;\">Universidade Federal de Pelotas<\/span><\/p>\n<p>&nbsp;<\/p>\n<p><img loading=\"lazy\" decoding=\"async\" class=\"wp-image-150 alignleft\" src=\"https:\/\/wp.ufpel.edu.br\/taxacaobebidasadocadas\/files\/2022\/04\/servletrecuperafoto-8-e1650392369291-324x400.gif\" alt=\"\" width=\"144\" height=\"178\" \/><\/p>\n<p>&nbsp;<\/p>\n<p><strong style=\"font-family: helvetica, arial, sans-serif; font-size: 12pt;\">Artur Hauser Schmitz<\/strong><span style=\"font-family: helvetica, arial, sans-serif; font-size: 12pt;\"> | <\/span><a style=\"font-family: helvetica, arial, sans-serif; font-size: 12pt;\" href=\"http:\/\/lattes.cnpq.br\/8671343151254969\">Lattes<\/a><br \/>\n<span style=\"font-family: helvetica, arial, sans-serif; font-size: 12pt;\">Pontif\u00edcia Universidade Cat\u00f3lica do Rio Grande do Sul<\/span><\/p>\n<p>&nbsp;<\/p>\n<p><img loading=\"lazy\" decoding=\"async\" class=\" wp-image-206 alignleft\" src=\"https:\/\/wp.ufpel.edu.br\/taxacaobebidasadocadas\/files\/2022\/08\/WhatsApp-Image-2022-08-25-at-18.24.57-300x400.jpeg\" alt=\"\" width=\"146\" height=\"195\" srcset=\"https:\/\/wp.ufpel.edu.br\/taxacaobebidasadocadas\/files\/2022\/08\/WhatsApp-Image-2022-08-25-at-18.24.57-300x400.jpeg 300w, https:\/\/wp.ufpel.edu.br\/taxacaobebidasadocadas\/files\/2022\/08\/WhatsApp-Image-2022-08-25-at-18.24.57-768x1024.jpeg 768w, https:\/\/wp.ufpel.edu.br\/taxacaobebidasadocadas\/files\/2022\/08\/WhatsApp-Image-2022-08-25-at-18.24.57-1152x1536.jpeg 1152w, https:\/\/wp.ufpel.edu.br\/taxacaobebidasadocadas\/files\/2022\/08\/WhatsApp-Image-2022-08-25-at-18.24.57.jpeg 1200w\" sizes=\"auto, (max-width: 146px) 100vw, 146px\" \/><\/p>\n<p>&nbsp;<\/p>\n<p><span style=\"font-family: helvetica, arial, sans-serif; font-size: 12pt;\"><strong>Let\u00edcia Mendes da Costa<\/strong> | <a href=\"http:\/\/lattes.cnpq.br\/4861793253273482\">Lattes<\/a><\/span><br \/>\n<span style=\"font-family: helvetica, arial, sans-serif; font-size: 12pt;\">Universidade Federal de Pelotas<\/span><\/p>\n<p>&nbsp;<\/p>\n<p>&nbsp;<\/p>\n<p>&nbsp;<\/p>\n","protected":false},"excerpt":{"rendered":"<p>Denise Petrucci Gigante |\u00a0Lattes Universidade Federal de Pelotas &nbsp; \u00a0 Renata Moraes Bielemann | Lattes Universidade Federal de Pelotas &nbsp; &nbsp; Mario Duarte Canever\u00a0|\u00a0Lattes Universidade Federal de Pelotas &nbsp; &nbsp; Dienice Ana Bini | Lattes Minist\u00e9rio da Agricultura, Pecu\u00e1ria e Abastecimento &nbsp; &nbsp; Larissa Barbosa Cardoso | Lattes Universidade Federal de Goi\u00e1s &nbsp; &nbsp; Flaviane &hellip; <a href=\"https:\/\/wp.ufpel.edu.br\/taxacaobebidasadocadas\/equipe\/\" class=\"more-link\">Continuar lendo <span class=\"screen-reader-text\">EQUIPE<\/span><\/a><\/p>\n","protected":false},"author":1228,"featured_media":0,"parent":0,"menu_order":0,"comment_status":"closed","ping_status":"closed","template":"","meta":{"footnotes":""},"class_list":["post-23","page","type-page","status-publish","hentry"],"yoast_head":"<!-- This site is optimized with the Yoast SEO plugin v26.7 - https:\/\/yoast.com\/wordpress\/plugins\/seo\/ -->\n<title>EQUIPE -<\/title>\n<meta name=\"robots\" content=\"index, follow, max-snippet:-1, max-image-preview:large, max-video-preview:-1\" \/>\n<link rel=\"canonical\" href=\"https:\/\/wp.ufpel.edu.br\/taxacaobebidasadocadas\/equipe\/\" \/>\n<meta property=\"og:locale\" content=\"pt_BR\" \/>\n<meta property=\"og:type\" content=\"article\" \/>\n<meta property=\"og:title\" content=\"EQUIPE -\" \/>\n<meta property=\"og:description\" content=\"Denise Petrucci Gigante |\u00a0Lattes Universidade Federal de Pelotas &nbsp; \u00a0 Renata Moraes Bielemann | Lattes Universidade Federal de Pelotas &nbsp; &nbsp; Mario Duarte Canever\u00a0|\u00a0Lattes Universidade Federal de Pelotas &nbsp; &nbsp; Dienice Ana Bini | Lattes Minist\u00e9rio da Agricultura, Pecu\u00e1ria e Abastecimento &nbsp; &nbsp; Larissa Barbosa Cardoso | Lattes Universidade Federal de Goi\u00e1s &nbsp; &nbsp; Flaviane &hellip; Continuar lendo EQUIPE\" \/>\n<meta property=\"og:url\" content=\"https:\/\/wp.ufpel.edu.br\/taxacaobebidasadocadas\/equipe\/\" \/>\n<meta property=\"article:modified_time\" content=\"2022-09-02T15:18:47+00:00\" \/>\n<meta property=\"og:image\" content=\"https:\/\/wp.ufpel.edu.br\/taxacaobebidasadocadas\/files\/2022\/04\/servletrecuperafoto-1.jpg\" \/>\n<meta name=\"twitter:card\" content=\"summary_large_image\" \/>\n<meta name=\"twitter:label1\" content=\"Est. tempo de leitura\" \/>\n\t<meta name=\"twitter:data1\" content=\"5 minutos\" \/>\n<script type=\"application\/ld+json\" class=\"yoast-schema-graph\">{\"@context\":\"https:\/\/schema.org\",\"@graph\":[{\"@type\":\"WebPage\",\"@id\":\"https:\/\/wp.ufpel.edu.br\/taxacaobebidasadocadas\/equipe\/\",\"url\":\"https:\/\/wp.ufpel.edu.br\/taxacaobebidasadocadas\/equipe\/\",\"name\":\"EQUIPE -\",\"isPartOf\":{\"@id\":\"https:\/\/wp.ufpel.edu.br\/taxacaobebidasadocadas\/#website\"},\"primaryImageOfPage\":{\"@id\":\"https:\/\/wp.ufpel.edu.br\/taxacaobebidasadocadas\/equipe\/#primaryimage\"},\"image\":{\"@id\":\"https:\/\/wp.ufpel.edu.br\/taxacaobebidasadocadas\/equipe\/#primaryimage\"},\"thumbnailUrl\":\"https:\/\/wp.ufpel.edu.br\/taxacaobebidasadocadas\/files\/2022\/04\/servletrecuperafoto-1.jpg\",\"datePublished\":\"2022-04-14T20:45:31+00:00\",\"dateModified\":\"2022-09-02T15:18:47+00:00\",\"breadcrumb\":{\"@id\":\"https:\/\/wp.ufpel.edu.br\/taxacaobebidasadocadas\/equipe\/#breadcrumb\"},\"inLanguage\":\"pt-BR\",\"potentialAction\":[{\"@type\":\"ReadAction\",\"target\":[\"https:\/\/wp.ufpel.edu.br\/taxacaobebidasadocadas\/equipe\/\"]}]},{\"@type\":\"ImageObject\",\"inLanguage\":\"pt-BR\",\"@id\":\"https:\/\/wp.ufpel.edu.br\/taxacaobebidasadocadas\/equipe\/#primaryimage\",\"url\":\"https:\/\/wp.ufpel.edu.br\/taxacaobebidasadocadas\/files\/2022\/04\/servletrecuperafoto-1.jpg\",\"contentUrl\":\"https:\/\/wp.ufpel.edu.br\/taxacaobebidasadocadas\/files\/2022\/04\/servletrecuperafoto-1.jpg\",\"width\":160,\"height\":137},{\"@type\":\"BreadcrumbList\",\"@id\":\"https:\/\/wp.ufpel.edu.br\/taxacaobebidasadocadas\/equipe\/#breadcrumb\",\"itemListElement\":[{\"@type\":\"ListItem\",\"position\":1,\"name\":\"In\u00edcio\",\"item\":\"https:\/\/wp.ufpel.edu.br\/taxacaobebidasadocadas\/\"},{\"@type\":\"ListItem\",\"position\":2,\"name\":\"EQUIPE\"}]},{\"@type\":\"WebSite\",\"@id\":\"https:\/\/wp.ufpel.edu.br\/taxacaobebidasadocadas\/#website\",\"url\":\"https:\/\/wp.ufpel.edu.br\/taxacaobebidasadocadas\/\",\"name\":\"\",\"description\":\"Universidade Federal de Pelotas\",\"potentialAction\":[{\"@type\":\"SearchAction\",\"target\":{\"@type\":\"EntryPoint\",\"urlTemplate\":\"https:\/\/wp.ufpel.edu.br\/taxacaobebidasadocadas\/?s={search_term_string}\"},\"query-input\":{\"@type\":\"PropertyValueSpecification\",\"valueRequired\":true,\"valueName\":\"search_term_string\"}}],\"inLanguage\":\"pt-BR\"}]}<\/script>\n<!-- \/ Yoast SEO plugin. -->","yoast_head_json":{"title":"EQUIPE -","robots":{"index":"index","follow":"follow","max-snippet":"max-snippet:-1","max-image-preview":"max-image-preview:large","max-video-preview":"max-video-preview:-1"},"canonical":"https:\/\/wp.ufpel.edu.br\/taxacaobebidasadocadas\/equipe\/","og_locale":"pt_BR","og_type":"article","og_title":"EQUIPE -","og_description":"Denise Petrucci Gigante |\u00a0Lattes Universidade Federal de Pelotas &nbsp; \u00a0 Renata Moraes Bielemann | Lattes Universidade Federal de Pelotas &nbsp; &nbsp; Mario Duarte Canever\u00a0|\u00a0Lattes Universidade Federal de Pelotas &nbsp; &nbsp; Dienice Ana Bini | Lattes Minist\u00e9rio da Agricultura, Pecu\u00e1ria e Abastecimento &nbsp; &nbsp; Larissa Barbosa Cardoso | Lattes Universidade Federal de Goi\u00e1s &nbsp; &nbsp; Flaviane &hellip; Continuar lendo EQUIPE","og_url":"https:\/\/wp.ufpel.edu.br\/taxacaobebidasadocadas\/equipe\/","article_modified_time":"2022-09-02T15:18:47+00:00","og_image":[{"url":"https:\/\/wp.ufpel.edu.br\/taxacaobebidasadocadas\/files\/2022\/04\/servletrecuperafoto-1.jpg","type":"","width":"","height":""}],"twitter_card":"summary_large_image","twitter_misc":{"Est. tempo de leitura":"5 minutos"},"schema":{"@context":"https:\/\/schema.org","@graph":[{"@type":"WebPage","@id":"https:\/\/wp.ufpel.edu.br\/taxacaobebidasadocadas\/equipe\/","url":"https:\/\/wp.ufpel.edu.br\/taxacaobebidasadocadas\/equipe\/","name":"EQUIPE -","isPartOf":{"@id":"https:\/\/wp.ufpel.edu.br\/taxacaobebidasadocadas\/#website"},"primaryImageOfPage":{"@id":"https:\/\/wp.ufpel.edu.br\/taxacaobebidasadocadas\/equipe\/#primaryimage"},"image":{"@id":"https:\/\/wp.ufpel.edu.br\/taxacaobebidasadocadas\/equipe\/#primaryimage"},"thumbnailUrl":"https:\/\/wp.ufpel.edu.br\/taxacaobebidasadocadas\/files\/2022\/04\/servletrecuperafoto-1.jpg","datePublished":"2022-04-14T20:45:31+00:00","dateModified":"2022-09-02T15:18:47+00:00","breadcrumb":{"@id":"https:\/\/wp.ufpel.edu.br\/taxacaobebidasadocadas\/equipe\/#breadcrumb"},"inLanguage":"pt-BR","potentialAction":[{"@type":"ReadAction","target":["https:\/\/wp.ufpel.edu.br\/taxacaobebidasadocadas\/equipe\/"]}]},{"@type":"ImageObject","inLanguage":"pt-BR","@id":"https:\/\/wp.ufpel.edu.br\/taxacaobebidasadocadas\/equipe\/#primaryimage","url":"https:\/\/wp.ufpel.edu.br\/taxacaobebidasadocadas\/files\/2022\/04\/servletrecuperafoto-1.jpg","contentUrl":"https:\/\/wp.ufpel.edu.br\/taxacaobebidasadocadas\/files\/2022\/04\/servletrecuperafoto-1.jpg","width":160,"height":137},{"@type":"BreadcrumbList","@id":"https:\/\/wp.ufpel.edu.br\/taxacaobebidasadocadas\/equipe\/#breadcrumb","itemListElement":[{"@type":"ListItem","position":1,"name":"In\u00edcio","item":"https:\/\/wp.ufpel.edu.br\/taxacaobebidasadocadas\/"},{"@type":"ListItem","position":2,"name":"EQUIPE"}]},{"@type":"WebSite","@id":"https:\/\/wp.ufpel.edu.br\/taxacaobebidasadocadas\/#website","url":"https:\/\/wp.ufpel.edu.br\/taxacaobebidasadocadas\/","name":"","description":"Universidade Federal de Pelotas","potentialAction":[{"@type":"SearchAction","target":{"@type":"EntryPoint","urlTemplate":"https:\/\/wp.ufpel.edu.br\/taxacaobebidasadocadas\/?s={search_term_string}"},"query-input":{"@type":"PropertyValueSpecification","valueRequired":true,"valueName":"search_term_string"}}],"inLanguage":"pt-BR"}]}},"_links":{"self":[{"href":"https:\/\/wp.ufpel.edu.br\/taxacaobebidasadocadas\/wp-json\/wp\/v2\/pages\/23","targetHints":{"allow":["GET"]}}],"collection":[{"href":"https:\/\/wp.ufpel.edu.br\/taxacaobebidasadocadas\/wp-json\/wp\/v2\/pages"}],"about":[{"href":"https:\/\/wp.ufpel.edu.br\/taxacaobebidasadocadas\/wp-json\/wp\/v2\/types\/page"}],"author":[{"embeddable":true,"href":"https:\/\/wp.ufpel.edu.br\/taxacaobebidasadocadas\/wp-json\/wp\/v2\/users\/1228"}],"replies":[{"embeddable":true,"href":"https:\/\/wp.ufpel.edu.br\/taxacaobebidasadocadas\/wp-json\/wp\/v2\/comments?post=23"}],"version-history":[{"count":30,"href":"https:\/\/wp.ufpel.edu.br\/taxacaobebidasadocadas\/wp-json\/wp\/v2\/pages\/23\/revisions"}],"predecessor-version":[{"id":211,"href":"https:\/\/wp.ufpel.edu.br\/taxacaobebidasadocadas\/wp-json\/wp\/v2\/pages\/23\/revisions\/211"}],"wp:attachment":[{"href":"https:\/\/wp.ufpel.edu.br\/taxacaobebidasadocadas\/wp-json\/wp\/v2\/media?parent=23"}],"curies":[{"name":"wp","href":"https:\/\/api.w.org\/{rel}","templated":true}]}}